{"id":5714,"date":"2016-10-09T09:31:39","date_gmt":"2016-10-09T09:31:39","guid":{"rendered":"http:\/\/maderacat.cat\/produkt\/znameni-panna-23-08-22-09-2"},"modified":"2016-10-09T09:31:39","modified_gmt":"2016-10-09T09:31:39","slug":"znameni-panna-23-08-22-09","status":"publish","type":"product","link":"https:\/\/maderacat.cat\/?product=znameni-panna-23-08-22-09","title":{"rendered":"Signo VIRGO 23.08. \u2013 22.09."},"content":{"rendered":"<p style=\"text-align: justify;\">Por ser del signo agua no son influenciados por la energ\u00eda negativa, Virgo soluciona las cosas anal\u00edticamente de forma creativa y constructiva, cuando se descuida o se destruye algo, llega Virgo con toda una disposici\u00f3n sistem\u00e1tica y reconstruye desde el principio hasta el fin, con pureza y perfecci\u00f3n. Los Virgos emprenden las diversas actividades correctamente. Dado que mercurio influye en ellos, ellos muestran raz\u00f3n y el buen sentido del arte, pero no siempre lo expresan p\u00fablicamente. Utiliza el arte y el conocimiento como un simple medio necesarios para que pueda servir a los dem\u00e1s. Por otro lado, en lo secreto sue\u00f1a y tiene la esperanza de que un d\u00eda estar\u00e1 en la \u201crampa de luces\u201d, brillante, hermoso, atractivo y encantador. Si logran superar sus propias dudas y constante sentimiento interno de inferioridad se llena de felicidad y alegr\u00eda verdadera.<\/p>\n","protected":false},"excerpt":{"rendered":"<p>Por ser del signo agua no son influenciados por la energ\u00eda negativa, Virgo soluciona las cosas anal\u00edticamente de forma creativa y constructiva, cuando se descuida o se destruye algo, llega Virgo con toda una disposici\u00f3n sistem\u00e1tica y reconstruye desde el principio hasta el fin, con pureza y perfecci\u00f3n. Los Virgos emprenden las diversas actividades correctamente.<\/p>\n","protected":false},"featured_media":4973,"comment_status":"closed","ping_status":"closed","template":"","meta":[],"product_cat":[84],"product_tag":[],"yoast_head":"<!-- This site is optimized with the Yoast SEO plugin v20.12 - https:\/\/yoast.com\/wordpress\/plugins\/seo\/ -->\n<title>Signo VIRGO 23.08. \u2013 22.09. - Madera<\/title>\n<meta name=\"robots\" content=\"index, follow, max-snippet:-1, max-image-preview:large, max-video-preview:-1\" \/>\n<link rel=\"canonical\" href=\"https:\/\/maderacat.cat\/?product=znameni-panna-23-08-22-09\" \/>\n<meta property=\"og:locale\" content=\"en_US\" \/>\n<meta property=\"og:type\" content=\"article\" \/>\n<meta property=\"og:title\" content=\"Signo VIRGO 23.08. \u2013 22.09. - Madera\" \/>\n<meta property=\"og:description\" content=\"Por ser del signo agua no son influenciados por la energ\u00eda negativa, Virgo soluciona las cosas anal\u00edticamente de forma creativa y constructiva, cuando se descuida o se destruye algo, llega Virgo con toda una disposici\u00f3n sistem\u00e1tica y reconstruye desde el principio hasta el fin, con pureza y perfecci\u00f3n. Los Virgos emprenden las diversas actividades correctamente.\" \/>\n<meta property=\"og:url\" content=\"https:\/\/maderacat.cat\/?product=znameni-panna-23-08-22-09\" \/>\n<meta property=\"og:site_name\" content=\"Madera\" \/>\n<meta property=\"og:image\" content=\"https:\/\/maderacat.cat\/wp-content\/uploads\/2016\/10\/409.jpeg\" \/>\n\t<meta property=\"og:image:width\" content=\"720\" \/>\n\t<meta property=\"og:image:height\" content=\"715\" \/>\n\t<meta property=\"og:image:type\" content=\"image\/jpeg\" \/>\n<meta name=\"twitter:card\" content=\"summary_large_image\" \/>\n<meta name=\"twitter:label1\" content=\"Est. reading time\" \/>\n\t<meta name=\"twitter:data1\" content=\"1 minute\" \/>\n<script type=\"application\/ld+json\" class=\"yoast-schema-graph\">{\"@context\":\"https:\/\/schema.org\",\"@graph\":[{\"@type\":\"WebPage\",\"@id\":\"https:\/\/maderacat.cat\/?product=znameni-panna-23-08-22-09\",\"url\":\"https:\/\/maderacat.cat\/?product=znameni-panna-23-08-22-09\",\"name\":\"Signo VIRGO 23.08. \u2013 22.09. - Madera\",\"isPartOf\":{\"@id\":\"https:\/\/maderacat.cat\/#website\"},\"datePublished\":\"2016-10-09T09:31:39+00:00\",\"dateModified\":\"2016-10-09T09:31:39+00:00\",\"breadcrumb\":{\"@id\":\"https:\/\/maderacat.cat\/?product=znameni-panna-23-08-22-09#breadcrumb\"},\"inLanguage\":\"en-US\",\"potentialAction\":[{\"@type\":\"ReadAction\",\"target\":[\"https:\/\/maderacat.cat\/?product=znameni-panna-23-08-22-09\"]}]},{\"@type\":\"BreadcrumbList\",\"@id\":\"https:\/\/maderacat.cat\/?product=znameni-panna-23-08-22-09#breadcrumb\",\"itemListElement\":[{\"@type\":\"ListItem\",\"position\":1,\"name\":\"Dom\u016f\",\"item\":\"https:\/\/maderacat.cat\/\"},{\"@type\":\"ListItem\",\"position\":2,\"name\":\"Obchod\",\"item\":\"https:\/\/maderacat.cat\/?page_id=270\"},{\"@type\":\"ListItem\",\"position\":3,\"name\":\"Signo VIRGO 23.08. \u2013 22.09.\"}]},{\"@type\":\"WebSite\",\"@id\":\"https:\/\/maderacat.cat\/#website\",\"url\":\"https:\/\/maderacat.cat\/\",\"name\":\"Madera\",\"description\":\"Bienvenido a la p\u00e1gina web\",\"potentialAction\":[{\"@type\":\"SearchAction\",\"target\":{\"@type\":\"EntryPoint\",\"urlTemplate\":\"https:\/\/maderacat.cat\/?s={search_term_string}\"},\"query-input\":\"required name=search_term_string\"}],\"inLanguage\":\"en-US\"}]}<\/script>\n<!-- \/ Yoast SEO plugin. -->","yoast_head_json":{"title":"Signo VIRGO 23.08. \u2013 22.09. - Madera","robots":{"index":"index","follow":"follow","max-snippet":"max-snippet:-1","max-image-preview":"max-image-preview:large","max-video-preview":"max-video-preview:-1"},"canonical":"https:\/\/maderacat.cat\/?product=znameni-panna-23-08-22-09","og_locale":"en_US","og_type":"article","og_title":"Signo VIRGO 23.08. \u2013 22.09. - Madera","og_description":"Por ser del signo agua no son influenciados por la energ\u00eda negativa, Virgo soluciona las cosas anal\u00edticamente de forma creativa y constructiva, cuando se descuida o se destruye algo, llega Virgo con toda una disposici\u00f3n sistem\u00e1tica y reconstruye desde el principio hasta el fin, con pureza y perfecci\u00f3n. Los Virgos emprenden las diversas actividades correctamente.","og_url":"https:\/\/maderacat.cat\/?product=znameni-panna-23-08-22-09","og_site_name":"Madera","og_image":[{"width":720,"height":715,"url":"https:\/\/maderacat.cat\/wp-content\/uploads\/2016\/10\/409.jpeg","type":"image\/jpeg"}],"twitter_card":"summary_large_image","twitter_misc":{"Est. reading time":"1 minute"},"schema":{"@context":"https:\/\/schema.org","@graph":[{"@type":"WebPage","@id":"https:\/\/maderacat.cat\/?product=znameni-panna-23-08-22-09","url":"https:\/\/maderacat.cat\/?product=znameni-panna-23-08-22-09","name":"Signo VIRGO 23.08. \u2013 22.09. - Madera","isPartOf":{"@id":"https:\/\/maderacat.cat\/#website"},"datePublished":"2016-10-09T09:31:39+00:00","dateModified":"2016-10-09T09:31:39+00:00","breadcrumb":{"@id":"https:\/\/maderacat.cat\/?product=znameni-panna-23-08-22-09#breadcrumb"},"inLanguage":"en-US","potentialAction":[{"@type":"ReadAction","target":["https:\/\/maderacat.cat\/?product=znameni-panna-23-08-22-09"]}]},{"@type":"BreadcrumbList","@id":"https:\/\/maderacat.cat\/?product=znameni-panna-23-08-22-09#breadcrumb","itemListElement":[{"@type":"ListItem","position":1,"name":"Dom\u016f","item":"https:\/\/maderacat.cat\/"},{"@type":"ListItem","position":2,"name":"Obchod","item":"https:\/\/maderacat.cat\/?page_id=270"},{"@type":"ListItem","position":3,"name":"Signo VIRGO 23.08. \u2013 22.09."}]},{"@type":"WebSite","@id":"https:\/\/maderacat.cat\/#website","url":"https:\/\/maderacat.cat\/","name":"Madera","description":"Bienvenido a la p\u00e1gina web","potentialAction":[{"@type":"SearchAction","target":{"@type":"EntryPoint","urlTemplate":"https:\/\/maderacat.cat\/?s={search_term_string}"},"query-input":"required name=search_term_string"}],"inLanguage":"en-US"}]}},"_links":{"self":[{"href":"https:\/\/maderacat.cat\/index.php?rest_route=\/wp\/v2\/product\/5714"}],"collection":[{"href":"https:\/\/maderacat.cat\/index.php?rest_route=\/wp\/v2\/product"}],"about":[{"href":"https:\/\/maderacat.cat\/index.php?rest_route=\/wp\/v2\/types\/product"}],"replies":[{"embeddable":true,"href":"https:\/\/maderacat.cat\/index.php?rest_route=%2Fwp%2Fv2%2Fcomments&post=5714"}],"wp:featuredmedia":[{"embeddable":true,"href":"https:\/\/maderacat.cat\/index.php?rest_route=\/wp\/v2\/media\/4973"}],"wp:attachment":[{"href":"https:\/\/maderacat.cat\/index.php?rest_route=%2Fwp%2Fv2%2Fmedia&parent=5714"}],"wp:term":[{"taxonomy":"product_cat","embeddable":true,"href":"https:\/\/maderacat.cat\/index.php?rest_route=%2Fwp%2Fv2%2Fproduct_cat&post=5714"},{"taxonomy":"product_tag","embeddable":true,"href":"https:\/\/maderacat.cat\/index.php?rest_route=%2Fwp%2Fv2%2Fproduct_tag&post=5714"}],"curies":[{"name":"wp","href":"https:\/\/api.w.org\/{rel}","templated":true}]}}