{"id":4968,"date":"2016-10-09T09:31:39","date_gmt":"2016-10-09T09:31:39","guid":{"rendered":"http:\/\/maderacat.cat\/produkt\/znameni-stir-24-10-22-11\/"},"modified":"2016-11-25T13:36:38","modified_gmt":"2016-11-25T13:36:38","slug":"znameni-stir-24-10-22-11","status":"publish","type":"product","link":"https:\/\/maderacat.cat\/?product=znameni-stir-24-10-22-11","title":{"rendered":"Signo ESCORPIO 24.10. \u2013 22.11."},"content":{"rendered":"<p>Es un signo de agua, bajo la influencia del fuego Marte, que muestra la lucha entre estos dos elementos. Escorpio es un signo donde las emociones deben pasar una prueba de fuego, cuando todo queda limpio, s\u00f3lo entonces tienen un valor real y duradero. Escorpio se basa en el principio de que el conocimiento es poder y que si reunimos mucho conocimiento, no hay que tener miedo a la complejidad. La mayor\u00eda sabe que las cosas de todo el mundo en su mayor\u00eda est\u00e1n ocultas, pero que puede ser de gran importancia para aquellos que pueden beneficiarse de este conocimiento. De ello se sabe que el escorpi\u00f3n es experto \u201cen la aglomeraci\u00f3n,\u201d y en la vida cotidiana. Siempre sabe a qui\u00e9n contactar, ya sea con ayuda financiera o de otro tipo. Feliz, pero tambi\u00e9n act\u00faa como tentador y seductor. Casi no defrauda y es fiable. Por el contrario, los subordinados pueden comportarse con arrogancia. Es perfectamente capaz de ocultar sus sentimientos. Parad\u00f3jicamente, puede surgir un sentimiento que no entiende el mismo, que se debe a su excelente \u201cencubrimiento\u201d. Las personas de Escorpio tienen una fuerte voluntad, que son capaces de utilizar lo bueno y lo malo.<\/p>\n","protected":false},"excerpt":{"rendered":"<p>Es un signo de agua, bajo la influencia del fuego Marte, que muestra la lucha entre estos dos elementos. Escorpio es un signo donde las emociones deben pasar una prueba de fuego, cuando todo queda limpio, s\u00f3lo entonces tienen un valor real y duradero. Escorpio se basa en el principio de que el conocimiento es<\/p>\n","protected":false},"featured_media":4969,"comment_status":"closed","ping_status":"closed","template":"","meta":[],"product_cat":[38],"product_tag":[],"yoast_head":"<!-- This site is optimized with the Yoast SEO plugin v20.12 - https:\/\/yoast.com\/wordpress\/plugins\/seo\/ -->\n<title>Signo ESCORPIO 24.10. \u2013 22.11. - Madera<\/title>\n<meta name=\"robots\" content=\"index, follow, max-snippet:-1, max-image-preview:large, max-video-preview:-1\" \/>\n<link rel=\"canonical\" href=\"https:\/\/maderacat.cat\/?product=znameni-stir-24-10-22-11\" \/>\n<meta property=\"og:locale\" content=\"en_US\" \/>\n<meta property=\"og:type\" content=\"article\" \/>\n<meta property=\"og:title\" content=\"Signo ESCORPIO 24.10. \u2013 22.11. - Madera\" \/>\n<meta property=\"og:description\" content=\"Es un signo de agua, bajo la influencia del fuego Marte, que muestra la lucha entre estos dos elementos. Escorpio es un signo donde las emociones deben pasar una prueba de fuego, cuando todo queda limpio, s\u00f3lo entonces tienen un valor real y duradero. Escorpio se basa en el principio de que el conocimiento es\" \/>\n<meta property=\"og:url\" content=\"https:\/\/maderacat.cat\/?product=znameni-stir-24-10-22-11\" \/>\n<meta property=\"og:site_name\" content=\"Madera\" \/>\n<meta property=\"article:modified_time\" content=\"2016-11-25T13:36:38+00:00\" \/>\n<meta property=\"og:image\" content=\"https:\/\/maderacat.cat\/wp-content\/uploads\/2016\/10\/407.jpeg\" \/>\n\t<meta property=\"og:image:width\" content=\"716\" \/>\n\t<meta property=\"og:image:height\" content=\"720\" \/>\n\t<meta property=\"og:image:type\" content=\"image\/jpeg\" \/>\n<meta name=\"twitter:card\" content=\"summary_large_image\" \/>\n<meta name=\"twitter:label1\" content=\"Est. reading time\" \/>\n\t<meta name=\"twitter:data1\" content=\"1 minute\" \/>\n<script type=\"application\/ld+json\" class=\"yoast-schema-graph\">{\"@context\":\"https:\/\/schema.org\",\"@graph\":[{\"@type\":\"WebPage\",\"@id\":\"https:\/\/maderacat.cat\/?product=znameni-stir-24-10-22-11\",\"url\":\"https:\/\/maderacat.cat\/?product=znameni-stir-24-10-22-11\",\"name\":\"Signo ESCORPIO 24.10. \u2013 22.11. - Madera\",\"isPartOf\":{\"@id\":\"https:\/\/maderacat.cat\/#website\"},\"datePublished\":\"2016-10-09T09:31:39+00:00\",\"dateModified\":\"2016-11-25T13:36:38+00:00\",\"breadcrumb\":{\"@id\":\"https:\/\/maderacat.cat\/?product=znameni-stir-24-10-22-11#breadcrumb\"},\"inLanguage\":\"en-US\",\"potentialAction\":[{\"@type\":\"ReadAction\",\"target\":[\"https:\/\/maderacat.cat\/?product=znameni-stir-24-10-22-11\"]}]},{\"@type\":\"BreadcrumbList\",\"@id\":\"https:\/\/maderacat.cat\/?product=znameni-stir-24-10-22-11#breadcrumb\",\"itemListElement\":[{\"@type\":\"ListItem\",\"position\":1,\"name\":\"Dom\u016f\",\"item\":\"https:\/\/maderacat.cat\/\"},{\"@type\":\"ListItem\",\"position\":2,\"name\":\"Obchod\",\"item\":\"https:\/\/maderacat.cat\/?page_id=270\"},{\"@type\":\"ListItem\",\"position\":3,\"name\":\"Signo ESCORPIO 24.10. \u2013 22.11.\"}]},{\"@type\":\"WebSite\",\"@id\":\"https:\/\/maderacat.cat\/#website\",\"url\":\"https:\/\/maderacat.cat\/\",\"name\":\"Madera\",\"description\":\"Bienvenido a la p\u00e1gina web\",\"potentialAction\":[{\"@type\":\"SearchAction\",\"target\":{\"@type\":\"EntryPoint\",\"urlTemplate\":\"https:\/\/maderacat.cat\/?s={search_term_string}\"},\"query-input\":\"required name=search_term_string\"}],\"inLanguage\":\"en-US\"}]}<\/script>\n<!-- \/ Yoast SEO plugin. -->","yoast_head_json":{"title":"Signo ESCORPIO 24.10. \u2013 22.11. - Madera","robots":{"index":"index","follow":"follow","max-snippet":"max-snippet:-1","max-image-preview":"max-image-preview:large","max-video-preview":"max-video-preview:-1"},"canonical":"https:\/\/maderacat.cat\/?product=znameni-stir-24-10-22-11","og_locale":"en_US","og_type":"article","og_title":"Signo ESCORPIO 24.10. \u2013 22.11. - Madera","og_description":"Es un signo de agua, bajo la influencia del fuego Marte, que muestra la lucha entre estos dos elementos. Escorpio es un signo donde las emociones deben pasar una prueba de fuego, cuando todo queda limpio, s\u00f3lo entonces tienen un valor real y duradero. Escorpio se basa en el principio de que el conocimiento es","og_url":"https:\/\/maderacat.cat\/?product=znameni-stir-24-10-22-11","og_site_name":"Madera","article_modified_time":"2016-11-25T13:36:38+00:00","og_image":[{"width":716,"height":720,"url":"https:\/\/maderacat.cat\/wp-content\/uploads\/2016\/10\/407.jpeg","type":"image\/jpeg"}],"twitter_card":"summary_large_image","twitter_misc":{"Est. reading time":"1 minute"},"schema":{"@context":"https:\/\/schema.org","@graph":[{"@type":"WebPage","@id":"https:\/\/maderacat.cat\/?product=znameni-stir-24-10-22-11","url":"https:\/\/maderacat.cat\/?product=znameni-stir-24-10-22-11","name":"Signo ESCORPIO 24.10. \u2013 22.11. - Madera","isPartOf":{"@id":"https:\/\/maderacat.cat\/#website"},"datePublished":"2016-10-09T09:31:39+00:00","dateModified":"2016-11-25T13:36:38+00:00","breadcrumb":{"@id":"https:\/\/maderacat.cat\/?product=znameni-stir-24-10-22-11#breadcrumb"},"inLanguage":"en-US","potentialAction":[{"@type":"ReadAction","target":["https:\/\/maderacat.cat\/?product=znameni-stir-24-10-22-11"]}]},{"@type":"BreadcrumbList","@id":"https:\/\/maderacat.cat\/?product=znameni-stir-24-10-22-11#breadcrumb","itemListElement":[{"@type":"ListItem","position":1,"name":"Dom\u016f","item":"https:\/\/maderacat.cat\/"},{"@type":"ListItem","position":2,"name":"Obchod","item":"https:\/\/maderacat.cat\/?page_id=270"},{"@type":"ListItem","position":3,"name":"Signo ESCORPIO 24.10. \u2013 22.11."}]},{"@type":"WebSite","@id":"https:\/\/maderacat.cat\/#website","url":"https:\/\/maderacat.cat\/","name":"Madera","description":"Bienvenido a la p\u00e1gina web","potentialAction":[{"@type":"SearchAction","target":{"@type":"EntryPoint","urlTemplate":"https:\/\/maderacat.cat\/?s={search_term_string}"},"query-input":"required name=search_term_string"}],"inLanguage":"en-US"}]}},"_links":{"self":[{"href":"https:\/\/maderacat.cat\/index.php?rest_route=\/wp\/v2\/product\/4968"}],"collection":[{"href":"https:\/\/maderacat.cat\/index.php?rest_route=\/wp\/v2\/product"}],"about":[{"href":"https:\/\/maderacat.cat\/index.php?rest_route=\/wp\/v2\/types\/product"}],"replies":[{"embeddable":true,"href":"https:\/\/maderacat.cat\/index.php?rest_route=%2Fwp%2Fv2%2Fcomments&post=4968"}],"wp:featuredmedia":[{"embeddable":true,"href":"https:\/\/maderacat.cat\/index.php?rest_route=\/wp\/v2\/media\/4969"}],"wp:attachment":[{"href":"https:\/\/maderacat.cat\/index.php?rest_route=%2Fwp%2Fv2%2Fmedia&parent=4968"}],"wp:term":[{"taxonomy":"product_cat","embeddable":true,"href":"https:\/\/maderacat.cat\/index.php?rest_route=%2Fwp%2Fv2%2Fproduct_cat&post=4968"},{"taxonomy":"product_tag","embeddable":true,"href":"https:\/\/maderacat.cat\/index.php?rest_route=%2Fwp%2Fv2%2Fproduct_tag&post=4968"}],"curies":[{"name":"wp","href":"https:\/\/api.w.org\/{rel}","templated":true}]}}