{"id":4960,"date":"2016-10-09T09:31:16","date_gmt":"2016-10-09T09:31:16","guid":{"rendered":"http:\/\/maderacat.cat\/produkt\/znameni-lev-23-07-22-08\/"},"modified":"2016-11-25T13:39:22","modified_gmt":"2016-11-25T13:39:22","slug":"znameni-lev-23-07-22-08","status":"publish","type":"product","link":"https:\/\/maderacat.cat\/?product=znameni-lev-23-07-22-08","title":{"rendered":"Signo LEO 23.07. \u2013 22.08."},"content":{"rendered":"<p><span title=\"Lev se v prv\u00e9 \u0159ad\u011b pova\u017euje za v\u016fdce a ochr\u00e1nce v\u0161ech podnik\u016f, kter\u00fdch se \u00fa\u010dastn\u00ed.\">Leo se considera principalmente como l\u00edder y protector de todos los negocios en los que participa. <\/span><span title=\"C\u00edt\u00ed se toti\u017e b\u00fdt vl\u00e1dcem &quot;z bo\u017e\u00ed milosti&quot; a \u0159\u00eddit blaho a utrpen\u00ed sv\u00e9ho okol\u00ed.\">De hecho se siente ser la \u201cgracia de Dios\u201d, arregla y gestiona el bienestar y el sufrimiento de su entorno. <\/span><span title=\"Jeho &quot;kapit\u00e1l&quot; je v p\u0159\u00edjemn\u00e9m vystupov\u00e1n\u00ed, inteligenci, vytrvalosti a c\u00edlev\u011bdomosti, d\u00edky kter\u00fdm m\u00e1 v\u011bt\u0161ina Lv\u016f v \u017eivot\u011b \u00fasp\u011bch.\">Su fortaleza es una actitud agradable, inteligencia, perseverancia y autodisciplina, a trav\u00e9s de la cual la mayor\u00eda de Leones tienen \u00e9xito en la vida. El\u00a0<\/span><span title=\"Organiza\u010dn\u00ed talent a l\u00e1ska k v\u011bci, pat\u0159\u00ed tak\u00e9 mezi jeho p\u0159ednosti.\">talento organizativo y el amor por las cosas, es tambi\u00e9n uno de sus puntos fuertes<\/span><span title=\"Rozum\u00ed se samo sebou, \u017ee za to od spolupracovn\u00edk\u016f vy\u017eaduje jistou d\u00e1vku \u00facty a oddanosti, pak m\u00e1 kormidlo pevn\u011bji v ruce.\">. <\/span><span title=\"\u010clov\u011bk narozen\u00fd ve znamen\u00ed Lva je v\u017edy v\u00edcem\u00e9n\u011b &quot;kr\u00e1lovsk\u00fd&quot;, co\u017e se v tomto hmotn\u00e9m sv\u011bt\u011b m\u016f\u017ee projevit zh\u00fd\u010dkanost\u00ed, je\u0161itnost\u00ed a d\u011btinsk\u00fdm despotismem u m\u00e9n\u011b vysp\u011bl\u00e9ho jedince, ale u \u010dlov\u011bka stoj\u00edc\u00edho na vy\u0161\u0161\u00edm stupni neju\u0161lechtilej\u0161\u00ed velkodu\u0161nost\u00ed, kter\u00fd sv\u00e9 p\u0159ednosti u\u017eije jen ke zdaru ostatn\u00edch.\">Las personas nacidas bajo el signo de Leo son\u00a0siempre \u201crealistas\u201d, que en este mundo material puede manifestar indulgencia, vanidad y \u00a0despotismo desde infantes. Cuando son adultos muestran una superior generosidad y nobleza que \u00a0aplica para el \u00e9xito de los dem\u00e1s. <\/span><span title=\"Je pravdou, \u017ee Lev, nen\u00ed-li poka\u017een jin\u00fdmi vlivy, je vzorem z\u00e1\u0159\u00edc\u00edho, srde\u010dn\u00e9ho \u010dlov\u011bka, kter\u00fd ji\u017e pouze svou veselou p\u0159\u00edtomnost\u00ed pom\u00e1h\u00e1 druh\u00fdm zachovat si duchovn\u00ed s\u00edlu a radost k \u017eivotu.\">Es cierto que Leo, si no es empa\u00f1ado por otros factores, tiene un patr\u00f3n del hombre brillante y cordial que tiene s\u00f3lo una presencia alegre y ayuda a los dem\u00e1s a mantener la fuerza espiritual y la alegr\u00eda en la vida.<\/span><\/p>\n","protected":false},"excerpt":{"rendered":"<p>Leo se considera principalmente como l\u00edder y protector de todos los negocios en los que participa. De hecho se siente ser la \u201cgracia de Dios\u201d, arregla y gestiona el bienestar y el sufrimiento de su entorno. Su fortaleza es una actitud agradable, inteligencia, perseverancia y autodisciplina, a trav\u00e9s de la cual la mayor\u00eda de Leones<\/p>\n","protected":false},"featured_media":4961,"comment_status":"closed","ping_status":"closed","template":"","meta":[],"product_cat":[38],"product_tag":[],"yoast_head":"<!-- This site is optimized with the Yoast SEO plugin v20.12 - https:\/\/yoast.com\/wordpress\/plugins\/seo\/ -->\n<title>Signo LEO 23.07. \u2013 22.08. - Madera<\/title>\n<meta name=\"robots\" content=\"index, follow, max-snippet:-1, max-image-preview:large, max-video-preview:-1\" \/>\n<link rel=\"canonical\" href=\"https:\/\/maderacat.cat\/?product=znameni-lev-23-07-22-08\" \/>\n<meta property=\"og:locale\" content=\"en_US\" \/>\n<meta property=\"og:type\" content=\"article\" \/>\n<meta property=\"og:title\" content=\"Signo LEO 23.07. \u2013 22.08. - Madera\" \/>\n<meta property=\"og:description\" content=\"Leo se considera principalmente como l\u00edder y protector de todos los negocios en los que participa. De hecho se siente ser la \u201cgracia de Dios\u201d, arregla y gestiona el bienestar y el sufrimiento de su entorno. Su fortaleza es una actitud agradable, inteligencia, perseverancia y autodisciplina, a trav\u00e9s de la cual la mayor\u00eda de Leones\" \/>\n<meta property=\"og:url\" content=\"https:\/\/maderacat.cat\/?product=znameni-lev-23-07-22-08\" \/>\n<meta property=\"og:site_name\" content=\"Madera\" \/>\n<meta property=\"article:modified_time\" content=\"2016-11-25T13:39:22+00:00\" \/>\n<meta property=\"og:image\" content=\"https:\/\/maderacat.cat\/wp-content\/uploads\/2016\/10\/403.jpeg\" \/>\n\t<meta property=\"og:image:width\" content=\"717\" \/>\n\t<meta property=\"og:image:height\" content=\"720\" \/>\n\t<meta property=\"og:image:type\" content=\"image\/jpeg\" \/>\n<meta name=\"twitter:card\" content=\"summary_large_image\" \/>\n<meta name=\"twitter:label1\" content=\"Est. reading time\" \/>\n\t<meta name=\"twitter:data1\" content=\"1 minute\" \/>\n<script type=\"application\/ld+json\" class=\"yoast-schema-graph\">{\"@context\":\"https:\/\/schema.org\",\"@graph\":[{\"@type\":\"WebPage\",\"@id\":\"https:\/\/maderacat.cat\/?product=znameni-lev-23-07-22-08\",\"url\":\"https:\/\/maderacat.cat\/?product=znameni-lev-23-07-22-08\",\"name\":\"Signo LEO 23.07. \u2013 22.08. - Madera\",\"isPartOf\":{\"@id\":\"https:\/\/maderacat.cat\/#website\"},\"datePublished\":\"2016-10-09T09:31:16+00:00\",\"dateModified\":\"2016-11-25T13:39:22+00:00\",\"breadcrumb\":{\"@id\":\"https:\/\/maderacat.cat\/?product=znameni-lev-23-07-22-08#breadcrumb\"},\"inLanguage\":\"en-US\",\"potentialAction\":[{\"@type\":\"ReadAction\",\"target\":[\"https:\/\/maderacat.cat\/?product=znameni-lev-23-07-22-08\"]}]},{\"@type\":\"BreadcrumbList\",\"@id\":\"https:\/\/maderacat.cat\/?product=znameni-lev-23-07-22-08#breadcrumb\",\"itemListElement\":[{\"@type\":\"ListItem\",\"position\":1,\"name\":\"Dom\u016f\",\"item\":\"https:\/\/maderacat.cat\/\"},{\"@type\":\"ListItem\",\"position\":2,\"name\":\"Obchod\",\"item\":\"https:\/\/maderacat.cat\/?page_id=270\"},{\"@type\":\"ListItem\",\"position\":3,\"name\":\"Signo LEO 23.07. \u2013 22.08.\"}]},{\"@type\":\"WebSite\",\"@id\":\"https:\/\/maderacat.cat\/#website\",\"url\":\"https:\/\/maderacat.cat\/\",\"name\":\"Madera\",\"description\":\"Bienvenido a la p\u00e1gina web\",\"potentialAction\":[{\"@type\":\"SearchAction\",\"target\":{\"@type\":\"EntryPoint\",\"urlTemplate\":\"https:\/\/maderacat.cat\/?s={search_term_string}\"},\"query-input\":\"required name=search_term_string\"}],\"inLanguage\":\"en-US\"}]}<\/script>\n<!-- \/ Yoast SEO plugin. -->","yoast_head_json":{"title":"Signo LEO 23.07. \u2013 22.08. - Madera","robots":{"index":"index","follow":"follow","max-snippet":"max-snippet:-1","max-image-preview":"max-image-preview:large","max-video-preview":"max-video-preview:-1"},"canonical":"https:\/\/maderacat.cat\/?product=znameni-lev-23-07-22-08","og_locale":"en_US","og_type":"article","og_title":"Signo LEO 23.07. \u2013 22.08. - Madera","og_description":"Leo se considera principalmente como l\u00edder y protector de todos los negocios en los que participa. De hecho se siente ser la \u201cgracia de Dios\u201d, arregla y gestiona el bienestar y el sufrimiento de su entorno. Su fortaleza es una actitud agradable, inteligencia, perseverancia y autodisciplina, a trav\u00e9s de la cual la mayor\u00eda de Leones","og_url":"https:\/\/maderacat.cat\/?product=znameni-lev-23-07-22-08","og_site_name":"Madera","article_modified_time":"2016-11-25T13:39:22+00:00","og_image":[{"width":717,"height":720,"url":"https:\/\/maderacat.cat\/wp-content\/uploads\/2016\/10\/403.jpeg","type":"image\/jpeg"}],"twitter_card":"summary_large_image","twitter_misc":{"Est. reading time":"1 minute"},"schema":{"@context":"https:\/\/schema.org","@graph":[{"@type":"WebPage","@id":"https:\/\/maderacat.cat\/?product=znameni-lev-23-07-22-08","url":"https:\/\/maderacat.cat\/?product=znameni-lev-23-07-22-08","name":"Signo LEO 23.07. \u2013 22.08. - Madera","isPartOf":{"@id":"https:\/\/maderacat.cat\/#website"},"datePublished":"2016-10-09T09:31:16+00:00","dateModified":"2016-11-25T13:39:22+00:00","breadcrumb":{"@id":"https:\/\/maderacat.cat\/?product=znameni-lev-23-07-22-08#breadcrumb"},"inLanguage":"en-US","potentialAction":[{"@type":"ReadAction","target":["https:\/\/maderacat.cat\/?product=znameni-lev-23-07-22-08"]}]},{"@type":"BreadcrumbList","@id":"https:\/\/maderacat.cat\/?product=znameni-lev-23-07-22-08#breadcrumb","itemListElement":[{"@type":"ListItem","position":1,"name":"Dom\u016f","item":"https:\/\/maderacat.cat\/"},{"@type":"ListItem","position":2,"name":"Obchod","item":"https:\/\/maderacat.cat\/?page_id=270"},{"@type":"ListItem","position":3,"name":"Signo LEO 23.07. \u2013 22.08."}]},{"@type":"WebSite","@id":"https:\/\/maderacat.cat\/#website","url":"https:\/\/maderacat.cat\/","name":"Madera","description":"Bienvenido a la p\u00e1gina web","potentialAction":[{"@type":"SearchAction","target":{"@type":"EntryPoint","urlTemplate":"https:\/\/maderacat.cat\/?s={search_term_string}"},"query-input":"required name=search_term_string"}],"inLanguage":"en-US"}]}},"_links":{"self":[{"href":"https:\/\/maderacat.cat\/index.php?rest_route=\/wp\/v2\/product\/4960"}],"collection":[{"href":"https:\/\/maderacat.cat\/index.php?rest_route=\/wp\/v2\/product"}],"about":[{"href":"https:\/\/maderacat.cat\/index.php?rest_route=\/wp\/v2\/types\/product"}],"replies":[{"embeddable":true,"href":"https:\/\/maderacat.cat\/index.php?rest_route=%2Fwp%2Fv2%2Fcomments&post=4960"}],"wp:featuredmedia":[{"embeddable":true,"href":"https:\/\/maderacat.cat\/index.php?rest_route=\/wp\/v2\/media\/4961"}],"wp:attachment":[{"href":"https:\/\/maderacat.cat\/index.php?rest_route=%2Fwp%2Fv2%2Fmedia&parent=4960"}],"wp:term":[{"taxonomy":"product_cat","embeddable":true,"href":"https:\/\/maderacat.cat\/index.php?rest_route=%2Fwp%2Fv2%2Fproduct_cat&post=4960"},{"taxonomy":"product_tag","embeddable":true,"href":"https:\/\/maderacat.cat\/index.php?rest_route=%2Fwp%2Fv2%2Fproduct_tag&post=4960"}],"curies":[{"name":"wp","href":"https:\/\/api.w.org\/{rel}","templated":true}]}}