{"id":4952,"date":"2016-10-09T09:31:16","date_gmt":"2016-10-09T09:31:16","guid":{"rendered":"http:\/\/maderacat.cat\/produkt\/znameni-beran-21-03-20-04\/"},"modified":"2016-11-25T13:41:34","modified_gmt":"2016-11-25T13:41:34","slug":"znameni-beran-21-03-20-04","status":"publish","type":"product","link":"https:\/\/maderacat.cat\/?product=znameni-beran-21-03-20-04","title":{"rendered":"SIGNO ARIES 21.03. \u2013 20.04."},"content":{"rendered":"<p>Aries es el signo de Marte y, por supuesto, tiene la mayor tendencia a discusiones en\u00e9rgicas, el ejemplo personal, la intervenci\u00f3n inmediata y r\u00e1pida evoluci\u00f3n. Siempre hay alg\u00fan lugar en donde\u00a0formar algo nuevo. Por lo tanto, el primer signo del zod\u00edaco, el comienzo de un nuevo ciclo, no s\u00f3lo en las \u00e1reas materiales, sino tambi\u00e9n en lo m\u00e1s alto. Cuando Aries ve algo que que quiere, inmediatamente se eleva y no se detendr\u00e1 hasta que llegue a su destino. Aries es un luchador honesto con un car\u00e1cter independiente. Se llega a concluir\u00a0sus planes debido a la valent\u00eda, coraje y capacidad de organizaci\u00f3n, impulsa planes a largo plazo con\u00a0terquedad avanzando con\u00a0paciencia y \u00a0perseverancia. Los aries viven principalmente el presente, el futuro, simplemente creen que s\u00f3lo aparece. El aries a toda costa quiere encontrar su \u201ccamino\u201d para encontrarse a s\u00ed mismo. Incluso si sus amigos le dieron albumos consejos sin importar si son buenos. Cuando se queda atrapado, \u201cpone la cabeza\u201d y con \u00e9l nada se mueve. As\u00ed que es terco, obstinado y fuera de bloques y l\u00edmites. Por suerte para \u00e9l, no durar\u00e1 mucho tiempo. Sin embargo, rara vez es capaz de aprender de sus errores, por que los repite. Sin embargo, cuando usted conoce un Aries, usted tiene el \u2018coraz\u00f3n en la mano \u201c.<\/p>\n","protected":false},"excerpt":{"rendered":"<p>Aries es el signo de Marte y, por supuesto, tiene la mayor tendencia a discusiones en\u00e9rgicas, el ejemplo personal, la intervenci\u00f3n inmediata y r\u00e1pida evoluci\u00f3n. Siempre hay alg\u00fan lugar en donde\u00a0formar algo nuevo. Por lo tanto, el primer signo del zod\u00edaco, el comienzo de un nuevo ciclo, no s\u00f3lo en las \u00e1reas materiales, sino tambi\u00e9n<\/p>\n","protected":false},"featured_media":4953,"comment_status":"closed","ping_status":"closed","template":"","meta":[],"product_cat":[38],"product_tag":[],"yoast_head":"<!-- This site is optimized with the Yoast SEO plugin v20.12 - https:\/\/yoast.com\/wordpress\/plugins\/seo\/ -->\n<title>SIGNO ARIES 21.03. \u2013 20.04. - Madera<\/title>\n<meta name=\"robots\" content=\"index, follow, max-snippet:-1, max-image-preview:large, max-video-preview:-1\" \/>\n<link rel=\"canonical\" href=\"https:\/\/maderacat.cat\/?product=znameni-beran-21-03-20-04\" \/>\n<meta property=\"og:locale\" content=\"en_US\" \/>\n<meta property=\"og:type\" content=\"article\" \/>\n<meta property=\"og:title\" content=\"SIGNO ARIES 21.03. \u2013 20.04. - Madera\" \/>\n<meta property=\"og:description\" content=\"Aries es el signo de Marte y, por supuesto, tiene la mayor tendencia a discusiones en\u00e9rgicas, el ejemplo personal, la intervenci\u00f3n inmediata y r\u00e1pida evoluci\u00f3n. Siempre hay alg\u00fan lugar en donde\u00a0formar algo nuevo. Por lo tanto, el primer signo del zod\u00edaco, el comienzo de un nuevo ciclo, no s\u00f3lo en las \u00e1reas materiales, sino tambi\u00e9n\" \/>\n<meta property=\"og:url\" content=\"https:\/\/maderacat.cat\/?product=znameni-beran-21-03-20-04\" \/>\n<meta property=\"og:site_name\" content=\"Madera\" \/>\n<meta property=\"article:modified_time\" content=\"2016-11-25T13:41:34+00:00\" \/>\n<meta property=\"og:image\" content=\"https:\/\/maderacat.cat\/wp-content\/uploads\/2016\/10\/399.jpeg\" \/>\n\t<meta property=\"og:image:width\" content=\"717\" \/>\n\t<meta property=\"og:image:height\" content=\"720\" \/>\n\t<meta property=\"og:image:type\" content=\"image\/jpeg\" \/>\n<meta name=\"twitter:card\" content=\"summary_large_image\" \/>\n<meta name=\"twitter:label1\" content=\"Est. reading time\" \/>\n\t<meta name=\"twitter:data1\" content=\"1 minute\" \/>\n<script type=\"application\/ld+json\" class=\"yoast-schema-graph\">{\"@context\":\"https:\/\/schema.org\",\"@graph\":[{\"@type\":\"WebPage\",\"@id\":\"https:\/\/maderacat.cat\/?product=znameni-beran-21-03-20-04\",\"url\":\"https:\/\/maderacat.cat\/?product=znameni-beran-21-03-20-04\",\"name\":\"SIGNO ARIES 21.03. \u2013 20.04. - Madera\",\"isPartOf\":{\"@id\":\"https:\/\/maderacat.cat\/#website\"},\"datePublished\":\"2016-10-09T09:31:16+00:00\",\"dateModified\":\"2016-11-25T13:41:34+00:00\",\"breadcrumb\":{\"@id\":\"https:\/\/maderacat.cat\/?product=znameni-beran-21-03-20-04#breadcrumb\"},\"inLanguage\":\"en-US\",\"potentialAction\":[{\"@type\":\"ReadAction\",\"target\":[\"https:\/\/maderacat.cat\/?product=znameni-beran-21-03-20-04\"]}]},{\"@type\":\"BreadcrumbList\",\"@id\":\"https:\/\/maderacat.cat\/?product=znameni-beran-21-03-20-04#breadcrumb\",\"itemListElement\":[{\"@type\":\"ListItem\",\"position\":1,\"name\":\"Dom\u016f\",\"item\":\"https:\/\/maderacat.cat\/\"},{\"@type\":\"ListItem\",\"position\":2,\"name\":\"Obchod\",\"item\":\"https:\/\/maderacat.cat\/?page_id=270\"},{\"@type\":\"ListItem\",\"position\":3,\"name\":\"SIGNO ARIES 21.03. \u2013 20.04.\"}]},{\"@type\":\"WebSite\",\"@id\":\"https:\/\/maderacat.cat\/#website\",\"url\":\"https:\/\/maderacat.cat\/\",\"name\":\"Madera\",\"description\":\"Bienvenido a la p\u00e1gina web\",\"potentialAction\":[{\"@type\":\"SearchAction\",\"target\":{\"@type\":\"EntryPoint\",\"urlTemplate\":\"https:\/\/maderacat.cat\/?s={search_term_string}\"},\"query-input\":\"required name=search_term_string\"}],\"inLanguage\":\"en-US\"}]}<\/script>\n<!-- \/ Yoast SEO plugin. -->","yoast_head_json":{"title":"SIGNO ARIES 21.03. \u2013 20.04. - Madera","robots":{"index":"index","follow":"follow","max-snippet":"max-snippet:-1","max-image-preview":"max-image-preview:large","max-video-preview":"max-video-preview:-1"},"canonical":"https:\/\/maderacat.cat\/?product=znameni-beran-21-03-20-04","og_locale":"en_US","og_type":"article","og_title":"SIGNO ARIES 21.03. \u2013 20.04. - Madera","og_description":"Aries es el signo de Marte y, por supuesto, tiene la mayor tendencia a discusiones en\u00e9rgicas, el ejemplo personal, la intervenci\u00f3n inmediata y r\u00e1pida evoluci\u00f3n. Siempre hay alg\u00fan lugar en donde\u00a0formar algo nuevo. Por lo tanto, el primer signo del zod\u00edaco, el comienzo de un nuevo ciclo, no s\u00f3lo en las \u00e1reas materiales, sino tambi\u00e9n","og_url":"https:\/\/maderacat.cat\/?product=znameni-beran-21-03-20-04","og_site_name":"Madera","article_modified_time":"2016-11-25T13:41:34+00:00","og_image":[{"width":717,"height":720,"url":"https:\/\/maderacat.cat\/wp-content\/uploads\/2016\/10\/399.jpeg","type":"image\/jpeg"}],"twitter_card":"summary_large_image","twitter_misc":{"Est. reading time":"1 minute"},"schema":{"@context":"https:\/\/schema.org","@graph":[{"@type":"WebPage","@id":"https:\/\/maderacat.cat\/?product=znameni-beran-21-03-20-04","url":"https:\/\/maderacat.cat\/?product=znameni-beran-21-03-20-04","name":"SIGNO ARIES 21.03. \u2013 20.04. - Madera","isPartOf":{"@id":"https:\/\/maderacat.cat\/#website"},"datePublished":"2016-10-09T09:31:16+00:00","dateModified":"2016-11-25T13:41:34+00:00","breadcrumb":{"@id":"https:\/\/maderacat.cat\/?product=znameni-beran-21-03-20-04#breadcrumb"},"inLanguage":"en-US","potentialAction":[{"@type":"ReadAction","target":["https:\/\/maderacat.cat\/?product=znameni-beran-21-03-20-04"]}]},{"@type":"BreadcrumbList","@id":"https:\/\/maderacat.cat\/?product=znameni-beran-21-03-20-04#breadcrumb","itemListElement":[{"@type":"ListItem","position":1,"name":"Dom\u016f","item":"https:\/\/maderacat.cat\/"},{"@type":"ListItem","position":2,"name":"Obchod","item":"https:\/\/maderacat.cat\/?page_id=270"},{"@type":"ListItem","position":3,"name":"SIGNO ARIES 21.03. \u2013 20.04."}]},{"@type":"WebSite","@id":"https:\/\/maderacat.cat\/#website","url":"https:\/\/maderacat.cat\/","name":"Madera","description":"Bienvenido a la p\u00e1gina web","potentialAction":[{"@type":"SearchAction","target":{"@type":"EntryPoint","urlTemplate":"https:\/\/maderacat.cat\/?s={search_term_string}"},"query-input":"required name=search_term_string"}],"inLanguage":"en-US"}]}},"_links":{"self":[{"href":"https:\/\/maderacat.cat\/index.php?rest_route=\/wp\/v2\/product\/4952"}],"collection":[{"href":"https:\/\/maderacat.cat\/index.php?rest_route=\/wp\/v2\/product"}],"about":[{"href":"https:\/\/maderacat.cat\/index.php?rest_route=\/wp\/v2\/types\/product"}],"replies":[{"embeddable":true,"href":"https:\/\/maderacat.cat\/index.php?rest_route=%2Fwp%2Fv2%2Fcomments&post=4952"}],"wp:featuredmedia":[{"embeddable":true,"href":"https:\/\/maderacat.cat\/index.php?rest_route=\/wp\/v2\/media\/4953"}],"wp:attachment":[{"href":"https:\/\/maderacat.cat\/index.php?rest_route=%2Fwp%2Fv2%2Fmedia&parent=4952"}],"wp:term":[{"taxonomy":"product_cat","embeddable":true,"href":"https:\/\/maderacat.cat\/index.php?rest_route=%2Fwp%2Fv2%2Fproduct_cat&post=4952"},{"taxonomy":"product_tag","embeddable":true,"href":"https:\/\/maderacat.cat\/index.php?rest_route=%2Fwp%2Fv2%2Fproduct_tag&post=4952"}],"curies":[{"name":"wp","href":"https:\/\/api.w.org\/{rel}","templated":true}]}}