{"id":4950,"date":"2016-10-09T09:31:16","date_gmt":"2016-10-09T09:31:16","guid":{"rendered":"http:\/\/maderacat.cat\/produkt\/znameni-vodnar-21-01-20-02\/"},"modified":"2016-11-25T13:34:30","modified_gmt":"2016-11-25T13:34:30","slug":"znameni-vodnar-21-01-20-02","status":"publish","type":"product","link":"https:\/\/maderacat.cat\/?product=znameni-vodnar-21-01-20-02","title":{"rendered":"Signo de ACUARIO 21.01. \u2013 20.02."},"content":{"rendered":"<p>Al igual que todos los signos de aire, Acuario es una base ideal que siempre est\u00e1n tratando de llevar la mayor\u00eda de sus ideales a la pr\u00e1ctica. Dado que los ideales son en su mayor\u00eda como una m\u00fasica del futuro, pero que por supuesto no altera la fuerza de su convicci\u00f3n s\u00f3lida, incluso si todo el mundo lo mirara con la boca abierta y las opiniones discrepantes. En sus negociaciones pueden ser aveces despiadadas. Con un esp\u00edritu superior, es fuente de sabidur\u00eda. Por lo tanto, trabajan bien en s\u00ed mismos, observando y tratando de ser mejores siempre. Los Acuarios tienden a ser generalistas, gente le gusta pensar, experimentar y organizar y no les gusta la indecisi\u00f3n. Los Acuarios buscan el mayor poder en la solidaridad mutua y la amistad. Su fuerza m\u00e1xima radica en ser un hombre \u201chermandad\u201d. Le gusta cerrar numerosas asociaciones con conocidos, son populares y con frecuencia consiguen tener una influencia considerable. Por lo tanto, es importante tener cuidado con el el impacto que puede causar.<\/p>\n","protected":false},"excerpt":{"rendered":"<p>Al igual que todos los signos de aire, Acuario es una base ideal que siempre est\u00e1n tratando de llevar la mayor\u00eda de sus ideales a la pr\u00e1ctica. Dado que los ideales son en su mayor\u00eda como una m\u00fasica del futuro, pero que por supuesto no altera la fuerza de su convicci\u00f3n s\u00f3lida, incluso si todo<\/p>\n","protected":false},"featured_media":4951,"comment_status":"closed","ping_status":"closed","template":"","meta":[],"product_cat":[38],"product_tag":[],"yoast_head":"<!-- This site is optimized with the Yoast SEO plugin v20.12 - https:\/\/yoast.com\/wordpress\/plugins\/seo\/ -->\n<title>Signo de ACUARIO 21.01. \u2013 20.02. - Madera<\/title>\n<meta name=\"robots\" content=\"index, follow, max-snippet:-1, max-image-preview:large, max-video-preview:-1\" \/>\n<link rel=\"canonical\" href=\"https:\/\/maderacat.cat\/?product=znameni-vodnar-21-01-20-02\" \/>\n<meta property=\"og:locale\" content=\"en_US\" \/>\n<meta property=\"og:type\" content=\"article\" \/>\n<meta property=\"og:title\" content=\"Signo de ACUARIO 21.01. \u2013 20.02. - Madera\" \/>\n<meta property=\"og:description\" content=\"Al igual que todos los signos de aire, Acuario es una base ideal que siempre est\u00e1n tratando de llevar la mayor\u00eda de sus ideales a la pr\u00e1ctica. Dado que los ideales son en su mayor\u00eda como una m\u00fasica del futuro, pero que por supuesto no altera la fuerza de su convicci\u00f3n s\u00f3lida, incluso si todo\" \/>\n<meta property=\"og:url\" content=\"https:\/\/maderacat.cat\/?product=znameni-vodnar-21-01-20-02\" \/>\n<meta property=\"og:site_name\" content=\"Madera\" \/>\n<meta property=\"article:modified_time\" content=\"2016-11-25T13:34:30+00:00\" \/>\n<meta property=\"og:image\" content=\"https:\/\/maderacat.cat\/wp-content\/uploads\/2016\/10\/398.jpeg\" \/>\n\t<meta property=\"og:image:width\" content=\"720\" \/>\n\t<meta property=\"og:image:height\" content=\"711\" \/>\n\t<meta property=\"og:image:type\" content=\"image\/jpeg\" \/>\n<meta name=\"twitter:card\" content=\"summary_large_image\" \/>\n<meta name=\"twitter:label1\" content=\"Est. reading time\" \/>\n\t<meta name=\"twitter:data1\" content=\"1 minute\" \/>\n<script type=\"application\/ld+json\" class=\"yoast-schema-graph\">{\"@context\":\"https:\/\/schema.org\",\"@graph\":[{\"@type\":\"WebPage\",\"@id\":\"https:\/\/maderacat.cat\/?product=znameni-vodnar-21-01-20-02\",\"url\":\"https:\/\/maderacat.cat\/?product=znameni-vodnar-21-01-20-02\",\"name\":\"Signo de ACUARIO 21.01. \u2013 20.02. - Madera\",\"isPartOf\":{\"@id\":\"https:\/\/maderacat.cat\/#website\"},\"datePublished\":\"2016-10-09T09:31:16+00:00\",\"dateModified\":\"2016-11-25T13:34:30+00:00\",\"breadcrumb\":{\"@id\":\"https:\/\/maderacat.cat\/?product=znameni-vodnar-21-01-20-02#breadcrumb\"},\"inLanguage\":\"en-US\",\"potentialAction\":[{\"@type\":\"ReadAction\",\"target\":[\"https:\/\/maderacat.cat\/?product=znameni-vodnar-21-01-20-02\"]}]},{\"@type\":\"BreadcrumbList\",\"@id\":\"https:\/\/maderacat.cat\/?product=znameni-vodnar-21-01-20-02#breadcrumb\",\"itemListElement\":[{\"@type\":\"ListItem\",\"position\":1,\"name\":\"Dom\u016f\",\"item\":\"https:\/\/maderacat.cat\/\"},{\"@type\":\"ListItem\",\"position\":2,\"name\":\"Obchod\",\"item\":\"https:\/\/maderacat.cat\/?page_id=270\"},{\"@type\":\"ListItem\",\"position\":3,\"name\":\"Signo de ACUARIO 21.01. \u2013 20.02.\"}]},{\"@type\":\"WebSite\",\"@id\":\"https:\/\/maderacat.cat\/#website\",\"url\":\"https:\/\/maderacat.cat\/\",\"name\":\"Madera\",\"description\":\"Bienvenido a la p\u00e1gina web\",\"potentialAction\":[{\"@type\":\"SearchAction\",\"target\":{\"@type\":\"EntryPoint\",\"urlTemplate\":\"https:\/\/maderacat.cat\/?s={search_term_string}\"},\"query-input\":\"required name=search_term_string\"}],\"inLanguage\":\"en-US\"}]}<\/script>\n<!-- \/ Yoast SEO plugin. -->","yoast_head_json":{"title":"Signo de ACUARIO 21.01. \u2013 20.02. - Madera","robots":{"index":"index","follow":"follow","max-snippet":"max-snippet:-1","max-image-preview":"max-image-preview:large","max-video-preview":"max-video-preview:-1"},"canonical":"https:\/\/maderacat.cat\/?product=znameni-vodnar-21-01-20-02","og_locale":"en_US","og_type":"article","og_title":"Signo de ACUARIO 21.01. \u2013 20.02. - Madera","og_description":"Al igual que todos los signos de aire, Acuario es una base ideal que siempre est\u00e1n tratando de llevar la mayor\u00eda de sus ideales a la pr\u00e1ctica. Dado que los ideales son en su mayor\u00eda como una m\u00fasica del futuro, pero que por supuesto no altera la fuerza de su convicci\u00f3n s\u00f3lida, incluso si todo","og_url":"https:\/\/maderacat.cat\/?product=znameni-vodnar-21-01-20-02","og_site_name":"Madera","article_modified_time":"2016-11-25T13:34:30+00:00","og_image":[{"width":720,"height":711,"url":"https:\/\/maderacat.cat\/wp-content\/uploads\/2016\/10\/398.jpeg","type":"image\/jpeg"}],"twitter_card":"summary_large_image","twitter_misc":{"Est. reading time":"1 minute"},"schema":{"@context":"https:\/\/schema.org","@graph":[{"@type":"WebPage","@id":"https:\/\/maderacat.cat\/?product=znameni-vodnar-21-01-20-02","url":"https:\/\/maderacat.cat\/?product=znameni-vodnar-21-01-20-02","name":"Signo de ACUARIO 21.01. \u2013 20.02. - Madera","isPartOf":{"@id":"https:\/\/maderacat.cat\/#website"},"datePublished":"2016-10-09T09:31:16+00:00","dateModified":"2016-11-25T13:34:30+00:00","breadcrumb":{"@id":"https:\/\/maderacat.cat\/?product=znameni-vodnar-21-01-20-02#breadcrumb"},"inLanguage":"en-US","potentialAction":[{"@type":"ReadAction","target":["https:\/\/maderacat.cat\/?product=znameni-vodnar-21-01-20-02"]}]},{"@type":"BreadcrumbList","@id":"https:\/\/maderacat.cat\/?product=znameni-vodnar-21-01-20-02#breadcrumb","itemListElement":[{"@type":"ListItem","position":1,"name":"Dom\u016f","item":"https:\/\/maderacat.cat\/"},{"@type":"ListItem","position":2,"name":"Obchod","item":"https:\/\/maderacat.cat\/?page_id=270"},{"@type":"ListItem","position":3,"name":"Signo de ACUARIO 21.01. \u2013 20.02."}]},{"@type":"WebSite","@id":"https:\/\/maderacat.cat\/#website","url":"https:\/\/maderacat.cat\/","name":"Madera","description":"Bienvenido a la p\u00e1gina web","potentialAction":[{"@type":"SearchAction","target":{"@type":"EntryPoint","urlTemplate":"https:\/\/maderacat.cat\/?s={search_term_string}"},"query-input":"required name=search_term_string"}],"inLanguage":"en-US"}]}},"_links":{"self":[{"href":"https:\/\/maderacat.cat\/index.php?rest_route=\/wp\/v2\/product\/4950"}],"collection":[{"href":"https:\/\/maderacat.cat\/index.php?rest_route=\/wp\/v2\/product"}],"about":[{"href":"https:\/\/maderacat.cat\/index.php?rest_route=\/wp\/v2\/types\/product"}],"replies":[{"embeddable":true,"href":"https:\/\/maderacat.cat\/index.php?rest_route=%2Fwp%2Fv2%2Fcomments&post=4950"}],"wp:featuredmedia":[{"embeddable":true,"href":"https:\/\/maderacat.cat\/index.php?rest_route=\/wp\/v2\/media\/4951"}],"wp:attachment":[{"href":"https:\/\/maderacat.cat\/index.php?rest_route=%2Fwp%2Fv2%2Fmedia&parent=4950"}],"wp:term":[{"taxonomy":"product_cat","embeddable":true,"href":"https:\/\/maderacat.cat\/index.php?rest_route=%2Fwp%2Fv2%2Fproduct_cat&post=4950"},{"taxonomy":"product_tag","embeddable":true,"href":"https:\/\/maderacat.cat\/index.php?rest_route=%2Fwp%2Fv2%2Fproduct_tag&post=4950"}],"curies":[{"name":"wp","href":"https:\/\/api.w.org\/{rel}","templated":true}]}}