{"id":4938,"date":"2016-10-09T09:30:45","date_gmt":"2016-10-09T09:30:45","guid":{"rendered":"http:\/\/maderacat.cat\/produkt\/laska\/"},"modified":"2016-11-25T14:00:58","modified_gmt":"2016-11-25T14:00:58","slug":"laska","status":"publish","type":"product","link":"https:\/\/maderacat.cat\/?product=laska","title":{"rendered":"AMOR"},"content":{"rendered":"<p>Colecci\u00f3n de decoraci\u00f3n oriental, crean un toque de armon\u00eda misteriosa del Lejano Oriente. Si lo coloca en la pared de su hogar, sus sue\u00f1os se har\u00e1n realidad en cuanto a la amistad, el amor eterno y lograre\u00eds superarlo todo.<\/p>\n","protected":false},"excerpt":{"rendered":"<p>Colecci\u00f3n de decoraci\u00f3n oriental, crean un toque de armon\u00eda misteriosa del Lejano Oriente. Si lo coloca en la pared de su hogar, sus sue\u00f1os se har\u00e1n realidad en cuanto a la amistad, el amor eterno y lograre\u00eds superarlo todo.<\/p>\n","protected":false},"featured_media":4939,"comment_status":"closed","ping_status":"closed","template":"","meta":[],"product_cat":[38],"product_tag":[],"yoast_head":"<!-- This site is optimized with the Yoast SEO plugin v20.12 - https:\/\/yoast.com\/wordpress\/plugins\/seo\/ -->\n<title>AMOR - Madera<\/title>\n<meta name=\"robots\" content=\"index, follow, max-snippet:-1, max-image-preview:large, max-video-preview:-1\" \/>\n<link rel=\"canonical\" href=\"https:\/\/maderacat.cat\/?product=laska\" \/>\n<meta property=\"og:locale\" content=\"en_US\" \/>\n<meta property=\"og:type\" content=\"article\" \/>\n<meta property=\"og:title\" content=\"AMOR - Madera\" \/>\n<meta property=\"og:description\" content=\"Colecci\u00f3n de decoraci\u00f3n oriental, crean un toque de armon\u00eda misteriosa del Lejano Oriente. Si lo coloca en la pared de su hogar, sus sue\u00f1os se har\u00e1n realidad en cuanto a la amistad, el amor eterno y lograre\u00eds superarlo todo.\" \/>\n<meta property=\"og:url\" content=\"https:\/\/maderacat.cat\/?product=laska\" \/>\n<meta property=\"og:site_name\" content=\"Madera\" \/>\n<meta property=\"article:modified_time\" content=\"2016-11-25T14:00:58+00:00\" \/>\n<meta property=\"og:image\" content=\"https:\/\/maderacat.cat\/wp-content\/uploads\/2016\/10\/395.jpeg\" \/>\n\t<meta property=\"og:image:width\" content=\"720\" \/>\n\t<meta property=\"og:image:height\" content=\"1425\" \/>\n\t<meta property=\"og:image:type\" content=\"image\/jpeg\" \/>\n<meta name=\"twitter:card\" content=\"summary_large_image\" \/>\n<script type=\"application\/ld+json\" class=\"yoast-schema-graph\">{\"@context\":\"https:\/\/schema.org\",\"@graph\":[{\"@type\":\"WebPage\",\"@id\":\"https:\/\/maderacat.cat\/?product=laska\",\"url\":\"https:\/\/maderacat.cat\/?product=laska\",\"name\":\"AMOR - Madera\",\"isPartOf\":{\"@id\":\"https:\/\/maderacat.cat\/#website\"},\"datePublished\":\"2016-10-09T09:30:45+00:00\",\"dateModified\":\"2016-11-25T14:00:58+00:00\",\"breadcrumb\":{\"@id\":\"https:\/\/maderacat.cat\/?product=laska#breadcrumb\"},\"inLanguage\":\"en-US\",\"potentialAction\":[{\"@type\":\"ReadAction\",\"target\":[\"https:\/\/maderacat.cat\/?product=laska\"]}]},{\"@type\":\"BreadcrumbList\",\"@id\":\"https:\/\/maderacat.cat\/?product=laska#breadcrumb\",\"itemListElement\":[{\"@type\":\"ListItem\",\"position\":1,\"name\":\"Dom\u016f\",\"item\":\"https:\/\/maderacat.cat\/\"},{\"@type\":\"ListItem\",\"position\":2,\"name\":\"Obchod\",\"item\":\"https:\/\/maderacat.cat\/?page_id=270\"},{\"@type\":\"ListItem\",\"position\":3,\"name\":\"AMOR\"}]},{\"@type\":\"WebSite\",\"@id\":\"https:\/\/maderacat.cat\/#website\",\"url\":\"https:\/\/maderacat.cat\/\",\"name\":\"Madera\",\"description\":\"Bienvenido a la p\u00e1gina web\",\"potentialAction\":[{\"@type\":\"SearchAction\",\"target\":{\"@type\":\"EntryPoint\",\"urlTemplate\":\"https:\/\/maderacat.cat\/?s={search_term_string}\"},\"query-input\":\"required name=search_term_string\"}],\"inLanguage\":\"en-US\"}]}<\/script>\n<!-- \/ Yoast SEO plugin. -->","yoast_head_json":{"title":"AMOR - Madera","robots":{"index":"index","follow":"follow","max-snippet":"max-snippet:-1","max-image-preview":"max-image-preview:large","max-video-preview":"max-video-preview:-1"},"canonical":"https:\/\/maderacat.cat\/?product=laska","og_locale":"en_US","og_type":"article","og_title":"AMOR - Madera","og_description":"Colecci\u00f3n de decoraci\u00f3n oriental, crean un toque de armon\u00eda misteriosa del Lejano Oriente. Si lo coloca en la pared de su hogar, sus sue\u00f1os se har\u00e1n realidad en cuanto a la amistad, el amor eterno y lograre\u00eds superarlo todo.","og_url":"https:\/\/maderacat.cat\/?product=laska","og_site_name":"Madera","article_modified_time":"2016-11-25T14:00:58+00:00","og_image":[{"width":720,"height":1425,"url":"https:\/\/maderacat.cat\/wp-content\/uploads\/2016\/10\/395.jpeg","type":"image\/jpeg"}],"twitter_card":"summary_large_image","schema":{"@context":"https:\/\/schema.org","@graph":[{"@type":"WebPage","@id":"https:\/\/maderacat.cat\/?product=laska","url":"https:\/\/maderacat.cat\/?product=laska","name":"AMOR - Madera","isPartOf":{"@id":"https:\/\/maderacat.cat\/#website"},"datePublished":"2016-10-09T09:30:45+00:00","dateModified":"2016-11-25T14:00:58+00:00","breadcrumb":{"@id":"https:\/\/maderacat.cat\/?product=laska#breadcrumb"},"inLanguage":"en-US","potentialAction":[{"@type":"ReadAction","target":["https:\/\/maderacat.cat\/?product=laska"]}]},{"@type":"BreadcrumbList","@id":"https:\/\/maderacat.cat\/?product=laska#breadcrumb","itemListElement":[{"@type":"ListItem","position":1,"name":"Dom\u016f","item":"https:\/\/maderacat.cat\/"},{"@type":"ListItem","position":2,"name":"Obchod","item":"https:\/\/maderacat.cat\/?page_id=270"},{"@type":"ListItem","position":3,"name":"AMOR"}]},{"@type":"WebSite","@id":"https:\/\/maderacat.cat\/#website","url":"https:\/\/maderacat.cat\/","name":"Madera","description":"Bienvenido a la p\u00e1gina web","potentialAction":[{"@type":"SearchAction","target":{"@type":"EntryPoint","urlTemplate":"https:\/\/maderacat.cat\/?s={search_term_string}"},"query-input":"required name=search_term_string"}],"inLanguage":"en-US"}]}},"_links":{"self":[{"href":"https:\/\/maderacat.cat\/index.php?rest_route=\/wp\/v2\/product\/4938"}],"collection":[{"href":"https:\/\/maderacat.cat\/index.php?rest_route=\/wp\/v2\/product"}],"about":[{"href":"https:\/\/maderacat.cat\/index.php?rest_route=\/wp\/v2\/types\/product"}],"replies":[{"embeddable":true,"href":"https:\/\/maderacat.cat\/index.php?rest_route=%2Fwp%2Fv2%2Fcomments&post=4938"}],"wp:featuredmedia":[{"embeddable":true,"href":"https:\/\/maderacat.cat\/index.php?rest_route=\/wp\/v2\/media\/4939"}],"wp:attachment":[{"href":"https:\/\/maderacat.cat\/index.php?rest_route=%2Fwp%2Fv2%2Fmedia&parent=4938"}],"wp:term":[{"taxonomy":"product_cat","embeddable":true,"href":"https:\/\/maderacat.cat\/index.php?rest_route=%2Fwp%2Fv2%2Fproduct_cat&post=4938"},{"taxonomy":"product_tag","embeddable":true,"href":"https:\/\/maderacat.cat\/index.php?rest_route=%2Fwp%2Fv2%2Fproduct_tag&post=4938"}],"curies":[{"name":"wp","href":"https:\/\/api.w.org\/{rel}","templated":true}]}}