{"id":4930,"date":"2016-10-09T09:30:13","date_gmt":"2016-10-09T09:30:13","guid":{"rendered":"http:\/\/maderacat.cat\/produkt\/nermere\/"},"modified":"2016-11-25T13:59:04","modified_gmt":"2016-11-25T13:59:04","slug":"nermere","status":"publish","type":"product","link":"https:\/\/maderacat.cat\/?product=nermere","title":{"rendered":"NARMER"},"content":{"rendered":"<p>Narmer fue un fara\u00f3n egipcio 0. dinast\u00eda, pero a menudo se clasifica en la 1\u00aa dinast\u00eda. Narmer est\u00e1 hist\u00f3ricamente documentado ya que demuestran la existencia de documentos escritos de la \u00e9poca de su reinado. Algunos egipt\u00f3logos lo consideran como el\u00a0unificador tradicional de Egipto Menes, que uni\u00f3 el Alto y Bajo Egipto en un solo estado.<\/p>\n","protected":false},"excerpt":{"rendered":"<p>Narmer fue un fara\u00f3n egipcio 0. dinast\u00eda, pero a menudo se clasifica en la 1\u00aa dinast\u00eda. Narmer est\u00e1 hist\u00f3ricamente documentado ya que demuestran la existencia de documentos escritos de la \u00e9poca de su reinado. Algunos egipt\u00f3logos lo consideran como el\u00a0unificador tradicional de Egipto Menes, que uni\u00f3 el Alto y Bajo Egipto en un solo estado.<\/p>\n","protected":false},"featured_media":4931,"comment_status":"closed","ping_status":"closed","template":"","meta":[],"product_cat":[38],"product_tag":[],"yoast_head":"<!-- This site is optimized with the Yoast SEO plugin v20.12 - https:\/\/yoast.com\/wordpress\/plugins\/seo\/ -->\n<title>NARMER - Madera<\/title>\n<meta name=\"robots\" content=\"index, follow, max-snippet:-1, max-image-preview:large, max-video-preview:-1\" \/>\n<link rel=\"canonical\" href=\"https:\/\/maderacat.cat\/?product=nermere\" \/>\n<meta property=\"og:locale\" content=\"en_US\" \/>\n<meta property=\"og:type\" content=\"article\" \/>\n<meta property=\"og:title\" content=\"NARMER - Madera\" \/>\n<meta property=\"og:description\" content=\"Narmer fue un fara\u00f3n egipcio 0. dinast\u00eda, pero a menudo se clasifica en la 1\u00aa dinast\u00eda. Narmer est\u00e1 hist\u00f3ricamente documentado ya que demuestran la existencia de documentos escritos de la \u00e9poca de su reinado. Algunos egipt\u00f3logos lo consideran como el\u00a0unificador tradicional de Egipto Menes, que uni\u00f3 el Alto y Bajo Egipto en un solo estado.\" \/>\n<meta property=\"og:url\" content=\"https:\/\/maderacat.cat\/?product=nermere\" \/>\n<meta property=\"og:site_name\" content=\"Madera\" \/>\n<meta property=\"article:modified_time\" content=\"2016-11-25T13:59:04+00:00\" \/>\n<meta property=\"og:image\" content=\"https:\/\/maderacat.cat\/wp-content\/uploads\/2016\/10\/3881.jpeg\" \/>\n\t<meta property=\"og:image:width\" content=\"1000\" \/>\n\t<meta property=\"og:image:height\" content=\"1320\" \/>\n\t<meta property=\"og:image:type\" content=\"image\/jpeg\" \/>\n<meta name=\"twitter:card\" content=\"summary_large_image\" \/>\n<script type=\"application\/ld+json\" class=\"yoast-schema-graph\">{\"@context\":\"https:\/\/schema.org\",\"@graph\":[{\"@type\":\"WebPage\",\"@id\":\"https:\/\/maderacat.cat\/?product=nermere\",\"url\":\"https:\/\/maderacat.cat\/?product=nermere\",\"name\":\"NARMER - Madera\",\"isPartOf\":{\"@id\":\"https:\/\/maderacat.cat\/#website\"},\"datePublished\":\"2016-10-09T09:30:13+00:00\",\"dateModified\":\"2016-11-25T13:59:04+00:00\",\"breadcrumb\":{\"@id\":\"https:\/\/maderacat.cat\/?product=nermere#breadcrumb\"},\"inLanguage\":\"en-US\",\"potentialAction\":[{\"@type\":\"ReadAction\",\"target\":[\"https:\/\/maderacat.cat\/?product=nermere\"]}]},{\"@type\":\"BreadcrumbList\",\"@id\":\"https:\/\/maderacat.cat\/?product=nermere#breadcrumb\",\"itemListElement\":[{\"@type\":\"ListItem\",\"position\":1,\"name\":\"Dom\u016f\",\"item\":\"https:\/\/maderacat.cat\/\"},{\"@type\":\"ListItem\",\"position\":2,\"name\":\"Obchod\",\"item\":\"https:\/\/maderacat.cat\/?page_id=270\"},{\"@type\":\"ListItem\",\"position\":3,\"name\":\"NARMER\"}]},{\"@type\":\"WebSite\",\"@id\":\"https:\/\/maderacat.cat\/#website\",\"url\":\"https:\/\/maderacat.cat\/\",\"name\":\"Madera\",\"description\":\"Bienvenido a la p\u00e1gina web\",\"potentialAction\":[{\"@type\":\"SearchAction\",\"target\":{\"@type\":\"EntryPoint\",\"urlTemplate\":\"https:\/\/maderacat.cat\/?s={search_term_string}\"},\"query-input\":\"required name=search_term_string\"}],\"inLanguage\":\"en-US\"}]}<\/script>\n<!-- \/ Yoast SEO plugin. -->","yoast_head_json":{"title":"NARMER - Madera","robots":{"index":"index","follow":"follow","max-snippet":"max-snippet:-1","max-image-preview":"max-image-preview:large","max-video-preview":"max-video-preview:-1"},"canonical":"https:\/\/maderacat.cat\/?product=nermere","og_locale":"en_US","og_type":"article","og_title":"NARMER - Madera","og_description":"Narmer fue un fara\u00f3n egipcio 0. dinast\u00eda, pero a menudo se clasifica en la 1\u00aa dinast\u00eda. Narmer est\u00e1 hist\u00f3ricamente documentado ya que demuestran la existencia de documentos escritos de la \u00e9poca de su reinado. Algunos egipt\u00f3logos lo consideran como el\u00a0unificador tradicional de Egipto Menes, que uni\u00f3 el Alto y Bajo Egipto en un solo estado.","og_url":"https:\/\/maderacat.cat\/?product=nermere","og_site_name":"Madera","article_modified_time":"2016-11-25T13:59:04+00:00","og_image":[{"width":1000,"height":1320,"url":"https:\/\/maderacat.cat\/wp-content\/uploads\/2016\/10\/3881.jpeg","type":"image\/jpeg"}],"twitter_card":"summary_large_image","schema":{"@context":"https:\/\/schema.org","@graph":[{"@type":"WebPage","@id":"https:\/\/maderacat.cat\/?product=nermere","url":"https:\/\/maderacat.cat\/?product=nermere","name":"NARMER - Madera","isPartOf":{"@id":"https:\/\/maderacat.cat\/#website"},"datePublished":"2016-10-09T09:30:13+00:00","dateModified":"2016-11-25T13:59:04+00:00","breadcrumb":{"@id":"https:\/\/maderacat.cat\/?product=nermere#breadcrumb"},"inLanguage":"en-US","potentialAction":[{"@type":"ReadAction","target":["https:\/\/maderacat.cat\/?product=nermere"]}]},{"@type":"BreadcrumbList","@id":"https:\/\/maderacat.cat\/?product=nermere#breadcrumb","itemListElement":[{"@type":"ListItem","position":1,"name":"Dom\u016f","item":"https:\/\/maderacat.cat\/"},{"@type":"ListItem","position":2,"name":"Obchod","item":"https:\/\/maderacat.cat\/?page_id=270"},{"@type":"ListItem","position":3,"name":"NARMER"}]},{"@type":"WebSite","@id":"https:\/\/maderacat.cat\/#website","url":"https:\/\/maderacat.cat\/","name":"Madera","description":"Bienvenido a la p\u00e1gina web","potentialAction":[{"@type":"SearchAction","target":{"@type":"EntryPoint","urlTemplate":"https:\/\/maderacat.cat\/?s={search_term_string}"},"query-input":"required name=search_term_string"}],"inLanguage":"en-US"}]}},"_links":{"self":[{"href":"https:\/\/maderacat.cat\/index.php?rest_route=\/wp\/v2\/product\/4930"}],"collection":[{"href":"https:\/\/maderacat.cat\/index.php?rest_route=\/wp\/v2\/product"}],"about":[{"href":"https:\/\/maderacat.cat\/index.php?rest_route=\/wp\/v2\/types\/product"}],"replies":[{"embeddable":true,"href":"https:\/\/maderacat.cat\/index.php?rest_route=%2Fwp%2Fv2%2Fcomments&post=4930"}],"wp:featuredmedia":[{"embeddable":true,"href":"https:\/\/maderacat.cat\/index.php?rest_route=\/wp\/v2\/media\/4931"}],"wp:attachment":[{"href":"https:\/\/maderacat.cat\/index.php?rest_route=%2Fwp%2Fv2%2Fmedia&parent=4930"}],"wp:term":[{"taxonomy":"product_cat","embeddable":true,"href":"https:\/\/maderacat.cat\/index.php?rest_route=%2Fwp%2Fv2%2Fproduct_cat&post=4930"},{"taxonomy":"product_tag","embeddable":true,"href":"https:\/\/maderacat.cat\/index.php?rest_route=%2Fwp%2Fv2%2Fproduct_tag&post=4930"}],"curies":[{"name":"wp","href":"https:\/\/api.w.org\/{rel}","templated":true}]}}