{"id":4928,"date":"2016-10-09T09:30:13","date_gmt":"2016-10-09T09:30:13","guid":{"rendered":"http:\/\/maderacat.cat\/produkt\/nechebet\/"},"modified":"2016-11-25T14:00:02","modified_gmt":"2016-11-25T14:00:02","slug":"nechebet","status":"publish","type":"product","link":"https:\/\/maderacat.cat\/?product=nechebet","title":{"rendered":"NECHEBET"},"content":{"rendered":"<p>La figura a\u00a0la parte izquierda muestra\u00a0\u2013 por la Corona que tiene en su cabeza \u2013 la deidad del Bajo Egipto, la figura de la derecha lleva la corona del Alto Egipto. En el medio esta el \u00a0fara\u00f3n con una corona \u00b4de ambos pa\u00edses. Alto Egipto y el Bajo Egipto eran dos reinos, de los cuales consist\u00edan en el antiguo Egipto. Parecer\u00eda que el nombre es revocada, ya que el Alto Egipto est\u00e1 geogr\u00e1ficamente m\u00e1s al sur que el Bajo Egipto, en realidad, sin embargo, se deriva del r\u00edo Nilo, que fluye desde las tierras altas de \u00c1frica oriental (parte alta) y el Mediterr\u00e1neo (tasa m\u00e1s baja).<\/p>\n","protected":false},"excerpt":{"rendered":"<p>La figura a\u00a0la parte izquierda muestra\u00a0\u2013 por la Corona que tiene en su cabeza \u2013 la deidad del Bajo Egipto, la figura de la derecha lleva la corona del Alto Egipto. En el medio esta el \u00a0fara\u00f3n con una corona \u00b4de ambos pa\u00edses. Alto Egipto y el Bajo Egipto eran dos reinos, de los cuales<\/p>\n","protected":false},"featured_media":4929,"comment_status":"closed","ping_status":"closed","template":"","meta":[],"product_cat":[38],"product_tag":[],"yoast_head":"<!-- This site is optimized with the Yoast SEO plugin v20.12 - https:\/\/yoast.com\/wordpress\/plugins\/seo\/ -->\n<title>NECHEBET - Madera<\/title>\n<meta name=\"robots\" content=\"index, follow, max-snippet:-1, max-image-preview:large, max-video-preview:-1\" \/>\n<link rel=\"canonical\" href=\"https:\/\/maderacat.cat\/?product=nechebet\" \/>\n<meta property=\"og:locale\" content=\"en_US\" \/>\n<meta property=\"og:type\" content=\"article\" \/>\n<meta property=\"og:title\" content=\"NECHEBET - Madera\" \/>\n<meta property=\"og:description\" content=\"La figura a\u00a0la parte izquierda muestra\u00a0\u2013 por la Corona que tiene en su cabeza \u2013 la deidad del Bajo Egipto, la figura de la derecha lleva la corona del Alto Egipto. En el medio esta el \u00a0fara\u00f3n con una corona \u00b4de ambos pa\u00edses. Alto Egipto y el Bajo Egipto eran dos reinos, de los cuales\" \/>\n<meta property=\"og:url\" content=\"https:\/\/maderacat.cat\/?product=nechebet\" \/>\n<meta property=\"og:site_name\" content=\"Madera\" \/>\n<meta property=\"article:modified_time\" content=\"2016-11-25T14:00:02+00:00\" \/>\n<meta property=\"og:image\" content=\"https:\/\/maderacat.cat\/wp-content\/uploads\/2016\/10\/387.jpeg\" \/>\n\t<meta property=\"og:image:width\" content=\"1000\" \/>\n\t<meta property=\"og:image:height\" content=\"1303\" \/>\n\t<meta property=\"og:image:type\" content=\"image\/jpeg\" \/>\n<meta name=\"twitter:card\" content=\"summary_large_image\" \/>\n<meta name=\"twitter:label1\" content=\"Est. reading time\" \/>\n\t<meta name=\"twitter:data1\" content=\"1 minute\" \/>\n<script type=\"application\/ld+json\" class=\"yoast-schema-graph\">{\"@context\":\"https:\/\/schema.org\",\"@graph\":[{\"@type\":\"WebPage\",\"@id\":\"https:\/\/maderacat.cat\/?product=nechebet\",\"url\":\"https:\/\/maderacat.cat\/?product=nechebet\",\"name\":\"NECHEBET - Madera\",\"isPartOf\":{\"@id\":\"https:\/\/maderacat.cat\/#website\"},\"datePublished\":\"2016-10-09T09:30:13+00:00\",\"dateModified\":\"2016-11-25T14:00:02+00:00\",\"breadcrumb\":{\"@id\":\"https:\/\/maderacat.cat\/?product=nechebet#breadcrumb\"},\"inLanguage\":\"en-US\",\"potentialAction\":[{\"@type\":\"ReadAction\",\"target\":[\"https:\/\/maderacat.cat\/?product=nechebet\"]}]},{\"@type\":\"BreadcrumbList\",\"@id\":\"https:\/\/maderacat.cat\/?product=nechebet#breadcrumb\",\"itemListElement\":[{\"@type\":\"ListItem\",\"position\":1,\"name\":\"Dom\u016f\",\"item\":\"https:\/\/maderacat.cat\/\"},{\"@type\":\"ListItem\",\"position\":2,\"name\":\"Obchod\",\"item\":\"https:\/\/maderacat.cat\/?page_id=270\"},{\"@type\":\"ListItem\",\"position\":3,\"name\":\"NECHEBET\"}]},{\"@type\":\"WebSite\",\"@id\":\"https:\/\/maderacat.cat\/#website\",\"url\":\"https:\/\/maderacat.cat\/\",\"name\":\"Madera\",\"description\":\"Bienvenido a la p\u00e1gina web\",\"potentialAction\":[{\"@type\":\"SearchAction\",\"target\":{\"@type\":\"EntryPoint\",\"urlTemplate\":\"https:\/\/maderacat.cat\/?s={search_term_string}\"},\"query-input\":\"required name=search_term_string\"}],\"inLanguage\":\"en-US\"}]}<\/script>\n<!-- \/ Yoast SEO plugin. -->","yoast_head_json":{"title":"NECHEBET - Madera","robots":{"index":"index","follow":"follow","max-snippet":"max-snippet:-1","max-image-preview":"max-image-preview:large","max-video-preview":"max-video-preview:-1"},"canonical":"https:\/\/maderacat.cat\/?product=nechebet","og_locale":"en_US","og_type":"article","og_title":"NECHEBET - Madera","og_description":"La figura a\u00a0la parte izquierda muestra\u00a0\u2013 por la Corona que tiene en su cabeza \u2013 la deidad del Bajo Egipto, la figura de la derecha lleva la corona del Alto Egipto. En el medio esta el \u00a0fara\u00f3n con una corona \u00b4de ambos pa\u00edses. Alto Egipto y el Bajo Egipto eran dos reinos, de los cuales","og_url":"https:\/\/maderacat.cat\/?product=nechebet","og_site_name":"Madera","article_modified_time":"2016-11-25T14:00:02+00:00","og_image":[{"width":1000,"height":1303,"url":"https:\/\/maderacat.cat\/wp-content\/uploads\/2016\/10\/387.jpeg","type":"image\/jpeg"}],"twitter_card":"summary_large_image","twitter_misc":{"Est. reading time":"1 minute"},"schema":{"@context":"https:\/\/schema.org","@graph":[{"@type":"WebPage","@id":"https:\/\/maderacat.cat\/?product=nechebet","url":"https:\/\/maderacat.cat\/?product=nechebet","name":"NECHEBET - Madera","isPartOf":{"@id":"https:\/\/maderacat.cat\/#website"},"datePublished":"2016-10-09T09:30:13+00:00","dateModified":"2016-11-25T14:00:02+00:00","breadcrumb":{"@id":"https:\/\/maderacat.cat\/?product=nechebet#breadcrumb"},"inLanguage":"en-US","potentialAction":[{"@type":"ReadAction","target":["https:\/\/maderacat.cat\/?product=nechebet"]}]},{"@type":"BreadcrumbList","@id":"https:\/\/maderacat.cat\/?product=nechebet#breadcrumb","itemListElement":[{"@type":"ListItem","position":1,"name":"Dom\u016f","item":"https:\/\/maderacat.cat\/"},{"@type":"ListItem","position":2,"name":"Obchod","item":"https:\/\/maderacat.cat\/?page_id=270"},{"@type":"ListItem","position":3,"name":"NECHEBET"}]},{"@type":"WebSite","@id":"https:\/\/maderacat.cat\/#website","url":"https:\/\/maderacat.cat\/","name":"Madera","description":"Bienvenido a la p\u00e1gina web","potentialAction":[{"@type":"SearchAction","target":{"@type":"EntryPoint","urlTemplate":"https:\/\/maderacat.cat\/?s={search_term_string}"},"query-input":"required name=search_term_string"}],"inLanguage":"en-US"}]}},"_links":{"self":[{"href":"https:\/\/maderacat.cat\/index.php?rest_route=\/wp\/v2\/product\/4928"}],"collection":[{"href":"https:\/\/maderacat.cat\/index.php?rest_route=\/wp\/v2\/product"}],"about":[{"href":"https:\/\/maderacat.cat\/index.php?rest_route=\/wp\/v2\/types\/product"}],"replies":[{"embeddable":true,"href":"https:\/\/maderacat.cat\/index.php?rest_route=%2Fwp%2Fv2%2Fcomments&post=4928"}],"wp:featuredmedia":[{"embeddable":true,"href":"https:\/\/maderacat.cat\/index.php?rest_route=\/wp\/v2\/media\/4929"}],"wp:attachment":[{"href":"https:\/\/maderacat.cat\/index.php?rest_route=%2Fwp%2Fv2%2Fmedia&parent=4928"}],"wp:term":[{"taxonomy":"product_cat","embeddable":true,"href":"https:\/\/maderacat.cat\/index.php?rest_route=%2Fwp%2Fv2%2Fproduct_cat&post=4928"},{"taxonomy":"product_tag","embeddable":true,"href":"https:\/\/maderacat.cat\/index.php?rest_route=%2Fwp%2Fv2%2Fproduct_tag&post=4928"}],"curies":[{"name":"wp","href":"https:\/\/api.w.org\/{rel}","templated":true}]}}