{"id":4894,"date":"2016-10-09T09:27:55","date_gmt":"2016-10-09T09:27:55","guid":{"rendered":"http:\/\/maderacat.cat\/produkt\/drevene-obklady-cube-1\/"},"modified":"2017-04-01T23:20:09","modified_gmt":"2017-04-01T22:20:09","slug":"drevene-obklady-cube-1","status":"publish","type":"product","link":"https:\/\/maderacat.cat\/?product=drevene-obklady-cube-1","title":{"rendered":"Revestimiento CUBE 1"},"content":{"rendered":"<p style=\"text-align: justify;\">El revestimiento\u00a0CUBE 1, esta hecho de madera de haya natural que est\u00e1 impregnado con un aceite de protecci\u00f3n especial. Posee fragmentos individuales cuadrados, con l\u00edneas y dise\u00f1o simple, caracter\u00edstico de la arquitectura cubista.<\/p>\n","protected":false},"excerpt":{"rendered":"<p>El revestimiento\u00a0CUBE 1, esta hecho de madera de haya natural que est\u00e1 impregnado con un aceite de protecci\u00f3n especial. Posee fragmentos individuales cuadrados, con l\u00edneas y dise\u00f1o simple, caracter\u00edstico de la arquitectura cubista.<\/p>\n","protected":false},"featured_media":4895,"comment_status":"closed","ping_status":"closed","template":"","meta":[],"product_cat":[37],"product_tag":[],"yoast_head":"<!-- This site is optimized with the Yoast SEO plugin v20.12 - https:\/\/yoast.com\/wordpress\/plugins\/seo\/ -->\n<title>Revestimiento CUBE 1 - Madera<\/title>\n<meta name=\"robots\" content=\"index, follow, max-snippet:-1, max-image-preview:large, max-video-preview:-1\" \/>\n<link rel=\"canonical\" href=\"https:\/\/maderacat.cat\/?product=drevene-obklady-cube-1\" \/>\n<meta property=\"og:locale\" content=\"en_US\" \/>\n<meta property=\"og:type\" content=\"article\" \/>\n<meta property=\"og:title\" content=\"Revestimiento CUBE 1 - Madera\" \/>\n<meta property=\"og:description\" content=\"El revestimiento\u00a0CUBE 1, esta hecho de madera de haya natural que est\u00e1 impregnado con un aceite de protecci\u00f3n especial. Posee fragmentos individuales cuadrados, con l\u00edneas y dise\u00f1o simple, caracter\u00edstico de la arquitectura cubista.\" \/>\n<meta property=\"og:url\" content=\"https:\/\/maderacat.cat\/?product=drevene-obklady-cube-1\" \/>\n<meta property=\"og:site_name\" content=\"Madera\" \/>\n<meta property=\"article:modified_time\" content=\"2017-04-01T22:20:09+00:00\" \/>\n<meta property=\"og:image\" content=\"https:\/\/maderacat.cat\/wp-content\/uploads\/2016\/10\/47314.jpeg\" \/>\n\t<meta property=\"og:image:width\" content=\"1280\" \/>\n\t<meta property=\"og:image:height\" content=\"720\" \/>\n\t<meta property=\"og:image:type\" content=\"image\/jpeg\" \/>\n<meta name=\"twitter:card\" content=\"summary_large_image\" \/>\n<script type=\"application\/ld+json\" class=\"yoast-schema-graph\">{\"@context\":\"https:\/\/schema.org\",\"@graph\":[{\"@type\":\"WebPage\",\"@id\":\"https:\/\/maderacat.cat\/?product=drevene-obklady-cube-1\",\"url\":\"https:\/\/maderacat.cat\/?product=drevene-obklady-cube-1\",\"name\":\"Revestimiento CUBE 1 - Madera\",\"isPartOf\":{\"@id\":\"https:\/\/maderacat.cat\/#website\"},\"datePublished\":\"2016-10-09T09:27:55+00:00\",\"dateModified\":\"2017-04-01T22:20:09+00:00\",\"breadcrumb\":{\"@id\":\"https:\/\/maderacat.cat\/?product=drevene-obklady-cube-1#breadcrumb\"},\"inLanguage\":\"en-US\",\"potentialAction\":[{\"@type\":\"ReadAction\",\"target\":[\"https:\/\/maderacat.cat\/?product=drevene-obklady-cube-1\"]}]},{\"@type\":\"BreadcrumbList\",\"@id\":\"https:\/\/maderacat.cat\/?product=drevene-obklady-cube-1#breadcrumb\",\"itemListElement\":[{\"@type\":\"ListItem\",\"position\":1,\"name\":\"Dom\u016f\",\"item\":\"https:\/\/maderacat.cat\/\"},{\"@type\":\"ListItem\",\"position\":2,\"name\":\"Obchod\",\"item\":\"https:\/\/maderacat.cat\/?page_id=270\"},{\"@type\":\"ListItem\",\"position\":3,\"name\":\"Revestimiento CUBE 1\"}]},{\"@type\":\"WebSite\",\"@id\":\"https:\/\/maderacat.cat\/#website\",\"url\":\"https:\/\/maderacat.cat\/\",\"name\":\"Madera\",\"description\":\"Bienvenido a la p\u00e1gina web\",\"potentialAction\":[{\"@type\":\"SearchAction\",\"target\":{\"@type\":\"EntryPoint\",\"urlTemplate\":\"https:\/\/maderacat.cat\/?s={search_term_string}\"},\"query-input\":\"required name=search_term_string\"}],\"inLanguage\":\"en-US\"}]}<\/script>\n<!-- \/ Yoast SEO plugin. -->","yoast_head_json":{"title":"Revestimiento CUBE 1 - Madera","robots":{"index":"index","follow":"follow","max-snippet":"max-snippet:-1","max-image-preview":"max-image-preview:large","max-video-preview":"max-video-preview:-1"},"canonical":"https:\/\/maderacat.cat\/?product=drevene-obklady-cube-1","og_locale":"en_US","og_type":"article","og_title":"Revestimiento CUBE 1 - Madera","og_description":"El revestimiento\u00a0CUBE 1, esta hecho de madera de haya natural que est\u00e1 impregnado con un aceite de protecci\u00f3n especial. Posee fragmentos individuales cuadrados, con l\u00edneas y dise\u00f1o simple, caracter\u00edstico de la arquitectura cubista.","og_url":"https:\/\/maderacat.cat\/?product=drevene-obklady-cube-1","og_site_name":"Madera","article_modified_time":"2017-04-01T22:20:09+00:00","og_image":[{"width":1280,"height":720,"url":"https:\/\/maderacat.cat\/wp-content\/uploads\/2016\/10\/47314.jpeg","type":"image\/jpeg"}],"twitter_card":"summary_large_image","schema":{"@context":"https:\/\/schema.org","@graph":[{"@type":"WebPage","@id":"https:\/\/maderacat.cat\/?product=drevene-obklady-cube-1","url":"https:\/\/maderacat.cat\/?product=drevene-obklady-cube-1","name":"Revestimiento CUBE 1 - Madera","isPartOf":{"@id":"https:\/\/maderacat.cat\/#website"},"datePublished":"2016-10-09T09:27:55+00:00","dateModified":"2017-04-01T22:20:09+00:00","breadcrumb":{"@id":"https:\/\/maderacat.cat\/?product=drevene-obklady-cube-1#breadcrumb"},"inLanguage":"en-US","potentialAction":[{"@type":"ReadAction","target":["https:\/\/maderacat.cat\/?product=drevene-obklady-cube-1"]}]},{"@type":"BreadcrumbList","@id":"https:\/\/maderacat.cat\/?product=drevene-obklady-cube-1#breadcrumb","itemListElement":[{"@type":"ListItem","position":1,"name":"Dom\u016f","item":"https:\/\/maderacat.cat\/"},{"@type":"ListItem","position":2,"name":"Obchod","item":"https:\/\/maderacat.cat\/?page_id=270"},{"@type":"ListItem","position":3,"name":"Revestimiento CUBE 1"}]},{"@type":"WebSite","@id":"https:\/\/maderacat.cat\/#website","url":"https:\/\/maderacat.cat\/","name":"Madera","description":"Bienvenido a la p\u00e1gina web","potentialAction":[{"@type":"SearchAction","target":{"@type":"EntryPoint","urlTemplate":"https:\/\/maderacat.cat\/?s={search_term_string}"},"query-input":"required name=search_term_string"}],"inLanguage":"en-US"}]}},"_links":{"self":[{"href":"https:\/\/maderacat.cat\/index.php?rest_route=\/wp\/v2\/product\/4894"}],"collection":[{"href":"https:\/\/maderacat.cat\/index.php?rest_route=\/wp\/v2\/product"}],"about":[{"href":"https:\/\/maderacat.cat\/index.php?rest_route=\/wp\/v2\/types\/product"}],"replies":[{"embeddable":true,"href":"https:\/\/maderacat.cat\/index.php?rest_route=%2Fwp%2Fv2%2Fcomments&post=4894"}],"wp:featuredmedia":[{"embeddable":true,"href":"https:\/\/maderacat.cat\/index.php?rest_route=\/wp\/v2\/media\/4895"}],"wp:attachment":[{"href":"https:\/\/maderacat.cat\/index.php?rest_route=%2Fwp%2Fv2%2Fmedia&parent=4894"}],"wp:term":[{"taxonomy":"product_cat","embeddable":true,"href":"https:\/\/maderacat.cat\/index.php?rest_route=%2Fwp%2Fv2%2Fproduct_cat&post=4894"},{"taxonomy":"product_tag","embeddable":true,"href":"https:\/\/maderacat.cat\/index.php?rest_route=%2Fwp%2Fv2%2Fproduct_tag&post=4894"}],"curies":[{"name":"wp","href":"https:\/\/api.w.org\/{rel}","templated":true}]}}