{"id":4828,"date":"2016-10-09T08:20:49","date_gmt":"2016-10-09T08:20:49","guid":{"rendered":"http:\/\/maderacat.cat\/produkt\/betonove-obklady-grenada-4-volcanic\/"},"modified":"2016-11-25T19:02:03","modified_gmt":"2016-11-25T19:02:03","slug":"betonove-obklady-grenada-4-volcanic","status":"publish","type":"product","link":"https:\/\/maderacat.cat\/?product=betonove-obklady-grenada-4-volcanic","title":{"rendered":"Revestimiento GRENADA 4 \u2013 volcanic"},"content":{"rendered":"<p>La piedra decorativa Grenada 4 es una de las novedades del fabricante STEGU. Es una muestra del reflejo de la diversidad natural de los \u00a0materiales de construcci\u00f3n \u2013 piedras naturales que nunca pasan de moda. Se inspira en el campo andaluz que recuerda a la encantadora ciudad del sur de Espa\u00f1a. Se fabrican en dos colores. Debido a su estructura \u00fanica, de car\u00e1cter universal y colores sofisticados, el modelo de recubrimiento Grenada 4 es el complemento perfecto para cualquier pared de interior moderna.<\/p>\n","protected":false},"excerpt":{"rendered":"<p>La piedra decorativa Grenada 4 es una de las novedades del fabricante STEGU. Es una muestra del reflejo de la diversidad natural de los \u00a0materiales de construcci\u00f3n \u2013 piedras naturales que nunca pasan de moda. Se inspira en el campo andaluz que recuerda a la encantadora ciudad del sur de Espa\u00f1a. Se fabrican en dos<\/p>\n","protected":false},"featured_media":4829,"comment_status":"closed","ping_status":"closed","template":"","meta":[],"product_cat":[35],"product_tag":[],"yoast_head":"<!-- This site is optimized with the Yoast SEO plugin v20.12 - https:\/\/yoast.com\/wordpress\/plugins\/seo\/ -->\n<title>Revestimiento GRENADA 4 \u2013 volcanic - Madera<\/title>\n<meta name=\"robots\" content=\"index, follow, max-snippet:-1, max-image-preview:large, max-video-preview:-1\" \/>\n<link rel=\"canonical\" href=\"https:\/\/maderacat.cat\/?product=betonove-obklady-grenada-4-volcanic\" \/>\n<meta property=\"og:locale\" content=\"en_US\" \/>\n<meta property=\"og:type\" content=\"article\" \/>\n<meta property=\"og:title\" content=\"Revestimiento GRENADA 4 \u2013 volcanic - Madera\" \/>\n<meta property=\"og:description\" content=\"La piedra decorativa Grenada 4 es una de las novedades del fabricante STEGU. Es una muestra del reflejo de la diversidad natural de los \u00a0materiales de construcci\u00f3n \u2013 piedras naturales que nunca pasan de moda. Se inspira en el campo andaluz que recuerda a la encantadora ciudad del sur de Espa\u00f1a. Se fabrican en dos\" \/>\n<meta property=\"og:url\" content=\"https:\/\/maderacat.cat\/?product=betonove-obklady-grenada-4-volcanic\" \/>\n<meta property=\"og:site_name\" content=\"Madera\" \/>\n<meta property=\"article:modified_time\" content=\"2016-11-25T19:02:03+00:00\" \/>\n<meta property=\"og:image\" content=\"https:\/\/maderacat.cat\/wp-content\/uploads\/2016\/10\/453.jpeg\" \/>\n\t<meta property=\"og:image:width\" content=\"1280\" \/>\n\t<meta property=\"og:image:height\" content=\"720\" \/>\n\t<meta property=\"og:image:type\" content=\"image\/jpeg\" \/>\n<meta name=\"twitter:card\" content=\"summary_large_image\" \/>\n<script type=\"application\/ld+json\" class=\"yoast-schema-graph\">{\"@context\":\"https:\/\/schema.org\",\"@graph\":[{\"@type\":\"WebPage\",\"@id\":\"https:\/\/maderacat.cat\/?product=betonove-obklady-grenada-4-volcanic\",\"url\":\"https:\/\/maderacat.cat\/?product=betonove-obklady-grenada-4-volcanic\",\"name\":\"Revestimiento GRENADA 4 \u2013 volcanic - Madera\",\"isPartOf\":{\"@id\":\"https:\/\/maderacat.cat\/#website\"},\"datePublished\":\"2016-10-09T08:20:49+00:00\",\"dateModified\":\"2016-11-25T19:02:03+00:00\",\"breadcrumb\":{\"@id\":\"https:\/\/maderacat.cat\/?product=betonove-obklady-grenada-4-volcanic#breadcrumb\"},\"inLanguage\":\"en-US\",\"potentialAction\":[{\"@type\":\"ReadAction\",\"target\":[\"https:\/\/maderacat.cat\/?product=betonove-obklady-grenada-4-volcanic\"]}]},{\"@type\":\"BreadcrumbList\",\"@id\":\"https:\/\/maderacat.cat\/?product=betonove-obklady-grenada-4-volcanic#breadcrumb\",\"itemListElement\":[{\"@type\":\"ListItem\",\"position\":1,\"name\":\"Dom\u016f\",\"item\":\"https:\/\/maderacat.cat\/\"},{\"@type\":\"ListItem\",\"position\":2,\"name\":\"Obchod\",\"item\":\"https:\/\/maderacat.cat\/?page_id=270\"},{\"@type\":\"ListItem\",\"position\":3,\"name\":\"Revestimiento GRENADA 4 \u2013 volcanic\"}]},{\"@type\":\"WebSite\",\"@id\":\"https:\/\/maderacat.cat\/#website\",\"url\":\"https:\/\/maderacat.cat\/\",\"name\":\"Madera\",\"description\":\"Bienvenido a la p\u00e1gina web\",\"potentialAction\":[{\"@type\":\"SearchAction\",\"target\":{\"@type\":\"EntryPoint\",\"urlTemplate\":\"https:\/\/maderacat.cat\/?s={search_term_string}\"},\"query-input\":\"required name=search_term_string\"}],\"inLanguage\":\"en-US\"}]}<\/script>\n<!-- \/ Yoast SEO plugin. -->","yoast_head_json":{"title":"Revestimiento GRENADA 4 \u2013 volcanic - Madera","robots":{"index":"index","follow":"follow","max-snippet":"max-snippet:-1","max-image-preview":"max-image-preview:large","max-video-preview":"max-video-preview:-1"},"canonical":"https:\/\/maderacat.cat\/?product=betonove-obklady-grenada-4-volcanic","og_locale":"en_US","og_type":"article","og_title":"Revestimiento GRENADA 4 \u2013 volcanic - Madera","og_description":"La piedra decorativa Grenada 4 es una de las novedades del fabricante STEGU. Es una muestra del reflejo de la diversidad natural de los \u00a0materiales de construcci\u00f3n \u2013 piedras naturales que nunca pasan de moda. Se inspira en el campo andaluz que recuerda a la encantadora ciudad del sur de Espa\u00f1a. Se fabrican en dos","og_url":"https:\/\/maderacat.cat\/?product=betonove-obklady-grenada-4-volcanic","og_site_name":"Madera","article_modified_time":"2016-11-25T19:02:03+00:00","og_image":[{"width":1280,"height":720,"url":"https:\/\/maderacat.cat\/wp-content\/uploads\/2016\/10\/453.jpeg","type":"image\/jpeg"}],"twitter_card":"summary_large_image","schema":{"@context":"https:\/\/schema.org","@graph":[{"@type":"WebPage","@id":"https:\/\/maderacat.cat\/?product=betonove-obklady-grenada-4-volcanic","url":"https:\/\/maderacat.cat\/?product=betonove-obklady-grenada-4-volcanic","name":"Revestimiento GRENADA 4 \u2013 volcanic - Madera","isPartOf":{"@id":"https:\/\/maderacat.cat\/#website"},"datePublished":"2016-10-09T08:20:49+00:00","dateModified":"2016-11-25T19:02:03+00:00","breadcrumb":{"@id":"https:\/\/maderacat.cat\/?product=betonove-obklady-grenada-4-volcanic#breadcrumb"},"inLanguage":"en-US","potentialAction":[{"@type":"ReadAction","target":["https:\/\/maderacat.cat\/?product=betonove-obklady-grenada-4-volcanic"]}]},{"@type":"BreadcrumbList","@id":"https:\/\/maderacat.cat\/?product=betonove-obklady-grenada-4-volcanic#breadcrumb","itemListElement":[{"@type":"ListItem","position":1,"name":"Dom\u016f","item":"https:\/\/maderacat.cat\/"},{"@type":"ListItem","position":2,"name":"Obchod","item":"https:\/\/maderacat.cat\/?page_id=270"},{"@type":"ListItem","position":3,"name":"Revestimiento GRENADA 4 \u2013 volcanic"}]},{"@type":"WebSite","@id":"https:\/\/maderacat.cat\/#website","url":"https:\/\/maderacat.cat\/","name":"Madera","description":"Bienvenido a la p\u00e1gina web","potentialAction":[{"@type":"SearchAction","target":{"@type":"EntryPoint","urlTemplate":"https:\/\/maderacat.cat\/?s={search_term_string}"},"query-input":"required name=search_term_string"}],"inLanguage":"en-US"}]}},"_links":{"self":[{"href":"https:\/\/maderacat.cat\/index.php?rest_route=\/wp\/v2\/product\/4828"}],"collection":[{"href":"https:\/\/maderacat.cat\/index.php?rest_route=\/wp\/v2\/product"}],"about":[{"href":"https:\/\/maderacat.cat\/index.php?rest_route=\/wp\/v2\/types\/product"}],"replies":[{"embeddable":true,"href":"https:\/\/maderacat.cat\/index.php?rest_route=%2Fwp%2Fv2%2Fcomments&post=4828"}],"wp:featuredmedia":[{"embeddable":true,"href":"https:\/\/maderacat.cat\/index.php?rest_route=\/wp\/v2\/media\/4829"}],"wp:attachment":[{"href":"https:\/\/maderacat.cat\/index.php?rest_route=%2Fwp%2Fv2%2Fmedia&parent=4828"}],"wp:term":[{"taxonomy":"product_cat","embeddable":true,"href":"https:\/\/maderacat.cat\/index.php?rest_route=%2Fwp%2Fv2%2Fproduct_cat&post=4828"},{"taxonomy":"product_tag","embeddable":true,"href":"https:\/\/maderacat.cat\/index.php?rest_route=%2Fwp%2Fv2%2Fproduct_tag&post=4828"}],"curies":[{"name":"wp","href":"https:\/\/api.w.org\/{rel}","templated":true}]}}