{"id":4766,"date":"2016-10-09T08:19:35","date_gmt":"2016-10-09T08:19:35","guid":{"rendered":"http:\/\/maderacat.cat\/produkt\/betonove-obklady-grenada-2-frost\/"},"modified":"2016-11-25T19:03:07","modified_gmt":"2016-11-25T19:03:07","slug":"betonove-obklady-grenada-2-frost","status":"publish","type":"product","link":"https:\/\/maderacat.cat\/?product=betonove-obklady-grenada-2-frost","title":{"rendered":"Revestimiento GRENADA 2 \u2013 frost"},"content":{"rendered":"<p>La piedra decorativa Grenada 2 \u2013 frost,\u00a0 es una de las novedades del fabricante STEGU. Es una muestra del reflejo de la diversidad natural de los \u00a0materiales de construcci\u00f3n \u2013 piedra natural que nunca pasan de moda. Se inspira en el campo andaluz que recuerda a la encantadora ciudad del sur de Espa\u00f1a. Se fabrican en dos colores. Debido a su estructura \u00fanica, de car\u00e1cter universal y colores sofisticados, el modelo de recubrimiento Grenada 2 \u2013 frost\u00a0es el complemento perfecto para cualquier pared de interior moderna.<\/p>\n","protected":false},"excerpt":{"rendered":"<p>La piedra decorativa Grenada 2 \u2013 frost,\u00a0 es una de las novedades del fabricante STEGU. Es una muestra del reflejo de la diversidad natural de los \u00a0materiales de construcci\u00f3n \u2013 piedra natural que nunca pasan de moda. Se inspira en el campo andaluz que recuerda a la encantadora ciudad del sur de Espa\u00f1a. Se fabrican<\/p>\n","protected":false},"featured_media":4767,"comment_status":"closed","ping_status":"closed","template":"","meta":[],"product_cat":[35],"product_tag":[],"yoast_head":"<!-- This site is optimized with the Yoast SEO plugin v20.12 - https:\/\/yoast.com\/wordpress\/plugins\/seo\/ -->\n<title>Revestimiento GRENADA 2 \u2013 frost - Madera<\/title>\n<meta name=\"robots\" content=\"index, follow, max-snippet:-1, max-image-preview:large, max-video-preview:-1\" \/>\n<link rel=\"canonical\" href=\"https:\/\/maderacat.cat\/?product=betonove-obklady-grenada-2-frost\" \/>\n<meta property=\"og:locale\" content=\"en_US\" \/>\n<meta property=\"og:type\" content=\"article\" \/>\n<meta property=\"og:title\" content=\"Revestimiento GRENADA 2 \u2013 frost - Madera\" \/>\n<meta property=\"og:description\" content=\"La piedra decorativa Grenada 2 \u2013 frost,\u00a0 es una de las novedades del fabricante STEGU. Es una muestra del reflejo de la diversidad natural de los \u00a0materiales de construcci\u00f3n \u2013 piedra natural que nunca pasan de moda. Se inspira en el campo andaluz que recuerda a la encantadora ciudad del sur de Espa\u00f1a. Se fabrican\" \/>\n<meta property=\"og:url\" content=\"https:\/\/maderacat.cat\/?product=betonove-obklady-grenada-2-frost\" \/>\n<meta property=\"og:site_name\" content=\"Madera\" \/>\n<meta property=\"article:modified_time\" content=\"2016-11-25T19:03:07+00:00\" \/>\n<meta property=\"og:image\" content=\"https:\/\/maderacat.cat\/wp-content\/uploads\/2016\/10\/321.jpeg\" \/>\n\t<meta property=\"og:image:width\" content=\"1280\" \/>\n\t<meta property=\"og:image:height\" content=\"720\" \/>\n\t<meta property=\"og:image:type\" content=\"image\/jpeg\" \/>\n<meta name=\"twitter:card\" content=\"summary_large_image\" \/>\n<script type=\"application\/ld+json\" class=\"yoast-schema-graph\">{\"@context\":\"https:\/\/schema.org\",\"@graph\":[{\"@type\":\"WebPage\",\"@id\":\"https:\/\/maderacat.cat\/?product=betonove-obklady-grenada-2-frost\",\"url\":\"https:\/\/maderacat.cat\/?product=betonove-obklady-grenada-2-frost\",\"name\":\"Revestimiento GRENADA 2 \u2013 frost - Madera\",\"isPartOf\":{\"@id\":\"https:\/\/maderacat.cat\/#website\"},\"datePublished\":\"2016-10-09T08:19:35+00:00\",\"dateModified\":\"2016-11-25T19:03:07+00:00\",\"breadcrumb\":{\"@id\":\"https:\/\/maderacat.cat\/?product=betonove-obklady-grenada-2-frost#breadcrumb\"},\"inLanguage\":\"en-US\",\"potentialAction\":[{\"@type\":\"ReadAction\",\"target\":[\"https:\/\/maderacat.cat\/?product=betonove-obklady-grenada-2-frost\"]}]},{\"@type\":\"BreadcrumbList\",\"@id\":\"https:\/\/maderacat.cat\/?product=betonove-obklady-grenada-2-frost#breadcrumb\",\"itemListElement\":[{\"@type\":\"ListItem\",\"position\":1,\"name\":\"Dom\u016f\",\"item\":\"https:\/\/maderacat.cat\/\"},{\"@type\":\"ListItem\",\"position\":2,\"name\":\"Obchod\",\"item\":\"https:\/\/maderacat.cat\/?page_id=270\"},{\"@type\":\"ListItem\",\"position\":3,\"name\":\"Revestimiento GRENADA 2 \u2013 frost\"}]},{\"@type\":\"WebSite\",\"@id\":\"https:\/\/maderacat.cat\/#website\",\"url\":\"https:\/\/maderacat.cat\/\",\"name\":\"Madera\",\"description\":\"Bienvenido a la p\u00e1gina web\",\"potentialAction\":[{\"@type\":\"SearchAction\",\"target\":{\"@type\":\"EntryPoint\",\"urlTemplate\":\"https:\/\/maderacat.cat\/?s={search_term_string}\"},\"query-input\":\"required name=search_term_string\"}],\"inLanguage\":\"en-US\"}]}<\/script>\n<!-- \/ Yoast SEO plugin. -->","yoast_head_json":{"title":"Revestimiento GRENADA 2 \u2013 frost - Madera","robots":{"index":"index","follow":"follow","max-snippet":"max-snippet:-1","max-image-preview":"max-image-preview:large","max-video-preview":"max-video-preview:-1"},"canonical":"https:\/\/maderacat.cat\/?product=betonove-obklady-grenada-2-frost","og_locale":"en_US","og_type":"article","og_title":"Revestimiento GRENADA 2 \u2013 frost - Madera","og_description":"La piedra decorativa Grenada 2 \u2013 frost,\u00a0 es una de las novedades del fabricante STEGU. Es una muestra del reflejo de la diversidad natural de los \u00a0materiales de construcci\u00f3n \u2013 piedra natural que nunca pasan de moda. Se inspira en el campo andaluz que recuerda a la encantadora ciudad del sur de Espa\u00f1a. Se fabrican","og_url":"https:\/\/maderacat.cat\/?product=betonove-obklady-grenada-2-frost","og_site_name":"Madera","article_modified_time":"2016-11-25T19:03:07+00:00","og_image":[{"width":1280,"height":720,"url":"https:\/\/maderacat.cat\/wp-content\/uploads\/2016\/10\/321.jpeg","type":"image\/jpeg"}],"twitter_card":"summary_large_image","schema":{"@context":"https:\/\/schema.org","@graph":[{"@type":"WebPage","@id":"https:\/\/maderacat.cat\/?product=betonove-obklady-grenada-2-frost","url":"https:\/\/maderacat.cat\/?product=betonove-obklady-grenada-2-frost","name":"Revestimiento GRENADA 2 \u2013 frost - Madera","isPartOf":{"@id":"https:\/\/maderacat.cat\/#website"},"datePublished":"2016-10-09T08:19:35+00:00","dateModified":"2016-11-25T19:03:07+00:00","breadcrumb":{"@id":"https:\/\/maderacat.cat\/?product=betonove-obklady-grenada-2-frost#breadcrumb"},"inLanguage":"en-US","potentialAction":[{"@type":"ReadAction","target":["https:\/\/maderacat.cat\/?product=betonove-obklady-grenada-2-frost"]}]},{"@type":"BreadcrumbList","@id":"https:\/\/maderacat.cat\/?product=betonove-obklady-grenada-2-frost#breadcrumb","itemListElement":[{"@type":"ListItem","position":1,"name":"Dom\u016f","item":"https:\/\/maderacat.cat\/"},{"@type":"ListItem","position":2,"name":"Obchod","item":"https:\/\/maderacat.cat\/?page_id=270"},{"@type":"ListItem","position":3,"name":"Revestimiento GRENADA 2 \u2013 frost"}]},{"@type":"WebSite","@id":"https:\/\/maderacat.cat\/#website","url":"https:\/\/maderacat.cat\/","name":"Madera","description":"Bienvenido a la p\u00e1gina web","potentialAction":[{"@type":"SearchAction","target":{"@type":"EntryPoint","urlTemplate":"https:\/\/maderacat.cat\/?s={search_term_string}"},"query-input":"required name=search_term_string"}],"inLanguage":"en-US"}]}},"_links":{"self":[{"href":"https:\/\/maderacat.cat\/index.php?rest_route=\/wp\/v2\/product\/4766"}],"collection":[{"href":"https:\/\/maderacat.cat\/index.php?rest_route=\/wp\/v2\/product"}],"about":[{"href":"https:\/\/maderacat.cat\/index.php?rest_route=\/wp\/v2\/types\/product"}],"replies":[{"embeddable":true,"href":"https:\/\/maderacat.cat\/index.php?rest_route=%2Fwp%2Fv2%2Fcomments&post=4766"}],"wp:featuredmedia":[{"embeddable":true,"href":"https:\/\/maderacat.cat\/index.php?rest_route=\/wp\/v2\/media\/4767"}],"wp:attachment":[{"href":"https:\/\/maderacat.cat\/index.php?rest_route=%2Fwp%2Fv2%2Fmedia&parent=4766"}],"wp:term":[{"taxonomy":"product_cat","embeddable":true,"href":"https:\/\/maderacat.cat\/index.php?rest_route=%2Fwp%2Fv2%2Fproduct_cat&post=4766"},{"taxonomy":"product_tag","embeddable":true,"href":"https:\/\/maderacat.cat\/index.php?rest_route=%2Fwp%2Fv2%2Fproduct_tag&post=4766"}],"curies":[{"name":"wp","href":"https:\/\/api.w.org\/{rel}","templated":true}]}}