{"id":4672,"date":"2016-10-09T08:12:26","date_gmt":"2016-10-09T08:12:26","guid":{"rendered":"http:\/\/maderacat.cat\/produkt\/postel-180x200cm-2\/"},"modified":"2016-10-09T08:12:26","modified_gmt":"2016-10-09T08:12:26","slug":"postel-180x200cm-2","status":"publish","type":"product","link":"https:\/\/maderacat.cat\/?product=postel-180x200cm-2","title":{"rendered":"Postel 180x200cm"},"content":{"rendered":"<p>Postel dvojl\u016f\u017eko B087<br \/>\nProveden\u00ed: masiv borovice s povrchovou \u00fapravou lak natur, tlou\u0161\u0165ka korpusu a \u010deln\u00edch ploch 25mm<br \/>\nCena je v\u010detn\u011b la\u0165kov\u00fdch ro\u0161t\u016f bez matrace.<br \/>\nRozm\u011bry: v\u00fd\u0161ka: 70\/35\/53cm, \u0161\u00ed\u0159ka: 187cm, d\u00e9lka: 207cm<br \/>\nNosnost: 2x120kg, pro rozm\u011br matrac\u00ed 90x200cm<\/p>\n","protected":false},"excerpt":{"rendered":"<p>Postel dvojl\u016f\u017eko B087 Proveden\u00ed: masiv borovice s povrchovou \u00fapravou lak natur, tlou\u0161\u0165ka korpusu a \u010deln\u00edch ploch 25mm Cena je v\u010detn\u011b la\u0165kov\u00fdch ro\u0161t\u016f bez matrace. Rozm\u011bry: v\u00fd\u0161ka: 70\/35\/53cm, \u0161\u00ed\u0159ka: 187cm, d\u00e9lka: 207cm Nosnost: 2x120kg, pro rozm\u011br matrac\u00ed 90x200cm<\/p>\n","protected":false},"featured_media":4673,"comment_status":"closed","ping_status":"closed","template":"","meta":[],"product_cat":[12],"product_tag":[],"yoast_head":"<!-- This site is optimized with the Yoast SEO plugin v20.12 - https:\/\/yoast.com\/wordpress\/plugins\/seo\/ -->\n<title>Postel 180x200cm - Madera<\/title>\n<meta name=\"robots\" content=\"index, follow, max-snippet:-1, max-image-preview:large, max-video-preview:-1\" \/>\n<link rel=\"canonical\" href=\"https:\/\/maderacat.cat\/?product=postel-180x200cm-2\" \/>\n<meta property=\"og:locale\" content=\"en_US\" \/>\n<meta property=\"og:type\" content=\"article\" \/>\n<meta property=\"og:title\" content=\"Postel 180x200cm - Madera\" \/>\n<meta property=\"og:description\" content=\"Postel dvojl\u016f\u017eko B087 Proveden\u00ed: masiv borovice s povrchovou \u00fapravou lak natur, tlou\u0161\u0165ka korpusu a \u010deln\u00edch ploch 25mm Cena je v\u010detn\u011b la\u0165kov\u00fdch ro\u0161t\u016f bez matrace. Rozm\u011bry: v\u00fd\u0161ka: 70\/35\/53cm, \u0161\u00ed\u0159ka: 187cm, d\u00e9lka: 207cm Nosnost: 2x120kg, pro rozm\u011br matrac\u00ed 90x200cm\" \/>\n<meta property=\"og:url\" content=\"https:\/\/maderacat.cat\/?product=postel-180x200cm-2\" \/>\n<meta property=\"og:site_name\" content=\"Madera\" \/>\n<meta property=\"og:image\" content=\"https:\/\/maderacat.cat\/wp-content\/uploads\/2016\/10\/1158-23918.jpg\" \/>\n\t<meta property=\"og:image:width\" content=\"900\" \/>\n\t<meta property=\"og:image:height\" content=\"600\" \/>\n\t<meta property=\"og:image:type\" content=\"image\/jpeg\" \/>\n<meta name=\"twitter:card\" content=\"summary_large_image\" \/>\n<script type=\"application\/ld+json\" class=\"yoast-schema-graph\">{\"@context\":\"https:\/\/schema.org\",\"@graph\":[{\"@type\":\"WebPage\",\"@id\":\"https:\/\/maderacat.cat\/?product=postel-180x200cm-2\",\"url\":\"https:\/\/maderacat.cat\/?product=postel-180x200cm-2\",\"name\":\"Postel 180x200cm - Madera\",\"isPartOf\":{\"@id\":\"https:\/\/maderacat.cat\/#website\"},\"datePublished\":\"2016-10-09T08:12:26+00:00\",\"dateModified\":\"2016-10-09T08:12:26+00:00\",\"breadcrumb\":{\"@id\":\"https:\/\/maderacat.cat\/?product=postel-180x200cm-2#breadcrumb\"},\"inLanguage\":\"en-US\",\"potentialAction\":[{\"@type\":\"ReadAction\",\"target\":[\"https:\/\/maderacat.cat\/?product=postel-180x200cm-2\"]}]},{\"@type\":\"BreadcrumbList\",\"@id\":\"https:\/\/maderacat.cat\/?product=postel-180x200cm-2#breadcrumb\",\"itemListElement\":[{\"@type\":\"ListItem\",\"position\":1,\"name\":\"Dom\u016f\",\"item\":\"https:\/\/maderacat.cat\/\"},{\"@type\":\"ListItem\",\"position\":2,\"name\":\"Obchod\",\"item\":\"https:\/\/maderacat.cat\/?page_id=270\"},{\"@type\":\"ListItem\",\"position\":3,\"name\":\"Postel 180x200cm\"}]},{\"@type\":\"WebSite\",\"@id\":\"https:\/\/maderacat.cat\/#website\",\"url\":\"https:\/\/maderacat.cat\/\",\"name\":\"Madera\",\"description\":\"Bienvenido a la p\u00e1gina web\",\"potentialAction\":[{\"@type\":\"SearchAction\",\"target\":{\"@type\":\"EntryPoint\",\"urlTemplate\":\"https:\/\/maderacat.cat\/?s={search_term_string}\"},\"query-input\":\"required name=search_term_string\"}],\"inLanguage\":\"en-US\"}]}<\/script>\n<!-- \/ Yoast SEO plugin. -->","yoast_head_json":{"title":"Postel 180x200cm - Madera","robots":{"index":"index","follow":"follow","max-snippet":"max-snippet:-1","max-image-preview":"max-image-preview:large","max-video-preview":"max-video-preview:-1"},"canonical":"https:\/\/maderacat.cat\/?product=postel-180x200cm-2","og_locale":"en_US","og_type":"article","og_title":"Postel 180x200cm - Madera","og_description":"Postel dvojl\u016f\u017eko B087 Proveden\u00ed: masiv borovice s povrchovou \u00fapravou lak natur, tlou\u0161\u0165ka korpusu a \u010deln\u00edch ploch 25mm Cena je v\u010detn\u011b la\u0165kov\u00fdch ro\u0161t\u016f bez matrace. Rozm\u011bry: v\u00fd\u0161ka: 70\/35\/53cm, \u0161\u00ed\u0159ka: 187cm, d\u00e9lka: 207cm Nosnost: 2x120kg, pro rozm\u011br matrac\u00ed 90x200cm","og_url":"https:\/\/maderacat.cat\/?product=postel-180x200cm-2","og_site_name":"Madera","og_image":[{"width":900,"height":600,"url":"https:\/\/maderacat.cat\/wp-content\/uploads\/2016\/10\/1158-23918.jpg","type":"image\/jpeg"}],"twitter_card":"summary_large_image","schema":{"@context":"https:\/\/schema.org","@graph":[{"@type":"WebPage","@id":"https:\/\/maderacat.cat\/?product=postel-180x200cm-2","url":"https:\/\/maderacat.cat\/?product=postel-180x200cm-2","name":"Postel 180x200cm - Madera","isPartOf":{"@id":"https:\/\/maderacat.cat\/#website"},"datePublished":"2016-10-09T08:12:26+00:00","dateModified":"2016-10-09T08:12:26+00:00","breadcrumb":{"@id":"https:\/\/maderacat.cat\/?product=postel-180x200cm-2#breadcrumb"},"inLanguage":"en-US","potentialAction":[{"@type":"ReadAction","target":["https:\/\/maderacat.cat\/?product=postel-180x200cm-2"]}]},{"@type":"BreadcrumbList","@id":"https:\/\/maderacat.cat\/?product=postel-180x200cm-2#breadcrumb","itemListElement":[{"@type":"ListItem","position":1,"name":"Dom\u016f","item":"https:\/\/maderacat.cat\/"},{"@type":"ListItem","position":2,"name":"Obchod","item":"https:\/\/maderacat.cat\/?page_id=270"},{"@type":"ListItem","position":3,"name":"Postel 180x200cm"}]},{"@type":"WebSite","@id":"https:\/\/maderacat.cat\/#website","url":"https:\/\/maderacat.cat\/","name":"Madera","description":"Bienvenido a la p\u00e1gina web","potentialAction":[{"@type":"SearchAction","target":{"@type":"EntryPoint","urlTemplate":"https:\/\/maderacat.cat\/?s={search_term_string}"},"query-input":"required name=search_term_string"}],"inLanguage":"en-US"}]}},"_links":{"self":[{"href":"https:\/\/maderacat.cat\/index.php?rest_route=\/wp\/v2\/product\/4672"}],"collection":[{"href":"https:\/\/maderacat.cat\/index.php?rest_route=\/wp\/v2\/product"}],"about":[{"href":"https:\/\/maderacat.cat\/index.php?rest_route=\/wp\/v2\/types\/product"}],"replies":[{"embeddable":true,"href":"https:\/\/maderacat.cat\/index.php?rest_route=%2Fwp%2Fv2%2Fcomments&post=4672"}],"wp:featuredmedia":[{"embeddable":true,"href":"https:\/\/maderacat.cat\/index.php?rest_route=\/wp\/v2\/media\/4673"}],"wp:attachment":[{"href":"https:\/\/maderacat.cat\/index.php?rest_route=%2Fwp%2Fv2%2Fmedia&parent=4672"}],"wp:term":[{"taxonomy":"product_cat","embeddable":true,"href":"https:\/\/maderacat.cat\/index.php?rest_route=%2Fwp%2Fv2%2Fproduct_cat&post=4672"},{"taxonomy":"product_tag","embeddable":true,"href":"https:\/\/maderacat.cat\/index.php?rest_route=%2Fwp%2Fv2%2Fproduct_tag&post=4672"}],"curies":[{"name":"wp","href":"https:\/\/api.w.org\/{rel}","templated":true}]}}