{"id":4343,"date":"2016-10-09T08:09:50","date_gmt":"2016-10-09T08:09:50","guid":{"rendered":"http:\/\/maderacat.cat\/produkt\/jid-stul-oval-sklomasiv-gustav\/"},"modified":"2016-10-09T08:09:50","modified_gmt":"2016-10-09T08:09:50","slug":"jid-stul-oval-sklomasiv-gustav","status":"publish","type":"product","link":"https:\/\/maderacat.cat\/?product=jid-stul-oval-sklomasiv-gustav","title":{"rendered":"J\u00edd. st\u016fl ov\u00e1l, sklo+masiv GUSTAV"},"content":{"rendered":"<p>J\u00eddeln\u00ed st\u016fl S83<br \/>\nMateri\u00e1l: b\u0159\u00edza s mo\u0159en\u00edm ol\u0161e tmav\u00e1, tlou\u0161\u0165ka stoln\u00ed desky 1cm.<\/p>\n","protected":false},"excerpt":{"rendered":"<p>J\u00eddeln\u00ed st\u016fl S83 Materi\u00e1l: b\u0159\u00edza s mo\u0159en\u00edm ol\u0161e tmav\u00e1, tlou\u0161\u0165ka stoln\u00ed desky 1cm.<\/p>\n","protected":false},"featured_media":4344,"comment_status":"closed","ping_status":"closed","template":"","meta":[],"product_cat":[20],"product_tag":[],"yoast_head":"<!-- This site is optimized with the Yoast SEO plugin v20.12 - https:\/\/yoast.com\/wordpress\/plugins\/seo\/ -->\n<title>J\u00edd. st\u016fl ov\u00e1l, sklo+masiv GUSTAV - Madera<\/title>\n<meta name=\"robots\" content=\"index, follow, max-snippet:-1, max-image-preview:large, max-video-preview:-1\" \/>\n<link rel=\"canonical\" href=\"https:\/\/maderacat.cat\/?product=jid-stul-oval-sklomasiv-gustav\" \/>\n<meta property=\"og:locale\" content=\"en_US\" \/>\n<meta property=\"og:type\" content=\"article\" \/>\n<meta property=\"og:title\" content=\"J\u00edd. st\u016fl ov\u00e1l, sklo+masiv GUSTAV - Madera\" \/>\n<meta property=\"og:description\" content=\"J\u00eddeln\u00ed st\u016fl S83 Materi\u00e1l: b\u0159\u00edza s mo\u0159en\u00edm ol\u0161e tmav\u00e1, tlou\u0161\u0165ka stoln\u00ed desky 1cm.\" \/>\n<meta property=\"og:url\" content=\"https:\/\/maderacat.cat\/?product=jid-stul-oval-sklomasiv-gustav\" \/>\n<meta property=\"og:site_name\" content=\"Madera\" \/>\n<meta property=\"og:image\" content=\"https:\/\/maderacat.cat\/wp-content\/uploads\/2016\/10\/1717-10588.jpg\" \/>\n\t<meta property=\"og:image:width\" content=\"900\" \/>\n\t<meta property=\"og:image:height\" content=\"600\" \/>\n\t<meta property=\"og:image:type\" content=\"image\/jpeg\" \/>\n<meta name=\"twitter:card\" content=\"summary_large_image\" \/>\n<script type=\"application\/ld+json\" class=\"yoast-schema-graph\">{\"@context\":\"https:\/\/schema.org\",\"@graph\":[{\"@type\":\"WebPage\",\"@id\":\"https:\/\/maderacat.cat\/?product=jid-stul-oval-sklomasiv-gustav\",\"url\":\"https:\/\/maderacat.cat\/?product=jid-stul-oval-sklomasiv-gustav\",\"name\":\"J\u00edd. st\u016fl ov\u00e1l, sklo+masiv GUSTAV - Madera\",\"isPartOf\":{\"@id\":\"https:\/\/maderacat.cat\/#website\"},\"datePublished\":\"2016-10-09T08:09:50+00:00\",\"dateModified\":\"2016-10-09T08:09:50+00:00\",\"breadcrumb\":{\"@id\":\"https:\/\/maderacat.cat\/?product=jid-stul-oval-sklomasiv-gustav#breadcrumb\"},\"inLanguage\":\"en-US\",\"potentialAction\":[{\"@type\":\"ReadAction\",\"target\":[\"https:\/\/maderacat.cat\/?product=jid-stul-oval-sklomasiv-gustav\"]}]},{\"@type\":\"BreadcrumbList\",\"@id\":\"https:\/\/maderacat.cat\/?product=jid-stul-oval-sklomasiv-gustav#breadcrumb\",\"itemListElement\":[{\"@type\":\"ListItem\",\"position\":1,\"name\":\"Dom\u016f\",\"item\":\"https:\/\/maderacat.cat\/\"},{\"@type\":\"ListItem\",\"position\":2,\"name\":\"Obchod\",\"item\":\"https:\/\/maderacat.cat\/?page_id=270\"},{\"@type\":\"ListItem\",\"position\":3,\"name\":\"J\u00edd. st\u016fl ov\u00e1l, sklo+masiv GUSTAV\"}]},{\"@type\":\"WebSite\",\"@id\":\"https:\/\/maderacat.cat\/#website\",\"url\":\"https:\/\/maderacat.cat\/\",\"name\":\"Madera\",\"description\":\"Bienvenido a la p\u00e1gina web\",\"potentialAction\":[{\"@type\":\"SearchAction\",\"target\":{\"@type\":\"EntryPoint\",\"urlTemplate\":\"https:\/\/maderacat.cat\/?s={search_term_string}\"},\"query-input\":\"required name=search_term_string\"}],\"inLanguage\":\"en-US\"}]}<\/script>\n<!-- \/ Yoast SEO plugin. -->","yoast_head_json":{"title":"J\u00edd. st\u016fl ov\u00e1l, sklo+masiv GUSTAV - Madera","robots":{"index":"index","follow":"follow","max-snippet":"max-snippet:-1","max-image-preview":"max-image-preview:large","max-video-preview":"max-video-preview:-1"},"canonical":"https:\/\/maderacat.cat\/?product=jid-stul-oval-sklomasiv-gustav","og_locale":"en_US","og_type":"article","og_title":"J\u00edd. st\u016fl ov\u00e1l, sklo+masiv GUSTAV - Madera","og_description":"J\u00eddeln\u00ed st\u016fl S83 Materi\u00e1l: b\u0159\u00edza s mo\u0159en\u00edm ol\u0161e tmav\u00e1, tlou\u0161\u0165ka stoln\u00ed desky 1cm.","og_url":"https:\/\/maderacat.cat\/?product=jid-stul-oval-sklomasiv-gustav","og_site_name":"Madera","og_image":[{"width":900,"height":600,"url":"https:\/\/maderacat.cat\/wp-content\/uploads\/2016\/10\/1717-10588.jpg","type":"image\/jpeg"}],"twitter_card":"summary_large_image","schema":{"@context":"https:\/\/schema.org","@graph":[{"@type":"WebPage","@id":"https:\/\/maderacat.cat\/?product=jid-stul-oval-sklomasiv-gustav","url":"https:\/\/maderacat.cat\/?product=jid-stul-oval-sklomasiv-gustav","name":"J\u00edd. st\u016fl ov\u00e1l, sklo+masiv GUSTAV - Madera","isPartOf":{"@id":"https:\/\/maderacat.cat\/#website"},"datePublished":"2016-10-09T08:09:50+00:00","dateModified":"2016-10-09T08:09:50+00:00","breadcrumb":{"@id":"https:\/\/maderacat.cat\/?product=jid-stul-oval-sklomasiv-gustav#breadcrumb"},"inLanguage":"en-US","potentialAction":[{"@type":"ReadAction","target":["https:\/\/maderacat.cat\/?product=jid-stul-oval-sklomasiv-gustav"]}]},{"@type":"BreadcrumbList","@id":"https:\/\/maderacat.cat\/?product=jid-stul-oval-sklomasiv-gustav#breadcrumb","itemListElement":[{"@type":"ListItem","position":1,"name":"Dom\u016f","item":"https:\/\/maderacat.cat\/"},{"@type":"ListItem","position":2,"name":"Obchod","item":"https:\/\/maderacat.cat\/?page_id=270"},{"@type":"ListItem","position":3,"name":"J\u00edd. st\u016fl ov\u00e1l, sklo+masiv GUSTAV"}]},{"@type":"WebSite","@id":"https:\/\/maderacat.cat\/#website","url":"https:\/\/maderacat.cat\/","name":"Madera","description":"Bienvenido a la p\u00e1gina web","potentialAction":[{"@type":"SearchAction","target":{"@type":"EntryPoint","urlTemplate":"https:\/\/maderacat.cat\/?s={search_term_string}"},"query-input":"required name=search_term_string"}],"inLanguage":"en-US"}]}},"_links":{"self":[{"href":"https:\/\/maderacat.cat\/index.php?rest_route=\/wp\/v2\/product\/4343"}],"collection":[{"href":"https:\/\/maderacat.cat\/index.php?rest_route=\/wp\/v2\/product"}],"about":[{"href":"https:\/\/maderacat.cat\/index.php?rest_route=\/wp\/v2\/types\/product"}],"replies":[{"embeddable":true,"href":"https:\/\/maderacat.cat\/index.php?rest_route=%2Fwp%2Fv2%2Fcomments&post=4343"}],"wp:featuredmedia":[{"embeddable":true,"href":"https:\/\/maderacat.cat\/index.php?rest_route=\/wp\/v2\/media\/4344"}],"wp:attachment":[{"href":"https:\/\/maderacat.cat\/index.php?rest_route=%2Fwp%2Fv2%2Fmedia&parent=4343"}],"wp:term":[{"taxonomy":"product_cat","embeddable":true,"href":"https:\/\/maderacat.cat\/index.php?rest_route=%2Fwp%2Fv2%2Fproduct_cat&post=4343"},{"taxonomy":"product_tag","embeddable":true,"href":"https:\/\/maderacat.cat\/index.php?rest_route=%2Fwp%2Fv2%2Fproduct_tag&post=4343"}],"curies":[{"name":"wp","href":"https:\/\/api.w.org\/{rel}","templated":true}]}}