{"id":4205,"date":"2016-10-09T08:08:40","date_gmt":"2016-10-09T08:08:40","guid":{"rendered":"http:\/\/maderacat.cat\/produkt\/matrace-90x200x10cm\/"},"modified":"2016-10-09T08:08:40","modified_gmt":"2016-10-09T08:08:40","slug":"matrace-90x200x10cm","status":"publish","type":"product","link":"https:\/\/maderacat.cat\/?product=matrace-90x200x10cm","title":{"rendered":"Matrace 90x200x10cm\u00a0"},"content":{"rendered":"<p>Matrace je tvo\u0159ena 10cm polyuretanov\u00e9ho j\u00e1dra ECOCELL.<br \/>\nJe to materi\u00e1l antialergenn\u00ed a antibakteri\u00e1ln\u00ed.<br \/>\n\u00a0<br \/>\nJe vhodn\u00e1 pro osoby s hmotnost\u00ed do 80kg nebo pro p\u0159\u00edle\u017eitostn\u00e9 span\u00ed (chaty, chalupy).<br \/>\n\u00a0<br \/>\nPotah ALOE VERA &#8211; jedn\u00e1 se o funk\u010dn\u00ed potah, kter\u00fd odv\u00e1d\u00ed pot pry\u010d od t\u011bla.<br \/>\n\u00a0<br \/>\nSn\u00edmateln\u00fd potah, zip.<br \/>\n\u00a0<br \/>\nPokl\u00e1dejte na pevn\u00fd nebo na polohovateln\u00fd ro\u0161t.<\/p>\n","protected":false},"excerpt":{"rendered":"<p>Matrace je tvo\u0159ena 10cm polyuretanov\u00e9ho j\u00e1dra ECOCELL. Je to materi\u00e1l antialergenn\u00ed a antibakteri\u00e1ln\u00ed. \u00a0 Je vhodn\u00e1 pro osoby s hmotnost\u00ed do 80kg nebo pro p\u0159\u00edle\u017eitostn\u00e9 span\u00ed (chaty, chalupy). \u00a0 Potah ALOE VERA &#8211; jedn\u00e1 se o funk\u010dn\u00ed potah, kter\u00fd odv\u00e1d\u00ed pot pry\u010d od t\u011bla. \u00a0 Sn\u00edmateln\u00fd potah, zip. \u00a0 Pokl\u00e1dejte na pevn\u00fd nebo na polohovateln\u00fd<\/p>\n","protected":false},"featured_media":4206,"comment_status":"closed","ping_status":"closed","template":"","meta":[],"product_cat":[26],"product_tag":[],"yoast_head":"<!-- This site is optimized with the Yoast SEO plugin v20.12 - https:\/\/yoast.com\/wordpress\/plugins\/seo\/ -->\n<title>Matrace 90x200x10cm\u00a0 - Madera<\/title>\n<meta name=\"robots\" content=\"index, follow, max-snippet:-1, max-image-preview:large, max-video-preview:-1\" \/>\n<link rel=\"canonical\" href=\"https:\/\/maderacat.cat\/?product=matrace-90x200x10cm\" \/>\n<meta property=\"og:locale\" content=\"en_US\" \/>\n<meta property=\"og:type\" content=\"article\" \/>\n<meta property=\"og:title\" content=\"Matrace 90x200x10cm\u00a0 - Madera\" \/>\n<meta property=\"og:description\" content=\"Matrace je tvo\u0159ena 10cm polyuretanov\u00e9ho j\u00e1dra ECOCELL. Je to materi\u00e1l antialergenn\u00ed a antibakteri\u00e1ln\u00ed. \u00a0 Je vhodn\u00e1 pro osoby s hmotnost\u00ed do 80kg nebo pro p\u0159\u00edle\u017eitostn\u00e9 span\u00ed (chaty, chalupy). \u00a0 Potah ALOE VERA &#8211; jedn\u00e1 se o funk\u010dn\u00ed potah, kter\u00fd odv\u00e1d\u00ed pot pry\u010d od t\u011bla. \u00a0 Sn\u00edmateln\u00fd potah, zip. \u00a0 Pokl\u00e1dejte na pevn\u00fd nebo na polohovateln\u00fd\" \/>\n<meta property=\"og:url\" content=\"https:\/\/maderacat.cat\/?product=matrace-90x200x10cm\" \/>\n<meta property=\"og:site_name\" content=\"Madera\" \/>\n<meta property=\"og:image\" content=\"https:\/\/maderacat.cat\/wp-content\/uploads\/2016\/10\/1899-13386.jpg\" \/>\n\t<meta property=\"og:image:width\" content=\"900\" \/>\n\t<meta property=\"og:image:height\" content=\"600\" \/>\n\t<meta property=\"og:image:type\" content=\"image\/jpeg\" \/>\n<meta name=\"twitter:card\" content=\"summary_large_image\" \/>\n<script type=\"application\/ld+json\" class=\"yoast-schema-graph\">{\"@context\":\"https:\/\/schema.org\",\"@graph\":[{\"@type\":\"WebPage\",\"@id\":\"https:\/\/maderacat.cat\/?product=matrace-90x200x10cm\",\"url\":\"https:\/\/maderacat.cat\/?product=matrace-90x200x10cm\",\"name\":\"Matrace 90x200x10cm\u00a0 - Madera\",\"isPartOf\":{\"@id\":\"https:\/\/maderacat.cat\/#website\"},\"datePublished\":\"2016-10-09T08:08:40+00:00\",\"dateModified\":\"2016-10-09T08:08:40+00:00\",\"breadcrumb\":{\"@id\":\"https:\/\/maderacat.cat\/?product=matrace-90x200x10cm#breadcrumb\"},\"inLanguage\":\"en-US\",\"potentialAction\":[{\"@type\":\"ReadAction\",\"target\":[\"https:\/\/maderacat.cat\/?product=matrace-90x200x10cm\"]}]},{\"@type\":\"BreadcrumbList\",\"@id\":\"https:\/\/maderacat.cat\/?product=matrace-90x200x10cm#breadcrumb\",\"itemListElement\":[{\"@type\":\"ListItem\",\"position\":1,\"name\":\"Dom\u016f\",\"item\":\"https:\/\/maderacat.cat\/\"},{\"@type\":\"ListItem\",\"position\":2,\"name\":\"Obchod\",\"item\":\"https:\/\/maderacat.cat\/?page_id=270\"},{\"@type\":\"ListItem\",\"position\":3,\"name\":\"Matrace 90x200x10cm\u00a0\"}]},{\"@type\":\"WebSite\",\"@id\":\"https:\/\/maderacat.cat\/#website\",\"url\":\"https:\/\/maderacat.cat\/\",\"name\":\"Madera\",\"description\":\"Bienvenido a la p\u00e1gina web\",\"potentialAction\":[{\"@type\":\"SearchAction\",\"target\":{\"@type\":\"EntryPoint\",\"urlTemplate\":\"https:\/\/maderacat.cat\/?s={search_term_string}\"},\"query-input\":\"required name=search_term_string\"}],\"inLanguage\":\"en-US\"}]}<\/script>\n<!-- \/ Yoast SEO plugin. -->","yoast_head_json":{"title":"Matrace 90x200x10cm\u00a0 - Madera","robots":{"index":"index","follow":"follow","max-snippet":"max-snippet:-1","max-image-preview":"max-image-preview:large","max-video-preview":"max-video-preview:-1"},"canonical":"https:\/\/maderacat.cat\/?product=matrace-90x200x10cm","og_locale":"en_US","og_type":"article","og_title":"Matrace 90x200x10cm\u00a0 - Madera","og_description":"Matrace je tvo\u0159ena 10cm polyuretanov\u00e9ho j\u00e1dra ECOCELL. Je to materi\u00e1l antialergenn\u00ed a antibakteri\u00e1ln\u00ed. \u00a0 Je vhodn\u00e1 pro osoby s hmotnost\u00ed do 80kg nebo pro p\u0159\u00edle\u017eitostn\u00e9 span\u00ed (chaty, chalupy). \u00a0 Potah ALOE VERA &#8211; jedn\u00e1 se o funk\u010dn\u00ed potah, kter\u00fd odv\u00e1d\u00ed pot pry\u010d od t\u011bla. \u00a0 Sn\u00edmateln\u00fd potah, zip. \u00a0 Pokl\u00e1dejte na pevn\u00fd nebo na polohovateln\u00fd","og_url":"https:\/\/maderacat.cat\/?product=matrace-90x200x10cm","og_site_name":"Madera","og_image":[{"width":900,"height":600,"url":"https:\/\/maderacat.cat\/wp-content\/uploads\/2016\/10\/1899-13386.jpg","type":"image\/jpeg"}],"twitter_card":"summary_large_image","schema":{"@context":"https:\/\/schema.org","@graph":[{"@type":"WebPage","@id":"https:\/\/maderacat.cat\/?product=matrace-90x200x10cm","url":"https:\/\/maderacat.cat\/?product=matrace-90x200x10cm","name":"Matrace 90x200x10cm\u00a0 - Madera","isPartOf":{"@id":"https:\/\/maderacat.cat\/#website"},"datePublished":"2016-10-09T08:08:40+00:00","dateModified":"2016-10-09T08:08:40+00:00","breadcrumb":{"@id":"https:\/\/maderacat.cat\/?product=matrace-90x200x10cm#breadcrumb"},"inLanguage":"en-US","potentialAction":[{"@type":"ReadAction","target":["https:\/\/maderacat.cat\/?product=matrace-90x200x10cm"]}]},{"@type":"BreadcrumbList","@id":"https:\/\/maderacat.cat\/?product=matrace-90x200x10cm#breadcrumb","itemListElement":[{"@type":"ListItem","position":1,"name":"Dom\u016f","item":"https:\/\/maderacat.cat\/"},{"@type":"ListItem","position":2,"name":"Obchod","item":"https:\/\/maderacat.cat\/?page_id=270"},{"@type":"ListItem","position":3,"name":"Matrace 90x200x10cm\u00a0"}]},{"@type":"WebSite","@id":"https:\/\/maderacat.cat\/#website","url":"https:\/\/maderacat.cat\/","name":"Madera","description":"Bienvenido a la p\u00e1gina web","potentialAction":[{"@type":"SearchAction","target":{"@type":"EntryPoint","urlTemplate":"https:\/\/maderacat.cat\/?s={search_term_string}"},"query-input":"required name=search_term_string"}],"inLanguage":"en-US"}]}},"_links":{"self":[{"href":"https:\/\/maderacat.cat\/index.php?rest_route=\/wp\/v2\/product\/4205"}],"collection":[{"href":"https:\/\/maderacat.cat\/index.php?rest_route=\/wp\/v2\/product"}],"about":[{"href":"https:\/\/maderacat.cat\/index.php?rest_route=\/wp\/v2\/types\/product"}],"replies":[{"embeddable":true,"href":"https:\/\/maderacat.cat\/index.php?rest_route=%2Fwp%2Fv2%2Fcomments&post=4205"}],"wp:featuredmedia":[{"embeddable":true,"href":"https:\/\/maderacat.cat\/index.php?rest_route=\/wp\/v2\/media\/4206"}],"wp:attachment":[{"href":"https:\/\/maderacat.cat\/index.php?rest_route=%2Fwp%2Fv2%2Fmedia&parent=4205"}],"wp:term":[{"taxonomy":"product_cat","embeddable":true,"href":"https:\/\/maderacat.cat\/index.php?rest_route=%2Fwp%2Fv2%2Fproduct_cat&post=4205"},{"taxonomy":"product_tag","embeddable":true,"href":"https:\/\/maderacat.cat\/index.php?rest_route=%2Fwp%2Fv2%2Fproduct_tag&post=4205"}],"curies":[{"name":"wp","href":"https:\/\/api.w.org\/{rel}","templated":true}]}}