{"id":4201,"date":"2016-10-09T08:08:40","date_gmt":"2016-10-09T08:08:40","guid":{"rendered":"http:\/\/maderacat.cat\/produkt\/tvarovaci-polstar-lina-pena-pametova-2\/"},"modified":"2016-10-09T08:08:40","modified_gmt":"2016-10-09T08:08:40","slug":"tvarovaci-polstar-lina-pena-pametova-2","status":"publish","type":"product","link":"https:\/\/maderacat.cat\/?product=tvarovaci-polstar-lina-pena-pametova-2","title":{"rendered":"Tvarovac\u00ed pol\u0161t\u00e1\u0159 l\u00edn\u00e1 p\u011bna \/pam\u011b\u0165ov\u00e1\/"},"content":{"rendered":"<p>Viskoelastick\u00e1 pam\u011b\u0165ov\u00e1 p\u011bna se skl\u00e1d\u00e1 z mili\u00f3n\u016f otev\u0159en\u00fdch kuli\u010dkov\u00fdch bun\u011bk. Ty jsou navr\u017eeny tak, aby reagovaly na teplotu t\u011bla a tlakov\u00e9 body. P\u0159i tlaku bu\u0148ky zm\u011bn\u00ed formu, uprav\u00ed se podle obrys\u016f Va\u0161eho t\u011bla a dod\u00e1vaj\u00ed podporu tam, kde je to nejv\u00edc pot\u0159eba.<br \/>\nSn\u00edmateln\u00fd potah. Pr\u00e1t ru\u010dn\u011b na 40\u00b0C<br \/>\nRozm\u011bry: \u0161\u00ed\u0159ka:30cm, d\u00e9lka:50cm<\/p>\n","protected":false},"excerpt":{"rendered":"<p>Viskoelastick\u00e1 pam\u011b\u0165ov\u00e1 p\u011bna se skl\u00e1d\u00e1 z mili\u00f3n\u016f otev\u0159en\u00fdch kuli\u010dkov\u00fdch bun\u011bk. Ty jsou navr\u017eeny tak, aby reagovaly na teplotu t\u011bla a tlakov\u00e9 body. P\u0159i tlaku bu\u0148ky zm\u011bn\u00ed formu, uprav\u00ed se podle obrys\u016f Va\u0161eho t\u011bla a dod\u00e1vaj\u00ed podporu tam, kde je to nejv\u00edc pot\u0159eba. Sn\u00edmateln\u00fd potah. Pr\u00e1t ru\u010dn\u011b na 40\u00b0C Rozm\u011bry: \u0161\u00ed\u0159ka:30cm, d\u00e9lka:50cm<\/p>\n","protected":false},"featured_media":4202,"comment_status":"closed","ping_status":"closed","template":"","meta":[],"product_cat":[26],"product_tag":[],"yoast_head":"<!-- This site is optimized with the Yoast SEO plugin v20.12 - https:\/\/yoast.com\/wordpress\/plugins\/seo\/ -->\n<title>Tvarovac\u00ed pol\u0161t\u00e1\u0159 l\u00edn\u00e1 p\u011bna \/pam\u011b\u0165ov\u00e1\/ - Madera<\/title>\n<meta name=\"robots\" content=\"index, follow, max-snippet:-1, max-image-preview:large, max-video-preview:-1\" \/>\n<link rel=\"canonical\" href=\"https:\/\/maderacat.cat\/?product=tvarovaci-polstar-lina-pena-pametova-2\" \/>\n<meta property=\"og:locale\" content=\"en_US\" \/>\n<meta property=\"og:type\" content=\"article\" \/>\n<meta property=\"og:title\" content=\"Tvarovac\u00ed pol\u0161t\u00e1\u0159 l\u00edn\u00e1 p\u011bna \/pam\u011b\u0165ov\u00e1\/ - Madera\" \/>\n<meta property=\"og:description\" content=\"Viskoelastick\u00e1 pam\u011b\u0165ov\u00e1 p\u011bna se skl\u00e1d\u00e1 z mili\u00f3n\u016f otev\u0159en\u00fdch kuli\u010dkov\u00fdch bun\u011bk. Ty jsou navr\u017eeny tak, aby reagovaly na teplotu t\u011bla a tlakov\u00e9 body. P\u0159i tlaku bu\u0148ky zm\u011bn\u00ed formu, uprav\u00ed se podle obrys\u016f Va\u0161eho t\u011bla a dod\u00e1vaj\u00ed podporu tam, kde je to nejv\u00edc pot\u0159eba. Sn\u00edmateln\u00fd potah. Pr\u00e1t ru\u010dn\u011b na 40\u00b0C Rozm\u011bry: \u0161\u00ed\u0159ka:30cm, d\u00e9lka:50cm\" \/>\n<meta property=\"og:url\" content=\"https:\/\/maderacat.cat\/?product=tvarovaci-polstar-lina-pena-pametova-2\" \/>\n<meta property=\"og:site_name\" content=\"Madera\" \/>\n<meta property=\"og:image\" content=\"https:\/\/maderacat.cat\/wp-content\/uploads\/2016\/10\/1902-13347.jpg\" \/>\n\t<meta property=\"og:image:width\" content=\"900\" \/>\n\t<meta property=\"og:image:height\" content=\"600\" \/>\n\t<meta property=\"og:image:type\" content=\"image\/jpeg\" \/>\n<meta name=\"twitter:card\" content=\"summary_large_image\" \/>\n<script type=\"application\/ld+json\" class=\"yoast-schema-graph\">{\"@context\":\"https:\/\/schema.org\",\"@graph\":[{\"@type\":\"WebPage\",\"@id\":\"https:\/\/maderacat.cat\/?product=tvarovaci-polstar-lina-pena-pametova-2\",\"url\":\"https:\/\/maderacat.cat\/?product=tvarovaci-polstar-lina-pena-pametova-2\",\"name\":\"Tvarovac\u00ed pol\u0161t\u00e1\u0159 l\u00edn\u00e1 p\u011bna \/pam\u011b\u0165ov\u00e1\/ - Madera\",\"isPartOf\":{\"@id\":\"https:\/\/maderacat.cat\/#website\"},\"datePublished\":\"2016-10-09T08:08:40+00:00\",\"dateModified\":\"2016-10-09T08:08:40+00:00\",\"breadcrumb\":{\"@id\":\"https:\/\/maderacat.cat\/?product=tvarovaci-polstar-lina-pena-pametova-2#breadcrumb\"},\"inLanguage\":\"en-US\",\"potentialAction\":[{\"@type\":\"ReadAction\",\"target\":[\"https:\/\/maderacat.cat\/?product=tvarovaci-polstar-lina-pena-pametova-2\"]}]},{\"@type\":\"BreadcrumbList\",\"@id\":\"https:\/\/maderacat.cat\/?product=tvarovaci-polstar-lina-pena-pametova-2#breadcrumb\",\"itemListElement\":[{\"@type\":\"ListItem\",\"position\":1,\"name\":\"Dom\u016f\",\"item\":\"https:\/\/maderacat.cat\/\"},{\"@type\":\"ListItem\",\"position\":2,\"name\":\"Obchod\",\"item\":\"https:\/\/maderacat.cat\/?page_id=270\"},{\"@type\":\"ListItem\",\"position\":3,\"name\":\"Tvarovac\u00ed pol\u0161t\u00e1\u0159 l\u00edn\u00e1 p\u011bna \/pam\u011b\u0165ov\u00e1\/\"}]},{\"@type\":\"WebSite\",\"@id\":\"https:\/\/maderacat.cat\/#website\",\"url\":\"https:\/\/maderacat.cat\/\",\"name\":\"Madera\",\"description\":\"Bienvenido a la p\u00e1gina web\",\"potentialAction\":[{\"@type\":\"SearchAction\",\"target\":{\"@type\":\"EntryPoint\",\"urlTemplate\":\"https:\/\/maderacat.cat\/?s={search_term_string}\"},\"query-input\":\"required name=search_term_string\"}],\"inLanguage\":\"en-US\"}]}<\/script>\n<!-- \/ Yoast SEO plugin. -->","yoast_head_json":{"title":"Tvarovac\u00ed pol\u0161t\u00e1\u0159 l\u00edn\u00e1 p\u011bna \/pam\u011b\u0165ov\u00e1\/ - Madera","robots":{"index":"index","follow":"follow","max-snippet":"max-snippet:-1","max-image-preview":"max-image-preview:large","max-video-preview":"max-video-preview:-1"},"canonical":"https:\/\/maderacat.cat\/?product=tvarovaci-polstar-lina-pena-pametova-2","og_locale":"en_US","og_type":"article","og_title":"Tvarovac\u00ed pol\u0161t\u00e1\u0159 l\u00edn\u00e1 p\u011bna \/pam\u011b\u0165ov\u00e1\/ - Madera","og_description":"Viskoelastick\u00e1 pam\u011b\u0165ov\u00e1 p\u011bna se skl\u00e1d\u00e1 z mili\u00f3n\u016f otev\u0159en\u00fdch kuli\u010dkov\u00fdch bun\u011bk. Ty jsou navr\u017eeny tak, aby reagovaly na teplotu t\u011bla a tlakov\u00e9 body. P\u0159i tlaku bu\u0148ky zm\u011bn\u00ed formu, uprav\u00ed se podle obrys\u016f Va\u0161eho t\u011bla a dod\u00e1vaj\u00ed podporu tam, kde je to nejv\u00edc pot\u0159eba. Sn\u00edmateln\u00fd potah. Pr\u00e1t ru\u010dn\u011b na 40\u00b0C Rozm\u011bry: \u0161\u00ed\u0159ka:30cm, d\u00e9lka:50cm","og_url":"https:\/\/maderacat.cat\/?product=tvarovaci-polstar-lina-pena-pametova-2","og_site_name":"Madera","og_image":[{"width":900,"height":600,"url":"https:\/\/maderacat.cat\/wp-content\/uploads\/2016\/10\/1902-13347.jpg","type":"image\/jpeg"}],"twitter_card":"summary_large_image","schema":{"@context":"https:\/\/schema.org","@graph":[{"@type":"WebPage","@id":"https:\/\/maderacat.cat\/?product=tvarovaci-polstar-lina-pena-pametova-2","url":"https:\/\/maderacat.cat\/?product=tvarovaci-polstar-lina-pena-pametova-2","name":"Tvarovac\u00ed pol\u0161t\u00e1\u0159 l\u00edn\u00e1 p\u011bna \/pam\u011b\u0165ov\u00e1\/ - Madera","isPartOf":{"@id":"https:\/\/maderacat.cat\/#website"},"datePublished":"2016-10-09T08:08:40+00:00","dateModified":"2016-10-09T08:08:40+00:00","breadcrumb":{"@id":"https:\/\/maderacat.cat\/?product=tvarovaci-polstar-lina-pena-pametova-2#breadcrumb"},"inLanguage":"en-US","potentialAction":[{"@type":"ReadAction","target":["https:\/\/maderacat.cat\/?product=tvarovaci-polstar-lina-pena-pametova-2"]}]},{"@type":"BreadcrumbList","@id":"https:\/\/maderacat.cat\/?product=tvarovaci-polstar-lina-pena-pametova-2#breadcrumb","itemListElement":[{"@type":"ListItem","position":1,"name":"Dom\u016f","item":"https:\/\/maderacat.cat\/"},{"@type":"ListItem","position":2,"name":"Obchod","item":"https:\/\/maderacat.cat\/?page_id=270"},{"@type":"ListItem","position":3,"name":"Tvarovac\u00ed pol\u0161t\u00e1\u0159 l\u00edn\u00e1 p\u011bna \/pam\u011b\u0165ov\u00e1\/"}]},{"@type":"WebSite","@id":"https:\/\/maderacat.cat\/#website","url":"https:\/\/maderacat.cat\/","name":"Madera","description":"Bienvenido a la p\u00e1gina web","potentialAction":[{"@type":"SearchAction","target":{"@type":"EntryPoint","urlTemplate":"https:\/\/maderacat.cat\/?s={search_term_string}"},"query-input":"required name=search_term_string"}],"inLanguage":"en-US"}]}},"_links":{"self":[{"href":"https:\/\/maderacat.cat\/index.php?rest_route=\/wp\/v2\/product\/4201"}],"collection":[{"href":"https:\/\/maderacat.cat\/index.php?rest_route=\/wp\/v2\/product"}],"about":[{"href":"https:\/\/maderacat.cat\/index.php?rest_route=\/wp\/v2\/types\/product"}],"replies":[{"embeddable":true,"href":"https:\/\/maderacat.cat\/index.php?rest_route=%2Fwp%2Fv2%2Fcomments&post=4201"}],"wp:featuredmedia":[{"embeddable":true,"href":"https:\/\/maderacat.cat\/index.php?rest_route=\/wp\/v2\/media\/4202"}],"wp:attachment":[{"href":"https:\/\/maderacat.cat\/index.php?rest_route=%2Fwp%2Fv2%2Fmedia&parent=4201"}],"wp:term":[{"taxonomy":"product_cat","embeddable":true,"href":"https:\/\/maderacat.cat\/index.php?rest_route=%2Fwp%2Fv2%2Fproduct_cat&post=4201"},{"taxonomy":"product_tag","embeddable":true,"href":"https:\/\/maderacat.cat\/index.php?rest_route=%2Fwp%2Fv2%2Fproduct_tag&post=4201"}],"curies":[{"name":"wp","href":"https:\/\/api.w.org\/{rel}","templated":true}]}}