{"id":4097,"date":"2016-10-09T08:07:46","date_gmt":"2016-10-09T08:07:46","guid":{"rendered":"http:\/\/maderacat.cat\/produkt\/jidelni-stul-vaclav\/"},"modified":"2016-10-09T08:07:46","modified_gmt":"2016-10-09T08:07:46","slug":"jidelni-stul-vaclav","status":"publish","type":"product","link":"https:\/\/maderacat.cat\/?product=jidelni-stul-vaclav","title":{"rendered":"J\u00eddeln\u00ed st\u016fl V\u00c1CLAV"},"content":{"rendered":"<p>J\u00eddeln\u00ed st\u016fl V\u00e1CLAV<br \/>\nMateri\u00e1l: vo\u0161tina,lamino, ABS hrana v d\u0159evodez\u00e9nu, tlou\u0161\u0165ka stoln\u00ed desky 3,8cm<br \/>\nRozm\u011br: d\u00e9lka 130cm, \u0161\u00ed\u0159ka 80cm, v\u00fd\u0161ka 76cm<br \/>\n\u00a0<br \/>\nPOZOR!!! NOV\u011a I V DUBU SONOMA<\/p>\n","protected":false},"excerpt":{"rendered":"<p>J\u00eddeln\u00ed st\u016fl V\u00e1CLAV Materi\u00e1l: vo\u0161tina,lamino, ABS hrana v d\u0159evodez\u00e9nu, tlou\u0161\u0165ka stoln\u00ed desky 3,8cm Rozm\u011br: d\u00e9lka 130cm, \u0161\u00ed\u0159ka 80cm, v\u00fd\u0161ka 76cm \u00a0 POZOR!!! NOV\u011a I V DUBU SONOMA<\/p>\n","protected":false},"featured_media":4098,"comment_status":"closed","ping_status":"closed","template":"","meta":[],"product_cat":[20],"product_tag":[],"yoast_head":"<!-- This site is optimized with the Yoast SEO plugin v20.12 - https:\/\/yoast.com\/wordpress\/plugins\/seo\/ -->\n<title>J\u00eddeln\u00ed st\u016fl V\u00c1CLAV - Madera<\/title>\n<meta name=\"robots\" content=\"index, follow, max-snippet:-1, max-image-preview:large, max-video-preview:-1\" \/>\n<link rel=\"canonical\" href=\"https:\/\/maderacat.cat\/?product=jidelni-stul-vaclav\" \/>\n<meta property=\"og:locale\" content=\"en_US\" \/>\n<meta property=\"og:type\" content=\"article\" \/>\n<meta property=\"og:title\" content=\"J\u00eddeln\u00ed st\u016fl V\u00c1CLAV - Madera\" \/>\n<meta property=\"og:description\" content=\"J\u00eddeln\u00ed st\u016fl V\u00e1CLAV Materi\u00e1l: vo\u0161tina,lamino, ABS hrana v d\u0159evodez\u00e9nu, tlou\u0161\u0165ka stoln\u00ed desky 3,8cm Rozm\u011br: d\u00e9lka 130cm, \u0161\u00ed\u0159ka 80cm, v\u00fd\u0161ka 76cm \u00a0 POZOR!!! NOV\u011a I V DUBU SONOMA\" \/>\n<meta property=\"og:url\" content=\"https:\/\/maderacat.cat\/?product=jidelni-stul-vaclav\" \/>\n<meta property=\"og:site_name\" content=\"Madera\" \/>\n<meta property=\"og:image\" content=\"https:\/\/maderacat.cat\/wp-content\/uploads\/2016\/10\/2022-13694.jpg\" \/>\n\t<meta property=\"og:image:width\" content=\"900\" \/>\n\t<meta property=\"og:image:height\" content=\"600\" \/>\n\t<meta property=\"og:image:type\" content=\"image\/jpeg\" \/>\n<meta name=\"twitter:card\" content=\"summary_large_image\" \/>\n<script type=\"application\/ld+json\" class=\"yoast-schema-graph\">{\"@context\":\"https:\/\/schema.org\",\"@graph\":[{\"@type\":\"WebPage\",\"@id\":\"https:\/\/maderacat.cat\/?product=jidelni-stul-vaclav\",\"url\":\"https:\/\/maderacat.cat\/?product=jidelni-stul-vaclav\",\"name\":\"J\u00eddeln\u00ed st\u016fl V\u00c1CLAV - Madera\",\"isPartOf\":{\"@id\":\"https:\/\/maderacat.cat\/#website\"},\"datePublished\":\"2016-10-09T08:07:46+00:00\",\"dateModified\":\"2016-10-09T08:07:46+00:00\",\"breadcrumb\":{\"@id\":\"https:\/\/maderacat.cat\/?product=jidelni-stul-vaclav#breadcrumb\"},\"inLanguage\":\"en-US\",\"potentialAction\":[{\"@type\":\"ReadAction\",\"target\":[\"https:\/\/maderacat.cat\/?product=jidelni-stul-vaclav\"]}]},{\"@type\":\"BreadcrumbList\",\"@id\":\"https:\/\/maderacat.cat\/?product=jidelni-stul-vaclav#breadcrumb\",\"itemListElement\":[{\"@type\":\"ListItem\",\"position\":1,\"name\":\"Dom\u016f\",\"item\":\"https:\/\/maderacat.cat\/\"},{\"@type\":\"ListItem\",\"position\":2,\"name\":\"Obchod\",\"item\":\"https:\/\/maderacat.cat\/?page_id=270\"},{\"@type\":\"ListItem\",\"position\":3,\"name\":\"J\u00eddeln\u00ed st\u016fl V\u00c1CLAV\"}]},{\"@type\":\"WebSite\",\"@id\":\"https:\/\/maderacat.cat\/#website\",\"url\":\"https:\/\/maderacat.cat\/\",\"name\":\"Madera\",\"description\":\"Bienvenido a la p\u00e1gina web\",\"potentialAction\":[{\"@type\":\"SearchAction\",\"target\":{\"@type\":\"EntryPoint\",\"urlTemplate\":\"https:\/\/maderacat.cat\/?s={search_term_string}\"},\"query-input\":\"required name=search_term_string\"}],\"inLanguage\":\"en-US\"}]}<\/script>\n<!-- \/ Yoast SEO plugin. -->","yoast_head_json":{"title":"J\u00eddeln\u00ed st\u016fl V\u00c1CLAV - Madera","robots":{"index":"index","follow":"follow","max-snippet":"max-snippet:-1","max-image-preview":"max-image-preview:large","max-video-preview":"max-video-preview:-1"},"canonical":"https:\/\/maderacat.cat\/?product=jidelni-stul-vaclav","og_locale":"en_US","og_type":"article","og_title":"J\u00eddeln\u00ed st\u016fl V\u00c1CLAV - Madera","og_description":"J\u00eddeln\u00ed st\u016fl V\u00e1CLAV Materi\u00e1l: vo\u0161tina,lamino, ABS hrana v d\u0159evodez\u00e9nu, tlou\u0161\u0165ka stoln\u00ed desky 3,8cm Rozm\u011br: d\u00e9lka 130cm, \u0161\u00ed\u0159ka 80cm, v\u00fd\u0161ka 76cm \u00a0 POZOR!!! NOV\u011a I V DUBU SONOMA","og_url":"https:\/\/maderacat.cat\/?product=jidelni-stul-vaclav","og_site_name":"Madera","og_image":[{"width":900,"height":600,"url":"https:\/\/maderacat.cat\/wp-content\/uploads\/2016\/10\/2022-13694.jpg","type":"image\/jpeg"}],"twitter_card":"summary_large_image","schema":{"@context":"https:\/\/schema.org","@graph":[{"@type":"WebPage","@id":"https:\/\/maderacat.cat\/?product=jidelni-stul-vaclav","url":"https:\/\/maderacat.cat\/?product=jidelni-stul-vaclav","name":"J\u00eddeln\u00ed st\u016fl V\u00c1CLAV - Madera","isPartOf":{"@id":"https:\/\/maderacat.cat\/#website"},"datePublished":"2016-10-09T08:07:46+00:00","dateModified":"2016-10-09T08:07:46+00:00","breadcrumb":{"@id":"https:\/\/maderacat.cat\/?product=jidelni-stul-vaclav#breadcrumb"},"inLanguage":"en-US","potentialAction":[{"@type":"ReadAction","target":["https:\/\/maderacat.cat\/?product=jidelni-stul-vaclav"]}]},{"@type":"BreadcrumbList","@id":"https:\/\/maderacat.cat\/?product=jidelni-stul-vaclav#breadcrumb","itemListElement":[{"@type":"ListItem","position":1,"name":"Dom\u016f","item":"https:\/\/maderacat.cat\/"},{"@type":"ListItem","position":2,"name":"Obchod","item":"https:\/\/maderacat.cat\/?page_id=270"},{"@type":"ListItem","position":3,"name":"J\u00eddeln\u00ed st\u016fl V\u00c1CLAV"}]},{"@type":"WebSite","@id":"https:\/\/maderacat.cat\/#website","url":"https:\/\/maderacat.cat\/","name":"Madera","description":"Bienvenido a la p\u00e1gina web","potentialAction":[{"@type":"SearchAction","target":{"@type":"EntryPoint","urlTemplate":"https:\/\/maderacat.cat\/?s={search_term_string}"},"query-input":"required name=search_term_string"}],"inLanguage":"en-US"}]}},"_links":{"self":[{"href":"https:\/\/maderacat.cat\/index.php?rest_route=\/wp\/v2\/product\/4097"}],"collection":[{"href":"https:\/\/maderacat.cat\/index.php?rest_route=\/wp\/v2\/product"}],"about":[{"href":"https:\/\/maderacat.cat\/index.php?rest_route=\/wp\/v2\/types\/product"}],"replies":[{"embeddable":true,"href":"https:\/\/maderacat.cat\/index.php?rest_route=%2Fwp%2Fv2%2Fcomments&post=4097"}],"wp:featuredmedia":[{"embeddable":true,"href":"https:\/\/maderacat.cat\/index.php?rest_route=\/wp\/v2\/media\/4098"}],"wp:attachment":[{"href":"https:\/\/maderacat.cat\/index.php?rest_route=%2Fwp%2Fv2%2Fmedia&parent=4097"}],"wp:term":[{"taxonomy":"product_cat","embeddable":true,"href":"https:\/\/maderacat.cat\/index.php?rest_route=%2Fwp%2Fv2%2Fproduct_cat&post=4097"},{"taxonomy":"product_tag","embeddable":true,"href":"https:\/\/maderacat.cat\/index.php?rest_route=%2Fwp%2Fv2%2Fproduct_tag&post=4097"}],"curies":[{"name":"wp","href":"https:\/\/api.w.org\/{rel}","templated":true}]}}