{"id":4003,"date":"2016-10-09T08:07:06","date_gmt":"2016-10-09T08:07:06","guid":{"rendered":"http:\/\/maderacat.cat\/produkt\/matrace-12cm-jadro4cm-pametova-pena-90x200x16cm\/"},"modified":"2016-10-09T08:07:06","modified_gmt":"2016-10-09T08:07:06","slug":"matrace-12cm-jadro4cm-pametova-pena-90x200x16cm","status":"publish","type":"product","link":"https:\/\/maderacat.cat\/?product=matrace-12cm-jadro4cm-pametova-pena-90x200x16cm","title":{"rendered":"Matrace, 12cm j\u00e1dro+4cm pam\u011b\u0165ov\u00e1 p\u011bna, 90x200x16cm"},"content":{"rendered":"<p>VZHLEDEM K P\u0158\u00cdTOMNOSTI L\u00cdN\u00c9 P\u011aNY NEN\u00cd MATRACE VHODN\u00c1 PRO D\u011aTI, JELIKO\u017d JE M\u011aKK\u00c1 A \u00a0HROZ\u00cd NEBEZPE\u010c\u00cd UDU\u0160EN\u00cd (V P\u0158\u00cdPAD\u011a, \u017dE BY D\u00cdT\u011a LE\u017dELO NA B\u0158I\u0160E)<br \/>\n\u00a0<br \/>\nMatrace je tvo\u0159ena 12cm polyuretanov\u00e9ho j\u00e1dra ECOCELL a 4cm l\u00edn\u00e9 p\u011bny (viskoelastick\u00e1), kter\u00e1 se p\u0159izp\u016fsob\u00ed ka\u017ed\u00e9 \u010d\u00e1sti va\u0161eho t\u011bla a poskytne mu ide\u00e1ln\u00ed oporu tam, kde je to pot\u0159eba.<br \/>\n ECOCELL je materi\u00e1l antialergenn\u00ed a antibakteri\u00e1ln\u00ed.<br \/>\n\u00a0<br \/>\nJe vhodn\u00e1 pro osoby s hmotnost\u00ed do 110kg.<br \/>\n\u00a0<br \/>\nTyto matrace maj\u00ed pro\u0161\u00edvan\u00fd potah ALOE VERA &#8211; jedn\u00e1 se o funk\u010dn\u00ed potah, kter\u00fd odv\u00e1d\u00ed pot pry\u010d od t\u011bla.<br \/>\n\u00a0<br \/>\nPokl\u00e1dejte na pevn\u00fd nebo na polohovateln\u00fd ro\u0161t.<br \/>\n\u00a0\u00a0<br \/>\nPUR VISCO 2 TVRDOST (stupnice 1-3) ALOE VERA ANTIBAKTERI\u00c1LN\u00cd 16CM 110KG?????????????????<\/p>\n","protected":false},"excerpt":{"rendered":"<p>VZHLEDEM K P\u0158\u00cdTOMNOSTI L\u00cdN\u00c9 P\u011aNY NEN\u00cd MATRACE VHODN\u00c1 PRO D\u011aTI, JELIKO\u017d JE M\u011aKK\u00c1 A \u00a0HROZ\u00cd NEBEZPE\u010c\u00cd UDU\u0160EN\u00cd (V P\u0158\u00cdPAD\u011a, \u017dE BY D\u00cdT\u011a LE\u017dELO NA B\u0158I\u0160E) \u00a0 Matrace je tvo\u0159ena 12cm polyuretanov\u00e9ho j\u00e1dra ECOCELL a 4cm l\u00edn\u00e9 p\u011bny (viskoelastick\u00e1), kter\u00e1 se p\u0159izp\u016fsob\u00ed ka\u017ed\u00e9 \u010d\u00e1sti va\u0161eho t\u011bla a poskytne mu ide\u00e1ln\u00ed oporu tam, kde je to pot\u0159eba.<\/p>\n","protected":false},"featured_media":4004,"comment_status":"closed","ping_status":"closed","template":"","meta":[],"product_cat":[26],"product_tag":[],"yoast_head":"<!-- This site is optimized with the Yoast SEO plugin v20.12 - https:\/\/yoast.com\/wordpress\/plugins\/seo\/ -->\n<title>Matrace, 12cm j\u00e1dro+4cm pam\u011b\u0165ov\u00e1 p\u011bna, 90x200x16cm - Madera<\/title>\n<meta name=\"robots\" content=\"index, follow, max-snippet:-1, max-image-preview:large, max-video-preview:-1\" \/>\n<link rel=\"canonical\" href=\"https:\/\/maderacat.cat\/?product=matrace-12cm-jadro4cm-pametova-pena-90x200x16cm\" \/>\n<meta property=\"og:locale\" content=\"en_US\" \/>\n<meta property=\"og:type\" content=\"article\" \/>\n<meta property=\"og:title\" content=\"Matrace, 12cm j\u00e1dro+4cm pam\u011b\u0165ov\u00e1 p\u011bna, 90x200x16cm - Madera\" \/>\n<meta property=\"og:description\" content=\"VZHLEDEM K P\u0158\u00cdTOMNOSTI L\u00cdN\u00c9 P\u011aNY NEN\u00cd MATRACE VHODN\u00c1 PRO D\u011aTI, JELIKO\u017d JE M\u011aKK\u00c1 A \u00a0HROZ\u00cd NEBEZPE\u010c\u00cd UDU\u0160EN\u00cd (V P\u0158\u00cdPAD\u011a, \u017dE BY D\u00cdT\u011a LE\u017dELO NA B\u0158I\u0160E) \u00a0 Matrace je tvo\u0159ena 12cm polyuretanov\u00e9ho j\u00e1dra ECOCELL a 4cm l\u00edn\u00e9 p\u011bny (viskoelastick\u00e1), kter\u00e1 se p\u0159izp\u016fsob\u00ed ka\u017ed\u00e9 \u010d\u00e1sti va\u0161eho t\u011bla a poskytne mu ide\u00e1ln\u00ed oporu tam, kde je to pot\u0159eba.\" \/>\n<meta property=\"og:url\" content=\"https:\/\/maderacat.cat\/?product=matrace-12cm-jadro4cm-pametova-pena-90x200x16cm\" \/>\n<meta property=\"og:site_name\" content=\"Madera\" \/>\n<meta property=\"og:image\" content=\"https:\/\/maderacat.cat\/wp-content\/uploads\/2016\/10\/2258-14856.jpg\" \/>\n\t<meta property=\"og:image:width\" content=\"1024\" \/>\n\t<meta property=\"og:image:height\" content=\"683\" \/>\n\t<meta property=\"og:image:type\" content=\"image\/jpeg\" \/>\n<meta name=\"twitter:card\" content=\"summary_large_image\" \/>\n<meta name=\"twitter:label1\" content=\"Est. reading time\" \/>\n\t<meta name=\"twitter:data1\" content=\"1 minute\" \/>\n<script type=\"application\/ld+json\" class=\"yoast-schema-graph\">{\"@context\":\"https:\/\/schema.org\",\"@graph\":[{\"@type\":\"WebPage\",\"@id\":\"https:\/\/maderacat.cat\/?product=matrace-12cm-jadro4cm-pametova-pena-90x200x16cm\",\"url\":\"https:\/\/maderacat.cat\/?product=matrace-12cm-jadro4cm-pametova-pena-90x200x16cm\",\"name\":\"Matrace, 12cm j\u00e1dro+4cm pam\u011b\u0165ov\u00e1 p\u011bna, 90x200x16cm - Madera\",\"isPartOf\":{\"@id\":\"https:\/\/maderacat.cat\/#website\"},\"datePublished\":\"2016-10-09T08:07:06+00:00\",\"dateModified\":\"2016-10-09T08:07:06+00:00\",\"breadcrumb\":{\"@id\":\"https:\/\/maderacat.cat\/?product=matrace-12cm-jadro4cm-pametova-pena-90x200x16cm#breadcrumb\"},\"inLanguage\":\"en-US\",\"potentialAction\":[{\"@type\":\"ReadAction\",\"target\":[\"https:\/\/maderacat.cat\/?product=matrace-12cm-jadro4cm-pametova-pena-90x200x16cm\"]}]},{\"@type\":\"BreadcrumbList\",\"@id\":\"https:\/\/maderacat.cat\/?product=matrace-12cm-jadro4cm-pametova-pena-90x200x16cm#breadcrumb\",\"itemListElement\":[{\"@type\":\"ListItem\",\"position\":1,\"name\":\"Dom\u016f\",\"item\":\"https:\/\/maderacat.cat\/\"},{\"@type\":\"ListItem\",\"position\":2,\"name\":\"Obchod\",\"item\":\"https:\/\/maderacat.cat\/?page_id=270\"},{\"@type\":\"ListItem\",\"position\":3,\"name\":\"Matrace, 12cm j\u00e1dro+4cm pam\u011b\u0165ov\u00e1 p\u011bna, 90x200x16cm\"}]},{\"@type\":\"WebSite\",\"@id\":\"https:\/\/maderacat.cat\/#website\",\"url\":\"https:\/\/maderacat.cat\/\",\"name\":\"Madera\",\"description\":\"Bienvenido a la p\u00e1gina web\",\"potentialAction\":[{\"@type\":\"SearchAction\",\"target\":{\"@type\":\"EntryPoint\",\"urlTemplate\":\"https:\/\/maderacat.cat\/?s={search_term_string}\"},\"query-input\":\"required name=search_term_string\"}],\"inLanguage\":\"en-US\"}]}<\/script>\n<!-- \/ Yoast SEO plugin. -->","yoast_head_json":{"title":"Matrace, 12cm j\u00e1dro+4cm pam\u011b\u0165ov\u00e1 p\u011bna, 90x200x16cm - Madera","robots":{"index":"index","follow":"follow","max-snippet":"max-snippet:-1","max-image-preview":"max-image-preview:large","max-video-preview":"max-video-preview:-1"},"canonical":"https:\/\/maderacat.cat\/?product=matrace-12cm-jadro4cm-pametova-pena-90x200x16cm","og_locale":"en_US","og_type":"article","og_title":"Matrace, 12cm j\u00e1dro+4cm pam\u011b\u0165ov\u00e1 p\u011bna, 90x200x16cm - Madera","og_description":"VZHLEDEM K P\u0158\u00cdTOMNOSTI L\u00cdN\u00c9 P\u011aNY NEN\u00cd MATRACE VHODN\u00c1 PRO D\u011aTI, JELIKO\u017d JE M\u011aKK\u00c1 A \u00a0HROZ\u00cd NEBEZPE\u010c\u00cd UDU\u0160EN\u00cd (V P\u0158\u00cdPAD\u011a, \u017dE BY D\u00cdT\u011a LE\u017dELO NA B\u0158I\u0160E) \u00a0 Matrace je tvo\u0159ena 12cm polyuretanov\u00e9ho j\u00e1dra ECOCELL a 4cm l\u00edn\u00e9 p\u011bny (viskoelastick\u00e1), kter\u00e1 se p\u0159izp\u016fsob\u00ed ka\u017ed\u00e9 \u010d\u00e1sti va\u0161eho t\u011bla a poskytne mu ide\u00e1ln\u00ed oporu tam, kde je to pot\u0159eba.","og_url":"https:\/\/maderacat.cat\/?product=matrace-12cm-jadro4cm-pametova-pena-90x200x16cm","og_site_name":"Madera","og_image":[{"width":1024,"height":683,"url":"https:\/\/maderacat.cat\/wp-content\/uploads\/2016\/10\/2258-14856.jpg","type":"image\/jpeg"}],"twitter_card":"summary_large_image","twitter_misc":{"Est. reading time":"1 minute"},"schema":{"@context":"https:\/\/schema.org","@graph":[{"@type":"WebPage","@id":"https:\/\/maderacat.cat\/?product=matrace-12cm-jadro4cm-pametova-pena-90x200x16cm","url":"https:\/\/maderacat.cat\/?product=matrace-12cm-jadro4cm-pametova-pena-90x200x16cm","name":"Matrace, 12cm j\u00e1dro+4cm pam\u011b\u0165ov\u00e1 p\u011bna, 90x200x16cm - Madera","isPartOf":{"@id":"https:\/\/maderacat.cat\/#website"},"datePublished":"2016-10-09T08:07:06+00:00","dateModified":"2016-10-09T08:07:06+00:00","breadcrumb":{"@id":"https:\/\/maderacat.cat\/?product=matrace-12cm-jadro4cm-pametova-pena-90x200x16cm#breadcrumb"},"inLanguage":"en-US","potentialAction":[{"@type":"ReadAction","target":["https:\/\/maderacat.cat\/?product=matrace-12cm-jadro4cm-pametova-pena-90x200x16cm"]}]},{"@type":"BreadcrumbList","@id":"https:\/\/maderacat.cat\/?product=matrace-12cm-jadro4cm-pametova-pena-90x200x16cm#breadcrumb","itemListElement":[{"@type":"ListItem","position":1,"name":"Dom\u016f","item":"https:\/\/maderacat.cat\/"},{"@type":"ListItem","position":2,"name":"Obchod","item":"https:\/\/maderacat.cat\/?page_id=270"},{"@type":"ListItem","position":3,"name":"Matrace, 12cm j\u00e1dro+4cm pam\u011b\u0165ov\u00e1 p\u011bna, 90x200x16cm"}]},{"@type":"WebSite","@id":"https:\/\/maderacat.cat\/#website","url":"https:\/\/maderacat.cat\/","name":"Madera","description":"Bienvenido a la p\u00e1gina web","potentialAction":[{"@type":"SearchAction","target":{"@type":"EntryPoint","urlTemplate":"https:\/\/maderacat.cat\/?s={search_term_string}"},"query-input":"required name=search_term_string"}],"inLanguage":"en-US"}]}},"_links":{"self":[{"href":"https:\/\/maderacat.cat\/index.php?rest_route=\/wp\/v2\/product\/4003"}],"collection":[{"href":"https:\/\/maderacat.cat\/index.php?rest_route=\/wp\/v2\/product"}],"about":[{"href":"https:\/\/maderacat.cat\/index.php?rest_route=\/wp\/v2\/types\/product"}],"replies":[{"embeddable":true,"href":"https:\/\/maderacat.cat\/index.php?rest_route=%2Fwp%2Fv2%2Fcomments&post=4003"}],"wp:featuredmedia":[{"embeddable":true,"href":"https:\/\/maderacat.cat\/index.php?rest_route=\/wp\/v2\/media\/4004"}],"wp:attachment":[{"href":"https:\/\/maderacat.cat\/index.php?rest_route=%2Fwp%2Fv2%2Fmedia&parent=4003"}],"wp:term":[{"taxonomy":"product_cat","embeddable":true,"href":"https:\/\/maderacat.cat\/index.php?rest_route=%2Fwp%2Fv2%2Fproduct_cat&post=4003"},{"taxonomy":"product_tag","embeddable":true,"href":"https:\/\/maderacat.cat\/index.php?rest_route=%2Fwp%2Fv2%2Fproduct_tag&post=4003"}],"curies":[{"name":"wp","href":"https:\/\/api.w.org\/{rel}","templated":true}]}}