{"id":3999,"date":"2016-10-09T08:07:06","date_gmt":"2016-10-09T08:07:06","guid":{"rendered":"http:\/\/maderacat.cat\/produkt\/postel-claudia-senior\/"},"modified":"2016-10-09T08:07:06","modified_gmt":"2016-10-09T08:07:06","slug":"postel-claudia-senior","status":"publish","type":"product","link":"https:\/\/maderacat.cat\/?product=postel-claudia-senior","title":{"rendered":"Postel CLAUDIA senior"},"content":{"rendered":"<p>Postel CLAUDIA senior L208<br \/>\nMateri\u00e1l: lamino 3,9cm, 3,6cm, ABS hrana v d\u0159evodez\u00e9nu.<br \/>\nRozm\u011bry: v\u00fd\u0161ka: 95\/55cm, \u0161\u00ed\u0159ka 108cm, d\u00e9lka 207cm,? v\u00fd\u0161ka od zem\u011b ke spodn\u00ed hran\u011b bo\u010dnice 26cm, v\u00fd\u0161ka bo\u010dnice 25cm.<br \/>\nV\u00fd\u0161ky kov\u00e1n\u00ed pro ro\u0161t od zem\u011b: 37,8cm, 40,2cm, 42,6cm, 45cm.<br \/>\nV\u00fd\u0161kov\u011b nastaviteln\u00e1 postel senior. Vhodn\u00e1 pro star\u0161\u00ed lidi.<br \/>\nRo\u0161t nen\u00ed sou\u010d\u00e1st\u00ed postele?.\u00a0<br \/>\nUr\u010deno pouze pro ro\u0161t v r\u00e1mu (la\u0165kov\u00fd i lamelov\u00fd).<br \/>\n\u00a0<\/p>\n","protected":false},"excerpt":{"rendered":"<p>Postel CLAUDIA senior L208 Materi\u00e1l: lamino 3,9cm, 3,6cm, ABS hrana v d\u0159evodez\u00e9nu. Rozm\u011bry: v\u00fd\u0161ka: 95\/55cm, \u0161\u00ed\u0159ka 108cm, d\u00e9lka 207cm,? v\u00fd\u0161ka od zem\u011b ke spodn\u00ed hran\u011b bo\u010dnice 26cm, v\u00fd\u0161ka bo\u010dnice 25cm. V\u00fd\u0161ky kov\u00e1n\u00ed pro ro\u0161t od zem\u011b: 37,8cm, 40,2cm, 42,6cm, 45cm. V\u00fd\u0161kov\u011b nastaviteln\u00e1 postel senior. Vhodn\u00e1 pro star\u0161\u00ed lidi. Ro\u0161t nen\u00ed sou\u010d\u00e1st\u00ed postele?.\u00a0 Ur\u010deno pouze pro<\/p>\n","protected":false},"featured_media":4000,"comment_status":"closed","ping_status":"closed","template":"","meta":[],"product_cat":[33],"product_tag":[],"yoast_head":"<!-- This site is optimized with the Yoast SEO plugin v20.12 - https:\/\/yoast.com\/wordpress\/plugins\/seo\/ -->\n<title>Postel CLAUDIA senior - Madera<\/title>\n<meta name=\"robots\" content=\"index, follow, max-snippet:-1, max-image-preview:large, max-video-preview:-1\" \/>\n<link rel=\"canonical\" href=\"https:\/\/maderacat.cat\/?product=postel-claudia-senior\" \/>\n<meta property=\"og:locale\" content=\"en_US\" \/>\n<meta property=\"og:type\" content=\"article\" \/>\n<meta property=\"og:title\" content=\"Postel CLAUDIA senior - Madera\" \/>\n<meta property=\"og:description\" content=\"Postel CLAUDIA senior L208 Materi\u00e1l: lamino 3,9cm, 3,6cm, ABS hrana v d\u0159evodez\u00e9nu. Rozm\u011bry: v\u00fd\u0161ka: 95\/55cm, \u0161\u00ed\u0159ka 108cm, d\u00e9lka 207cm,? v\u00fd\u0161ka od zem\u011b ke spodn\u00ed hran\u011b bo\u010dnice 26cm, v\u00fd\u0161ka bo\u010dnice 25cm. V\u00fd\u0161ky kov\u00e1n\u00ed pro ro\u0161t od zem\u011b: 37,8cm, 40,2cm, 42,6cm, 45cm. V\u00fd\u0161kov\u011b nastaviteln\u00e1 postel senior. Vhodn\u00e1 pro star\u0161\u00ed lidi. Ro\u0161t nen\u00ed sou\u010d\u00e1st\u00ed postele?.\u00a0 Ur\u010deno pouze pro\" \/>\n<meta property=\"og:url\" content=\"https:\/\/maderacat.cat\/?product=postel-claudia-senior\" \/>\n<meta property=\"og:site_name\" content=\"Madera\" \/>\n<meta property=\"og:image\" content=\"https:\/\/maderacat.cat\/wp-content\/uploads\/2016\/10\/2264-27058.jpg\" \/>\n\t<meta property=\"og:image:width\" content=\"900\" \/>\n\t<meta property=\"og:image:height\" content=\"600\" \/>\n\t<meta property=\"og:image:type\" content=\"image\/jpeg\" \/>\n<meta name=\"twitter:card\" content=\"summary_large_image\" \/>\n<script type=\"application\/ld+json\" class=\"yoast-schema-graph\">{\"@context\":\"https:\/\/schema.org\",\"@graph\":[{\"@type\":\"WebPage\",\"@id\":\"https:\/\/maderacat.cat\/?product=postel-claudia-senior\",\"url\":\"https:\/\/maderacat.cat\/?product=postel-claudia-senior\",\"name\":\"Postel CLAUDIA senior - Madera\",\"isPartOf\":{\"@id\":\"https:\/\/maderacat.cat\/#website\"},\"datePublished\":\"2016-10-09T08:07:06+00:00\",\"dateModified\":\"2016-10-09T08:07:06+00:00\",\"breadcrumb\":{\"@id\":\"https:\/\/maderacat.cat\/?product=postel-claudia-senior#breadcrumb\"},\"inLanguage\":\"en-US\",\"potentialAction\":[{\"@type\":\"ReadAction\",\"target\":[\"https:\/\/maderacat.cat\/?product=postel-claudia-senior\"]}]},{\"@type\":\"BreadcrumbList\",\"@id\":\"https:\/\/maderacat.cat\/?product=postel-claudia-senior#breadcrumb\",\"itemListElement\":[{\"@type\":\"ListItem\",\"position\":1,\"name\":\"Dom\u016f\",\"item\":\"https:\/\/maderacat.cat\/\"},{\"@type\":\"ListItem\",\"position\":2,\"name\":\"Obchod\",\"item\":\"https:\/\/maderacat.cat\/?page_id=270\"},{\"@type\":\"ListItem\",\"position\":3,\"name\":\"Postel CLAUDIA senior\"}]},{\"@type\":\"WebSite\",\"@id\":\"https:\/\/maderacat.cat\/#website\",\"url\":\"https:\/\/maderacat.cat\/\",\"name\":\"Madera\",\"description\":\"Bienvenido a la p\u00e1gina web\",\"potentialAction\":[{\"@type\":\"SearchAction\",\"target\":{\"@type\":\"EntryPoint\",\"urlTemplate\":\"https:\/\/maderacat.cat\/?s={search_term_string}\"},\"query-input\":\"required name=search_term_string\"}],\"inLanguage\":\"en-US\"}]}<\/script>\n<!-- \/ Yoast SEO plugin. -->","yoast_head_json":{"title":"Postel CLAUDIA senior - Madera","robots":{"index":"index","follow":"follow","max-snippet":"max-snippet:-1","max-image-preview":"max-image-preview:large","max-video-preview":"max-video-preview:-1"},"canonical":"https:\/\/maderacat.cat\/?product=postel-claudia-senior","og_locale":"en_US","og_type":"article","og_title":"Postel CLAUDIA senior - Madera","og_description":"Postel CLAUDIA senior L208 Materi\u00e1l: lamino 3,9cm, 3,6cm, ABS hrana v d\u0159evodez\u00e9nu. Rozm\u011bry: v\u00fd\u0161ka: 95\/55cm, \u0161\u00ed\u0159ka 108cm, d\u00e9lka 207cm,? v\u00fd\u0161ka od zem\u011b ke spodn\u00ed hran\u011b bo\u010dnice 26cm, v\u00fd\u0161ka bo\u010dnice 25cm. V\u00fd\u0161ky kov\u00e1n\u00ed pro ro\u0161t od zem\u011b: 37,8cm, 40,2cm, 42,6cm, 45cm. V\u00fd\u0161kov\u011b nastaviteln\u00e1 postel senior. Vhodn\u00e1 pro star\u0161\u00ed lidi. Ro\u0161t nen\u00ed sou\u010d\u00e1st\u00ed postele?.\u00a0 Ur\u010deno pouze pro","og_url":"https:\/\/maderacat.cat\/?product=postel-claudia-senior","og_site_name":"Madera","og_image":[{"width":900,"height":600,"url":"https:\/\/maderacat.cat\/wp-content\/uploads\/2016\/10\/2264-27058.jpg","type":"image\/jpeg"}],"twitter_card":"summary_large_image","schema":{"@context":"https:\/\/schema.org","@graph":[{"@type":"WebPage","@id":"https:\/\/maderacat.cat\/?product=postel-claudia-senior","url":"https:\/\/maderacat.cat\/?product=postel-claudia-senior","name":"Postel CLAUDIA senior - Madera","isPartOf":{"@id":"https:\/\/maderacat.cat\/#website"},"datePublished":"2016-10-09T08:07:06+00:00","dateModified":"2016-10-09T08:07:06+00:00","breadcrumb":{"@id":"https:\/\/maderacat.cat\/?product=postel-claudia-senior#breadcrumb"},"inLanguage":"en-US","potentialAction":[{"@type":"ReadAction","target":["https:\/\/maderacat.cat\/?product=postel-claudia-senior"]}]},{"@type":"BreadcrumbList","@id":"https:\/\/maderacat.cat\/?product=postel-claudia-senior#breadcrumb","itemListElement":[{"@type":"ListItem","position":1,"name":"Dom\u016f","item":"https:\/\/maderacat.cat\/"},{"@type":"ListItem","position":2,"name":"Obchod","item":"https:\/\/maderacat.cat\/?page_id=270"},{"@type":"ListItem","position":3,"name":"Postel CLAUDIA senior"}]},{"@type":"WebSite","@id":"https:\/\/maderacat.cat\/#website","url":"https:\/\/maderacat.cat\/","name":"Madera","description":"Bienvenido a la p\u00e1gina web","potentialAction":[{"@type":"SearchAction","target":{"@type":"EntryPoint","urlTemplate":"https:\/\/maderacat.cat\/?s={search_term_string}"},"query-input":"required name=search_term_string"}],"inLanguage":"en-US"}]}},"_links":{"self":[{"href":"https:\/\/maderacat.cat\/index.php?rest_route=\/wp\/v2\/product\/3999"}],"collection":[{"href":"https:\/\/maderacat.cat\/index.php?rest_route=\/wp\/v2\/product"}],"about":[{"href":"https:\/\/maderacat.cat\/index.php?rest_route=\/wp\/v2\/types\/product"}],"replies":[{"embeddable":true,"href":"https:\/\/maderacat.cat\/index.php?rest_route=%2Fwp%2Fv2%2Fcomments&post=3999"}],"wp:featuredmedia":[{"embeddable":true,"href":"https:\/\/maderacat.cat\/index.php?rest_route=\/wp\/v2\/media\/4000"}],"wp:attachment":[{"href":"https:\/\/maderacat.cat\/index.php?rest_route=%2Fwp%2Fv2%2Fmedia&parent=3999"}],"wp:term":[{"taxonomy":"product_cat","embeddable":true,"href":"https:\/\/maderacat.cat\/index.php?rest_route=%2Fwp%2Fv2%2Fproduct_cat&post=3999"},{"taxonomy":"product_tag","embeddable":true,"href":"https:\/\/maderacat.cat\/index.php?rest_route=%2Fwp%2Fv2%2Fproduct_tag&post=3999"}],"curies":[{"name":"wp","href":"https:\/\/api.w.org\/{rel}","templated":true}]}}