{"id":3777,"date":"2016-10-09T08:05:09","date_gmt":"2016-10-09T08:05:09","guid":{"rendered":"http:\/\/maderacat.cat\/produkt\/komoda-3dverova3-zasuvkymasiv-borovice\/"},"modified":"2016-10-09T08:05:09","modified_gmt":"2016-10-09T08:05:09","slug":"komoda-3dverova3-zasuvkymasiv-borovice","status":"publish","type":"product","link":"https:\/\/maderacat.cat\/?product=komoda-3dverova3-zasuvkymasiv-borovice","title":{"rendered":"Komoda 3dve\u0159ov\u00e1+3 z\u00e1suvky,masiv borovice"},"content":{"rendered":"<p>Komoda B230<br \/>\n Materi\u00e1l: masiv borovice s povrchovou \u00fapravou lak<br \/>\nTlou\u0161\u0165ka korpusu a \u010deln\u00edch ploch 1,8cm<br \/>\nRozm\u011bry: v\u00fd\u0161ka: 90cm \u0161\u00ed\u0159ka: 125cm hloubka: 40cm <\/p>\n<p>U borovice jsou letokruhy v\u00fdrazn\u00e9, b\u011blav\u00e1 \u010d\u00e1st je smetanov\u011b b\u00edl\u00e1 a\u017e k okru, j\u00e1dro oran\u017eov\u011b hn\u011bd\u00e9 a\u017e dorezava.<\/p>\n","protected":false},"excerpt":{"rendered":"<p>Komoda B230 Materi\u00e1l: masiv borovice s povrchovou \u00fapravou lak Tlou\u0161\u0165ka korpusu a \u010deln\u00edch ploch 1,8cm Rozm\u011bry: v\u00fd\u0161ka: 90cm \u0161\u00ed\u0159ka: 125cm hloubka: 40cm U borovice jsou letokruhy v\u00fdrazn\u00e9, b\u011blav\u00e1 \u010d\u00e1st je smetanov\u011b b\u00edl\u00e1 a\u017e k okru, j\u00e1dro oran\u017eov\u011b hn\u011bd\u00e9 a\u017e dorezava.<\/p>\n","protected":false},"featured_media":3778,"comment_status":"closed","ping_status":"closed","template":"","meta":[],"product_cat":[28],"product_tag":[],"yoast_head":"<!-- This site is optimized with the Yoast SEO plugin v20.12 - https:\/\/yoast.com\/wordpress\/plugins\/seo\/ -->\n<title>Komoda 3dve\u0159ov\u00e1+3 z\u00e1suvky,masiv borovice - Madera<\/title>\n<meta name=\"robots\" content=\"index, follow, max-snippet:-1, max-image-preview:large, max-video-preview:-1\" \/>\n<link rel=\"canonical\" href=\"https:\/\/maderacat.cat\/?product=komoda-3dverova3-zasuvkymasiv-borovice\" \/>\n<meta property=\"og:locale\" content=\"en_US\" \/>\n<meta property=\"og:type\" content=\"article\" \/>\n<meta property=\"og:title\" content=\"Komoda 3dve\u0159ov\u00e1+3 z\u00e1suvky,masiv borovice - Madera\" \/>\n<meta property=\"og:description\" content=\"Komoda B230 Materi\u00e1l: masiv borovice s povrchovou \u00fapravou lak Tlou\u0161\u0165ka korpusu a \u010deln\u00edch ploch 1,8cm Rozm\u011bry: v\u00fd\u0161ka: 90cm \u0161\u00ed\u0159ka: 125cm hloubka: 40cm U borovice jsou letokruhy v\u00fdrazn\u00e9, b\u011blav\u00e1 \u010d\u00e1st je smetanov\u011b b\u00edl\u00e1 a\u017e k okru, j\u00e1dro oran\u017eov\u011b hn\u011bd\u00e9 a\u017e dorezava.\" \/>\n<meta property=\"og:url\" content=\"https:\/\/maderacat.cat\/?product=komoda-3dverova3-zasuvkymasiv-borovice\" \/>\n<meta property=\"og:site_name\" content=\"Madera\" \/>\n<meta property=\"og:image\" content=\"https:\/\/maderacat.cat\/wp-content\/uploads\/2016\/10\/2528-24886.jpg\" \/>\n\t<meta property=\"og:image:width\" content=\"900\" \/>\n\t<meta property=\"og:image:height\" content=\"600\" \/>\n\t<meta property=\"og:image:type\" content=\"image\/jpeg\" \/>\n<meta name=\"twitter:card\" content=\"summary_large_image\" \/>\n<script type=\"application\/ld+json\" class=\"yoast-schema-graph\">{\"@context\":\"https:\/\/schema.org\",\"@graph\":[{\"@type\":\"WebPage\",\"@id\":\"https:\/\/maderacat.cat\/?product=komoda-3dverova3-zasuvkymasiv-borovice\",\"url\":\"https:\/\/maderacat.cat\/?product=komoda-3dverova3-zasuvkymasiv-borovice\",\"name\":\"Komoda 3dve\u0159ov\u00e1+3 z\u00e1suvky,masiv borovice - Madera\",\"isPartOf\":{\"@id\":\"https:\/\/maderacat.cat\/#website\"},\"datePublished\":\"2016-10-09T08:05:09+00:00\",\"dateModified\":\"2016-10-09T08:05:09+00:00\",\"breadcrumb\":{\"@id\":\"https:\/\/maderacat.cat\/?product=komoda-3dverova3-zasuvkymasiv-borovice#breadcrumb\"},\"inLanguage\":\"en-US\",\"potentialAction\":[{\"@type\":\"ReadAction\",\"target\":[\"https:\/\/maderacat.cat\/?product=komoda-3dverova3-zasuvkymasiv-borovice\"]}]},{\"@type\":\"BreadcrumbList\",\"@id\":\"https:\/\/maderacat.cat\/?product=komoda-3dverova3-zasuvkymasiv-borovice#breadcrumb\",\"itemListElement\":[{\"@type\":\"ListItem\",\"position\":1,\"name\":\"Dom\u016f\",\"item\":\"https:\/\/maderacat.cat\/\"},{\"@type\":\"ListItem\",\"position\":2,\"name\":\"Obchod\",\"item\":\"https:\/\/maderacat.cat\/?page_id=270\"},{\"@type\":\"ListItem\",\"position\":3,\"name\":\"Komoda 3dve\u0159ov\u00e1+3 z\u00e1suvky,masiv borovice\"}]},{\"@type\":\"WebSite\",\"@id\":\"https:\/\/maderacat.cat\/#website\",\"url\":\"https:\/\/maderacat.cat\/\",\"name\":\"Madera\",\"description\":\"Bienvenido a la p\u00e1gina web\",\"potentialAction\":[{\"@type\":\"SearchAction\",\"target\":{\"@type\":\"EntryPoint\",\"urlTemplate\":\"https:\/\/maderacat.cat\/?s={search_term_string}\"},\"query-input\":\"required name=search_term_string\"}],\"inLanguage\":\"en-US\"}]}<\/script>\n<!-- \/ Yoast SEO plugin. -->","yoast_head_json":{"title":"Komoda 3dve\u0159ov\u00e1+3 z\u00e1suvky,masiv borovice - Madera","robots":{"index":"index","follow":"follow","max-snippet":"max-snippet:-1","max-image-preview":"max-image-preview:large","max-video-preview":"max-video-preview:-1"},"canonical":"https:\/\/maderacat.cat\/?product=komoda-3dverova3-zasuvkymasiv-borovice","og_locale":"en_US","og_type":"article","og_title":"Komoda 3dve\u0159ov\u00e1+3 z\u00e1suvky,masiv borovice - Madera","og_description":"Komoda B230 Materi\u00e1l: masiv borovice s povrchovou \u00fapravou lak Tlou\u0161\u0165ka korpusu a \u010deln\u00edch ploch 1,8cm Rozm\u011bry: v\u00fd\u0161ka: 90cm \u0161\u00ed\u0159ka: 125cm hloubka: 40cm U borovice jsou letokruhy v\u00fdrazn\u00e9, b\u011blav\u00e1 \u010d\u00e1st je smetanov\u011b b\u00edl\u00e1 a\u017e k okru, j\u00e1dro oran\u017eov\u011b hn\u011bd\u00e9 a\u017e dorezava.","og_url":"https:\/\/maderacat.cat\/?product=komoda-3dverova3-zasuvkymasiv-borovice","og_site_name":"Madera","og_image":[{"width":900,"height":600,"url":"https:\/\/maderacat.cat\/wp-content\/uploads\/2016\/10\/2528-24886.jpg","type":"image\/jpeg"}],"twitter_card":"summary_large_image","schema":{"@context":"https:\/\/schema.org","@graph":[{"@type":"WebPage","@id":"https:\/\/maderacat.cat\/?product=komoda-3dverova3-zasuvkymasiv-borovice","url":"https:\/\/maderacat.cat\/?product=komoda-3dverova3-zasuvkymasiv-borovice","name":"Komoda 3dve\u0159ov\u00e1+3 z\u00e1suvky,masiv borovice - Madera","isPartOf":{"@id":"https:\/\/maderacat.cat\/#website"},"datePublished":"2016-10-09T08:05:09+00:00","dateModified":"2016-10-09T08:05:09+00:00","breadcrumb":{"@id":"https:\/\/maderacat.cat\/?product=komoda-3dverova3-zasuvkymasiv-borovice#breadcrumb"},"inLanguage":"en-US","potentialAction":[{"@type":"ReadAction","target":["https:\/\/maderacat.cat\/?product=komoda-3dverova3-zasuvkymasiv-borovice"]}]},{"@type":"BreadcrumbList","@id":"https:\/\/maderacat.cat\/?product=komoda-3dverova3-zasuvkymasiv-borovice#breadcrumb","itemListElement":[{"@type":"ListItem","position":1,"name":"Dom\u016f","item":"https:\/\/maderacat.cat\/"},{"@type":"ListItem","position":2,"name":"Obchod","item":"https:\/\/maderacat.cat\/?page_id=270"},{"@type":"ListItem","position":3,"name":"Komoda 3dve\u0159ov\u00e1+3 z\u00e1suvky,masiv borovice"}]},{"@type":"WebSite","@id":"https:\/\/maderacat.cat\/#website","url":"https:\/\/maderacat.cat\/","name":"Madera","description":"Bienvenido a la p\u00e1gina web","potentialAction":[{"@type":"SearchAction","target":{"@type":"EntryPoint","urlTemplate":"https:\/\/maderacat.cat\/?s={search_term_string}"},"query-input":"required name=search_term_string"}],"inLanguage":"en-US"}]}},"_links":{"self":[{"href":"https:\/\/maderacat.cat\/index.php?rest_route=\/wp\/v2\/product\/3777"}],"collection":[{"href":"https:\/\/maderacat.cat\/index.php?rest_route=\/wp\/v2\/product"}],"about":[{"href":"https:\/\/maderacat.cat\/index.php?rest_route=\/wp\/v2\/types\/product"}],"replies":[{"embeddable":true,"href":"https:\/\/maderacat.cat\/index.php?rest_route=%2Fwp%2Fv2%2Fcomments&post=3777"}],"wp:featuredmedia":[{"embeddable":true,"href":"https:\/\/maderacat.cat\/index.php?rest_route=\/wp\/v2\/media\/3778"}],"wp:attachment":[{"href":"https:\/\/maderacat.cat\/index.php?rest_route=%2Fwp%2Fv2%2Fmedia&parent=3777"}],"wp:term":[{"taxonomy":"product_cat","embeddable":true,"href":"https:\/\/maderacat.cat\/index.php?rest_route=%2Fwp%2Fv2%2Fproduct_cat&post=3777"},{"taxonomy":"product_tag","embeddable":true,"href":"https:\/\/maderacat.cat\/index.php?rest_route=%2Fwp%2Fv2%2Fproduct_tag&post=3777"}],"curies":[{"name":"wp","href":"https:\/\/api.w.org\/{rel}","templated":true}]}}