{"id":3488,"date":"2016-10-09T08:03:00","date_gmt":"2016-10-09T08:03:00","guid":{"rendered":"http:\/\/maderacat.cat\/produkt\/sedaci-souprava-bondy-9\/"},"modified":"2016-10-09T08:03:00","modified_gmt":"2016-10-09T08:03:00","slug":"sedaci-souprava-bondy-9","status":"publish","type":"product","link":"https:\/\/maderacat.cat\/?product=sedaci-souprava-bondy-9","title":{"rendered":"Sedac\u00ed souprava BONDY"},"content":{"rendered":"<p>Sedac\u00ed souprava BONDY &#8211; celou\u010daloun\u011bn\u00e1.<br \/>\nRozm\u011bry: d\u00e9lka 315cm, hloubka 155\/210cm, v\u00fd\u0161ka 108cm, hloubka sedu 52cm, v\u00fd\u0161ka sedu 46cm<br \/>\nRozklad (spac\u00ed plocha 206x120cm).<br \/>\n\u00dalo\u017en\u00fd prostor.<br \/>\nVlnit\u00e1 pru\u017eina.<\/p>\n","protected":false},"excerpt":{"rendered":"<p>Sedac\u00ed souprava BONDY &#8211; celou\u010daloun\u011bn\u00e1. Rozm\u011bry: d\u00e9lka 315cm, hloubka 155\/210cm, v\u00fd\u0161ka 108cm, hloubka sedu 52cm, v\u00fd\u0161ka sedu 46cm Rozklad (spac\u00ed plocha 206x120cm). \u00dalo\u017en\u00fd prostor. Vlnit\u00e1 pru\u017eina.<\/p>\n","protected":false},"featured_media":3489,"comment_status":"closed","ping_status":"closed","template":"","meta":[],"product_cat":[23],"product_tag":[],"yoast_head":"<!-- This site is optimized with the Yoast SEO plugin v20.12 - https:\/\/yoast.com\/wordpress\/plugins\/seo\/ -->\n<title>Sedac\u00ed souprava BONDY - Madera<\/title>\n<meta name=\"robots\" content=\"index, follow, max-snippet:-1, max-image-preview:large, max-video-preview:-1\" \/>\n<link rel=\"canonical\" href=\"https:\/\/maderacat.cat\/?product=sedaci-souprava-bondy-9\" \/>\n<meta property=\"og:locale\" content=\"en_US\" \/>\n<meta property=\"og:type\" content=\"article\" \/>\n<meta property=\"og:title\" content=\"Sedac\u00ed souprava BONDY - Madera\" \/>\n<meta property=\"og:description\" content=\"Sedac\u00ed souprava BONDY &#8211; celou\u010daloun\u011bn\u00e1. Rozm\u011bry: d\u00e9lka 315cm, hloubka 155\/210cm, v\u00fd\u0161ka 108cm, hloubka sedu 52cm, v\u00fd\u0161ka sedu 46cm Rozklad (spac\u00ed plocha 206x120cm). \u00dalo\u017en\u00fd prostor. Vlnit\u00e1 pru\u017eina.\" \/>\n<meta property=\"og:url\" content=\"https:\/\/maderacat.cat\/?product=sedaci-souprava-bondy-9\" \/>\n<meta property=\"og:site_name\" content=\"Madera\" \/>\n<meta property=\"og:image\" content=\"https:\/\/maderacat.cat\/wp-content\/uploads\/2016\/10\/3100-18483.jpg\" \/>\n\t<meta property=\"og:image:width\" content=\"900\" \/>\n\t<meta property=\"og:image:height\" content=\"600\" \/>\n\t<meta property=\"og:image:type\" content=\"image\/jpeg\" \/>\n<meta name=\"twitter:card\" content=\"summary_large_image\" \/>\n<script type=\"application\/ld+json\" class=\"yoast-schema-graph\">{\"@context\":\"https:\/\/schema.org\",\"@graph\":[{\"@type\":\"WebPage\",\"@id\":\"https:\/\/maderacat.cat\/?product=sedaci-souprava-bondy-9\",\"url\":\"https:\/\/maderacat.cat\/?product=sedaci-souprava-bondy-9\",\"name\":\"Sedac\u00ed souprava BONDY - Madera\",\"isPartOf\":{\"@id\":\"https:\/\/maderacat.cat\/#website\"},\"datePublished\":\"2016-10-09T08:03:00+00:00\",\"dateModified\":\"2016-10-09T08:03:00+00:00\",\"breadcrumb\":{\"@id\":\"https:\/\/maderacat.cat\/?product=sedaci-souprava-bondy-9#breadcrumb\"},\"inLanguage\":\"en-US\",\"potentialAction\":[{\"@type\":\"ReadAction\",\"target\":[\"https:\/\/maderacat.cat\/?product=sedaci-souprava-bondy-9\"]}]},{\"@type\":\"BreadcrumbList\",\"@id\":\"https:\/\/maderacat.cat\/?product=sedaci-souprava-bondy-9#breadcrumb\",\"itemListElement\":[{\"@type\":\"ListItem\",\"position\":1,\"name\":\"Dom\u016f\",\"item\":\"https:\/\/maderacat.cat\/\"},{\"@type\":\"ListItem\",\"position\":2,\"name\":\"Obchod\",\"item\":\"https:\/\/maderacat.cat\/?page_id=270\"},{\"@type\":\"ListItem\",\"position\":3,\"name\":\"Sedac\u00ed souprava BONDY\"}]},{\"@type\":\"WebSite\",\"@id\":\"https:\/\/maderacat.cat\/#website\",\"url\":\"https:\/\/maderacat.cat\/\",\"name\":\"Madera\",\"description\":\"Bienvenido a la p\u00e1gina web\",\"potentialAction\":[{\"@type\":\"SearchAction\",\"target\":{\"@type\":\"EntryPoint\",\"urlTemplate\":\"https:\/\/maderacat.cat\/?s={search_term_string}\"},\"query-input\":\"required name=search_term_string\"}],\"inLanguage\":\"en-US\"}]}<\/script>\n<!-- \/ Yoast SEO plugin. -->","yoast_head_json":{"title":"Sedac\u00ed souprava BONDY - Madera","robots":{"index":"index","follow":"follow","max-snippet":"max-snippet:-1","max-image-preview":"max-image-preview:large","max-video-preview":"max-video-preview:-1"},"canonical":"https:\/\/maderacat.cat\/?product=sedaci-souprava-bondy-9","og_locale":"en_US","og_type":"article","og_title":"Sedac\u00ed souprava BONDY - Madera","og_description":"Sedac\u00ed souprava BONDY &#8211; celou\u010daloun\u011bn\u00e1. Rozm\u011bry: d\u00e9lka 315cm, hloubka 155\/210cm, v\u00fd\u0161ka 108cm, hloubka sedu 52cm, v\u00fd\u0161ka sedu 46cm Rozklad (spac\u00ed plocha 206x120cm). \u00dalo\u017en\u00fd prostor. Vlnit\u00e1 pru\u017eina.","og_url":"https:\/\/maderacat.cat\/?product=sedaci-souprava-bondy-9","og_site_name":"Madera","og_image":[{"width":900,"height":600,"url":"https:\/\/maderacat.cat\/wp-content\/uploads\/2016\/10\/3100-18483.jpg","type":"image\/jpeg"}],"twitter_card":"summary_large_image","schema":{"@context":"https:\/\/schema.org","@graph":[{"@type":"WebPage","@id":"https:\/\/maderacat.cat\/?product=sedaci-souprava-bondy-9","url":"https:\/\/maderacat.cat\/?product=sedaci-souprava-bondy-9","name":"Sedac\u00ed souprava BONDY - Madera","isPartOf":{"@id":"https:\/\/maderacat.cat\/#website"},"datePublished":"2016-10-09T08:03:00+00:00","dateModified":"2016-10-09T08:03:00+00:00","breadcrumb":{"@id":"https:\/\/maderacat.cat\/?product=sedaci-souprava-bondy-9#breadcrumb"},"inLanguage":"en-US","potentialAction":[{"@type":"ReadAction","target":["https:\/\/maderacat.cat\/?product=sedaci-souprava-bondy-9"]}]},{"@type":"BreadcrumbList","@id":"https:\/\/maderacat.cat\/?product=sedaci-souprava-bondy-9#breadcrumb","itemListElement":[{"@type":"ListItem","position":1,"name":"Dom\u016f","item":"https:\/\/maderacat.cat\/"},{"@type":"ListItem","position":2,"name":"Obchod","item":"https:\/\/maderacat.cat\/?page_id=270"},{"@type":"ListItem","position":3,"name":"Sedac\u00ed souprava BONDY"}]},{"@type":"WebSite","@id":"https:\/\/maderacat.cat\/#website","url":"https:\/\/maderacat.cat\/","name":"Madera","description":"Bienvenido a la p\u00e1gina web","potentialAction":[{"@type":"SearchAction","target":{"@type":"EntryPoint","urlTemplate":"https:\/\/maderacat.cat\/?s={search_term_string}"},"query-input":"required name=search_term_string"}],"inLanguage":"en-US"}]}},"_links":{"self":[{"href":"https:\/\/maderacat.cat\/index.php?rest_route=\/wp\/v2\/product\/3488"}],"collection":[{"href":"https:\/\/maderacat.cat\/index.php?rest_route=\/wp\/v2\/product"}],"about":[{"href":"https:\/\/maderacat.cat\/index.php?rest_route=\/wp\/v2\/types\/product"}],"replies":[{"embeddable":true,"href":"https:\/\/maderacat.cat\/index.php?rest_route=%2Fwp%2Fv2%2Fcomments&post=3488"}],"wp:featuredmedia":[{"embeddable":true,"href":"https:\/\/maderacat.cat\/index.php?rest_route=\/wp\/v2\/media\/3489"}],"wp:attachment":[{"href":"https:\/\/maderacat.cat\/index.php?rest_route=%2Fwp%2Fv2%2Fmedia&parent=3488"}],"wp:term":[{"taxonomy":"product_cat","embeddable":true,"href":"https:\/\/maderacat.cat\/index.php?rest_route=%2Fwp%2Fv2%2Fproduct_cat&post=3488"},{"taxonomy":"product_tag","embeddable":true,"href":"https:\/\/maderacat.cat\/index.php?rest_route=%2Fwp%2Fv2%2Fproduct_tag&post=3488"}],"curies":[{"name":"wp","href":"https:\/\/api.w.org\/{rel}","templated":true}]}}