{"id":3476,"date":"2016-10-09T08:03:00","date_gmt":"2016-10-09T08:03:00","guid":{"rendered":"http:\/\/maderacat.cat\/produkt\/dvojkreslo-rozkladaci-antony\/"},"modified":"2016-10-09T08:03:00","modified_gmt":"2016-10-09T08:03:00","slug":"dvojkreslo-rozkladaci-antony","status":"publish","type":"product","link":"https:\/\/maderacat.cat\/?product=dvojkreslo-rozkladaci-antony","title":{"rendered":"Dvojk\u0159eslo rozkl\u00e1dac\u00ed ANTONY"},"content":{"rendered":"<p>Dvojk\u0159eslo ANTONY &#8211; celou\u010daloun\u011bn\u00e9.<br \/>\nRozm\u011bry: d\u00e9lka 162cm, hloubka 94cm, v\u00fd\u0161ka 95cm, hloubka sedu 54cm, v\u00fd\u0161ka sedu 46cm.<br \/>\nRozklad (spac\u00ed plocha 190x110cm).<br \/>\nVlnit\u00e1 a bonelov\u00e1 pru\u017eina.<br \/>\n D\u0159ev\u011bn\u00e9 no\u017eky a zdoben\u00ed na boc\u00edch.<br \/>\n\u00a0<br \/>\n\u00a0<\/p>\n","protected":false},"excerpt":{"rendered":"<p>Dvojk\u0159eslo ANTONY &#8211; celou\u010daloun\u011bn\u00e9. Rozm\u011bry: d\u00e9lka 162cm, hloubka 94cm, v\u00fd\u0161ka 95cm, hloubka sedu 54cm, v\u00fd\u0161ka sedu 46cm. Rozklad (spac\u00ed plocha 190x110cm). Vlnit\u00e1 a bonelov\u00e1 pru\u017eina. D\u0159ev\u011bn\u00e9 no\u017eky a zdoben\u00ed na boc\u00edch. \u00a0 \u00a0<\/p>\n","protected":false},"featured_media":3477,"comment_status":"closed","ping_status":"closed","template":"","meta":[],"product_cat":[23],"product_tag":[],"yoast_head":"<!-- This site is optimized with the Yoast SEO plugin v20.12 - https:\/\/yoast.com\/wordpress\/plugins\/seo\/ -->\n<title>Dvojk\u0159eslo rozkl\u00e1dac\u00ed ANTONY - Madera<\/title>\n<meta name=\"robots\" content=\"index, follow, max-snippet:-1, max-image-preview:large, max-video-preview:-1\" \/>\n<link rel=\"canonical\" href=\"https:\/\/maderacat.cat\/?product=dvojkreslo-rozkladaci-antony\" \/>\n<meta property=\"og:locale\" content=\"en_US\" \/>\n<meta property=\"og:type\" content=\"article\" \/>\n<meta property=\"og:title\" content=\"Dvojk\u0159eslo rozkl\u00e1dac\u00ed ANTONY - Madera\" \/>\n<meta property=\"og:description\" content=\"Dvojk\u0159eslo ANTONY &#8211; celou\u010daloun\u011bn\u00e9. Rozm\u011bry: d\u00e9lka 162cm, hloubka 94cm, v\u00fd\u0161ka 95cm, hloubka sedu 54cm, v\u00fd\u0161ka sedu 46cm. Rozklad (spac\u00ed plocha 190x110cm). Vlnit\u00e1 a bonelov\u00e1 pru\u017eina. D\u0159ev\u011bn\u00e9 no\u017eky a zdoben\u00ed na boc\u00edch. \u00a0 \u00a0\" \/>\n<meta property=\"og:url\" content=\"https:\/\/maderacat.cat\/?product=dvojkreslo-rozkladaci-antony\" \/>\n<meta property=\"og:site_name\" content=\"Madera\" \/>\n<meta property=\"og:image\" content=\"https:\/\/maderacat.cat\/wp-content\/uploads\/2016\/10\/3125-18509.jpg\" \/>\n\t<meta property=\"og:image:width\" content=\"900\" \/>\n\t<meta property=\"og:image:height\" content=\"600\" \/>\n\t<meta property=\"og:image:type\" content=\"image\/jpeg\" \/>\n<meta name=\"twitter:card\" content=\"summary_large_image\" \/>\n<script type=\"application\/ld+json\" class=\"yoast-schema-graph\">{\"@context\":\"https:\/\/schema.org\",\"@graph\":[{\"@type\":\"WebPage\",\"@id\":\"https:\/\/maderacat.cat\/?product=dvojkreslo-rozkladaci-antony\",\"url\":\"https:\/\/maderacat.cat\/?product=dvojkreslo-rozkladaci-antony\",\"name\":\"Dvojk\u0159eslo rozkl\u00e1dac\u00ed ANTONY - Madera\",\"isPartOf\":{\"@id\":\"https:\/\/maderacat.cat\/#website\"},\"datePublished\":\"2016-10-09T08:03:00+00:00\",\"dateModified\":\"2016-10-09T08:03:00+00:00\",\"breadcrumb\":{\"@id\":\"https:\/\/maderacat.cat\/?product=dvojkreslo-rozkladaci-antony#breadcrumb\"},\"inLanguage\":\"en-US\",\"potentialAction\":[{\"@type\":\"ReadAction\",\"target\":[\"https:\/\/maderacat.cat\/?product=dvojkreslo-rozkladaci-antony\"]}]},{\"@type\":\"BreadcrumbList\",\"@id\":\"https:\/\/maderacat.cat\/?product=dvojkreslo-rozkladaci-antony#breadcrumb\",\"itemListElement\":[{\"@type\":\"ListItem\",\"position\":1,\"name\":\"Dom\u016f\",\"item\":\"https:\/\/maderacat.cat\/\"},{\"@type\":\"ListItem\",\"position\":2,\"name\":\"Obchod\",\"item\":\"https:\/\/maderacat.cat\/?page_id=270\"},{\"@type\":\"ListItem\",\"position\":3,\"name\":\"Dvojk\u0159eslo rozkl\u00e1dac\u00ed ANTONY\"}]},{\"@type\":\"WebSite\",\"@id\":\"https:\/\/maderacat.cat\/#website\",\"url\":\"https:\/\/maderacat.cat\/\",\"name\":\"Madera\",\"description\":\"Bienvenido a la p\u00e1gina web\",\"potentialAction\":[{\"@type\":\"SearchAction\",\"target\":{\"@type\":\"EntryPoint\",\"urlTemplate\":\"https:\/\/maderacat.cat\/?s={search_term_string}\"},\"query-input\":\"required name=search_term_string\"}],\"inLanguage\":\"en-US\"}]}<\/script>\n<!-- \/ Yoast SEO plugin. -->","yoast_head_json":{"title":"Dvojk\u0159eslo rozkl\u00e1dac\u00ed ANTONY - Madera","robots":{"index":"index","follow":"follow","max-snippet":"max-snippet:-1","max-image-preview":"max-image-preview:large","max-video-preview":"max-video-preview:-1"},"canonical":"https:\/\/maderacat.cat\/?product=dvojkreslo-rozkladaci-antony","og_locale":"en_US","og_type":"article","og_title":"Dvojk\u0159eslo rozkl\u00e1dac\u00ed ANTONY - Madera","og_description":"Dvojk\u0159eslo ANTONY &#8211; celou\u010daloun\u011bn\u00e9. Rozm\u011bry: d\u00e9lka 162cm, hloubka 94cm, v\u00fd\u0161ka 95cm, hloubka sedu 54cm, v\u00fd\u0161ka sedu 46cm. Rozklad (spac\u00ed plocha 190x110cm). Vlnit\u00e1 a bonelov\u00e1 pru\u017eina. D\u0159ev\u011bn\u00e9 no\u017eky a zdoben\u00ed na boc\u00edch. \u00a0 \u00a0","og_url":"https:\/\/maderacat.cat\/?product=dvojkreslo-rozkladaci-antony","og_site_name":"Madera","og_image":[{"width":900,"height":600,"url":"https:\/\/maderacat.cat\/wp-content\/uploads\/2016\/10\/3125-18509.jpg","type":"image\/jpeg"}],"twitter_card":"summary_large_image","schema":{"@context":"https:\/\/schema.org","@graph":[{"@type":"WebPage","@id":"https:\/\/maderacat.cat\/?product=dvojkreslo-rozkladaci-antony","url":"https:\/\/maderacat.cat\/?product=dvojkreslo-rozkladaci-antony","name":"Dvojk\u0159eslo rozkl\u00e1dac\u00ed ANTONY - Madera","isPartOf":{"@id":"https:\/\/maderacat.cat\/#website"},"datePublished":"2016-10-09T08:03:00+00:00","dateModified":"2016-10-09T08:03:00+00:00","breadcrumb":{"@id":"https:\/\/maderacat.cat\/?product=dvojkreslo-rozkladaci-antony#breadcrumb"},"inLanguage":"en-US","potentialAction":[{"@type":"ReadAction","target":["https:\/\/maderacat.cat\/?product=dvojkreslo-rozkladaci-antony"]}]},{"@type":"BreadcrumbList","@id":"https:\/\/maderacat.cat\/?product=dvojkreslo-rozkladaci-antony#breadcrumb","itemListElement":[{"@type":"ListItem","position":1,"name":"Dom\u016f","item":"https:\/\/maderacat.cat\/"},{"@type":"ListItem","position":2,"name":"Obchod","item":"https:\/\/maderacat.cat\/?page_id=270"},{"@type":"ListItem","position":3,"name":"Dvojk\u0159eslo rozkl\u00e1dac\u00ed ANTONY"}]},{"@type":"WebSite","@id":"https:\/\/maderacat.cat\/#website","url":"https:\/\/maderacat.cat\/","name":"Madera","description":"Bienvenido a la p\u00e1gina web","potentialAction":[{"@type":"SearchAction","target":{"@type":"EntryPoint","urlTemplate":"https:\/\/maderacat.cat\/?s={search_term_string}"},"query-input":"required name=search_term_string"}],"inLanguage":"en-US"}]}},"_links":{"self":[{"href":"https:\/\/maderacat.cat\/index.php?rest_route=\/wp\/v2\/product\/3476"}],"collection":[{"href":"https:\/\/maderacat.cat\/index.php?rest_route=\/wp\/v2\/product"}],"about":[{"href":"https:\/\/maderacat.cat\/index.php?rest_route=\/wp\/v2\/types\/product"}],"replies":[{"embeddable":true,"href":"https:\/\/maderacat.cat\/index.php?rest_route=%2Fwp%2Fv2%2Fcomments&post=3476"}],"wp:featuredmedia":[{"embeddable":true,"href":"https:\/\/maderacat.cat\/index.php?rest_route=\/wp\/v2\/media\/3477"}],"wp:attachment":[{"href":"https:\/\/maderacat.cat\/index.php?rest_route=%2Fwp%2Fv2%2Fmedia&parent=3476"}],"wp:term":[{"taxonomy":"product_cat","embeddable":true,"href":"https:\/\/maderacat.cat\/index.php?rest_route=%2Fwp%2Fv2%2Fproduct_cat&post=3476"},{"taxonomy":"product_tag","embeddable":true,"href":"https:\/\/maderacat.cat\/index.php?rest_route=%2Fwp%2Fv2%2Fproduct_tag&post=3476"}],"curies":[{"name":"wp","href":"https:\/\/api.w.org\/{rel}","templated":true}]}}