{"id":3407,"date":"2016-10-09T08:02:21","date_gmt":"2016-10-09T08:02:21","guid":{"rendered":"http:\/\/maderacat.cat\/produkt\/prehoz-estrella-240x260cm-cream\/"},"modified":"2016-10-09T08:02:21","modified_gmt":"2016-10-09T08:02:21","slug":"prehoz-estrella-240x260cm-cream","status":"publish","type":"product","link":"https:\/\/maderacat.cat\/?product=prehoz-estrella-240x260cm-cream","title":{"rendered":"P\u0159ehoz ESTRELLA 240x260cm cream"},"content":{"rendered":"<p>P\u0159ehoz ESTRELLA F05 oboustrann\u00fd<br \/>\np\u0159ehoz rozm\u011br: \u0161\u00ed\u0159ka 260cm, d\u00e9lka 240cm slo\u017een\u00ed: 50%polypropylen, 50%polyester<\/p>\n","protected":false},"excerpt":{"rendered":"<p>P\u0159ehoz ESTRELLA F05 oboustrann\u00fd p\u0159ehoz rozm\u011br: \u0161\u00ed\u0159ka 260cm, d\u00e9lka 240cm slo\u017een\u00ed: 50%polypropylen, 50%polyester<\/p>\n","protected":false},"featured_media":2968,"comment_status":"closed","ping_status":"closed","template":"","meta":[],"product_cat":[30],"product_tag":[],"yoast_head":"<!-- This site is optimized with the Yoast SEO plugin v20.12 - https:\/\/yoast.com\/wordpress\/plugins\/seo\/ -->\n<title>P\u0159ehoz ESTRELLA 240x260cm cream - Madera<\/title>\n<meta name=\"robots\" content=\"index, follow, max-snippet:-1, max-image-preview:large, max-video-preview:-1\" \/>\n<link rel=\"canonical\" href=\"https:\/\/maderacat.cat\/?product=prehoz-estrella-240x260cm-cream\" \/>\n<meta property=\"og:locale\" content=\"en_US\" \/>\n<meta property=\"og:type\" content=\"article\" \/>\n<meta property=\"og:title\" content=\"P\u0159ehoz ESTRELLA 240x260cm cream - Madera\" \/>\n<meta property=\"og:description\" content=\"P\u0159ehoz ESTRELLA F05 oboustrann\u00fd p\u0159ehoz rozm\u011br: \u0161\u00ed\u0159ka 260cm, d\u00e9lka 240cm slo\u017een\u00ed: 50%polypropylen, 50%polyester\" \/>\n<meta property=\"og:url\" content=\"https:\/\/maderacat.cat\/?product=prehoz-estrella-240x260cm-cream\" \/>\n<meta property=\"og:site_name\" content=\"Madera\" \/>\n<meta property=\"og:image\" content=\"https:\/\/maderacat.cat\/wp-content\/uploads\/2016\/10\/3576-23643.jpg\" \/>\n\t<meta property=\"og:image:width\" content=\"900\" \/>\n\t<meta property=\"og:image:height\" content=\"600\" \/>\n\t<meta property=\"og:image:type\" content=\"image\/jpeg\" \/>\n<meta name=\"twitter:card\" content=\"summary_large_image\" \/>\n<script type=\"application\/ld+json\" class=\"yoast-schema-graph\">{\"@context\":\"https:\/\/schema.org\",\"@graph\":[{\"@type\":\"WebPage\",\"@id\":\"https:\/\/maderacat.cat\/?product=prehoz-estrella-240x260cm-cream\",\"url\":\"https:\/\/maderacat.cat\/?product=prehoz-estrella-240x260cm-cream\",\"name\":\"P\u0159ehoz ESTRELLA 240x260cm cream - Madera\",\"isPartOf\":{\"@id\":\"https:\/\/maderacat.cat\/#website\"},\"datePublished\":\"2016-10-09T08:02:21+00:00\",\"dateModified\":\"2016-10-09T08:02:21+00:00\",\"breadcrumb\":{\"@id\":\"https:\/\/maderacat.cat\/?product=prehoz-estrella-240x260cm-cream#breadcrumb\"},\"inLanguage\":\"en-US\",\"potentialAction\":[{\"@type\":\"ReadAction\",\"target\":[\"https:\/\/maderacat.cat\/?product=prehoz-estrella-240x260cm-cream\"]}]},{\"@type\":\"BreadcrumbList\",\"@id\":\"https:\/\/maderacat.cat\/?product=prehoz-estrella-240x260cm-cream#breadcrumb\",\"itemListElement\":[{\"@type\":\"ListItem\",\"position\":1,\"name\":\"Dom\u016f\",\"item\":\"https:\/\/maderacat.cat\/\"},{\"@type\":\"ListItem\",\"position\":2,\"name\":\"Obchod\",\"item\":\"https:\/\/maderacat.cat\/?page_id=270\"},{\"@type\":\"ListItem\",\"position\":3,\"name\":\"P\u0159ehoz ESTRELLA 240x260cm cream\"}]},{\"@type\":\"WebSite\",\"@id\":\"https:\/\/maderacat.cat\/#website\",\"url\":\"https:\/\/maderacat.cat\/\",\"name\":\"Madera\",\"description\":\"Bienvenido a la p\u00e1gina web\",\"potentialAction\":[{\"@type\":\"SearchAction\",\"target\":{\"@type\":\"EntryPoint\",\"urlTemplate\":\"https:\/\/maderacat.cat\/?s={search_term_string}\"},\"query-input\":\"required name=search_term_string\"}],\"inLanguage\":\"en-US\"}]}<\/script>\n<!-- \/ Yoast SEO plugin. -->","yoast_head_json":{"title":"P\u0159ehoz ESTRELLA 240x260cm cream - Madera","robots":{"index":"index","follow":"follow","max-snippet":"max-snippet:-1","max-image-preview":"max-image-preview:large","max-video-preview":"max-video-preview:-1"},"canonical":"https:\/\/maderacat.cat\/?product=prehoz-estrella-240x260cm-cream","og_locale":"en_US","og_type":"article","og_title":"P\u0159ehoz ESTRELLA 240x260cm cream - Madera","og_description":"P\u0159ehoz ESTRELLA F05 oboustrann\u00fd p\u0159ehoz rozm\u011br: \u0161\u00ed\u0159ka 260cm, d\u00e9lka 240cm slo\u017een\u00ed: 50%polypropylen, 50%polyester","og_url":"https:\/\/maderacat.cat\/?product=prehoz-estrella-240x260cm-cream","og_site_name":"Madera","og_image":[{"width":900,"height":600,"url":"https:\/\/maderacat.cat\/wp-content\/uploads\/2016\/10\/3576-23643.jpg","type":"image\/jpeg"}],"twitter_card":"summary_large_image","schema":{"@context":"https:\/\/schema.org","@graph":[{"@type":"WebPage","@id":"https:\/\/maderacat.cat\/?product=prehoz-estrella-240x260cm-cream","url":"https:\/\/maderacat.cat\/?product=prehoz-estrella-240x260cm-cream","name":"P\u0159ehoz ESTRELLA 240x260cm cream - Madera","isPartOf":{"@id":"https:\/\/maderacat.cat\/#website"},"datePublished":"2016-10-09T08:02:21+00:00","dateModified":"2016-10-09T08:02:21+00:00","breadcrumb":{"@id":"https:\/\/maderacat.cat\/?product=prehoz-estrella-240x260cm-cream#breadcrumb"},"inLanguage":"en-US","potentialAction":[{"@type":"ReadAction","target":["https:\/\/maderacat.cat\/?product=prehoz-estrella-240x260cm-cream"]}]},{"@type":"BreadcrumbList","@id":"https:\/\/maderacat.cat\/?product=prehoz-estrella-240x260cm-cream#breadcrumb","itemListElement":[{"@type":"ListItem","position":1,"name":"Dom\u016f","item":"https:\/\/maderacat.cat\/"},{"@type":"ListItem","position":2,"name":"Obchod","item":"https:\/\/maderacat.cat\/?page_id=270"},{"@type":"ListItem","position":3,"name":"P\u0159ehoz ESTRELLA 240x260cm cream"}]},{"@type":"WebSite","@id":"https:\/\/maderacat.cat\/#website","url":"https:\/\/maderacat.cat\/","name":"Madera","description":"Bienvenido a la p\u00e1gina web","potentialAction":[{"@type":"SearchAction","target":{"@type":"EntryPoint","urlTemplate":"https:\/\/maderacat.cat\/?s={search_term_string}"},"query-input":"required name=search_term_string"}],"inLanguage":"en-US"}]}},"_links":{"self":[{"href":"https:\/\/maderacat.cat\/index.php?rest_route=\/wp\/v2\/product\/3407"}],"collection":[{"href":"https:\/\/maderacat.cat\/index.php?rest_route=\/wp\/v2\/product"}],"about":[{"href":"https:\/\/maderacat.cat\/index.php?rest_route=\/wp\/v2\/types\/product"}],"replies":[{"embeddable":true,"href":"https:\/\/maderacat.cat\/index.php?rest_route=%2Fwp%2Fv2%2Fcomments&post=3407"}],"wp:featuredmedia":[{"embeddable":true,"href":"https:\/\/maderacat.cat\/index.php?rest_route=\/wp\/v2\/media\/2968"}],"wp:attachment":[{"href":"https:\/\/maderacat.cat\/index.php?rest_route=%2Fwp%2Fv2%2Fmedia&parent=3407"}],"wp:term":[{"taxonomy":"product_cat","embeddable":true,"href":"https:\/\/maderacat.cat\/index.php?rest_route=%2Fwp%2Fv2%2Fproduct_cat&post=3407"},{"taxonomy":"product_tag","embeddable":true,"href":"https:\/\/maderacat.cat\/index.php?rest_route=%2Fwp%2Fv2%2Fproduct_tag&post=3407"}],"curies":[{"name":"wp","href":"https:\/\/api.w.org\/{rel}","templated":true}]}}