{"id":3395,"date":"2016-10-09T08:02:21","date_gmt":"2016-10-09T08:02:21","guid":{"rendered":"http:\/\/maderacat.cat\/produkt\/postel190x206cm-nela-buk\/"},"modified":"2016-10-09T08:02:21","modified_gmt":"2016-10-09T08:02:21","slug":"postel190x206cm-nela-buk","status":"publish","type":"product","link":"https:\/\/maderacat.cat\/?product=postel190x206cm-nela-buk","title":{"rendered":"Postel190x206cm, NELA ? buk"},"content":{"rendered":"<p>Postel B\u011aLA 190\/206cm<br \/>\nRozm\u011br postele: v\u00fd\u0161ka 85\/42cm, \u0161\u00ed\u0159ka 190cm, d\u00e9lka 206cm Postel pro rozm\u011br matrace 2x90x200cm<br \/>\nNosnost postele je 240kg<br \/>\n Materi\u00e1l masiv buk. Tlou\u0161\u0165ka korpusu 2,5cm, tlou\u0161\u0165ka \u010deln\u00edch ploch 3cm.<br \/>\nPostel se vyr\u00e1b\u00ed v p\u0159\u00edrodn\u00edm proveden\u00ed, lze ji v\u0161ak i mo\u0159it. Tato bukov\u00e1 postel p\u016fsob\u00ed velmi exkluzivn\u011b.<br \/>\nPostel je vhodn\u00e1 na vysok\u00e9 matrace, je opat\u0159ena v\u00fd\u0161kov\u011b nastaveteln\u00fdm kov\u00e1n\u00edm.<br \/>\nV\u00fd\u0161ka ro\u0161t\u016f lze tak nastvit do 4 poloh.<br \/>\nPostel vhodn\u00e1 pouze pro ro\u0161t v r\u00e1mu (la\u0165kov\u00fd nebo lamelov\u00fd). \u00a0Ro\u0161t nen\u00ed sou\u010d\u00e1st\u00ed postele.??<\/p>\n","protected":false},"excerpt":{"rendered":"<p>Postel B\u011aLA 190\/206cm Rozm\u011br postele: v\u00fd\u0161ka 85\/42cm, \u0161\u00ed\u0159ka 190cm, d\u00e9lka 206cm Postel pro rozm\u011br matrace 2x90x200cm Nosnost postele je 240kg Materi\u00e1l masiv buk. Tlou\u0161\u0165ka korpusu 2,5cm, tlou\u0161\u0165ka \u010deln\u00edch ploch 3cm. Postel se vyr\u00e1b\u00ed v p\u0159\u00edrodn\u00edm proveden\u00ed, lze ji v\u0161ak i mo\u0159it. Tato bukov\u00e1 postel p\u016fsob\u00ed velmi exkluzivn\u011b. Postel je vhodn\u00e1 na vysok\u00e9 matrace, je opat\u0159ena<\/p>\n","protected":false},"featured_media":2956,"comment_status":"closed","ping_status":"closed","template":"","meta":[],"product_cat":[12],"product_tag":[],"yoast_head":"<!-- This site is optimized with the Yoast SEO plugin v20.12 - https:\/\/yoast.com\/wordpress\/plugins\/seo\/ -->\n<title>Postel190x206cm, NELA ? buk - Madera<\/title>\n<meta name=\"robots\" content=\"index, follow, max-snippet:-1, max-image-preview:large, max-video-preview:-1\" \/>\n<link rel=\"canonical\" href=\"https:\/\/maderacat.cat\/?product=postel190x206cm-nela-buk\" \/>\n<meta property=\"og:locale\" content=\"en_US\" \/>\n<meta property=\"og:type\" content=\"article\" \/>\n<meta property=\"og:title\" content=\"Postel190x206cm, NELA ? buk - Madera\" \/>\n<meta property=\"og:description\" content=\"Postel B\u011aLA 190\/206cm Rozm\u011br postele: v\u00fd\u0161ka 85\/42cm, \u0161\u00ed\u0159ka 190cm, d\u00e9lka 206cm Postel pro rozm\u011br matrace 2x90x200cm Nosnost postele je 240kg Materi\u00e1l masiv buk. Tlou\u0161\u0165ka korpusu 2,5cm, tlou\u0161\u0165ka \u010deln\u00edch ploch 3cm. Postel se vyr\u00e1b\u00ed v p\u0159\u00edrodn\u00edm proveden\u00ed, lze ji v\u0161ak i mo\u0159it. Tato bukov\u00e1 postel p\u016fsob\u00ed velmi exkluzivn\u011b. Postel je vhodn\u00e1 na vysok\u00e9 matrace, je opat\u0159ena\" \/>\n<meta property=\"og:url\" content=\"https:\/\/maderacat.cat\/?product=postel190x206cm-nela-buk\" \/>\n<meta property=\"og:site_name\" content=\"Madera\" \/>\n<meta property=\"og:image\" content=\"https:\/\/maderacat.cat\/wp-content\/uploads\/2016\/10\/3595-27026.jpg\" \/>\n\t<meta property=\"og:image:width\" content=\"900\" \/>\n\t<meta property=\"og:image:height\" content=\"600\" \/>\n\t<meta property=\"og:image:type\" content=\"image\/jpeg\" \/>\n<meta name=\"twitter:card\" content=\"summary_large_image\" \/>\n<meta name=\"twitter:label1\" content=\"Est. reading time\" \/>\n\t<meta name=\"twitter:data1\" content=\"1 minute\" \/>\n<script type=\"application\/ld+json\" class=\"yoast-schema-graph\">{\"@context\":\"https:\/\/schema.org\",\"@graph\":[{\"@type\":\"WebPage\",\"@id\":\"https:\/\/maderacat.cat\/?product=postel190x206cm-nela-buk\",\"url\":\"https:\/\/maderacat.cat\/?product=postel190x206cm-nela-buk\",\"name\":\"Postel190x206cm, NELA ? buk - Madera\",\"isPartOf\":{\"@id\":\"https:\/\/maderacat.cat\/#website\"},\"datePublished\":\"2016-10-09T08:02:21+00:00\",\"dateModified\":\"2016-10-09T08:02:21+00:00\",\"breadcrumb\":{\"@id\":\"https:\/\/maderacat.cat\/?product=postel190x206cm-nela-buk#breadcrumb\"},\"inLanguage\":\"en-US\",\"potentialAction\":[{\"@type\":\"ReadAction\",\"target\":[\"https:\/\/maderacat.cat\/?product=postel190x206cm-nela-buk\"]}]},{\"@type\":\"BreadcrumbList\",\"@id\":\"https:\/\/maderacat.cat\/?product=postel190x206cm-nela-buk#breadcrumb\",\"itemListElement\":[{\"@type\":\"ListItem\",\"position\":1,\"name\":\"Dom\u016f\",\"item\":\"https:\/\/maderacat.cat\/\"},{\"@type\":\"ListItem\",\"position\":2,\"name\":\"Obchod\",\"item\":\"https:\/\/maderacat.cat\/?page_id=270\"},{\"@type\":\"ListItem\",\"position\":3,\"name\":\"Postel190x206cm, NELA ? buk\"}]},{\"@type\":\"WebSite\",\"@id\":\"https:\/\/maderacat.cat\/#website\",\"url\":\"https:\/\/maderacat.cat\/\",\"name\":\"Madera\",\"description\":\"Bienvenido a la p\u00e1gina web\",\"potentialAction\":[{\"@type\":\"SearchAction\",\"target\":{\"@type\":\"EntryPoint\",\"urlTemplate\":\"https:\/\/maderacat.cat\/?s={search_term_string}\"},\"query-input\":\"required name=search_term_string\"}],\"inLanguage\":\"en-US\"}]}<\/script>\n<!-- \/ Yoast SEO plugin. -->","yoast_head_json":{"title":"Postel190x206cm, NELA ? buk - Madera","robots":{"index":"index","follow":"follow","max-snippet":"max-snippet:-1","max-image-preview":"max-image-preview:large","max-video-preview":"max-video-preview:-1"},"canonical":"https:\/\/maderacat.cat\/?product=postel190x206cm-nela-buk","og_locale":"en_US","og_type":"article","og_title":"Postel190x206cm, NELA ? buk - Madera","og_description":"Postel B\u011aLA 190\/206cm Rozm\u011br postele: v\u00fd\u0161ka 85\/42cm, \u0161\u00ed\u0159ka 190cm, d\u00e9lka 206cm Postel pro rozm\u011br matrace 2x90x200cm Nosnost postele je 240kg Materi\u00e1l masiv buk. Tlou\u0161\u0165ka korpusu 2,5cm, tlou\u0161\u0165ka \u010deln\u00edch ploch 3cm. Postel se vyr\u00e1b\u00ed v p\u0159\u00edrodn\u00edm proveden\u00ed, lze ji v\u0161ak i mo\u0159it. Tato bukov\u00e1 postel p\u016fsob\u00ed velmi exkluzivn\u011b. Postel je vhodn\u00e1 na vysok\u00e9 matrace, je opat\u0159ena","og_url":"https:\/\/maderacat.cat\/?product=postel190x206cm-nela-buk","og_site_name":"Madera","og_image":[{"width":900,"height":600,"url":"https:\/\/maderacat.cat\/wp-content\/uploads\/2016\/10\/3595-27026.jpg","type":"image\/jpeg"}],"twitter_card":"summary_large_image","twitter_misc":{"Est. reading time":"1 minute"},"schema":{"@context":"https:\/\/schema.org","@graph":[{"@type":"WebPage","@id":"https:\/\/maderacat.cat\/?product=postel190x206cm-nela-buk","url":"https:\/\/maderacat.cat\/?product=postel190x206cm-nela-buk","name":"Postel190x206cm, NELA ? buk - Madera","isPartOf":{"@id":"https:\/\/maderacat.cat\/#website"},"datePublished":"2016-10-09T08:02:21+00:00","dateModified":"2016-10-09T08:02:21+00:00","breadcrumb":{"@id":"https:\/\/maderacat.cat\/?product=postel190x206cm-nela-buk#breadcrumb"},"inLanguage":"en-US","potentialAction":[{"@type":"ReadAction","target":["https:\/\/maderacat.cat\/?product=postel190x206cm-nela-buk"]}]},{"@type":"BreadcrumbList","@id":"https:\/\/maderacat.cat\/?product=postel190x206cm-nela-buk#breadcrumb","itemListElement":[{"@type":"ListItem","position":1,"name":"Dom\u016f","item":"https:\/\/maderacat.cat\/"},{"@type":"ListItem","position":2,"name":"Obchod","item":"https:\/\/maderacat.cat\/?page_id=270"},{"@type":"ListItem","position":3,"name":"Postel190x206cm, NELA ? buk"}]},{"@type":"WebSite","@id":"https:\/\/maderacat.cat\/#website","url":"https:\/\/maderacat.cat\/","name":"Madera","description":"Bienvenido a la p\u00e1gina web","potentialAction":[{"@type":"SearchAction","target":{"@type":"EntryPoint","urlTemplate":"https:\/\/maderacat.cat\/?s={search_term_string}"},"query-input":"required name=search_term_string"}],"inLanguage":"en-US"}]}},"_links":{"self":[{"href":"https:\/\/maderacat.cat\/index.php?rest_route=\/wp\/v2\/product\/3395"}],"collection":[{"href":"https:\/\/maderacat.cat\/index.php?rest_route=\/wp\/v2\/product"}],"about":[{"href":"https:\/\/maderacat.cat\/index.php?rest_route=\/wp\/v2\/types\/product"}],"replies":[{"embeddable":true,"href":"https:\/\/maderacat.cat\/index.php?rest_route=%2Fwp%2Fv2%2Fcomments&post=3395"}],"wp:featuredmedia":[{"embeddable":true,"href":"https:\/\/maderacat.cat\/index.php?rest_route=\/wp\/v2\/media\/2956"}],"wp:attachment":[{"href":"https:\/\/maderacat.cat\/index.php?rest_route=%2Fwp%2Fv2%2Fmedia&parent=3395"}],"wp:term":[{"taxonomy":"product_cat","embeddable":true,"href":"https:\/\/maderacat.cat\/index.php?rest_route=%2Fwp%2Fv2%2Fproduct_cat&post=3395"},{"taxonomy":"product_tag","embeddable":true,"href":"https:\/\/maderacat.cat\/index.php?rest_route=%2Fwp%2Fv2%2Fproduct_tag&post=3395"}],"curies":[{"name":"wp","href":"https:\/\/api.w.org\/{rel}","templated":true}]}}