{"id":3300,"date":"2016-10-09T08:01:30","date_gmt":"2016-10-09T08:01:30","guid":{"rendered":"http:\/\/maderacat.cat\/produkt\/vak-07-candy\/"},"modified":"2016-10-09T08:01:30","modified_gmt":"2016-10-09T08:01:30","slug":"vak-07-candy","status":"publish","type":"product","link":"https:\/\/maderacat.cat\/?product=vak-07-candy","title":{"rendered":"Vak 07 Candy"},"content":{"rendered":"<p>Sedac\u00ed vak pln\u011bn\u00fd kuli\u010dkami b\u00edl\u00e9ho polystyr\u00e9nu EPS 100.<br \/>\n\u00a0<br \/>\n\u0161.80 x\u00a0 v.100 cm<br \/>\n?<\/p>\n","protected":false},"excerpt":{"rendered":"<p>Sedac\u00ed vak pln\u011bn\u00fd kuli\u010dkami b\u00edl\u00e9ho polystyr\u00e9nu EPS 100. \u00a0 \u0161.80 x\u00a0 v.100 cm ?<\/p>\n","protected":false},"featured_media":2861,"comment_status":"closed","ping_status":"closed","template":"","meta":[],"product_cat":[31],"product_tag":[],"yoast_head":"<!-- This site is optimized with the Yoast SEO plugin v20.12 - https:\/\/yoast.com\/wordpress\/plugins\/seo\/ -->\n<title>Vak 07 Candy - Madera<\/title>\n<meta name=\"robots\" content=\"index, follow, max-snippet:-1, max-image-preview:large, max-video-preview:-1\" \/>\n<link rel=\"canonical\" href=\"https:\/\/maderacat.cat\/?product=vak-07-candy\" \/>\n<meta property=\"og:locale\" content=\"en_US\" \/>\n<meta property=\"og:type\" content=\"article\" \/>\n<meta property=\"og:title\" content=\"Vak 07 Candy - Madera\" \/>\n<meta property=\"og:description\" content=\"Sedac\u00ed vak pln\u011bn\u00fd kuli\u010dkami b\u00edl\u00e9ho polystyr\u00e9nu EPS 100. \u00a0 \u0161.80 x\u00a0 v.100 cm ?\" \/>\n<meta property=\"og:url\" content=\"https:\/\/maderacat.cat\/?product=vak-07-candy\" \/>\n<meta property=\"og:site_name\" content=\"Madera\" \/>\n<meta property=\"og:image\" content=\"https:\/\/maderacat.cat\/wp-content\/uploads\/2016\/10\/3926-22658.jpg\" \/>\n\t<meta property=\"og:image:width\" content=\"5344\" \/>\n\t<meta property=\"og:image:height\" content=\"4008\" \/>\n\t<meta property=\"og:image:type\" content=\"image\/jpeg\" \/>\n<meta name=\"twitter:card\" content=\"summary_large_image\" \/>\n<script type=\"application\/ld+json\" class=\"yoast-schema-graph\">{\"@context\":\"https:\/\/schema.org\",\"@graph\":[{\"@type\":\"WebPage\",\"@id\":\"https:\/\/maderacat.cat\/?product=vak-07-candy\",\"url\":\"https:\/\/maderacat.cat\/?product=vak-07-candy\",\"name\":\"Vak 07 Candy - Madera\",\"isPartOf\":{\"@id\":\"https:\/\/maderacat.cat\/#website\"},\"datePublished\":\"2016-10-09T08:01:30+00:00\",\"dateModified\":\"2016-10-09T08:01:30+00:00\",\"breadcrumb\":{\"@id\":\"https:\/\/maderacat.cat\/?product=vak-07-candy#breadcrumb\"},\"inLanguage\":\"en-US\",\"potentialAction\":[{\"@type\":\"ReadAction\",\"target\":[\"https:\/\/maderacat.cat\/?product=vak-07-candy\"]}]},{\"@type\":\"BreadcrumbList\",\"@id\":\"https:\/\/maderacat.cat\/?product=vak-07-candy#breadcrumb\",\"itemListElement\":[{\"@type\":\"ListItem\",\"position\":1,\"name\":\"Dom\u016f\",\"item\":\"https:\/\/maderacat.cat\/\"},{\"@type\":\"ListItem\",\"position\":2,\"name\":\"Obchod\",\"item\":\"https:\/\/maderacat.cat\/?page_id=270\"},{\"@type\":\"ListItem\",\"position\":3,\"name\":\"Vak 07 Candy\"}]},{\"@type\":\"WebSite\",\"@id\":\"https:\/\/maderacat.cat\/#website\",\"url\":\"https:\/\/maderacat.cat\/\",\"name\":\"Madera\",\"description\":\"Bienvenido a la p\u00e1gina web\",\"potentialAction\":[{\"@type\":\"SearchAction\",\"target\":{\"@type\":\"EntryPoint\",\"urlTemplate\":\"https:\/\/maderacat.cat\/?s={search_term_string}\"},\"query-input\":\"required name=search_term_string\"}],\"inLanguage\":\"en-US\"}]}<\/script>\n<!-- \/ Yoast SEO plugin. -->","yoast_head_json":{"title":"Vak 07 Candy - Madera","robots":{"index":"index","follow":"follow","max-snippet":"max-snippet:-1","max-image-preview":"max-image-preview:large","max-video-preview":"max-video-preview:-1"},"canonical":"https:\/\/maderacat.cat\/?product=vak-07-candy","og_locale":"en_US","og_type":"article","og_title":"Vak 07 Candy - Madera","og_description":"Sedac\u00ed vak pln\u011bn\u00fd kuli\u010dkami b\u00edl\u00e9ho polystyr\u00e9nu EPS 100. \u00a0 \u0161.80 x\u00a0 v.100 cm ?","og_url":"https:\/\/maderacat.cat\/?product=vak-07-candy","og_site_name":"Madera","og_image":[{"width":5344,"height":4008,"url":"https:\/\/maderacat.cat\/wp-content\/uploads\/2016\/10\/3926-22658.jpg","type":"image\/jpeg"}],"twitter_card":"summary_large_image","schema":{"@context":"https:\/\/schema.org","@graph":[{"@type":"WebPage","@id":"https:\/\/maderacat.cat\/?product=vak-07-candy","url":"https:\/\/maderacat.cat\/?product=vak-07-candy","name":"Vak 07 Candy - Madera","isPartOf":{"@id":"https:\/\/maderacat.cat\/#website"},"datePublished":"2016-10-09T08:01:30+00:00","dateModified":"2016-10-09T08:01:30+00:00","breadcrumb":{"@id":"https:\/\/maderacat.cat\/?product=vak-07-candy#breadcrumb"},"inLanguage":"en-US","potentialAction":[{"@type":"ReadAction","target":["https:\/\/maderacat.cat\/?product=vak-07-candy"]}]},{"@type":"BreadcrumbList","@id":"https:\/\/maderacat.cat\/?product=vak-07-candy#breadcrumb","itemListElement":[{"@type":"ListItem","position":1,"name":"Dom\u016f","item":"https:\/\/maderacat.cat\/"},{"@type":"ListItem","position":2,"name":"Obchod","item":"https:\/\/maderacat.cat\/?page_id=270"},{"@type":"ListItem","position":3,"name":"Vak 07 Candy"}]},{"@type":"WebSite","@id":"https:\/\/maderacat.cat\/#website","url":"https:\/\/maderacat.cat\/","name":"Madera","description":"Bienvenido a la p\u00e1gina web","potentialAction":[{"@type":"SearchAction","target":{"@type":"EntryPoint","urlTemplate":"https:\/\/maderacat.cat\/?s={search_term_string}"},"query-input":"required name=search_term_string"}],"inLanguage":"en-US"}]}},"_links":{"self":[{"href":"https:\/\/maderacat.cat\/index.php?rest_route=\/wp\/v2\/product\/3300"}],"collection":[{"href":"https:\/\/maderacat.cat\/index.php?rest_route=\/wp\/v2\/product"}],"about":[{"href":"https:\/\/maderacat.cat\/index.php?rest_route=\/wp\/v2\/types\/product"}],"replies":[{"embeddable":true,"href":"https:\/\/maderacat.cat\/index.php?rest_route=%2Fwp%2Fv2%2Fcomments&post=3300"}],"wp:featuredmedia":[{"embeddable":true,"href":"https:\/\/maderacat.cat\/index.php?rest_route=\/wp\/v2\/media\/2861"}],"wp:attachment":[{"href":"https:\/\/maderacat.cat\/index.php?rest_route=%2Fwp%2Fv2%2Fmedia&parent=3300"}],"wp:term":[{"taxonomy":"product_cat","embeddable":true,"href":"https:\/\/maderacat.cat\/index.php?rest_route=%2Fwp%2Fv2%2Fproduct_cat&post=3300"},{"taxonomy":"product_tag","embeddable":true,"href":"https:\/\/maderacat.cat\/index.php?rest_route=%2Fwp%2Fv2%2Fproduct_tag&post=3300"}],"curies":[{"name":"wp","href":"https:\/\/api.w.org\/{rel}","templated":true}]}}