{"id":3294,"date":"2016-10-09T08:01:30","date_gmt":"2016-10-09T08:01:30","guid":{"rendered":"http:\/\/maderacat.cat\/produkt\/pohovka-relax-elek-kozenepvc-skor-hned\/"},"modified":"2016-10-09T08:01:30","modified_gmt":"2016-10-09T08:01:30","slug":"pohovka-relax-elek-kozenepvc-skor-hned","status":"publish","type":"product","link":"https:\/\/maderacat.cat\/?product=pohovka-relax-elek-kozenepvc-skor-hned","title":{"rendered":"Pohovka RELAX elek. ko\u017een\u00e9+PVC sko\u0159.hn\u011bd"},"content":{"rendered":"<p>Sedac\u00ed a op\u011brac\u00ed \u010d\u00e1st ze 100% k\u016f\u017ee, spodn\u00ed a zadn\u00ed \u010d\u00e1st z PVC k\u016f\u017ee. Celo\u010daloun\u011bn\u00e1.<br \/>\nPolohovac\u00ed syst\u00e9m s elektrick\u00fdm pohonem.<br \/>\nRozm\u011br: d\u00e9lka &#8211; 210cm , hloubka &#8211; 90cm, v\u00fd\u0161ka &#8211; 100cm<br \/>\nhloubka sedu &#8211; 55cm, v\u00fd\u0161ka sedu &#8211; 49cm??<\/p>\n","protected":false},"excerpt":{"rendered":"<p>Sedac\u00ed a op\u011brac\u00ed \u010d\u00e1st ze 100% k\u016f\u017ee, spodn\u00ed a zadn\u00ed \u010d\u00e1st z PVC k\u016f\u017ee. Celo\u010daloun\u011bn\u00e1. Polohovac\u00ed syst\u00e9m s elektrick\u00fdm pohonem. Rozm\u011br: d\u00e9lka &#8211; 210cm , hloubka &#8211; 90cm, v\u00fd\u0161ka &#8211; 100cm hloubka sedu &#8211; 55cm, v\u00fd\u0161ka sedu &#8211; 49cm??<\/p>\n","protected":false},"featured_media":2855,"comment_status":"closed","ping_status":"closed","template":"","meta":[],"product_cat":[23],"product_tag":[],"yoast_head":"<!-- This site is optimized with the Yoast SEO plugin v20.12 - https:\/\/yoast.com\/wordpress\/plugins\/seo\/ -->\n<title>Pohovka RELAX elek. ko\u017een\u00e9+PVC sko\u0159.hn\u011bd - Madera<\/title>\n<meta name=\"robots\" content=\"index, follow, max-snippet:-1, max-image-preview:large, max-video-preview:-1\" \/>\n<link rel=\"canonical\" href=\"https:\/\/maderacat.cat\/?product=pohovka-relax-elek-kozenepvc-skor-hned\" \/>\n<meta property=\"og:locale\" content=\"en_US\" \/>\n<meta property=\"og:type\" content=\"article\" \/>\n<meta property=\"og:title\" content=\"Pohovka RELAX elek. ko\u017een\u00e9+PVC sko\u0159.hn\u011bd - Madera\" \/>\n<meta property=\"og:description\" content=\"Sedac\u00ed a op\u011brac\u00ed \u010d\u00e1st ze 100% k\u016f\u017ee, spodn\u00ed a zadn\u00ed \u010d\u00e1st z PVC k\u016f\u017ee. Celo\u010daloun\u011bn\u00e1. Polohovac\u00ed syst\u00e9m s elektrick\u00fdm pohonem. Rozm\u011br: d\u00e9lka &#8211; 210cm , hloubka &#8211; 90cm, v\u00fd\u0161ka &#8211; 100cm hloubka sedu &#8211; 55cm, v\u00fd\u0161ka sedu &#8211; 49cm??\" \/>\n<meta property=\"og:url\" content=\"https:\/\/maderacat.cat\/?product=pohovka-relax-elek-kozenepvc-skor-hned\" \/>\n<meta property=\"og:site_name\" content=\"Madera\" \/>\n<meta property=\"og:image\" content=\"https:\/\/maderacat.cat\/wp-content\/uploads\/2016\/10\/3944-22631.jpg\" \/>\n\t<meta property=\"og:image:width\" content=\"5472\" \/>\n\t<meta property=\"og:image:height\" content=\"3648\" \/>\n\t<meta property=\"og:image:type\" content=\"image\/jpeg\" \/>\n<meta name=\"twitter:card\" content=\"summary_large_image\" \/>\n<script type=\"application\/ld+json\" class=\"yoast-schema-graph\">{\"@context\":\"https:\/\/schema.org\",\"@graph\":[{\"@type\":\"WebPage\",\"@id\":\"https:\/\/maderacat.cat\/?product=pohovka-relax-elek-kozenepvc-skor-hned\",\"url\":\"https:\/\/maderacat.cat\/?product=pohovka-relax-elek-kozenepvc-skor-hned\",\"name\":\"Pohovka RELAX elek. ko\u017een\u00e9+PVC sko\u0159.hn\u011bd - Madera\",\"isPartOf\":{\"@id\":\"https:\/\/maderacat.cat\/#website\"},\"datePublished\":\"2016-10-09T08:01:30+00:00\",\"dateModified\":\"2016-10-09T08:01:30+00:00\",\"breadcrumb\":{\"@id\":\"https:\/\/maderacat.cat\/?product=pohovka-relax-elek-kozenepvc-skor-hned#breadcrumb\"},\"inLanguage\":\"en-US\",\"potentialAction\":[{\"@type\":\"ReadAction\",\"target\":[\"https:\/\/maderacat.cat\/?product=pohovka-relax-elek-kozenepvc-skor-hned\"]}]},{\"@type\":\"BreadcrumbList\",\"@id\":\"https:\/\/maderacat.cat\/?product=pohovka-relax-elek-kozenepvc-skor-hned#breadcrumb\",\"itemListElement\":[{\"@type\":\"ListItem\",\"position\":1,\"name\":\"Dom\u016f\",\"item\":\"https:\/\/maderacat.cat\/\"},{\"@type\":\"ListItem\",\"position\":2,\"name\":\"Obchod\",\"item\":\"https:\/\/maderacat.cat\/?page_id=270\"},{\"@type\":\"ListItem\",\"position\":3,\"name\":\"Pohovka RELAX elek. ko\u017een\u00e9+PVC sko\u0159.hn\u011bd\"}]},{\"@type\":\"WebSite\",\"@id\":\"https:\/\/maderacat.cat\/#website\",\"url\":\"https:\/\/maderacat.cat\/\",\"name\":\"Madera\",\"description\":\"Bienvenido a la p\u00e1gina web\",\"potentialAction\":[{\"@type\":\"SearchAction\",\"target\":{\"@type\":\"EntryPoint\",\"urlTemplate\":\"https:\/\/maderacat.cat\/?s={search_term_string}\"},\"query-input\":\"required name=search_term_string\"}],\"inLanguage\":\"en-US\"}]}<\/script>\n<!-- \/ Yoast SEO plugin. -->","yoast_head_json":{"title":"Pohovka RELAX elek. ko\u017een\u00e9+PVC sko\u0159.hn\u011bd - Madera","robots":{"index":"index","follow":"follow","max-snippet":"max-snippet:-1","max-image-preview":"max-image-preview:large","max-video-preview":"max-video-preview:-1"},"canonical":"https:\/\/maderacat.cat\/?product=pohovka-relax-elek-kozenepvc-skor-hned","og_locale":"en_US","og_type":"article","og_title":"Pohovka RELAX elek. ko\u017een\u00e9+PVC sko\u0159.hn\u011bd - Madera","og_description":"Sedac\u00ed a op\u011brac\u00ed \u010d\u00e1st ze 100% k\u016f\u017ee, spodn\u00ed a zadn\u00ed \u010d\u00e1st z PVC k\u016f\u017ee. Celo\u010daloun\u011bn\u00e1. Polohovac\u00ed syst\u00e9m s elektrick\u00fdm pohonem. Rozm\u011br: d\u00e9lka &#8211; 210cm , hloubka &#8211; 90cm, v\u00fd\u0161ka &#8211; 100cm hloubka sedu &#8211; 55cm, v\u00fd\u0161ka sedu &#8211; 49cm??","og_url":"https:\/\/maderacat.cat\/?product=pohovka-relax-elek-kozenepvc-skor-hned","og_site_name":"Madera","og_image":[{"width":5472,"height":3648,"url":"https:\/\/maderacat.cat\/wp-content\/uploads\/2016\/10\/3944-22631.jpg","type":"image\/jpeg"}],"twitter_card":"summary_large_image","schema":{"@context":"https:\/\/schema.org","@graph":[{"@type":"WebPage","@id":"https:\/\/maderacat.cat\/?product=pohovka-relax-elek-kozenepvc-skor-hned","url":"https:\/\/maderacat.cat\/?product=pohovka-relax-elek-kozenepvc-skor-hned","name":"Pohovka RELAX elek. ko\u017een\u00e9+PVC sko\u0159.hn\u011bd - Madera","isPartOf":{"@id":"https:\/\/maderacat.cat\/#website"},"datePublished":"2016-10-09T08:01:30+00:00","dateModified":"2016-10-09T08:01:30+00:00","breadcrumb":{"@id":"https:\/\/maderacat.cat\/?product=pohovka-relax-elek-kozenepvc-skor-hned#breadcrumb"},"inLanguage":"en-US","potentialAction":[{"@type":"ReadAction","target":["https:\/\/maderacat.cat\/?product=pohovka-relax-elek-kozenepvc-skor-hned"]}]},{"@type":"BreadcrumbList","@id":"https:\/\/maderacat.cat\/?product=pohovka-relax-elek-kozenepvc-skor-hned#breadcrumb","itemListElement":[{"@type":"ListItem","position":1,"name":"Dom\u016f","item":"https:\/\/maderacat.cat\/"},{"@type":"ListItem","position":2,"name":"Obchod","item":"https:\/\/maderacat.cat\/?page_id=270"},{"@type":"ListItem","position":3,"name":"Pohovka RELAX elek. ko\u017een\u00e9+PVC sko\u0159.hn\u011bd"}]},{"@type":"WebSite","@id":"https:\/\/maderacat.cat\/#website","url":"https:\/\/maderacat.cat\/","name":"Madera","description":"Bienvenido a la p\u00e1gina web","potentialAction":[{"@type":"SearchAction","target":{"@type":"EntryPoint","urlTemplate":"https:\/\/maderacat.cat\/?s={search_term_string}"},"query-input":"required name=search_term_string"}],"inLanguage":"en-US"}]}},"_links":{"self":[{"href":"https:\/\/maderacat.cat\/index.php?rest_route=\/wp\/v2\/product\/3294"}],"collection":[{"href":"https:\/\/maderacat.cat\/index.php?rest_route=\/wp\/v2\/product"}],"about":[{"href":"https:\/\/maderacat.cat\/index.php?rest_route=\/wp\/v2\/types\/product"}],"replies":[{"embeddable":true,"href":"https:\/\/maderacat.cat\/index.php?rest_route=%2Fwp%2Fv2%2Fcomments&post=3294"}],"wp:featuredmedia":[{"embeddable":true,"href":"https:\/\/maderacat.cat\/index.php?rest_route=\/wp\/v2\/media\/2855"}],"wp:attachment":[{"href":"https:\/\/maderacat.cat\/index.php?rest_route=%2Fwp%2Fv2%2Fmedia&parent=3294"}],"wp:term":[{"taxonomy":"product_cat","embeddable":true,"href":"https:\/\/maderacat.cat\/index.php?rest_route=%2Fwp%2Fv2%2Fproduct_cat&post=3294"},{"taxonomy":"product_tag","embeddable":true,"href":"https:\/\/maderacat.cat\/index.php?rest_route=%2Fwp%2Fv2%2Fproduct_tag&post=3294"}],"curies":[{"name":"wp","href":"https:\/\/api.w.org\/{rel}","templated":true}]}}