{"id":3240,"date":"2016-10-09T08:01:01","date_gmt":"2016-10-09T08:01:01","guid":{"rendered":"http:\/\/maderacat.cat\/produkt\/matrace-tastickova-oboustranna-90x200x18cm\/"},"modified":"2016-10-09T08:01:01","modified_gmt":"2016-10-09T08:01:01","slug":"matrace-tastickova-oboustranna-90x200x18cm","status":"publish","type":"product","link":"https:\/\/maderacat.cat\/?product=matrace-tastickova-oboustranna-90x200x18cm","title":{"rendered":"Matrace ta\u0161ti\u010dkov\u00e1 oboustrann\u00e1 90x200x18cm"},"content":{"rendered":"<p>Ta\u0161ti\u010dkov\u00e1 matrace Verona 90x200x18cm? oboustrann\u00e1.<br \/>\nMatrace je tvo\u0159en\u00e1 ta\u0161ti\u010dkov\u00fdmi pru\u017einami,<br \/>\n2cm pur p\u011bnou a 1cm kokosov\u00fdm j\u00e1drem,<br \/>\n potah je pro\u0161\u00edvan\u00fd a sn\u00edmateln\u00fd (prateln\u00fd),<br \/>\npo\u010det ta\u0161ti\u010dkov\u00fdch pru\u017ein je 256 ks\/m2,<br \/>\ntato matrace je velmi odoln\u00e1 proti deformaci se 7-mi z\u00f3novou \u00fapravou tuhosti<\/p>\n","protected":false},"excerpt":{"rendered":"<p>Ta\u0161ti\u010dkov\u00e1 matrace Verona 90x200x18cm? oboustrann\u00e1. Matrace je tvo\u0159en\u00e1 ta\u0161ti\u010dkov\u00fdmi pru\u017einami, 2cm pur p\u011bnou a 1cm kokosov\u00fdm j\u00e1drem, potah je pro\u0161\u00edvan\u00fd a sn\u00edmateln\u00fd (prateln\u00fd), po\u010det ta\u0161ti\u010dkov\u00fdch pru\u017ein je 256 ks\/m2, tato matrace je velmi odoln\u00e1 proti deformaci se 7-mi z\u00f3novou \u00fapravou tuhosti<\/p>\n","protected":false},"featured_media":2800,"comment_status":"closed","ping_status":"closed","template":"","meta":[],"product_cat":[26],"product_tag":[],"yoast_head":"<!-- This site is optimized with the Yoast SEO plugin v20.12 - https:\/\/yoast.com\/wordpress\/plugins\/seo\/ -->\n<title>Matrace ta\u0161ti\u010dkov\u00e1 oboustrann\u00e1 90x200x18cm - Madera<\/title>\n<meta name=\"robots\" content=\"index, follow, max-snippet:-1, max-image-preview:large, max-video-preview:-1\" \/>\n<link rel=\"canonical\" href=\"https:\/\/maderacat.cat\/?product=matrace-tastickova-oboustranna-90x200x18cm\" \/>\n<meta property=\"og:locale\" content=\"en_US\" \/>\n<meta property=\"og:type\" content=\"article\" \/>\n<meta property=\"og:title\" content=\"Matrace ta\u0161ti\u010dkov\u00e1 oboustrann\u00e1 90x200x18cm - Madera\" \/>\n<meta property=\"og:description\" content=\"Ta\u0161ti\u010dkov\u00e1 matrace Verona 90x200x18cm? oboustrann\u00e1. Matrace je tvo\u0159en\u00e1 ta\u0161ti\u010dkov\u00fdmi pru\u017einami, 2cm pur p\u011bnou a 1cm kokosov\u00fdm j\u00e1drem, potah je pro\u0161\u00edvan\u00fd a sn\u00edmateln\u00fd (prateln\u00fd), po\u010det ta\u0161ti\u010dkov\u00fdch pru\u017ein je 256 ks\/m2, tato matrace je velmi odoln\u00e1 proti deformaci se 7-mi z\u00f3novou \u00fapravou tuhosti\" \/>\n<meta property=\"og:url\" content=\"https:\/\/maderacat.cat\/?product=matrace-tastickova-oboustranna-90x200x18cm\" \/>\n<meta property=\"og:site_name\" content=\"Madera\" \/>\n<meta property=\"og:image\" content=\"https:\/\/maderacat.cat\/wp-content\/uploads\/2016\/10\/4140-23709.jpg\" \/>\n\t<meta property=\"og:image:width\" content=\"900\" \/>\n\t<meta property=\"og:image:height\" content=\"600\" \/>\n\t<meta property=\"og:image:type\" content=\"image\/jpeg\" \/>\n<meta name=\"twitter:card\" content=\"summary_large_image\" \/>\n<script type=\"application\/ld+json\" class=\"yoast-schema-graph\">{\"@context\":\"https:\/\/schema.org\",\"@graph\":[{\"@type\":\"WebPage\",\"@id\":\"https:\/\/maderacat.cat\/?product=matrace-tastickova-oboustranna-90x200x18cm\",\"url\":\"https:\/\/maderacat.cat\/?product=matrace-tastickova-oboustranna-90x200x18cm\",\"name\":\"Matrace ta\u0161ti\u010dkov\u00e1 oboustrann\u00e1 90x200x18cm - Madera\",\"isPartOf\":{\"@id\":\"https:\/\/maderacat.cat\/#website\"},\"datePublished\":\"2016-10-09T08:01:01+00:00\",\"dateModified\":\"2016-10-09T08:01:01+00:00\",\"breadcrumb\":{\"@id\":\"https:\/\/maderacat.cat\/?product=matrace-tastickova-oboustranna-90x200x18cm#breadcrumb\"},\"inLanguage\":\"en-US\",\"potentialAction\":[{\"@type\":\"ReadAction\",\"target\":[\"https:\/\/maderacat.cat\/?product=matrace-tastickova-oboustranna-90x200x18cm\"]}]},{\"@type\":\"BreadcrumbList\",\"@id\":\"https:\/\/maderacat.cat\/?product=matrace-tastickova-oboustranna-90x200x18cm#breadcrumb\",\"itemListElement\":[{\"@type\":\"ListItem\",\"position\":1,\"name\":\"Dom\u016f\",\"item\":\"https:\/\/maderacat.cat\/\"},{\"@type\":\"ListItem\",\"position\":2,\"name\":\"Obchod\",\"item\":\"https:\/\/maderacat.cat\/?page_id=270\"},{\"@type\":\"ListItem\",\"position\":3,\"name\":\"Matrace ta\u0161ti\u010dkov\u00e1 oboustrann\u00e1 90x200x18cm\"}]},{\"@type\":\"WebSite\",\"@id\":\"https:\/\/maderacat.cat\/#website\",\"url\":\"https:\/\/maderacat.cat\/\",\"name\":\"Madera\",\"description\":\"Bienvenido a la p\u00e1gina web\",\"potentialAction\":[{\"@type\":\"SearchAction\",\"target\":{\"@type\":\"EntryPoint\",\"urlTemplate\":\"https:\/\/maderacat.cat\/?s={search_term_string}\"},\"query-input\":\"required name=search_term_string\"}],\"inLanguage\":\"en-US\"}]}<\/script>\n<!-- \/ Yoast SEO plugin. -->","yoast_head_json":{"title":"Matrace ta\u0161ti\u010dkov\u00e1 oboustrann\u00e1 90x200x18cm - Madera","robots":{"index":"index","follow":"follow","max-snippet":"max-snippet:-1","max-image-preview":"max-image-preview:large","max-video-preview":"max-video-preview:-1"},"canonical":"https:\/\/maderacat.cat\/?product=matrace-tastickova-oboustranna-90x200x18cm","og_locale":"en_US","og_type":"article","og_title":"Matrace ta\u0161ti\u010dkov\u00e1 oboustrann\u00e1 90x200x18cm - Madera","og_description":"Ta\u0161ti\u010dkov\u00e1 matrace Verona 90x200x18cm? oboustrann\u00e1. Matrace je tvo\u0159en\u00e1 ta\u0161ti\u010dkov\u00fdmi pru\u017einami, 2cm pur p\u011bnou a 1cm kokosov\u00fdm j\u00e1drem, potah je pro\u0161\u00edvan\u00fd a sn\u00edmateln\u00fd (prateln\u00fd), po\u010det ta\u0161ti\u010dkov\u00fdch pru\u017ein je 256 ks\/m2, tato matrace je velmi odoln\u00e1 proti deformaci se 7-mi z\u00f3novou \u00fapravou tuhosti","og_url":"https:\/\/maderacat.cat\/?product=matrace-tastickova-oboustranna-90x200x18cm","og_site_name":"Madera","og_image":[{"width":900,"height":600,"url":"https:\/\/maderacat.cat\/wp-content\/uploads\/2016\/10\/4140-23709.jpg","type":"image\/jpeg"}],"twitter_card":"summary_large_image","schema":{"@context":"https:\/\/schema.org","@graph":[{"@type":"WebPage","@id":"https:\/\/maderacat.cat\/?product=matrace-tastickova-oboustranna-90x200x18cm","url":"https:\/\/maderacat.cat\/?product=matrace-tastickova-oboustranna-90x200x18cm","name":"Matrace ta\u0161ti\u010dkov\u00e1 oboustrann\u00e1 90x200x18cm - Madera","isPartOf":{"@id":"https:\/\/maderacat.cat\/#website"},"datePublished":"2016-10-09T08:01:01+00:00","dateModified":"2016-10-09T08:01:01+00:00","breadcrumb":{"@id":"https:\/\/maderacat.cat\/?product=matrace-tastickova-oboustranna-90x200x18cm#breadcrumb"},"inLanguage":"en-US","potentialAction":[{"@type":"ReadAction","target":["https:\/\/maderacat.cat\/?product=matrace-tastickova-oboustranna-90x200x18cm"]}]},{"@type":"BreadcrumbList","@id":"https:\/\/maderacat.cat\/?product=matrace-tastickova-oboustranna-90x200x18cm#breadcrumb","itemListElement":[{"@type":"ListItem","position":1,"name":"Dom\u016f","item":"https:\/\/maderacat.cat\/"},{"@type":"ListItem","position":2,"name":"Obchod","item":"https:\/\/maderacat.cat\/?page_id=270"},{"@type":"ListItem","position":3,"name":"Matrace ta\u0161ti\u010dkov\u00e1 oboustrann\u00e1 90x200x18cm"}]},{"@type":"WebSite","@id":"https:\/\/maderacat.cat\/#website","url":"https:\/\/maderacat.cat\/","name":"Madera","description":"Bienvenido a la p\u00e1gina web","potentialAction":[{"@type":"SearchAction","target":{"@type":"EntryPoint","urlTemplate":"https:\/\/maderacat.cat\/?s={search_term_string}"},"query-input":"required name=search_term_string"}],"inLanguage":"en-US"}]}},"_links":{"self":[{"href":"https:\/\/maderacat.cat\/index.php?rest_route=\/wp\/v2\/product\/3240"}],"collection":[{"href":"https:\/\/maderacat.cat\/index.php?rest_route=\/wp\/v2\/product"}],"about":[{"href":"https:\/\/maderacat.cat\/index.php?rest_route=\/wp\/v2\/types\/product"}],"replies":[{"embeddable":true,"href":"https:\/\/maderacat.cat\/index.php?rest_route=%2Fwp%2Fv2%2Fcomments&post=3240"}],"wp:featuredmedia":[{"embeddable":true,"href":"https:\/\/maderacat.cat\/index.php?rest_route=\/wp\/v2\/media\/2800"}],"wp:attachment":[{"href":"https:\/\/maderacat.cat\/index.php?rest_route=%2Fwp%2Fv2%2Fmedia&parent=3240"}],"wp:term":[{"taxonomy":"product_cat","embeddable":true,"href":"https:\/\/maderacat.cat\/index.php?rest_route=%2Fwp%2Fv2%2Fproduct_cat&post=3240"},{"taxonomy":"product_tag","embeddable":true,"href":"https:\/\/maderacat.cat\/index.php?rest_route=%2Fwp%2Fv2%2Fproduct_tag&post=3240"}],"curies":[{"name":"wp","href":"https:\/\/api.w.org\/{rel}","templated":true}]}}