{"id":3211,"date":"2016-10-09T08:00:52","date_gmt":"2016-10-09T08:00:52","guid":{"rendered":"http:\/\/maderacat.cat\/produkt\/lamelovy-rostnosnost-do110kg\/"},"modified":"2016-10-09T08:00:52","modified_gmt":"2016-10-09T08:00:52","slug":"lamelovy-rostnosnost-do110kg","status":"publish","type":"product","link":"https:\/\/maderacat.cat\/?product=lamelovy-rostnosnost-do110kg","title":{"rendered":"Lamelov\u00fd ro\u0161t,nosnost do110kg"},"content":{"rendered":"<p>Lamelov\u00fd ro\u0161t, nepolohovateln\u00fd.<br \/>\nRozm\u011br: 80x200cm, v\u00fd\u0161ka cca 5,5 cm<br \/>\nMaxim\u00e1ln\u00ed z\u00e1t\u011b\u017e do 110kg<br \/>\n\u00a0Po\u010det\u00a0lamel: 17ks<br \/>\n\u0160\u00ed\u0159ka lamel: 53mm<br \/>\nPouzdra: pevn\u00e1, plastov\u00e1, jednotliv\u00e1<br \/>\nDoporu\u010den\u00e9 matrace: p\u011bnov\u00e9, mimo latexov\u00fdch<\/p>\n","protected":false},"excerpt":{"rendered":"<p>Lamelov\u00fd ro\u0161t, nepolohovateln\u00fd. Rozm\u011br: 80x200cm, v\u00fd\u0161ka cca 5,5 cm Maxim\u00e1ln\u00ed z\u00e1t\u011b\u017e do 110kg \u00a0Po\u010det\u00a0lamel: 17ks \u0160\u00ed\u0159ka lamel: 53mm Pouzdra: pevn\u00e1, plastov\u00e1, jednotliv\u00e1 Doporu\u010den\u00e9 matrace: p\u011bnov\u00e9, mimo latexov\u00fdch<\/p>\n","protected":false},"featured_media":2771,"comment_status":"closed","ping_status":"closed","template":"","meta":[],"product_cat":[26],"product_tag":[],"yoast_head":"<!-- This site is optimized with the Yoast SEO plugin v20.12 - https:\/\/yoast.com\/wordpress\/plugins\/seo\/ -->\n<title>Lamelov\u00fd ro\u0161t,nosnost do110kg - Madera<\/title>\n<meta name=\"robots\" content=\"index, follow, max-snippet:-1, max-image-preview:large, max-video-preview:-1\" \/>\n<link rel=\"canonical\" href=\"https:\/\/maderacat.cat\/?product=lamelovy-rostnosnost-do110kg\" \/>\n<meta property=\"og:locale\" content=\"en_US\" \/>\n<meta property=\"og:type\" content=\"article\" \/>\n<meta property=\"og:title\" content=\"Lamelov\u00fd ro\u0161t,nosnost do110kg - Madera\" \/>\n<meta property=\"og:description\" content=\"Lamelov\u00fd ro\u0161t, nepolohovateln\u00fd. Rozm\u011br: 80x200cm, v\u00fd\u0161ka cca 5,5 cm Maxim\u00e1ln\u00ed z\u00e1t\u011b\u017e do 110kg \u00a0Po\u010det\u00a0lamel: 17ks \u0160\u00ed\u0159ka lamel: 53mm Pouzdra: pevn\u00e1, plastov\u00e1, jednotliv\u00e1 Doporu\u010den\u00e9 matrace: p\u011bnov\u00e9, mimo latexov\u00fdch\" \/>\n<meta property=\"og:url\" content=\"https:\/\/maderacat.cat\/?product=lamelovy-rostnosnost-do110kg\" \/>\n<meta property=\"og:site_name\" content=\"Madera\" \/>\n<meta property=\"og:image\" content=\"https:\/\/maderacat.cat\/wp-content\/uploads\/2016\/10\/4297-24632.jpg\" \/>\n\t<meta property=\"og:image:width\" content=\"900\" \/>\n\t<meta property=\"og:image:height\" content=\"600\" \/>\n\t<meta property=\"og:image:type\" content=\"image\/jpeg\" \/>\n<meta name=\"twitter:card\" content=\"summary_large_image\" \/>\n<script type=\"application\/ld+json\" class=\"yoast-schema-graph\">{\"@context\":\"https:\/\/schema.org\",\"@graph\":[{\"@type\":\"WebPage\",\"@id\":\"https:\/\/maderacat.cat\/?product=lamelovy-rostnosnost-do110kg\",\"url\":\"https:\/\/maderacat.cat\/?product=lamelovy-rostnosnost-do110kg\",\"name\":\"Lamelov\u00fd ro\u0161t,nosnost do110kg - Madera\",\"isPartOf\":{\"@id\":\"https:\/\/maderacat.cat\/#website\"},\"datePublished\":\"2016-10-09T08:00:52+00:00\",\"dateModified\":\"2016-10-09T08:00:52+00:00\",\"breadcrumb\":{\"@id\":\"https:\/\/maderacat.cat\/?product=lamelovy-rostnosnost-do110kg#breadcrumb\"},\"inLanguage\":\"en-US\",\"potentialAction\":[{\"@type\":\"ReadAction\",\"target\":[\"https:\/\/maderacat.cat\/?product=lamelovy-rostnosnost-do110kg\"]}]},{\"@type\":\"BreadcrumbList\",\"@id\":\"https:\/\/maderacat.cat\/?product=lamelovy-rostnosnost-do110kg#breadcrumb\",\"itemListElement\":[{\"@type\":\"ListItem\",\"position\":1,\"name\":\"Dom\u016f\",\"item\":\"https:\/\/maderacat.cat\/\"},{\"@type\":\"ListItem\",\"position\":2,\"name\":\"Obchod\",\"item\":\"https:\/\/maderacat.cat\/?page_id=270\"},{\"@type\":\"ListItem\",\"position\":3,\"name\":\"Lamelov\u00fd ro\u0161t,nosnost do110kg\"}]},{\"@type\":\"WebSite\",\"@id\":\"https:\/\/maderacat.cat\/#website\",\"url\":\"https:\/\/maderacat.cat\/\",\"name\":\"Madera\",\"description\":\"Bienvenido a la p\u00e1gina web\",\"potentialAction\":[{\"@type\":\"SearchAction\",\"target\":{\"@type\":\"EntryPoint\",\"urlTemplate\":\"https:\/\/maderacat.cat\/?s={search_term_string}\"},\"query-input\":\"required name=search_term_string\"}],\"inLanguage\":\"en-US\"}]}<\/script>\n<!-- \/ Yoast SEO plugin. -->","yoast_head_json":{"title":"Lamelov\u00fd ro\u0161t,nosnost do110kg - Madera","robots":{"index":"index","follow":"follow","max-snippet":"max-snippet:-1","max-image-preview":"max-image-preview:large","max-video-preview":"max-video-preview:-1"},"canonical":"https:\/\/maderacat.cat\/?product=lamelovy-rostnosnost-do110kg","og_locale":"en_US","og_type":"article","og_title":"Lamelov\u00fd ro\u0161t,nosnost do110kg - Madera","og_description":"Lamelov\u00fd ro\u0161t, nepolohovateln\u00fd. Rozm\u011br: 80x200cm, v\u00fd\u0161ka cca 5,5 cm Maxim\u00e1ln\u00ed z\u00e1t\u011b\u017e do 110kg \u00a0Po\u010det\u00a0lamel: 17ks \u0160\u00ed\u0159ka lamel: 53mm Pouzdra: pevn\u00e1, plastov\u00e1, jednotliv\u00e1 Doporu\u010den\u00e9 matrace: p\u011bnov\u00e9, mimo latexov\u00fdch","og_url":"https:\/\/maderacat.cat\/?product=lamelovy-rostnosnost-do110kg","og_site_name":"Madera","og_image":[{"width":900,"height":600,"url":"https:\/\/maderacat.cat\/wp-content\/uploads\/2016\/10\/4297-24632.jpg","type":"image\/jpeg"}],"twitter_card":"summary_large_image","schema":{"@context":"https:\/\/schema.org","@graph":[{"@type":"WebPage","@id":"https:\/\/maderacat.cat\/?product=lamelovy-rostnosnost-do110kg","url":"https:\/\/maderacat.cat\/?product=lamelovy-rostnosnost-do110kg","name":"Lamelov\u00fd ro\u0161t,nosnost do110kg - Madera","isPartOf":{"@id":"https:\/\/maderacat.cat\/#website"},"datePublished":"2016-10-09T08:00:52+00:00","dateModified":"2016-10-09T08:00:52+00:00","breadcrumb":{"@id":"https:\/\/maderacat.cat\/?product=lamelovy-rostnosnost-do110kg#breadcrumb"},"inLanguage":"en-US","potentialAction":[{"@type":"ReadAction","target":["https:\/\/maderacat.cat\/?product=lamelovy-rostnosnost-do110kg"]}]},{"@type":"BreadcrumbList","@id":"https:\/\/maderacat.cat\/?product=lamelovy-rostnosnost-do110kg#breadcrumb","itemListElement":[{"@type":"ListItem","position":1,"name":"Dom\u016f","item":"https:\/\/maderacat.cat\/"},{"@type":"ListItem","position":2,"name":"Obchod","item":"https:\/\/maderacat.cat\/?page_id=270"},{"@type":"ListItem","position":3,"name":"Lamelov\u00fd ro\u0161t,nosnost do110kg"}]},{"@type":"WebSite","@id":"https:\/\/maderacat.cat\/#website","url":"https:\/\/maderacat.cat\/","name":"Madera","description":"Bienvenido a la p\u00e1gina web","potentialAction":[{"@type":"SearchAction","target":{"@type":"EntryPoint","urlTemplate":"https:\/\/maderacat.cat\/?s={search_term_string}"},"query-input":"required name=search_term_string"}],"inLanguage":"en-US"}]}},"_links":{"self":[{"href":"https:\/\/maderacat.cat\/index.php?rest_route=\/wp\/v2\/product\/3211"}],"collection":[{"href":"https:\/\/maderacat.cat\/index.php?rest_route=\/wp\/v2\/product"}],"about":[{"href":"https:\/\/maderacat.cat\/index.php?rest_route=\/wp\/v2\/types\/product"}],"replies":[{"embeddable":true,"href":"https:\/\/maderacat.cat\/index.php?rest_route=%2Fwp%2Fv2%2Fcomments&post=3211"}],"wp:featuredmedia":[{"embeddable":true,"href":"https:\/\/maderacat.cat\/index.php?rest_route=\/wp\/v2\/media\/2771"}],"wp:attachment":[{"href":"https:\/\/maderacat.cat\/index.php?rest_route=%2Fwp%2Fv2%2Fmedia&parent=3211"}],"wp:term":[{"taxonomy":"product_cat","embeddable":true,"href":"https:\/\/maderacat.cat\/index.php?rest_route=%2Fwp%2Fv2%2Fproduct_cat&post=3211"},{"taxonomy":"product_tag","embeddable":true,"href":"https:\/\/maderacat.cat\/index.php?rest_route=%2Fwp%2Fv2%2Fproduct_tag&post=3211"}],"curies":[{"name":"wp","href":"https:\/\/api.w.org\/{rel}","templated":true}]}}