{"id":3208,"date":"2016-10-09T08:00:43","date_gmt":"2016-10-09T08:00:43","guid":{"rendered":"http:\/\/maderacat.cat\/produkt\/latkovy-rost-v-ramu-2\/"},"modified":"2016-10-09T08:00:43","modified_gmt":"2016-10-09T08:00:43","slug":"latkovy-rost-v-ramu-2","status":"publish","type":"product","link":"https:\/\/maderacat.cat\/?product=latkovy-rost-v-ramu-2","title":{"rendered":"La\u0165kov\u00fd ro\u0161t v r\u00e1mu"},"content":{"rendered":"<p>La\u0165kov\u00fd ro\u0161t\u00a0 v r\u00e1mu do postele o rozm\u011bru 80&#215;200<br \/>\nMateri\u00e1l masiv smrk.<br \/>\n 14ks lat\u00ed.<br \/>\nMaxim\u00e1ln\u00ed z\u00e1t\u011b\u017e na ro\u0161t je 120kg.<br \/>\nV\u00fd\u0161ka ro\u0161tu je 7cm.<br \/>\nVhodn\u00e9 do postel\u00ed, jejich\u017e konstrukce neumo\u017e\u0148uje pou\u017eit\u00ed klasick\u00e9ho ro\u0161tu (kter\u00fd je spojen\u00fd jen textiln\u00ed p\u00e1skou)<\/p>\n","protected":false},"excerpt":{"rendered":"<p>La\u0165kov\u00fd ro\u0161t\u00a0 v r\u00e1mu do postele o rozm\u011bru 80&#215;200 Materi\u00e1l masiv smrk. 14ks lat\u00ed. Maxim\u00e1ln\u00ed z\u00e1t\u011b\u017e na ro\u0161t je 120kg. V\u00fd\u0161ka ro\u0161tu je 7cm. Vhodn\u00e9 do postel\u00ed, jejich\u017e konstrukce neumo\u017e\u0148uje pou\u017eit\u00ed klasick\u00e9ho ro\u0161tu (kter\u00fd je spojen\u00fd jen textiln\u00ed p\u00e1skou)<\/p>\n","protected":false},"featured_media":2768,"comment_status":"closed","ping_status":"closed","template":"","meta":[],"product_cat":[26],"product_tag":[],"yoast_head":"<!-- This site is optimized with the Yoast SEO plugin v20.12 - https:\/\/yoast.com\/wordpress\/plugins\/seo\/ -->\n<title>La\u0165kov\u00fd ro\u0161t v r\u00e1mu - Madera<\/title>\n<meta name=\"robots\" content=\"index, follow, max-snippet:-1, max-image-preview:large, max-video-preview:-1\" \/>\n<link rel=\"canonical\" href=\"https:\/\/maderacat.cat\/?product=latkovy-rost-v-ramu-2\" \/>\n<meta property=\"og:locale\" content=\"en_US\" \/>\n<meta property=\"og:type\" content=\"article\" \/>\n<meta property=\"og:title\" content=\"La\u0165kov\u00fd ro\u0161t v r\u00e1mu - Madera\" \/>\n<meta property=\"og:description\" content=\"La\u0165kov\u00fd ro\u0161t\u00a0 v r\u00e1mu do postele o rozm\u011bru 80&#215;200 Materi\u00e1l masiv smrk. 14ks lat\u00ed. Maxim\u00e1ln\u00ed z\u00e1t\u011b\u017e na ro\u0161t je 120kg. V\u00fd\u0161ka ro\u0161tu je 7cm. Vhodn\u00e9 do postel\u00ed, jejich\u017e konstrukce neumo\u017e\u0148uje pou\u017eit\u00ed klasick\u00e9ho ro\u0161tu (kter\u00fd je spojen\u00fd jen textiln\u00ed p\u00e1skou)\" \/>\n<meta property=\"og:url\" content=\"https:\/\/maderacat.cat\/?product=latkovy-rost-v-ramu-2\" \/>\n<meta property=\"og:site_name\" content=\"Madera\" \/>\n<meta property=\"og:image\" content=\"https:\/\/maderacat.cat\/wp-content\/uploads\/2016\/10\/4300-24637.jpg\" \/>\n\t<meta property=\"og:image:width\" content=\"900\" \/>\n\t<meta property=\"og:image:height\" content=\"600\" \/>\n\t<meta property=\"og:image:type\" content=\"image\/jpeg\" \/>\n<meta name=\"twitter:card\" content=\"summary_large_image\" \/>\n<script type=\"application\/ld+json\" class=\"yoast-schema-graph\">{\"@context\":\"https:\/\/schema.org\",\"@graph\":[{\"@type\":\"WebPage\",\"@id\":\"https:\/\/maderacat.cat\/?product=latkovy-rost-v-ramu-2\",\"url\":\"https:\/\/maderacat.cat\/?product=latkovy-rost-v-ramu-2\",\"name\":\"La\u0165kov\u00fd ro\u0161t v r\u00e1mu - Madera\",\"isPartOf\":{\"@id\":\"https:\/\/maderacat.cat\/#website\"},\"datePublished\":\"2016-10-09T08:00:43+00:00\",\"dateModified\":\"2016-10-09T08:00:43+00:00\",\"breadcrumb\":{\"@id\":\"https:\/\/maderacat.cat\/?product=latkovy-rost-v-ramu-2#breadcrumb\"},\"inLanguage\":\"en-US\",\"potentialAction\":[{\"@type\":\"ReadAction\",\"target\":[\"https:\/\/maderacat.cat\/?product=latkovy-rost-v-ramu-2\"]}]},{\"@type\":\"BreadcrumbList\",\"@id\":\"https:\/\/maderacat.cat\/?product=latkovy-rost-v-ramu-2#breadcrumb\",\"itemListElement\":[{\"@type\":\"ListItem\",\"position\":1,\"name\":\"Dom\u016f\",\"item\":\"https:\/\/maderacat.cat\/\"},{\"@type\":\"ListItem\",\"position\":2,\"name\":\"Obchod\",\"item\":\"https:\/\/maderacat.cat\/?page_id=270\"},{\"@type\":\"ListItem\",\"position\":3,\"name\":\"La\u0165kov\u00fd ro\u0161t v r\u00e1mu\"}]},{\"@type\":\"WebSite\",\"@id\":\"https:\/\/maderacat.cat\/#website\",\"url\":\"https:\/\/maderacat.cat\/\",\"name\":\"Madera\",\"description\":\"Bienvenido a la p\u00e1gina web\",\"potentialAction\":[{\"@type\":\"SearchAction\",\"target\":{\"@type\":\"EntryPoint\",\"urlTemplate\":\"https:\/\/maderacat.cat\/?s={search_term_string}\"},\"query-input\":\"required name=search_term_string\"}],\"inLanguage\":\"en-US\"}]}<\/script>\n<!-- \/ Yoast SEO plugin. -->","yoast_head_json":{"title":"La\u0165kov\u00fd ro\u0161t v r\u00e1mu - Madera","robots":{"index":"index","follow":"follow","max-snippet":"max-snippet:-1","max-image-preview":"max-image-preview:large","max-video-preview":"max-video-preview:-1"},"canonical":"https:\/\/maderacat.cat\/?product=latkovy-rost-v-ramu-2","og_locale":"en_US","og_type":"article","og_title":"La\u0165kov\u00fd ro\u0161t v r\u00e1mu - Madera","og_description":"La\u0165kov\u00fd ro\u0161t\u00a0 v r\u00e1mu do postele o rozm\u011bru 80&#215;200 Materi\u00e1l masiv smrk. 14ks lat\u00ed. Maxim\u00e1ln\u00ed z\u00e1t\u011b\u017e na ro\u0161t je 120kg. V\u00fd\u0161ka ro\u0161tu je 7cm. Vhodn\u00e9 do postel\u00ed, jejich\u017e konstrukce neumo\u017e\u0148uje pou\u017eit\u00ed klasick\u00e9ho ro\u0161tu (kter\u00fd je spojen\u00fd jen textiln\u00ed p\u00e1skou)","og_url":"https:\/\/maderacat.cat\/?product=latkovy-rost-v-ramu-2","og_site_name":"Madera","og_image":[{"width":900,"height":600,"url":"https:\/\/maderacat.cat\/wp-content\/uploads\/2016\/10\/4300-24637.jpg","type":"image\/jpeg"}],"twitter_card":"summary_large_image","schema":{"@context":"https:\/\/schema.org","@graph":[{"@type":"WebPage","@id":"https:\/\/maderacat.cat\/?product=latkovy-rost-v-ramu-2","url":"https:\/\/maderacat.cat\/?product=latkovy-rost-v-ramu-2","name":"La\u0165kov\u00fd ro\u0161t v r\u00e1mu - Madera","isPartOf":{"@id":"https:\/\/maderacat.cat\/#website"},"datePublished":"2016-10-09T08:00:43+00:00","dateModified":"2016-10-09T08:00:43+00:00","breadcrumb":{"@id":"https:\/\/maderacat.cat\/?product=latkovy-rost-v-ramu-2#breadcrumb"},"inLanguage":"en-US","potentialAction":[{"@type":"ReadAction","target":["https:\/\/maderacat.cat\/?product=latkovy-rost-v-ramu-2"]}]},{"@type":"BreadcrumbList","@id":"https:\/\/maderacat.cat\/?product=latkovy-rost-v-ramu-2#breadcrumb","itemListElement":[{"@type":"ListItem","position":1,"name":"Dom\u016f","item":"https:\/\/maderacat.cat\/"},{"@type":"ListItem","position":2,"name":"Obchod","item":"https:\/\/maderacat.cat\/?page_id=270"},{"@type":"ListItem","position":3,"name":"La\u0165kov\u00fd ro\u0161t v r\u00e1mu"}]},{"@type":"WebSite","@id":"https:\/\/maderacat.cat\/#website","url":"https:\/\/maderacat.cat\/","name":"Madera","description":"Bienvenido a la p\u00e1gina web","potentialAction":[{"@type":"SearchAction","target":{"@type":"EntryPoint","urlTemplate":"https:\/\/maderacat.cat\/?s={search_term_string}"},"query-input":"required name=search_term_string"}],"inLanguage":"en-US"}]}},"_links":{"self":[{"href":"https:\/\/maderacat.cat\/index.php?rest_route=\/wp\/v2\/product\/3208"}],"collection":[{"href":"https:\/\/maderacat.cat\/index.php?rest_route=\/wp\/v2\/product"}],"about":[{"href":"https:\/\/maderacat.cat\/index.php?rest_route=\/wp\/v2\/types\/product"}],"replies":[{"embeddable":true,"href":"https:\/\/maderacat.cat\/index.php?rest_route=%2Fwp%2Fv2%2Fcomments&post=3208"}],"wp:featuredmedia":[{"embeddable":true,"href":"https:\/\/maderacat.cat\/index.php?rest_route=\/wp\/v2\/media\/2768"}],"wp:attachment":[{"href":"https:\/\/maderacat.cat\/index.php?rest_route=%2Fwp%2Fv2%2Fmedia&parent=3208"}],"wp:term":[{"taxonomy":"product_cat","embeddable":true,"href":"https:\/\/maderacat.cat\/index.php?rest_route=%2Fwp%2Fv2%2Fproduct_cat&post=3208"},{"taxonomy":"product_tag","embeddable":true,"href":"https:\/\/maderacat.cat\/index.php?rest_route=%2Fwp%2Fv2%2Fproduct_tag&post=3208"}],"curies":[{"name":"wp","href":"https:\/\/api.w.org\/{rel}","templated":true}]}}