{"id":3205,"date":"2016-10-09T08:00:43","date_gmt":"2016-10-09T08:00:43","guid":{"rendered":"http:\/\/maderacat.cat\/produkt\/matrace-s-bambusem\/"},"modified":"2016-10-09T08:00:43","modified_gmt":"2016-10-09T08:00:43","slug":"matrace-s-bambusem","status":"publish","type":"product","link":"https:\/\/maderacat.cat\/?product=matrace-s-bambusem","title":{"rendered":"Matrace S BAMBUSEM"},"content":{"rendered":"<p>Matrace m\u00e1 rozm\u011br 200x90cm, v\u00fd\u0161ka 16cm<br \/>\nSlo\u017een\u00ed: matrace 12cm (95%polyester, 5%bambusov\u00e9 vl\u00e1kno) + 4cm l\u00edn\u00e1 p\u011bna,<br \/>\n vynikaj\u00edc\u00ed matrace vyroben\u00e1 z nejmodern\u011bj\u0161\u00edch materi\u00e1l\u016f, kter\u00e1 V\u00e1m zajist\u00ed skv\u011bl\u00fd sp\u00e1nek,<br \/>\n m\u00e1 sn\u00edmateln\u00fd potah,<br \/>\n obsahuje p\u0159\u00edrodn\u00ed bambusov\u00e9 vl\u00e1kno, bavlnu a polyester<br \/>\n\u00a0<br \/>\nMatrace jednostrann\u00e1<br \/>\n\u00a0<\/p>\n","protected":false},"excerpt":{"rendered":"<p>Matrace m\u00e1 rozm\u011br 200x90cm, v\u00fd\u0161ka 16cm Slo\u017een\u00ed: matrace 12cm (95%polyester, 5%bambusov\u00e9 vl\u00e1kno) + 4cm l\u00edn\u00e1 p\u011bna, vynikaj\u00edc\u00ed matrace vyroben\u00e1 z nejmodern\u011bj\u0161\u00edch materi\u00e1l\u016f, kter\u00e1 V\u00e1m zajist\u00ed skv\u011bl\u00fd sp\u00e1nek, m\u00e1 sn\u00edmateln\u00fd potah, obsahuje p\u0159\u00edrodn\u00ed bambusov\u00e9 vl\u00e1kno, bavlnu a polyester \u00a0 Matrace jednostrann\u00e1 \u00a0<\/p>\n","protected":false},"featured_media":2765,"comment_status":"closed","ping_status":"closed","template":"","meta":[],"product_cat":[26],"product_tag":[],"yoast_head":"<!-- This site is optimized with the Yoast SEO plugin v20.12 - https:\/\/yoast.com\/wordpress\/plugins\/seo\/ -->\n<title>Matrace S BAMBUSEM - Madera<\/title>\n<meta name=\"robots\" content=\"index, follow, max-snippet:-1, max-image-preview:large, max-video-preview:-1\" \/>\n<link rel=\"canonical\" href=\"https:\/\/maderacat.cat\/?product=matrace-s-bambusem\" \/>\n<meta property=\"og:locale\" content=\"en_US\" \/>\n<meta property=\"og:type\" content=\"article\" \/>\n<meta property=\"og:title\" content=\"Matrace S BAMBUSEM - Madera\" \/>\n<meta property=\"og:description\" content=\"Matrace m\u00e1 rozm\u011br 200x90cm, v\u00fd\u0161ka 16cm Slo\u017een\u00ed: matrace 12cm (95%polyester, 5%bambusov\u00e9 vl\u00e1kno) + 4cm l\u00edn\u00e1 p\u011bna, vynikaj\u00edc\u00ed matrace vyroben\u00e1 z nejmodern\u011bj\u0161\u00edch materi\u00e1l\u016f, kter\u00e1 V\u00e1m zajist\u00ed skv\u011bl\u00fd sp\u00e1nek, m\u00e1 sn\u00edmateln\u00fd potah, obsahuje p\u0159\u00edrodn\u00ed bambusov\u00e9 vl\u00e1kno, bavlnu a polyester \u00a0 Matrace jednostrann\u00e1 \u00a0\" \/>\n<meta property=\"og:url\" content=\"https:\/\/maderacat.cat\/?product=matrace-s-bambusem\" \/>\n<meta property=\"og:site_name\" content=\"Madera\" \/>\n<meta property=\"og:image\" content=\"https:\/\/maderacat.cat\/wp-content\/uploads\/2016\/10\/4303-24643.jpg\" \/>\n\t<meta property=\"og:image:width\" content=\"900\" \/>\n\t<meta property=\"og:image:height\" content=\"600\" \/>\n\t<meta property=\"og:image:type\" content=\"image\/jpeg\" \/>\n<meta name=\"twitter:card\" content=\"summary_large_image\" \/>\n<script type=\"application\/ld+json\" class=\"yoast-schema-graph\">{\"@context\":\"https:\/\/schema.org\",\"@graph\":[{\"@type\":\"WebPage\",\"@id\":\"https:\/\/maderacat.cat\/?product=matrace-s-bambusem\",\"url\":\"https:\/\/maderacat.cat\/?product=matrace-s-bambusem\",\"name\":\"Matrace S BAMBUSEM - Madera\",\"isPartOf\":{\"@id\":\"https:\/\/maderacat.cat\/#website\"},\"datePublished\":\"2016-10-09T08:00:43+00:00\",\"dateModified\":\"2016-10-09T08:00:43+00:00\",\"breadcrumb\":{\"@id\":\"https:\/\/maderacat.cat\/?product=matrace-s-bambusem#breadcrumb\"},\"inLanguage\":\"en-US\",\"potentialAction\":[{\"@type\":\"ReadAction\",\"target\":[\"https:\/\/maderacat.cat\/?product=matrace-s-bambusem\"]}]},{\"@type\":\"BreadcrumbList\",\"@id\":\"https:\/\/maderacat.cat\/?product=matrace-s-bambusem#breadcrumb\",\"itemListElement\":[{\"@type\":\"ListItem\",\"position\":1,\"name\":\"Dom\u016f\",\"item\":\"https:\/\/maderacat.cat\/\"},{\"@type\":\"ListItem\",\"position\":2,\"name\":\"Obchod\",\"item\":\"https:\/\/maderacat.cat\/?page_id=270\"},{\"@type\":\"ListItem\",\"position\":3,\"name\":\"Matrace S BAMBUSEM\"}]},{\"@type\":\"WebSite\",\"@id\":\"https:\/\/maderacat.cat\/#website\",\"url\":\"https:\/\/maderacat.cat\/\",\"name\":\"Madera\",\"description\":\"Bienvenido a la p\u00e1gina web\",\"potentialAction\":[{\"@type\":\"SearchAction\",\"target\":{\"@type\":\"EntryPoint\",\"urlTemplate\":\"https:\/\/maderacat.cat\/?s={search_term_string}\"},\"query-input\":\"required name=search_term_string\"}],\"inLanguage\":\"en-US\"}]}<\/script>\n<!-- \/ Yoast SEO plugin. -->","yoast_head_json":{"title":"Matrace S BAMBUSEM - Madera","robots":{"index":"index","follow":"follow","max-snippet":"max-snippet:-1","max-image-preview":"max-image-preview:large","max-video-preview":"max-video-preview:-1"},"canonical":"https:\/\/maderacat.cat\/?product=matrace-s-bambusem","og_locale":"en_US","og_type":"article","og_title":"Matrace S BAMBUSEM - Madera","og_description":"Matrace m\u00e1 rozm\u011br 200x90cm, v\u00fd\u0161ka 16cm Slo\u017een\u00ed: matrace 12cm (95%polyester, 5%bambusov\u00e9 vl\u00e1kno) + 4cm l\u00edn\u00e1 p\u011bna, vynikaj\u00edc\u00ed matrace vyroben\u00e1 z nejmodern\u011bj\u0161\u00edch materi\u00e1l\u016f, kter\u00e1 V\u00e1m zajist\u00ed skv\u011bl\u00fd sp\u00e1nek, m\u00e1 sn\u00edmateln\u00fd potah, obsahuje p\u0159\u00edrodn\u00ed bambusov\u00e9 vl\u00e1kno, bavlnu a polyester \u00a0 Matrace jednostrann\u00e1 \u00a0","og_url":"https:\/\/maderacat.cat\/?product=matrace-s-bambusem","og_site_name":"Madera","og_image":[{"width":900,"height":600,"url":"https:\/\/maderacat.cat\/wp-content\/uploads\/2016\/10\/4303-24643.jpg","type":"image\/jpeg"}],"twitter_card":"summary_large_image","schema":{"@context":"https:\/\/schema.org","@graph":[{"@type":"WebPage","@id":"https:\/\/maderacat.cat\/?product=matrace-s-bambusem","url":"https:\/\/maderacat.cat\/?product=matrace-s-bambusem","name":"Matrace S BAMBUSEM - Madera","isPartOf":{"@id":"https:\/\/maderacat.cat\/#website"},"datePublished":"2016-10-09T08:00:43+00:00","dateModified":"2016-10-09T08:00:43+00:00","breadcrumb":{"@id":"https:\/\/maderacat.cat\/?product=matrace-s-bambusem#breadcrumb"},"inLanguage":"en-US","potentialAction":[{"@type":"ReadAction","target":["https:\/\/maderacat.cat\/?product=matrace-s-bambusem"]}]},{"@type":"BreadcrumbList","@id":"https:\/\/maderacat.cat\/?product=matrace-s-bambusem#breadcrumb","itemListElement":[{"@type":"ListItem","position":1,"name":"Dom\u016f","item":"https:\/\/maderacat.cat\/"},{"@type":"ListItem","position":2,"name":"Obchod","item":"https:\/\/maderacat.cat\/?page_id=270"},{"@type":"ListItem","position":3,"name":"Matrace S BAMBUSEM"}]},{"@type":"WebSite","@id":"https:\/\/maderacat.cat\/#website","url":"https:\/\/maderacat.cat\/","name":"Madera","description":"Bienvenido a la p\u00e1gina web","potentialAction":[{"@type":"SearchAction","target":{"@type":"EntryPoint","urlTemplate":"https:\/\/maderacat.cat\/?s={search_term_string}"},"query-input":"required name=search_term_string"}],"inLanguage":"en-US"}]}},"_links":{"self":[{"href":"https:\/\/maderacat.cat\/index.php?rest_route=\/wp\/v2\/product\/3205"}],"collection":[{"href":"https:\/\/maderacat.cat\/index.php?rest_route=\/wp\/v2\/product"}],"about":[{"href":"https:\/\/maderacat.cat\/index.php?rest_route=\/wp\/v2\/types\/product"}],"replies":[{"embeddable":true,"href":"https:\/\/maderacat.cat\/index.php?rest_route=%2Fwp%2Fv2%2Fcomments&post=3205"}],"wp:featuredmedia":[{"embeddable":true,"href":"https:\/\/maderacat.cat\/index.php?rest_route=\/wp\/v2\/media\/2765"}],"wp:attachment":[{"href":"https:\/\/maderacat.cat\/index.php?rest_route=%2Fwp%2Fv2%2Fmedia&parent=3205"}],"wp:term":[{"taxonomy":"product_cat","embeddable":true,"href":"https:\/\/maderacat.cat\/index.php?rest_route=%2Fwp%2Fv2%2Fproduct_cat&post=3205"},{"taxonomy":"product_tag","embeddable":true,"href":"https:\/\/maderacat.cat\/index.php?rest_route=%2Fwp%2Fv2%2Fproduct_tag&post=3205"}],"curies":[{"name":"wp","href":"https:\/\/api.w.org\/{rel}","templated":true}]}}