{"id":3189,"date":"2016-10-09T08:00:43","date_gmt":"2016-10-09T08:00:43","guid":{"rendered":"http:\/\/maderacat.cat\/produkt\/sedaci-souprava-fiori-a258-2\/"},"modified":"2016-10-09T08:00:43","modified_gmt":"2016-10-09T08:00:43","slug":"sedaci-souprava-fiori-a258-2","status":"publish","type":"product","link":"https:\/\/maderacat.cat\/?product=sedaci-souprava-fiori-a258-2","title":{"rendered":"Sedac\u00ed souprava Fiori A258"},"content":{"rendered":"<p>Pohovka rozkl\u00e1dac\u00ed s \u00falo\u017en\u00fdm prostorem, celo\u010daloun\u011bn\u00e1, varianta prav\u00e1 nebo lev\u00e1, v rohov\u00e9 \u010d\u00e1sti op\u011brky polohovac\u00ed<br \/>\n\u00a0<br \/>\nSlo\u017een\u00ed: pur p\u011bna, vatel\u00edn<br \/>\nRozm\u011br: d\u00e9lka 267cm, hloubka 208\/95cm, v\u00fd\u0161ka 96cm,<br \/>\nhloubka sedu 52cm, v\u00fd\u0161ka sedu 42cm, spac\u00ed plocha 182x120cm<br \/>\n\u00a0<br \/>\nTato ak\u010dn\u00ed cena plat\u00ed pouze u proveden\u00edch<br \/>\n\u00a0<br \/>\n A258-244-246 a A258-249-2304<br \/>\nOstatn\u00ed dekory l\u00e1tek jsou s 10% p\u0159\u00edplatkem?<br \/>\n?<\/p>\n","protected":false},"excerpt":{"rendered":"<p>Pohovka rozkl\u00e1dac\u00ed s \u00falo\u017en\u00fdm prostorem, celo\u010daloun\u011bn\u00e1, varianta prav\u00e1 nebo lev\u00e1, v rohov\u00e9 \u010d\u00e1sti op\u011brky polohovac\u00ed \u00a0 Slo\u017een\u00ed: pur p\u011bna, vatel\u00edn Rozm\u011br: d\u00e9lka 267cm, hloubka 208\/95cm, v\u00fd\u0161ka 96cm, hloubka sedu 52cm, v\u00fd\u0161ka sedu 42cm, spac\u00ed plocha 182x120cm \u00a0 Tato ak\u010dn\u00ed cena plat\u00ed pouze u proveden\u00edch \u00a0 A258-244-246 a A258-249-2304 Ostatn\u00ed dekory l\u00e1tek jsou s 10% p\u0159\u00edplatkem?<\/p>\n","protected":false},"featured_media":2749,"comment_status":"closed","ping_status":"closed","template":"","meta":[],"product_cat":[23],"product_tag":[],"yoast_head":"<!-- This site is optimized with the Yoast SEO plugin v20.12 - https:\/\/yoast.com\/wordpress\/plugins\/seo\/ -->\n<title>Sedac\u00ed souprava Fiori A258 - Madera<\/title>\n<meta name=\"robots\" content=\"index, follow, max-snippet:-1, max-image-preview:large, max-video-preview:-1\" \/>\n<link rel=\"canonical\" href=\"https:\/\/maderacat.cat\/?product=sedaci-souprava-fiori-a258-2\" \/>\n<meta property=\"og:locale\" content=\"en_US\" \/>\n<meta property=\"og:type\" content=\"article\" \/>\n<meta property=\"og:title\" content=\"Sedac\u00ed souprava Fiori A258 - Madera\" \/>\n<meta property=\"og:description\" content=\"Pohovka rozkl\u00e1dac\u00ed s \u00falo\u017en\u00fdm prostorem, celo\u010daloun\u011bn\u00e1, varianta prav\u00e1 nebo lev\u00e1, v rohov\u00e9 \u010d\u00e1sti op\u011brky polohovac\u00ed \u00a0 Slo\u017een\u00ed: pur p\u011bna, vatel\u00edn Rozm\u011br: d\u00e9lka 267cm, hloubka 208\/95cm, v\u00fd\u0161ka 96cm, hloubka sedu 52cm, v\u00fd\u0161ka sedu 42cm, spac\u00ed plocha 182x120cm \u00a0 Tato ak\u010dn\u00ed cena plat\u00ed pouze u proveden\u00edch \u00a0 A258-244-246 a A258-249-2304 Ostatn\u00ed dekory l\u00e1tek jsou s 10% p\u0159\u00edplatkem?\" \/>\n<meta property=\"og:url\" content=\"https:\/\/maderacat.cat\/?product=sedaci-souprava-fiori-a258-2\" \/>\n<meta property=\"og:site_name\" content=\"Madera\" \/>\n<meta property=\"og:image\" content=\"https:\/\/maderacat.cat\/wp-content\/uploads\/2016\/10\/4482-25535.jpg\" \/>\n\t<meta property=\"og:image:width\" content=\"900\" \/>\n\t<meta property=\"og:image:height\" content=\"600\" \/>\n\t<meta property=\"og:image:type\" content=\"image\/jpeg\" \/>\n<meta name=\"twitter:card\" content=\"summary_large_image\" \/>\n<script type=\"application\/ld+json\" class=\"yoast-schema-graph\">{\"@context\":\"https:\/\/schema.org\",\"@graph\":[{\"@type\":\"WebPage\",\"@id\":\"https:\/\/maderacat.cat\/?product=sedaci-souprava-fiori-a258-2\",\"url\":\"https:\/\/maderacat.cat\/?product=sedaci-souprava-fiori-a258-2\",\"name\":\"Sedac\u00ed souprava Fiori A258 - Madera\",\"isPartOf\":{\"@id\":\"https:\/\/maderacat.cat\/#website\"},\"datePublished\":\"2016-10-09T08:00:43+00:00\",\"dateModified\":\"2016-10-09T08:00:43+00:00\",\"breadcrumb\":{\"@id\":\"https:\/\/maderacat.cat\/?product=sedaci-souprava-fiori-a258-2#breadcrumb\"},\"inLanguage\":\"en-US\",\"potentialAction\":[{\"@type\":\"ReadAction\",\"target\":[\"https:\/\/maderacat.cat\/?product=sedaci-souprava-fiori-a258-2\"]}]},{\"@type\":\"BreadcrumbList\",\"@id\":\"https:\/\/maderacat.cat\/?product=sedaci-souprava-fiori-a258-2#breadcrumb\",\"itemListElement\":[{\"@type\":\"ListItem\",\"position\":1,\"name\":\"Dom\u016f\",\"item\":\"https:\/\/maderacat.cat\/\"},{\"@type\":\"ListItem\",\"position\":2,\"name\":\"Obchod\",\"item\":\"https:\/\/maderacat.cat\/?page_id=270\"},{\"@type\":\"ListItem\",\"position\":3,\"name\":\"Sedac\u00ed souprava Fiori A258\"}]},{\"@type\":\"WebSite\",\"@id\":\"https:\/\/maderacat.cat\/#website\",\"url\":\"https:\/\/maderacat.cat\/\",\"name\":\"Madera\",\"description\":\"Bienvenido a la p\u00e1gina web\",\"potentialAction\":[{\"@type\":\"SearchAction\",\"target\":{\"@type\":\"EntryPoint\",\"urlTemplate\":\"https:\/\/maderacat.cat\/?s={search_term_string}\"},\"query-input\":\"required name=search_term_string\"}],\"inLanguage\":\"en-US\"}]}<\/script>\n<!-- \/ Yoast SEO plugin. -->","yoast_head_json":{"title":"Sedac\u00ed souprava Fiori A258 - Madera","robots":{"index":"index","follow":"follow","max-snippet":"max-snippet:-1","max-image-preview":"max-image-preview:large","max-video-preview":"max-video-preview:-1"},"canonical":"https:\/\/maderacat.cat\/?product=sedaci-souprava-fiori-a258-2","og_locale":"en_US","og_type":"article","og_title":"Sedac\u00ed souprava Fiori A258 - Madera","og_description":"Pohovka rozkl\u00e1dac\u00ed s \u00falo\u017en\u00fdm prostorem, celo\u010daloun\u011bn\u00e1, varianta prav\u00e1 nebo lev\u00e1, v rohov\u00e9 \u010d\u00e1sti op\u011brky polohovac\u00ed \u00a0 Slo\u017een\u00ed: pur p\u011bna, vatel\u00edn Rozm\u011br: d\u00e9lka 267cm, hloubka 208\/95cm, v\u00fd\u0161ka 96cm, hloubka sedu 52cm, v\u00fd\u0161ka sedu 42cm, spac\u00ed plocha 182x120cm \u00a0 Tato ak\u010dn\u00ed cena plat\u00ed pouze u proveden\u00edch \u00a0 A258-244-246 a A258-249-2304 Ostatn\u00ed dekory l\u00e1tek jsou s 10% p\u0159\u00edplatkem?","og_url":"https:\/\/maderacat.cat\/?product=sedaci-souprava-fiori-a258-2","og_site_name":"Madera","og_image":[{"width":900,"height":600,"url":"https:\/\/maderacat.cat\/wp-content\/uploads\/2016\/10\/4482-25535.jpg","type":"image\/jpeg"}],"twitter_card":"summary_large_image","schema":{"@context":"https:\/\/schema.org","@graph":[{"@type":"WebPage","@id":"https:\/\/maderacat.cat\/?product=sedaci-souprava-fiori-a258-2","url":"https:\/\/maderacat.cat\/?product=sedaci-souprava-fiori-a258-2","name":"Sedac\u00ed souprava Fiori A258 - Madera","isPartOf":{"@id":"https:\/\/maderacat.cat\/#website"},"datePublished":"2016-10-09T08:00:43+00:00","dateModified":"2016-10-09T08:00:43+00:00","breadcrumb":{"@id":"https:\/\/maderacat.cat\/?product=sedaci-souprava-fiori-a258-2#breadcrumb"},"inLanguage":"en-US","potentialAction":[{"@type":"ReadAction","target":["https:\/\/maderacat.cat\/?product=sedaci-souprava-fiori-a258-2"]}]},{"@type":"BreadcrumbList","@id":"https:\/\/maderacat.cat\/?product=sedaci-souprava-fiori-a258-2#breadcrumb","itemListElement":[{"@type":"ListItem","position":1,"name":"Dom\u016f","item":"https:\/\/maderacat.cat\/"},{"@type":"ListItem","position":2,"name":"Obchod","item":"https:\/\/maderacat.cat\/?page_id=270"},{"@type":"ListItem","position":3,"name":"Sedac\u00ed souprava Fiori A258"}]},{"@type":"WebSite","@id":"https:\/\/maderacat.cat\/#website","url":"https:\/\/maderacat.cat\/","name":"Madera","description":"Bienvenido a la p\u00e1gina web","potentialAction":[{"@type":"SearchAction","target":{"@type":"EntryPoint","urlTemplate":"https:\/\/maderacat.cat\/?s={search_term_string}"},"query-input":"required name=search_term_string"}],"inLanguage":"en-US"}]}},"_links":{"self":[{"href":"https:\/\/maderacat.cat\/index.php?rest_route=\/wp\/v2\/product\/3189"}],"collection":[{"href":"https:\/\/maderacat.cat\/index.php?rest_route=\/wp\/v2\/product"}],"about":[{"href":"https:\/\/maderacat.cat\/index.php?rest_route=\/wp\/v2\/types\/product"}],"replies":[{"embeddable":true,"href":"https:\/\/maderacat.cat\/index.php?rest_route=%2Fwp%2Fv2%2Fcomments&post=3189"}],"wp:featuredmedia":[{"embeddable":true,"href":"https:\/\/maderacat.cat\/index.php?rest_route=\/wp\/v2\/media\/2749"}],"wp:attachment":[{"href":"https:\/\/maderacat.cat\/index.php?rest_route=%2Fwp%2Fv2%2Fmedia&parent=3189"}],"wp:term":[{"taxonomy":"product_cat","embeddable":true,"href":"https:\/\/maderacat.cat\/index.php?rest_route=%2Fwp%2Fv2%2Fproduct_cat&post=3189"},{"taxonomy":"product_tag","embeddable":true,"href":"https:\/\/maderacat.cat\/index.php?rest_route=%2Fwp%2Fv2%2Fproduct_tag&post=3189"}],"curies":[{"name":"wp","href":"https:\/\/api.w.org\/{rel}","templated":true}]}}