{"id":3173,"date":"2016-10-09T08:00:33","date_gmt":"2016-10-09T08:00:33","guid":{"rendered":"http:\/\/maderacat.cat\/produkt\/sedaci-souprava-bondy-rohova-s-rozkl-a-ul-prost\/"},"modified":"2016-10-09T08:00:33","modified_gmt":"2016-10-09T08:00:33","slug":"sedaci-souprava-bondy-rohova-s-rozkl-a-ul-prost","status":"publish","type":"product","link":"https:\/\/maderacat.cat\/?product=sedaci-souprava-bondy-rohova-s-rozkl-a-ul-prost","title":{"rendered":"Sedac\u00ed souprava Bondy\u00a0 rohov\u00e1 s rozkl.a \u00fal.prost."},"content":{"rendered":"<p>Sedac\u00ed souprava Bondy? rohov\u00e1 s rozkladem a \u00fal.prostorem<br \/>\n\u00a0<br \/>\nSlo\u017een\u00ed: pur p\u011bna, pru\u017eina vlnit\u00e1<br \/>\n\u00a0<br \/>\n Rozm\u011bry:d\u00e9lka 67cm,\u00a0hloubka 210\/85cm,? v\u00fd\u0161ka 110cm,\u00a0\u00a0<br \/>\n spac\u00ed plocha 204 x 120cm, hloubka sedu 52cm, v\u00fd\u0161ka sedu 46cm<br \/>\n\u00a0<br \/>\n\u00a0<br \/>\nTato ak\u010dn\u00ed cena plat\u00ed pouze u proveden\u00edch<br \/>\n\u00a0<br \/>\n\u00a0 A249-2501-1341 a ?? A249-722<br \/>\n\u00a0<br \/>\nOstatn\u00ed dekory l\u00e1tek jsou s 10% p\u0159\u00edplatkem?<\/p>\n","protected":false},"excerpt":{"rendered":"<p>Sedac\u00ed souprava Bondy? rohov\u00e1 s rozkladem a \u00fal.prostorem \u00a0 Slo\u017een\u00ed: pur p\u011bna, pru\u017eina vlnit\u00e1 \u00a0 Rozm\u011bry:d\u00e9lka 67cm,\u00a0hloubka 210\/85cm,? v\u00fd\u0161ka 110cm,\u00a0\u00a0 spac\u00ed plocha 204 x 120cm, hloubka sedu 52cm, v\u00fd\u0161ka sedu 46cm \u00a0 \u00a0 Tato ak\u010dn\u00ed cena plat\u00ed pouze u proveden\u00edch \u00a0 \u00a0 A249-2501-1341 a ?? A249-722 \u00a0 Ostatn\u00ed dekory l\u00e1tek jsou s 10% p\u0159\u00edplatkem?<\/p>\n","protected":false},"featured_media":2733,"comment_status":"closed","ping_status":"closed","template":"","meta":[],"product_cat":[23],"product_tag":[],"yoast_head":"<!-- This site is optimized with the Yoast SEO plugin v20.12 - https:\/\/yoast.com\/wordpress\/plugins\/seo\/ -->\n<title>Sedac\u00ed souprava Bondy\u00a0 rohov\u00e1 s rozkl.a \u00fal.prost. - Madera<\/title>\n<meta name=\"robots\" content=\"index, follow, max-snippet:-1, max-image-preview:large, max-video-preview:-1\" \/>\n<link rel=\"canonical\" href=\"https:\/\/maderacat.cat\/?product=sedaci-souprava-bondy-rohova-s-rozkl-a-ul-prost\" \/>\n<meta property=\"og:locale\" content=\"en_US\" \/>\n<meta property=\"og:type\" content=\"article\" \/>\n<meta property=\"og:title\" content=\"Sedac\u00ed souprava Bondy\u00a0 rohov\u00e1 s rozkl.a \u00fal.prost. - Madera\" \/>\n<meta property=\"og:description\" content=\"Sedac\u00ed souprava Bondy? rohov\u00e1 s rozkladem a \u00fal.prostorem \u00a0 Slo\u017een\u00ed: pur p\u011bna, pru\u017eina vlnit\u00e1 \u00a0 Rozm\u011bry:d\u00e9lka 67cm,\u00a0hloubka 210\/85cm,? v\u00fd\u0161ka 110cm,\u00a0\u00a0 spac\u00ed plocha 204 x 120cm, hloubka sedu 52cm, v\u00fd\u0161ka sedu 46cm \u00a0 \u00a0 Tato ak\u010dn\u00ed cena plat\u00ed pouze u proveden\u00edch \u00a0 \u00a0 A249-2501-1341 a ?? A249-722 \u00a0 Ostatn\u00ed dekory l\u00e1tek jsou s 10% p\u0159\u00edplatkem?\" \/>\n<meta property=\"og:url\" content=\"https:\/\/maderacat.cat\/?product=sedaci-souprava-bondy-rohova-s-rozkl-a-ul-prost\" \/>\n<meta property=\"og:site_name\" content=\"Madera\" \/>\n<meta property=\"og:image\" content=\"https:\/\/maderacat.cat\/wp-content\/uploads\/2016\/10\/4527-25698.jpg\" \/>\n\t<meta property=\"og:image:width\" content=\"900\" \/>\n\t<meta property=\"og:image:height\" content=\"600\" \/>\n\t<meta property=\"og:image:type\" content=\"image\/jpeg\" \/>\n<meta name=\"twitter:card\" content=\"summary_large_image\" \/>\n<script type=\"application\/ld+json\" class=\"yoast-schema-graph\">{\"@context\":\"https:\/\/schema.org\",\"@graph\":[{\"@type\":\"WebPage\",\"@id\":\"https:\/\/maderacat.cat\/?product=sedaci-souprava-bondy-rohova-s-rozkl-a-ul-prost\",\"url\":\"https:\/\/maderacat.cat\/?product=sedaci-souprava-bondy-rohova-s-rozkl-a-ul-prost\",\"name\":\"Sedac\u00ed souprava Bondy\u00a0 rohov\u00e1 s rozkl.a \u00fal.prost. - Madera\",\"isPartOf\":{\"@id\":\"https:\/\/maderacat.cat\/#website\"},\"datePublished\":\"2016-10-09T08:00:33+00:00\",\"dateModified\":\"2016-10-09T08:00:33+00:00\",\"breadcrumb\":{\"@id\":\"https:\/\/maderacat.cat\/?product=sedaci-souprava-bondy-rohova-s-rozkl-a-ul-prost#breadcrumb\"},\"inLanguage\":\"en-US\",\"potentialAction\":[{\"@type\":\"ReadAction\",\"target\":[\"https:\/\/maderacat.cat\/?product=sedaci-souprava-bondy-rohova-s-rozkl-a-ul-prost\"]}]},{\"@type\":\"BreadcrumbList\",\"@id\":\"https:\/\/maderacat.cat\/?product=sedaci-souprava-bondy-rohova-s-rozkl-a-ul-prost#breadcrumb\",\"itemListElement\":[{\"@type\":\"ListItem\",\"position\":1,\"name\":\"Dom\u016f\",\"item\":\"https:\/\/maderacat.cat\/\"},{\"@type\":\"ListItem\",\"position\":2,\"name\":\"Obchod\",\"item\":\"https:\/\/maderacat.cat\/?page_id=270\"},{\"@type\":\"ListItem\",\"position\":3,\"name\":\"Sedac\u00ed souprava Bondy\u00a0 rohov\u00e1 s rozkl.a \u00fal.prost.\"}]},{\"@type\":\"WebSite\",\"@id\":\"https:\/\/maderacat.cat\/#website\",\"url\":\"https:\/\/maderacat.cat\/\",\"name\":\"Madera\",\"description\":\"Bienvenido a la p\u00e1gina web\",\"potentialAction\":[{\"@type\":\"SearchAction\",\"target\":{\"@type\":\"EntryPoint\",\"urlTemplate\":\"https:\/\/maderacat.cat\/?s={search_term_string}\"},\"query-input\":\"required name=search_term_string\"}],\"inLanguage\":\"en-US\"}]}<\/script>\n<!-- \/ Yoast SEO plugin. -->","yoast_head_json":{"title":"Sedac\u00ed souprava Bondy\u00a0 rohov\u00e1 s rozkl.a \u00fal.prost. - Madera","robots":{"index":"index","follow":"follow","max-snippet":"max-snippet:-1","max-image-preview":"max-image-preview:large","max-video-preview":"max-video-preview:-1"},"canonical":"https:\/\/maderacat.cat\/?product=sedaci-souprava-bondy-rohova-s-rozkl-a-ul-prost","og_locale":"en_US","og_type":"article","og_title":"Sedac\u00ed souprava Bondy\u00a0 rohov\u00e1 s rozkl.a \u00fal.prost. - Madera","og_description":"Sedac\u00ed souprava Bondy? rohov\u00e1 s rozkladem a \u00fal.prostorem \u00a0 Slo\u017een\u00ed: pur p\u011bna, pru\u017eina vlnit\u00e1 \u00a0 Rozm\u011bry:d\u00e9lka 67cm,\u00a0hloubka 210\/85cm,? v\u00fd\u0161ka 110cm,\u00a0\u00a0 spac\u00ed plocha 204 x 120cm, hloubka sedu 52cm, v\u00fd\u0161ka sedu 46cm \u00a0 \u00a0 Tato ak\u010dn\u00ed cena plat\u00ed pouze u proveden\u00edch \u00a0 \u00a0 A249-2501-1341 a ?? A249-722 \u00a0 Ostatn\u00ed dekory l\u00e1tek jsou s 10% p\u0159\u00edplatkem?","og_url":"https:\/\/maderacat.cat\/?product=sedaci-souprava-bondy-rohova-s-rozkl-a-ul-prost","og_site_name":"Madera","og_image":[{"width":900,"height":600,"url":"https:\/\/maderacat.cat\/wp-content\/uploads\/2016\/10\/4527-25698.jpg","type":"image\/jpeg"}],"twitter_card":"summary_large_image","schema":{"@context":"https:\/\/schema.org","@graph":[{"@type":"WebPage","@id":"https:\/\/maderacat.cat\/?product=sedaci-souprava-bondy-rohova-s-rozkl-a-ul-prost","url":"https:\/\/maderacat.cat\/?product=sedaci-souprava-bondy-rohova-s-rozkl-a-ul-prost","name":"Sedac\u00ed souprava Bondy\u00a0 rohov\u00e1 s rozkl.a \u00fal.prost. - Madera","isPartOf":{"@id":"https:\/\/maderacat.cat\/#website"},"datePublished":"2016-10-09T08:00:33+00:00","dateModified":"2016-10-09T08:00:33+00:00","breadcrumb":{"@id":"https:\/\/maderacat.cat\/?product=sedaci-souprava-bondy-rohova-s-rozkl-a-ul-prost#breadcrumb"},"inLanguage":"en-US","potentialAction":[{"@type":"ReadAction","target":["https:\/\/maderacat.cat\/?product=sedaci-souprava-bondy-rohova-s-rozkl-a-ul-prost"]}]},{"@type":"BreadcrumbList","@id":"https:\/\/maderacat.cat\/?product=sedaci-souprava-bondy-rohova-s-rozkl-a-ul-prost#breadcrumb","itemListElement":[{"@type":"ListItem","position":1,"name":"Dom\u016f","item":"https:\/\/maderacat.cat\/"},{"@type":"ListItem","position":2,"name":"Obchod","item":"https:\/\/maderacat.cat\/?page_id=270"},{"@type":"ListItem","position":3,"name":"Sedac\u00ed souprava Bondy\u00a0 rohov\u00e1 s rozkl.a \u00fal.prost."}]},{"@type":"WebSite","@id":"https:\/\/maderacat.cat\/#website","url":"https:\/\/maderacat.cat\/","name":"Madera","description":"Bienvenido a la p\u00e1gina web","potentialAction":[{"@type":"SearchAction","target":{"@type":"EntryPoint","urlTemplate":"https:\/\/maderacat.cat\/?s={search_term_string}"},"query-input":"required name=search_term_string"}],"inLanguage":"en-US"}]}},"_links":{"self":[{"href":"https:\/\/maderacat.cat\/index.php?rest_route=\/wp\/v2\/product\/3173"}],"collection":[{"href":"https:\/\/maderacat.cat\/index.php?rest_route=\/wp\/v2\/product"}],"about":[{"href":"https:\/\/maderacat.cat\/index.php?rest_route=\/wp\/v2\/types\/product"}],"replies":[{"embeddable":true,"href":"https:\/\/maderacat.cat\/index.php?rest_route=%2Fwp%2Fv2%2Fcomments&post=3173"}],"wp:featuredmedia":[{"embeddable":true,"href":"https:\/\/maderacat.cat\/index.php?rest_route=\/wp\/v2\/media\/2733"}],"wp:attachment":[{"href":"https:\/\/maderacat.cat\/index.php?rest_route=%2Fwp%2Fv2%2Fmedia&parent=3173"}],"wp:term":[{"taxonomy":"product_cat","embeddable":true,"href":"https:\/\/maderacat.cat\/index.php?rest_route=%2Fwp%2Fv2%2Fproduct_cat&post=3173"},{"taxonomy":"product_tag","embeddable":true,"href":"https:\/\/maderacat.cat\/index.php?rest_route=%2Fwp%2Fv2%2Fproduct_tag&post=3173"}],"curies":[{"name":"wp","href":"https:\/\/api.w.org\/{rel}","templated":true}]}}