{"id":3169,"date":"2016-10-09T08:00:33","date_gmt":"2016-10-09T08:00:33","guid":{"rendered":"http:\/\/maderacat.cat\/produkt\/pohovka-bondy-2\/"},"modified":"2016-10-09T08:00:33","modified_gmt":"2016-10-09T08:00:33","slug":"pohovka-bondy-2","status":"publish","type":"product","link":"https:\/\/maderacat.cat\/?product=pohovka-bondy-2","title":{"rendered":"Pohovka BONDY"},"content":{"rendered":"<p>Pohovka BONDY &#8211; celou\u010daloun\u011bn\u00e1 rozkl\u00e1dac\u00ed<br \/>\nRozm\u011bry: d\u00e9lka 190cm (bez bok\u016f); 230cm (s boky), v\u00fd\u0161ka 110cm, hloubka sedu 52cm, v\u00fd\u0161ka sedu 46cm, spac\u00ed plocha 190x120cm?.<\/p>\n<p>\u00a0Slo\u017een\u00ed: vlnit\u00e1 pru\u017eina, pur p\u011bna<br \/>\n\u00a0<br \/>\n\u00a0<br \/>\nTato ak\u010dn\u00ed cena plat\u00ed pouze u proveden\u00edch<br \/>\n\u00a0<br \/>\n\u00a0 P255-2501-1341 a ?? P255-722<br \/>\n\u00a0<br \/>\nOstatn\u00ed dekory l\u00e1tek jsou s 10% p\u0159\u00edplatkem??<br \/>\n\u00a0<br \/>\n\u00a0<br \/>\n\u00a0<\/p>\n<p>?<\/p>\n","protected":false},"excerpt":{"rendered":"<p>Pohovka BONDY &#8211; celou\u010daloun\u011bn\u00e1 rozkl\u00e1dac\u00ed Rozm\u011bry: d\u00e9lka 190cm (bez bok\u016f); 230cm (s boky), v\u00fd\u0161ka 110cm, hloubka sedu 52cm, v\u00fd\u0161ka sedu 46cm, spac\u00ed plocha 190x120cm?. \u00a0Slo\u017een\u00ed: vlnit\u00e1 pru\u017eina, pur p\u011bna \u00a0 \u00a0 Tato ak\u010dn\u00ed cena plat\u00ed pouze u proveden\u00edch \u00a0 \u00a0 P255-2501-1341 a ?? P255-722 \u00a0 Ostatn\u00ed dekory l\u00e1tek jsou s 10% p\u0159\u00edplatkem?? \u00a0 \u00a0 \u00a0<\/p>\n","protected":false},"featured_media":2729,"comment_status":"closed","ping_status":"closed","template":"","meta":[],"product_cat":[23],"product_tag":[],"yoast_head":"<!-- This site is optimized with the Yoast SEO plugin v20.12 - https:\/\/yoast.com\/wordpress\/plugins\/seo\/ -->\n<title>Pohovka BONDY - Madera<\/title>\n<meta name=\"robots\" content=\"index, follow, max-snippet:-1, max-image-preview:large, max-video-preview:-1\" \/>\n<link rel=\"canonical\" href=\"https:\/\/maderacat.cat\/?product=pohovka-bondy-2\" \/>\n<meta property=\"og:locale\" content=\"en_US\" \/>\n<meta property=\"og:type\" content=\"article\" \/>\n<meta property=\"og:title\" content=\"Pohovka BONDY - Madera\" \/>\n<meta property=\"og:description\" content=\"Pohovka BONDY &#8211; celou\u010daloun\u011bn\u00e1 rozkl\u00e1dac\u00ed Rozm\u011bry: d\u00e9lka 190cm (bez bok\u016f); 230cm (s boky), v\u00fd\u0161ka 110cm, hloubka sedu 52cm, v\u00fd\u0161ka sedu 46cm, spac\u00ed plocha 190x120cm?. \u00a0Slo\u017een\u00ed: vlnit\u00e1 pru\u017eina, pur p\u011bna \u00a0 \u00a0 Tato ak\u010dn\u00ed cena plat\u00ed pouze u proveden\u00edch \u00a0 \u00a0 P255-2501-1341 a ?? P255-722 \u00a0 Ostatn\u00ed dekory l\u00e1tek jsou s 10% p\u0159\u00edplatkem?? \u00a0 \u00a0 \u00a0\" \/>\n<meta property=\"og:url\" content=\"https:\/\/maderacat.cat\/?product=pohovka-bondy-2\" \/>\n<meta property=\"og:site_name\" content=\"Madera\" \/>\n<meta property=\"og:image\" content=\"https:\/\/maderacat.cat\/wp-content\/uploads\/2016\/10\/4532-25710.jpg\" \/>\n\t<meta property=\"og:image:width\" content=\"595\" \/>\n\t<meta property=\"og:image:height\" content=\"420\" \/>\n\t<meta property=\"og:image:type\" content=\"image\/jpeg\" \/>\n<meta name=\"twitter:card\" content=\"summary_large_image\" \/>\n<script type=\"application\/ld+json\" class=\"yoast-schema-graph\">{\"@context\":\"https:\/\/schema.org\",\"@graph\":[{\"@type\":\"WebPage\",\"@id\":\"https:\/\/maderacat.cat\/?product=pohovka-bondy-2\",\"url\":\"https:\/\/maderacat.cat\/?product=pohovka-bondy-2\",\"name\":\"Pohovka BONDY - Madera\",\"isPartOf\":{\"@id\":\"https:\/\/maderacat.cat\/#website\"},\"datePublished\":\"2016-10-09T08:00:33+00:00\",\"dateModified\":\"2016-10-09T08:00:33+00:00\",\"breadcrumb\":{\"@id\":\"https:\/\/maderacat.cat\/?product=pohovka-bondy-2#breadcrumb\"},\"inLanguage\":\"en-US\",\"potentialAction\":[{\"@type\":\"ReadAction\",\"target\":[\"https:\/\/maderacat.cat\/?product=pohovka-bondy-2\"]}]},{\"@type\":\"BreadcrumbList\",\"@id\":\"https:\/\/maderacat.cat\/?product=pohovka-bondy-2#breadcrumb\",\"itemListElement\":[{\"@type\":\"ListItem\",\"position\":1,\"name\":\"Dom\u016f\",\"item\":\"https:\/\/maderacat.cat\/\"},{\"@type\":\"ListItem\",\"position\":2,\"name\":\"Obchod\",\"item\":\"https:\/\/maderacat.cat\/?page_id=270\"},{\"@type\":\"ListItem\",\"position\":3,\"name\":\"Pohovka BONDY\"}]},{\"@type\":\"WebSite\",\"@id\":\"https:\/\/maderacat.cat\/#website\",\"url\":\"https:\/\/maderacat.cat\/\",\"name\":\"Madera\",\"description\":\"Bienvenido a la p\u00e1gina web\",\"potentialAction\":[{\"@type\":\"SearchAction\",\"target\":{\"@type\":\"EntryPoint\",\"urlTemplate\":\"https:\/\/maderacat.cat\/?s={search_term_string}\"},\"query-input\":\"required name=search_term_string\"}],\"inLanguage\":\"en-US\"}]}<\/script>\n<!-- \/ Yoast SEO plugin. -->","yoast_head_json":{"title":"Pohovka BONDY - Madera","robots":{"index":"index","follow":"follow","max-snippet":"max-snippet:-1","max-image-preview":"max-image-preview:large","max-video-preview":"max-video-preview:-1"},"canonical":"https:\/\/maderacat.cat\/?product=pohovka-bondy-2","og_locale":"en_US","og_type":"article","og_title":"Pohovka BONDY - Madera","og_description":"Pohovka BONDY &#8211; celou\u010daloun\u011bn\u00e1 rozkl\u00e1dac\u00ed Rozm\u011bry: d\u00e9lka 190cm (bez bok\u016f); 230cm (s boky), v\u00fd\u0161ka 110cm, hloubka sedu 52cm, v\u00fd\u0161ka sedu 46cm, spac\u00ed plocha 190x120cm?. \u00a0Slo\u017een\u00ed: vlnit\u00e1 pru\u017eina, pur p\u011bna \u00a0 \u00a0 Tato ak\u010dn\u00ed cena plat\u00ed pouze u proveden\u00edch \u00a0 \u00a0 P255-2501-1341 a ?? P255-722 \u00a0 Ostatn\u00ed dekory l\u00e1tek jsou s 10% p\u0159\u00edplatkem?? \u00a0 \u00a0 \u00a0","og_url":"https:\/\/maderacat.cat\/?product=pohovka-bondy-2","og_site_name":"Madera","og_image":[{"width":595,"height":420,"url":"https:\/\/maderacat.cat\/wp-content\/uploads\/2016\/10\/4532-25710.jpg","type":"image\/jpeg"}],"twitter_card":"summary_large_image","schema":{"@context":"https:\/\/schema.org","@graph":[{"@type":"WebPage","@id":"https:\/\/maderacat.cat\/?product=pohovka-bondy-2","url":"https:\/\/maderacat.cat\/?product=pohovka-bondy-2","name":"Pohovka BONDY - Madera","isPartOf":{"@id":"https:\/\/maderacat.cat\/#website"},"datePublished":"2016-10-09T08:00:33+00:00","dateModified":"2016-10-09T08:00:33+00:00","breadcrumb":{"@id":"https:\/\/maderacat.cat\/?product=pohovka-bondy-2#breadcrumb"},"inLanguage":"en-US","potentialAction":[{"@type":"ReadAction","target":["https:\/\/maderacat.cat\/?product=pohovka-bondy-2"]}]},{"@type":"BreadcrumbList","@id":"https:\/\/maderacat.cat\/?product=pohovka-bondy-2#breadcrumb","itemListElement":[{"@type":"ListItem","position":1,"name":"Dom\u016f","item":"https:\/\/maderacat.cat\/"},{"@type":"ListItem","position":2,"name":"Obchod","item":"https:\/\/maderacat.cat\/?page_id=270"},{"@type":"ListItem","position":3,"name":"Pohovka BONDY"}]},{"@type":"WebSite","@id":"https:\/\/maderacat.cat\/#website","url":"https:\/\/maderacat.cat\/","name":"Madera","description":"Bienvenido a la p\u00e1gina web","potentialAction":[{"@type":"SearchAction","target":{"@type":"EntryPoint","urlTemplate":"https:\/\/maderacat.cat\/?s={search_term_string}"},"query-input":"required name=search_term_string"}],"inLanguage":"en-US"}]}},"_links":{"self":[{"href":"https:\/\/maderacat.cat\/index.php?rest_route=\/wp\/v2\/product\/3169"}],"collection":[{"href":"https:\/\/maderacat.cat\/index.php?rest_route=\/wp\/v2\/product"}],"about":[{"href":"https:\/\/maderacat.cat\/index.php?rest_route=\/wp\/v2\/types\/product"}],"replies":[{"embeddable":true,"href":"https:\/\/maderacat.cat\/index.php?rest_route=%2Fwp%2Fv2%2Fcomments&post=3169"}],"wp:featuredmedia":[{"embeddable":true,"href":"https:\/\/maderacat.cat\/index.php?rest_route=\/wp\/v2\/media\/2729"}],"wp:attachment":[{"href":"https:\/\/maderacat.cat\/index.php?rest_route=%2Fwp%2Fv2%2Fmedia&parent=3169"}],"wp:term":[{"taxonomy":"product_cat","embeddable":true,"href":"https:\/\/maderacat.cat\/index.php?rest_route=%2Fwp%2Fv2%2Fproduct_cat&post=3169"},{"taxonomy":"product_tag","embeddable":true,"href":"https:\/\/maderacat.cat\/index.php?rest_route=%2Fwp%2Fv2%2Fproduct_tag&post=3169"}],"curies":[{"name":"wp","href":"https:\/\/api.w.org\/{rel}","templated":true}]}}