{"id":3158,"date":"2016-10-09T08:00:24","date_gmt":"2016-10-09T08:00:24","guid":{"rendered":"http:\/\/maderacat.cat\/produkt\/pohovka-tivoli\/"},"modified":"2016-10-09T08:00:24","modified_gmt":"2016-10-09T08:00:24","slug":"pohovka-tivoli","status":"publish","type":"product","link":"https:\/\/maderacat.cat\/?product=pohovka-tivoli","title":{"rendered":"Pohovka TIVOLI"},"content":{"rendered":"<p>Pohovka P018 Tivoli<br \/>\nPru\u017einy bonel, pur p\u011bna, vatel\u00edn, masiv?<br \/>\n\u00a0<br \/>\nRozm\u011bry: d\u00e9lka 140cm, hloubka 85cm, v\u00fd\u0161ka 94cm,<br \/>\nhloubka sedu 50cm, v\u00fd\u0161ka sedu47cm,<\/p>\n<p>Vhodn\u00e9 v kombinaci s A011, P017, A111<br \/>\n\u00a0<br \/>\n\u00a0Tato ak\u010dn\u00ed cena plat\u00ed pouze u proveden\u00edch<br \/>\nP018- T-2328 a ??P018-H-2053<br \/>\n\u00a0<br \/>\nOstatn\u00ed dekory l\u00e1tek jsou s 10% p\u0159\u00edplatkem??<br \/>\n?<br \/>\n?<\/p>\n","protected":false},"excerpt":{"rendered":"<p>Pohovka P018 Tivoli Pru\u017einy bonel, pur p\u011bna, vatel\u00edn, masiv? \u00a0 Rozm\u011bry: d\u00e9lka 140cm, hloubka 85cm, v\u00fd\u0161ka 94cm, hloubka sedu 50cm, v\u00fd\u0161ka sedu47cm, Vhodn\u00e9 v kombinaci s A011, P017, A111 \u00a0 \u00a0Tato ak\u010dn\u00ed cena plat\u00ed pouze u proveden\u00edch P018- T-2328 a ??P018-H-2053 \u00a0 Ostatn\u00ed dekory l\u00e1tek jsou s 10% p\u0159\u00edplatkem?? ? ?<\/p>\n","protected":false},"featured_media":2718,"comment_status":"closed","ping_status":"closed","template":"","meta":[],"product_cat":[23],"product_tag":[],"yoast_head":"<!-- This site is optimized with the Yoast SEO plugin v20.12 - https:\/\/yoast.com\/wordpress\/plugins\/seo\/ -->\n<title>Pohovka TIVOLI - Madera<\/title>\n<meta name=\"robots\" content=\"index, follow, max-snippet:-1, max-image-preview:large, max-video-preview:-1\" \/>\n<link rel=\"canonical\" href=\"https:\/\/maderacat.cat\/?product=pohovka-tivoli\" \/>\n<meta property=\"og:locale\" content=\"en_US\" \/>\n<meta property=\"og:type\" content=\"article\" \/>\n<meta property=\"og:title\" content=\"Pohovka TIVOLI - Madera\" \/>\n<meta property=\"og:description\" content=\"Pohovka P018 Tivoli Pru\u017einy bonel, pur p\u011bna, vatel\u00edn, masiv? \u00a0 Rozm\u011bry: d\u00e9lka 140cm, hloubka 85cm, v\u00fd\u0161ka 94cm, hloubka sedu 50cm, v\u00fd\u0161ka sedu47cm, Vhodn\u00e9 v kombinaci s A011, P017, A111 \u00a0 \u00a0Tato ak\u010dn\u00ed cena plat\u00ed pouze u proveden\u00edch P018- T-2328 a ??P018-H-2053 \u00a0 Ostatn\u00ed dekory l\u00e1tek jsou s 10% p\u0159\u00edplatkem?? ? ?\" \/>\n<meta property=\"og:url\" content=\"https:\/\/maderacat.cat\/?product=pohovka-tivoli\" \/>\n<meta property=\"og:site_name\" content=\"Madera\" \/>\n<meta property=\"og:image\" content=\"https:\/\/maderacat.cat\/wp-content\/uploads\/2016\/10\/4543-25762.jpg\" \/>\n\t<meta property=\"og:image:width\" content=\"900\" \/>\n\t<meta property=\"og:image:height\" content=\"600\" \/>\n\t<meta property=\"og:image:type\" content=\"image\/jpeg\" \/>\n<meta name=\"twitter:card\" content=\"summary_large_image\" \/>\n<script type=\"application\/ld+json\" class=\"yoast-schema-graph\">{\"@context\":\"https:\/\/schema.org\",\"@graph\":[{\"@type\":\"WebPage\",\"@id\":\"https:\/\/maderacat.cat\/?product=pohovka-tivoli\",\"url\":\"https:\/\/maderacat.cat\/?product=pohovka-tivoli\",\"name\":\"Pohovka TIVOLI - Madera\",\"isPartOf\":{\"@id\":\"https:\/\/maderacat.cat\/#website\"},\"datePublished\":\"2016-10-09T08:00:24+00:00\",\"dateModified\":\"2016-10-09T08:00:24+00:00\",\"breadcrumb\":{\"@id\":\"https:\/\/maderacat.cat\/?product=pohovka-tivoli#breadcrumb\"},\"inLanguage\":\"en-US\",\"potentialAction\":[{\"@type\":\"ReadAction\",\"target\":[\"https:\/\/maderacat.cat\/?product=pohovka-tivoli\"]}]},{\"@type\":\"BreadcrumbList\",\"@id\":\"https:\/\/maderacat.cat\/?product=pohovka-tivoli#breadcrumb\",\"itemListElement\":[{\"@type\":\"ListItem\",\"position\":1,\"name\":\"Dom\u016f\",\"item\":\"https:\/\/maderacat.cat\/\"},{\"@type\":\"ListItem\",\"position\":2,\"name\":\"Obchod\",\"item\":\"https:\/\/maderacat.cat\/?page_id=270\"},{\"@type\":\"ListItem\",\"position\":3,\"name\":\"Pohovka TIVOLI\"}]},{\"@type\":\"WebSite\",\"@id\":\"https:\/\/maderacat.cat\/#website\",\"url\":\"https:\/\/maderacat.cat\/\",\"name\":\"Madera\",\"description\":\"Bienvenido a la p\u00e1gina web\",\"potentialAction\":[{\"@type\":\"SearchAction\",\"target\":{\"@type\":\"EntryPoint\",\"urlTemplate\":\"https:\/\/maderacat.cat\/?s={search_term_string}\"},\"query-input\":\"required name=search_term_string\"}],\"inLanguage\":\"en-US\"}]}<\/script>\n<!-- \/ Yoast SEO plugin. -->","yoast_head_json":{"title":"Pohovka TIVOLI - Madera","robots":{"index":"index","follow":"follow","max-snippet":"max-snippet:-1","max-image-preview":"max-image-preview:large","max-video-preview":"max-video-preview:-1"},"canonical":"https:\/\/maderacat.cat\/?product=pohovka-tivoli","og_locale":"en_US","og_type":"article","og_title":"Pohovka TIVOLI - Madera","og_description":"Pohovka P018 Tivoli Pru\u017einy bonel, pur p\u011bna, vatel\u00edn, masiv? \u00a0 Rozm\u011bry: d\u00e9lka 140cm, hloubka 85cm, v\u00fd\u0161ka 94cm, hloubka sedu 50cm, v\u00fd\u0161ka sedu47cm, Vhodn\u00e9 v kombinaci s A011, P017, A111 \u00a0 \u00a0Tato ak\u010dn\u00ed cena plat\u00ed pouze u proveden\u00edch P018- T-2328 a ??P018-H-2053 \u00a0 Ostatn\u00ed dekory l\u00e1tek jsou s 10% p\u0159\u00edplatkem?? ? ?","og_url":"https:\/\/maderacat.cat\/?product=pohovka-tivoli","og_site_name":"Madera","og_image":[{"width":900,"height":600,"url":"https:\/\/maderacat.cat\/wp-content\/uploads\/2016\/10\/4543-25762.jpg","type":"image\/jpeg"}],"twitter_card":"summary_large_image","schema":{"@context":"https:\/\/schema.org","@graph":[{"@type":"WebPage","@id":"https:\/\/maderacat.cat\/?product=pohovka-tivoli","url":"https:\/\/maderacat.cat\/?product=pohovka-tivoli","name":"Pohovka TIVOLI - Madera","isPartOf":{"@id":"https:\/\/maderacat.cat\/#website"},"datePublished":"2016-10-09T08:00:24+00:00","dateModified":"2016-10-09T08:00:24+00:00","breadcrumb":{"@id":"https:\/\/maderacat.cat\/?product=pohovka-tivoli#breadcrumb"},"inLanguage":"en-US","potentialAction":[{"@type":"ReadAction","target":["https:\/\/maderacat.cat\/?product=pohovka-tivoli"]}]},{"@type":"BreadcrumbList","@id":"https:\/\/maderacat.cat\/?product=pohovka-tivoli#breadcrumb","itemListElement":[{"@type":"ListItem","position":1,"name":"Dom\u016f","item":"https:\/\/maderacat.cat\/"},{"@type":"ListItem","position":2,"name":"Obchod","item":"https:\/\/maderacat.cat\/?page_id=270"},{"@type":"ListItem","position":3,"name":"Pohovka TIVOLI"}]},{"@type":"WebSite","@id":"https:\/\/maderacat.cat\/#website","url":"https:\/\/maderacat.cat\/","name":"Madera","description":"Bienvenido a la p\u00e1gina web","potentialAction":[{"@type":"SearchAction","target":{"@type":"EntryPoint","urlTemplate":"https:\/\/maderacat.cat\/?s={search_term_string}"},"query-input":"required name=search_term_string"}],"inLanguage":"en-US"}]}},"_links":{"self":[{"href":"https:\/\/maderacat.cat\/index.php?rest_route=\/wp\/v2\/product\/3158"}],"collection":[{"href":"https:\/\/maderacat.cat\/index.php?rest_route=\/wp\/v2\/product"}],"about":[{"href":"https:\/\/maderacat.cat\/index.php?rest_route=\/wp\/v2\/types\/product"}],"replies":[{"embeddable":true,"href":"https:\/\/maderacat.cat\/index.php?rest_route=%2Fwp%2Fv2%2Fcomments&post=3158"}],"wp:featuredmedia":[{"embeddable":true,"href":"https:\/\/maderacat.cat\/index.php?rest_route=\/wp\/v2\/media\/2718"}],"wp:attachment":[{"href":"https:\/\/maderacat.cat\/index.php?rest_route=%2Fwp%2Fv2%2Fmedia&parent=3158"}],"wp:term":[{"taxonomy":"product_cat","embeddable":true,"href":"https:\/\/maderacat.cat\/index.php?rest_route=%2Fwp%2Fv2%2Fproduct_cat&post=3158"},{"taxonomy":"product_tag","embeddable":true,"href":"https:\/\/maderacat.cat\/index.php?rest_route=%2Fwp%2Fv2%2Fproduct_tag&post=3158"}],"curies":[{"name":"wp","href":"https:\/\/api.w.org\/{rel}","templated":true}]}}