{"id":3156,"date":"2016-10-09T08:00:24","date_gmt":"2016-10-09T08:00:24","guid":{"rendered":"http:\/\/maderacat.cat\/produkt\/sedaci-souprava-valence-s-led-osvetlenim\/"},"modified":"2016-10-09T08:00:24","modified_gmt":"2016-10-09T08:00:24","slug":"sedaci-souprava-valence-s-led-osvetlenim","status":"publish","type":"product","link":"https:\/\/maderacat.cat\/?product=sedaci-souprava-valence-s-led-osvetlenim","title":{"rendered":"Sedac\u00ed souprava VALENCE s LED osv\u011btlen\u00edm"},"content":{"rendered":"<p>Sedac\u00ed souprava VALENCE &#8211; celou\u010daloun\u011bn\u00e1.<br \/>\n Rozm\u011bry: d\u00e9lka 280cm, hloubka 90\/230cm, v\u00fd\u0161ka 90cm, hloubka sedu 58cm, v\u00fd\u0161ka sedu 40cm.<br \/>\nRozklad (spac\u00ed plocha 205x128cm).<br \/>\n \u00dalo\u017en\u00fd prostor.<br \/>\n Vlnit\u00e1 pru\u017ein, pur p\u011bna, vatel\u00edn<br \/>\n LED podsv\u00edcen\u00ed (\u017elut\u00e9, modr\u00e9, b\u00edl\u00e9, zelen\u00e9 nebo \u010derven\u00e9)<br \/>\n\u00a0<br \/>\nTato ak\u010dn\u00ed cena plat\u00ed pouze u proveden\u00edch<br \/>\nA233-234-2332 a A233-2323-242<br \/>\n\u00a0<br \/>\n\u00a0<br \/>\n\u00a0<br \/>\nOstatn\u00ed dekory l\u00e1tek jsou s 10% p\u0159\u00edplatkem??<br \/>\n\u00a0<br \/>\n?<br \/>\n?<\/p>\n","protected":false},"excerpt":{"rendered":"<p>Sedac\u00ed souprava VALENCE &#8211; celou\u010daloun\u011bn\u00e1. Rozm\u011bry: d\u00e9lka 280cm, hloubka 90\/230cm, v\u00fd\u0161ka 90cm, hloubka sedu 58cm, v\u00fd\u0161ka sedu 40cm. Rozklad (spac\u00ed plocha 205x128cm). \u00dalo\u017en\u00fd prostor. Vlnit\u00e1 pru\u017ein, pur p\u011bna, vatel\u00edn LED podsv\u00edcen\u00ed (\u017elut\u00e9, modr\u00e9, b\u00edl\u00e9, zelen\u00e9 nebo \u010derven\u00e9) \u00a0 Tato ak\u010dn\u00ed cena plat\u00ed pouze u proveden\u00edch A233-234-2332 a A233-2323-242 \u00a0 \u00a0 \u00a0 Ostatn\u00ed dekory l\u00e1tek jsou<\/p>\n","protected":false},"featured_media":2716,"comment_status":"closed","ping_status":"closed","template":"","meta":[],"product_cat":[23],"product_tag":[],"yoast_head":"<!-- This site is optimized with the Yoast SEO plugin v20.12 - https:\/\/yoast.com\/wordpress\/plugins\/seo\/ -->\n<title>Sedac\u00ed souprava VALENCE s LED osv\u011btlen\u00edm - Madera<\/title>\n<meta name=\"robots\" content=\"index, follow, max-snippet:-1, max-image-preview:large, max-video-preview:-1\" \/>\n<link rel=\"canonical\" href=\"https:\/\/maderacat.cat\/?product=sedaci-souprava-valence-s-led-osvetlenim\" \/>\n<meta property=\"og:locale\" content=\"en_US\" \/>\n<meta property=\"og:type\" content=\"article\" \/>\n<meta property=\"og:title\" content=\"Sedac\u00ed souprava VALENCE s LED osv\u011btlen\u00edm - Madera\" \/>\n<meta property=\"og:description\" content=\"Sedac\u00ed souprava VALENCE &#8211; celou\u010daloun\u011bn\u00e1. Rozm\u011bry: d\u00e9lka 280cm, hloubka 90\/230cm, v\u00fd\u0161ka 90cm, hloubka sedu 58cm, v\u00fd\u0161ka sedu 40cm. Rozklad (spac\u00ed plocha 205x128cm). \u00dalo\u017en\u00fd prostor. Vlnit\u00e1 pru\u017ein, pur p\u011bna, vatel\u00edn LED podsv\u00edcen\u00ed (\u017elut\u00e9, modr\u00e9, b\u00edl\u00e9, zelen\u00e9 nebo \u010derven\u00e9) \u00a0 Tato ak\u010dn\u00ed cena plat\u00ed pouze u proveden\u00edch A233-234-2332 a A233-2323-242 \u00a0 \u00a0 \u00a0 Ostatn\u00ed dekory l\u00e1tek jsou\" \/>\n<meta property=\"og:url\" content=\"https:\/\/maderacat.cat\/?product=sedaci-souprava-valence-s-led-osvetlenim\" \/>\n<meta property=\"og:site_name\" content=\"Madera\" \/>\n<meta property=\"og:image\" content=\"https:\/\/maderacat.cat\/wp-content\/uploads\/2016\/10\/4545-25770.jpg\" \/>\n\t<meta property=\"og:image:width\" content=\"900\" \/>\n\t<meta property=\"og:image:height\" content=\"600\" \/>\n\t<meta property=\"og:image:type\" content=\"image\/jpeg\" \/>\n<meta name=\"twitter:card\" content=\"summary_large_image\" \/>\n<script type=\"application\/ld+json\" class=\"yoast-schema-graph\">{\"@context\":\"https:\/\/schema.org\",\"@graph\":[{\"@type\":\"WebPage\",\"@id\":\"https:\/\/maderacat.cat\/?product=sedaci-souprava-valence-s-led-osvetlenim\",\"url\":\"https:\/\/maderacat.cat\/?product=sedaci-souprava-valence-s-led-osvetlenim\",\"name\":\"Sedac\u00ed souprava VALENCE s LED osv\u011btlen\u00edm - Madera\",\"isPartOf\":{\"@id\":\"https:\/\/maderacat.cat\/#website\"},\"datePublished\":\"2016-10-09T08:00:24+00:00\",\"dateModified\":\"2016-10-09T08:00:24+00:00\",\"breadcrumb\":{\"@id\":\"https:\/\/maderacat.cat\/?product=sedaci-souprava-valence-s-led-osvetlenim#breadcrumb\"},\"inLanguage\":\"en-US\",\"potentialAction\":[{\"@type\":\"ReadAction\",\"target\":[\"https:\/\/maderacat.cat\/?product=sedaci-souprava-valence-s-led-osvetlenim\"]}]},{\"@type\":\"BreadcrumbList\",\"@id\":\"https:\/\/maderacat.cat\/?product=sedaci-souprava-valence-s-led-osvetlenim#breadcrumb\",\"itemListElement\":[{\"@type\":\"ListItem\",\"position\":1,\"name\":\"Dom\u016f\",\"item\":\"https:\/\/maderacat.cat\/\"},{\"@type\":\"ListItem\",\"position\":2,\"name\":\"Obchod\",\"item\":\"https:\/\/maderacat.cat\/?page_id=270\"},{\"@type\":\"ListItem\",\"position\":3,\"name\":\"Sedac\u00ed souprava VALENCE s LED osv\u011btlen\u00edm\"}]},{\"@type\":\"WebSite\",\"@id\":\"https:\/\/maderacat.cat\/#website\",\"url\":\"https:\/\/maderacat.cat\/\",\"name\":\"Madera\",\"description\":\"Bienvenido a la p\u00e1gina web\",\"potentialAction\":[{\"@type\":\"SearchAction\",\"target\":{\"@type\":\"EntryPoint\",\"urlTemplate\":\"https:\/\/maderacat.cat\/?s={search_term_string}\"},\"query-input\":\"required name=search_term_string\"}],\"inLanguage\":\"en-US\"}]}<\/script>\n<!-- \/ Yoast SEO plugin. -->","yoast_head_json":{"title":"Sedac\u00ed souprava VALENCE s LED osv\u011btlen\u00edm - Madera","robots":{"index":"index","follow":"follow","max-snippet":"max-snippet:-1","max-image-preview":"max-image-preview:large","max-video-preview":"max-video-preview:-1"},"canonical":"https:\/\/maderacat.cat\/?product=sedaci-souprava-valence-s-led-osvetlenim","og_locale":"en_US","og_type":"article","og_title":"Sedac\u00ed souprava VALENCE s LED osv\u011btlen\u00edm - Madera","og_description":"Sedac\u00ed souprava VALENCE &#8211; celou\u010daloun\u011bn\u00e1. Rozm\u011bry: d\u00e9lka 280cm, hloubka 90\/230cm, v\u00fd\u0161ka 90cm, hloubka sedu 58cm, v\u00fd\u0161ka sedu 40cm. Rozklad (spac\u00ed plocha 205x128cm). \u00dalo\u017en\u00fd prostor. Vlnit\u00e1 pru\u017ein, pur p\u011bna, vatel\u00edn LED podsv\u00edcen\u00ed (\u017elut\u00e9, modr\u00e9, b\u00edl\u00e9, zelen\u00e9 nebo \u010derven\u00e9) \u00a0 Tato ak\u010dn\u00ed cena plat\u00ed pouze u proveden\u00edch A233-234-2332 a A233-2323-242 \u00a0 \u00a0 \u00a0 Ostatn\u00ed dekory l\u00e1tek jsou","og_url":"https:\/\/maderacat.cat\/?product=sedaci-souprava-valence-s-led-osvetlenim","og_site_name":"Madera","og_image":[{"width":900,"height":600,"url":"https:\/\/maderacat.cat\/wp-content\/uploads\/2016\/10\/4545-25770.jpg","type":"image\/jpeg"}],"twitter_card":"summary_large_image","schema":{"@context":"https:\/\/schema.org","@graph":[{"@type":"WebPage","@id":"https:\/\/maderacat.cat\/?product=sedaci-souprava-valence-s-led-osvetlenim","url":"https:\/\/maderacat.cat\/?product=sedaci-souprava-valence-s-led-osvetlenim","name":"Sedac\u00ed souprava VALENCE s LED osv\u011btlen\u00edm - Madera","isPartOf":{"@id":"https:\/\/maderacat.cat\/#website"},"datePublished":"2016-10-09T08:00:24+00:00","dateModified":"2016-10-09T08:00:24+00:00","breadcrumb":{"@id":"https:\/\/maderacat.cat\/?product=sedaci-souprava-valence-s-led-osvetlenim#breadcrumb"},"inLanguage":"en-US","potentialAction":[{"@type":"ReadAction","target":["https:\/\/maderacat.cat\/?product=sedaci-souprava-valence-s-led-osvetlenim"]}]},{"@type":"BreadcrumbList","@id":"https:\/\/maderacat.cat\/?product=sedaci-souprava-valence-s-led-osvetlenim#breadcrumb","itemListElement":[{"@type":"ListItem","position":1,"name":"Dom\u016f","item":"https:\/\/maderacat.cat\/"},{"@type":"ListItem","position":2,"name":"Obchod","item":"https:\/\/maderacat.cat\/?page_id=270"},{"@type":"ListItem","position":3,"name":"Sedac\u00ed souprava VALENCE s LED osv\u011btlen\u00edm"}]},{"@type":"WebSite","@id":"https:\/\/maderacat.cat\/#website","url":"https:\/\/maderacat.cat\/","name":"Madera","description":"Bienvenido a la p\u00e1gina web","potentialAction":[{"@type":"SearchAction","target":{"@type":"EntryPoint","urlTemplate":"https:\/\/maderacat.cat\/?s={search_term_string}"},"query-input":"required name=search_term_string"}],"inLanguage":"en-US"}]}},"_links":{"self":[{"href":"https:\/\/maderacat.cat\/index.php?rest_route=\/wp\/v2\/product\/3156"}],"collection":[{"href":"https:\/\/maderacat.cat\/index.php?rest_route=\/wp\/v2\/product"}],"about":[{"href":"https:\/\/maderacat.cat\/index.php?rest_route=\/wp\/v2\/types\/product"}],"replies":[{"embeddable":true,"href":"https:\/\/maderacat.cat\/index.php?rest_route=%2Fwp%2Fv2%2Fcomments&post=3156"}],"wp:featuredmedia":[{"embeddable":true,"href":"https:\/\/maderacat.cat\/index.php?rest_route=\/wp\/v2\/media\/2716"}],"wp:attachment":[{"href":"https:\/\/maderacat.cat\/index.php?rest_route=%2Fwp%2Fv2%2Fmedia&parent=3156"}],"wp:term":[{"taxonomy":"product_cat","embeddable":true,"href":"https:\/\/maderacat.cat\/index.php?rest_route=%2Fwp%2Fv2%2Fproduct_cat&post=3156"},{"taxonomy":"product_tag","embeddable":true,"href":"https:\/\/maderacat.cat\/index.php?rest_route=%2Fwp%2Fv2%2Fproduct_tag&post=3156"}],"curies":[{"name":"wp","href":"https:\/\/api.w.org\/{rel}","templated":true}]}}