{"id":3146,"date":"2016-10-09T08:00:14","date_gmt":"2016-10-09T08:00:14","guid":{"rendered":"http:\/\/maderacat.cat\/produkt\/pohovka-parma\/"},"modified":"2016-10-09T08:00:14","modified_gmt":"2016-10-09T08:00:14","slug":"pohovka-parma","status":"publish","type":"product","link":"https:\/\/maderacat.cat\/?product=pohovka-parma","title":{"rendered":"Pohovka PARMA"},"content":{"rendered":"<p>Pohovka trojm\u00edstn\u00e1 PARMA.<\/p>\n<p>&#8211; rozkl\u00e1dac\u00ed<br \/>\n&#8211; slo\u017een\u00ed: pur p\u011bna, vatel\u00edn<br \/>\n&#8211; no\u017eky kovov\u00e9 -lesk<br \/>\n&#8211; rozm\u011bry: d\u00e9lka 240cm, hloubka 85, v\u00fd\u0161ka 87cm, hl.sedu 53cm,<br \/>\n v\u00fd\u0161ka sedu 42cm, spac\u00ed plocha 185x110cm<\/p>\n<p>\u00a0Tato ak\u010dn\u00ed cena plat\u00ed pouze u proveden\u00ed P016-243-727 a P016-201-723.\u00a0<br \/>\nOstatn\u00ed dekory l\u00e1tek jsou s 10% p\u0159\u00edplatkem?<br \/>\n\u00a0<br \/>\n?<br \/>\n\u00a0<\/p>\n","protected":false},"excerpt":{"rendered":"<p>Pohovka trojm\u00edstn\u00e1 PARMA. &#8211; rozkl\u00e1dac\u00ed &#8211; slo\u017een\u00ed: pur p\u011bna, vatel\u00edn &#8211; no\u017eky kovov\u00e9 -lesk &#8211; rozm\u011bry: d\u00e9lka 240cm, hloubka 85, v\u00fd\u0161ka 87cm, hl.sedu 53cm, v\u00fd\u0161ka sedu 42cm, spac\u00ed plocha 185x110cm \u00a0Tato ak\u010dn\u00ed cena plat\u00ed pouze u proveden\u00ed P016-243-727 a P016-201-723.\u00a0 Ostatn\u00ed dekory l\u00e1tek jsou s 10% p\u0159\u00edplatkem? \u00a0 ? \u00a0<\/p>\n","protected":false},"featured_media":2706,"comment_status":"closed","ping_status":"closed","template":"","meta":[],"product_cat":[23],"product_tag":[],"yoast_head":"<!-- This site is optimized with the Yoast SEO plugin v20.12 - https:\/\/yoast.com\/wordpress\/plugins\/seo\/ -->\n<title>Pohovka PARMA - Madera<\/title>\n<meta name=\"robots\" content=\"index, follow, max-snippet:-1, max-image-preview:large, max-video-preview:-1\" \/>\n<link rel=\"canonical\" href=\"https:\/\/maderacat.cat\/?product=pohovka-parma\" \/>\n<meta property=\"og:locale\" content=\"en_US\" \/>\n<meta property=\"og:type\" content=\"article\" \/>\n<meta property=\"og:title\" content=\"Pohovka PARMA - Madera\" \/>\n<meta property=\"og:description\" content=\"Pohovka trojm\u00edstn\u00e1 PARMA. &#8211; rozkl\u00e1dac\u00ed &#8211; slo\u017een\u00ed: pur p\u011bna, vatel\u00edn &#8211; no\u017eky kovov\u00e9 -lesk &#8211; rozm\u011bry: d\u00e9lka 240cm, hloubka 85, v\u00fd\u0161ka 87cm, hl.sedu 53cm, v\u00fd\u0161ka sedu 42cm, spac\u00ed plocha 185x110cm \u00a0Tato ak\u010dn\u00ed cena plat\u00ed pouze u proveden\u00ed P016-243-727 a P016-201-723.\u00a0 Ostatn\u00ed dekory l\u00e1tek jsou s 10% p\u0159\u00edplatkem? \u00a0 ? \u00a0\" \/>\n<meta property=\"og:url\" content=\"https:\/\/maderacat.cat\/?product=pohovka-parma\" \/>\n<meta property=\"og:site_name\" content=\"Madera\" \/>\n<meta property=\"og:image\" content=\"https:\/\/maderacat.cat\/wp-content\/uploads\/2016\/10\/4556-25939.jpg\" \/>\n\t<meta property=\"og:image:width\" content=\"900\" \/>\n\t<meta property=\"og:image:height\" content=\"600\" \/>\n\t<meta property=\"og:image:type\" content=\"image\/jpeg\" \/>\n<meta name=\"twitter:card\" content=\"summary_large_image\" \/>\n<script type=\"application\/ld+json\" class=\"yoast-schema-graph\">{\"@context\":\"https:\/\/schema.org\",\"@graph\":[{\"@type\":\"WebPage\",\"@id\":\"https:\/\/maderacat.cat\/?product=pohovka-parma\",\"url\":\"https:\/\/maderacat.cat\/?product=pohovka-parma\",\"name\":\"Pohovka PARMA - Madera\",\"isPartOf\":{\"@id\":\"https:\/\/maderacat.cat\/#website\"},\"datePublished\":\"2016-10-09T08:00:14+00:00\",\"dateModified\":\"2016-10-09T08:00:14+00:00\",\"breadcrumb\":{\"@id\":\"https:\/\/maderacat.cat\/?product=pohovka-parma#breadcrumb\"},\"inLanguage\":\"en-US\",\"potentialAction\":[{\"@type\":\"ReadAction\",\"target\":[\"https:\/\/maderacat.cat\/?product=pohovka-parma\"]}]},{\"@type\":\"BreadcrumbList\",\"@id\":\"https:\/\/maderacat.cat\/?product=pohovka-parma#breadcrumb\",\"itemListElement\":[{\"@type\":\"ListItem\",\"position\":1,\"name\":\"Dom\u016f\",\"item\":\"https:\/\/maderacat.cat\/\"},{\"@type\":\"ListItem\",\"position\":2,\"name\":\"Obchod\",\"item\":\"https:\/\/maderacat.cat\/?page_id=270\"},{\"@type\":\"ListItem\",\"position\":3,\"name\":\"Pohovka PARMA\"}]},{\"@type\":\"WebSite\",\"@id\":\"https:\/\/maderacat.cat\/#website\",\"url\":\"https:\/\/maderacat.cat\/\",\"name\":\"Madera\",\"description\":\"Bienvenido a la p\u00e1gina web\",\"potentialAction\":[{\"@type\":\"SearchAction\",\"target\":{\"@type\":\"EntryPoint\",\"urlTemplate\":\"https:\/\/maderacat.cat\/?s={search_term_string}\"},\"query-input\":\"required name=search_term_string\"}],\"inLanguage\":\"en-US\"}]}<\/script>\n<!-- \/ Yoast SEO plugin. -->","yoast_head_json":{"title":"Pohovka PARMA - Madera","robots":{"index":"index","follow":"follow","max-snippet":"max-snippet:-1","max-image-preview":"max-image-preview:large","max-video-preview":"max-video-preview:-1"},"canonical":"https:\/\/maderacat.cat\/?product=pohovka-parma","og_locale":"en_US","og_type":"article","og_title":"Pohovka PARMA - Madera","og_description":"Pohovka trojm\u00edstn\u00e1 PARMA. &#8211; rozkl\u00e1dac\u00ed &#8211; slo\u017een\u00ed: pur p\u011bna, vatel\u00edn &#8211; no\u017eky kovov\u00e9 -lesk &#8211; rozm\u011bry: d\u00e9lka 240cm, hloubka 85, v\u00fd\u0161ka 87cm, hl.sedu 53cm, v\u00fd\u0161ka sedu 42cm, spac\u00ed plocha 185x110cm \u00a0Tato ak\u010dn\u00ed cena plat\u00ed pouze u proveden\u00ed P016-243-727 a P016-201-723.\u00a0 Ostatn\u00ed dekory l\u00e1tek jsou s 10% p\u0159\u00edplatkem? \u00a0 ? \u00a0","og_url":"https:\/\/maderacat.cat\/?product=pohovka-parma","og_site_name":"Madera","og_image":[{"width":900,"height":600,"url":"https:\/\/maderacat.cat\/wp-content\/uploads\/2016\/10\/4556-25939.jpg","type":"image\/jpeg"}],"twitter_card":"summary_large_image","schema":{"@context":"https:\/\/schema.org","@graph":[{"@type":"WebPage","@id":"https:\/\/maderacat.cat\/?product=pohovka-parma","url":"https:\/\/maderacat.cat\/?product=pohovka-parma","name":"Pohovka PARMA - Madera","isPartOf":{"@id":"https:\/\/maderacat.cat\/#website"},"datePublished":"2016-10-09T08:00:14+00:00","dateModified":"2016-10-09T08:00:14+00:00","breadcrumb":{"@id":"https:\/\/maderacat.cat\/?product=pohovka-parma#breadcrumb"},"inLanguage":"en-US","potentialAction":[{"@type":"ReadAction","target":["https:\/\/maderacat.cat\/?product=pohovka-parma"]}]},{"@type":"BreadcrumbList","@id":"https:\/\/maderacat.cat\/?product=pohovka-parma#breadcrumb","itemListElement":[{"@type":"ListItem","position":1,"name":"Dom\u016f","item":"https:\/\/maderacat.cat\/"},{"@type":"ListItem","position":2,"name":"Obchod","item":"https:\/\/maderacat.cat\/?page_id=270"},{"@type":"ListItem","position":3,"name":"Pohovka PARMA"}]},{"@type":"WebSite","@id":"https:\/\/maderacat.cat\/#website","url":"https:\/\/maderacat.cat\/","name":"Madera","description":"Bienvenido a la p\u00e1gina web","potentialAction":[{"@type":"SearchAction","target":{"@type":"EntryPoint","urlTemplate":"https:\/\/maderacat.cat\/?s={search_term_string}"},"query-input":"required name=search_term_string"}],"inLanguage":"en-US"}]}},"_links":{"self":[{"href":"https:\/\/maderacat.cat\/index.php?rest_route=\/wp\/v2\/product\/3146"}],"collection":[{"href":"https:\/\/maderacat.cat\/index.php?rest_route=\/wp\/v2\/product"}],"about":[{"href":"https:\/\/maderacat.cat\/index.php?rest_route=\/wp\/v2\/types\/product"}],"replies":[{"embeddable":true,"href":"https:\/\/maderacat.cat\/index.php?rest_route=%2Fwp%2Fv2%2Fcomments&post=3146"}],"wp:featuredmedia":[{"embeddable":true,"href":"https:\/\/maderacat.cat\/index.php?rest_route=\/wp\/v2\/media\/2706"}],"wp:attachment":[{"href":"https:\/\/maderacat.cat\/index.php?rest_route=%2Fwp%2Fv2%2Fmedia&parent=3146"}],"wp:term":[{"taxonomy":"product_cat","embeddable":true,"href":"https:\/\/maderacat.cat\/index.php?rest_route=%2Fwp%2Fv2%2Fproduct_cat&post=3146"},{"taxonomy":"product_tag","embeddable":true,"href":"https:\/\/maderacat.cat\/index.php?rest_route=%2Fwp%2Fv2%2Fproduct_tag&post=3146"}],"curies":[{"name":"wp","href":"https:\/\/api.w.org\/{rel}","templated":true}]}}