{"id":3139,"date":"2016-10-09T08:00:14","date_gmt":"2016-10-09T08:00:14","guid":{"rendered":"http:\/\/maderacat.cat\/produkt\/kreslo-pisa-a113\/"},"modified":"2016-10-09T08:00:14","modified_gmt":"2016-10-09T08:00:14","slug":"kreslo-pisa-a113","status":"publish","type":"product","link":"https:\/\/maderacat.cat\/?product=kreslo-pisa-a113","title":{"rendered":"K\u0159eslo PISA A113"},"content":{"rendered":"<p>K\u0159eslo PISA A113<br \/>\n&#8211; k sedac\u00edm souprav\u00e1m A013, A014, A015<br \/>\n&#8211; celo\u010daloun\u011bn\u00e9<br \/>\n&#8211; slo\u017een\u00ed: pur p\u011bna, pru\u017eina vlnit\u00e1, vatel\u00edn<br \/>\n&#8211; rozm\u011br: D: 100cm HL: 95cm V: 82\/91cm, hl.sedu 78\/58cm, v.sedu 45cm<br \/>\nDodac\u00ed lh\u016fta 4-6 t\u00fddn\u016f.<br \/>\nAk\u010dn\u00ed cena plat\u00ed pouze pro proveden\u00ed A113-244-2304-342 a A113-234-2332-4080C. Ostan\u00ed dekory l\u00e1tek jsou s p\u0159\u00edplatkem 10%.?<br \/>\n\u00a0<br \/>\n\u00a0<\/p>\n","protected":false},"excerpt":{"rendered":"<p>K\u0159eslo PISA A113 &#8211; k sedac\u00edm souprav\u00e1m A013, A014, A015 &#8211; celo\u010daloun\u011bn\u00e9 &#8211; slo\u017een\u00ed: pur p\u011bna, pru\u017eina vlnit\u00e1, vatel\u00edn &#8211; rozm\u011br: D: 100cm HL: 95cm V: 82\/91cm, hl.sedu 78\/58cm, v.sedu 45cm Dodac\u00ed lh\u016fta 4-6 t\u00fddn\u016f. Ak\u010dn\u00ed cena plat\u00ed pouze pro proveden\u00ed A113-244-2304-342 a A113-234-2332-4080C. Ostan\u00ed dekory l\u00e1tek jsou s p\u0159\u00edplatkem 10%.? \u00a0 \u00a0<\/p>\n","protected":false},"featured_media":2699,"comment_status":"closed","ping_status":"closed","template":"","meta":[],"product_cat":[23],"product_tag":[],"yoast_head":"<!-- This site is optimized with the Yoast SEO plugin v20.12 - https:\/\/yoast.com\/wordpress\/plugins\/seo\/ -->\n<title>K\u0159eslo PISA A113 - Madera<\/title>\n<meta name=\"robots\" content=\"index, follow, max-snippet:-1, max-image-preview:large, max-video-preview:-1\" \/>\n<link rel=\"canonical\" href=\"https:\/\/maderacat.cat\/?product=kreslo-pisa-a113\" \/>\n<meta property=\"og:locale\" content=\"en_US\" \/>\n<meta property=\"og:type\" content=\"article\" \/>\n<meta property=\"og:title\" content=\"K\u0159eslo PISA A113 - Madera\" \/>\n<meta property=\"og:description\" content=\"K\u0159eslo PISA A113 &#8211; k sedac\u00edm souprav\u00e1m A013, A014, A015 &#8211; celo\u010daloun\u011bn\u00e9 &#8211; slo\u017een\u00ed: pur p\u011bna, pru\u017eina vlnit\u00e1, vatel\u00edn &#8211; rozm\u011br: D: 100cm HL: 95cm V: 82\/91cm, hl.sedu 78\/58cm, v.sedu 45cm Dodac\u00ed lh\u016fta 4-6 t\u00fddn\u016f. Ak\u010dn\u00ed cena plat\u00ed pouze pro proveden\u00ed A113-244-2304-342 a A113-234-2332-4080C. Ostan\u00ed dekory l\u00e1tek jsou s p\u0159\u00edplatkem 10%.? \u00a0 \u00a0\" \/>\n<meta property=\"og:url\" content=\"https:\/\/maderacat.cat\/?product=kreslo-pisa-a113\" \/>\n<meta property=\"og:site_name\" content=\"Madera\" \/>\n<meta property=\"og:image\" content=\"https:\/\/maderacat.cat\/wp-content\/uploads\/2016\/10\/4563-25955.jpg\" \/>\n\t<meta property=\"og:image:width\" content=\"900\" \/>\n\t<meta property=\"og:image:height\" content=\"600\" \/>\n\t<meta property=\"og:image:type\" content=\"image\/jpeg\" \/>\n<meta name=\"twitter:card\" content=\"summary_large_image\" \/>\n<script type=\"application\/ld+json\" class=\"yoast-schema-graph\">{\"@context\":\"https:\/\/schema.org\",\"@graph\":[{\"@type\":\"WebPage\",\"@id\":\"https:\/\/maderacat.cat\/?product=kreslo-pisa-a113\",\"url\":\"https:\/\/maderacat.cat\/?product=kreslo-pisa-a113\",\"name\":\"K\u0159eslo PISA A113 - Madera\",\"isPartOf\":{\"@id\":\"https:\/\/maderacat.cat\/#website\"},\"datePublished\":\"2016-10-09T08:00:14+00:00\",\"dateModified\":\"2016-10-09T08:00:14+00:00\",\"breadcrumb\":{\"@id\":\"https:\/\/maderacat.cat\/?product=kreslo-pisa-a113#breadcrumb\"},\"inLanguage\":\"en-US\",\"potentialAction\":[{\"@type\":\"ReadAction\",\"target\":[\"https:\/\/maderacat.cat\/?product=kreslo-pisa-a113\"]}]},{\"@type\":\"BreadcrumbList\",\"@id\":\"https:\/\/maderacat.cat\/?product=kreslo-pisa-a113#breadcrumb\",\"itemListElement\":[{\"@type\":\"ListItem\",\"position\":1,\"name\":\"Dom\u016f\",\"item\":\"https:\/\/maderacat.cat\/\"},{\"@type\":\"ListItem\",\"position\":2,\"name\":\"Obchod\",\"item\":\"https:\/\/maderacat.cat\/?page_id=270\"},{\"@type\":\"ListItem\",\"position\":3,\"name\":\"K\u0159eslo PISA A113\"}]},{\"@type\":\"WebSite\",\"@id\":\"https:\/\/maderacat.cat\/#website\",\"url\":\"https:\/\/maderacat.cat\/\",\"name\":\"Madera\",\"description\":\"Bienvenido a la p\u00e1gina web\",\"potentialAction\":[{\"@type\":\"SearchAction\",\"target\":{\"@type\":\"EntryPoint\",\"urlTemplate\":\"https:\/\/maderacat.cat\/?s={search_term_string}\"},\"query-input\":\"required name=search_term_string\"}],\"inLanguage\":\"en-US\"}]}<\/script>\n<!-- \/ Yoast SEO plugin. -->","yoast_head_json":{"title":"K\u0159eslo PISA A113 - Madera","robots":{"index":"index","follow":"follow","max-snippet":"max-snippet:-1","max-image-preview":"max-image-preview:large","max-video-preview":"max-video-preview:-1"},"canonical":"https:\/\/maderacat.cat\/?product=kreslo-pisa-a113","og_locale":"en_US","og_type":"article","og_title":"K\u0159eslo PISA A113 - Madera","og_description":"K\u0159eslo PISA A113 &#8211; k sedac\u00edm souprav\u00e1m A013, A014, A015 &#8211; celo\u010daloun\u011bn\u00e9 &#8211; slo\u017een\u00ed: pur p\u011bna, pru\u017eina vlnit\u00e1, vatel\u00edn &#8211; rozm\u011br: D: 100cm HL: 95cm V: 82\/91cm, hl.sedu 78\/58cm, v.sedu 45cm Dodac\u00ed lh\u016fta 4-6 t\u00fddn\u016f. Ak\u010dn\u00ed cena plat\u00ed pouze pro proveden\u00ed A113-244-2304-342 a A113-234-2332-4080C. Ostan\u00ed dekory l\u00e1tek jsou s p\u0159\u00edplatkem 10%.? \u00a0 \u00a0","og_url":"https:\/\/maderacat.cat\/?product=kreslo-pisa-a113","og_site_name":"Madera","og_image":[{"width":900,"height":600,"url":"https:\/\/maderacat.cat\/wp-content\/uploads\/2016\/10\/4563-25955.jpg","type":"image\/jpeg"}],"twitter_card":"summary_large_image","schema":{"@context":"https:\/\/schema.org","@graph":[{"@type":"WebPage","@id":"https:\/\/maderacat.cat\/?product=kreslo-pisa-a113","url":"https:\/\/maderacat.cat\/?product=kreslo-pisa-a113","name":"K\u0159eslo PISA A113 - Madera","isPartOf":{"@id":"https:\/\/maderacat.cat\/#website"},"datePublished":"2016-10-09T08:00:14+00:00","dateModified":"2016-10-09T08:00:14+00:00","breadcrumb":{"@id":"https:\/\/maderacat.cat\/?product=kreslo-pisa-a113#breadcrumb"},"inLanguage":"en-US","potentialAction":[{"@type":"ReadAction","target":["https:\/\/maderacat.cat\/?product=kreslo-pisa-a113"]}]},{"@type":"BreadcrumbList","@id":"https:\/\/maderacat.cat\/?product=kreslo-pisa-a113#breadcrumb","itemListElement":[{"@type":"ListItem","position":1,"name":"Dom\u016f","item":"https:\/\/maderacat.cat\/"},{"@type":"ListItem","position":2,"name":"Obchod","item":"https:\/\/maderacat.cat\/?page_id=270"},{"@type":"ListItem","position":3,"name":"K\u0159eslo PISA A113"}]},{"@type":"WebSite","@id":"https:\/\/maderacat.cat\/#website","url":"https:\/\/maderacat.cat\/","name":"Madera","description":"Bienvenido a la p\u00e1gina web","potentialAction":[{"@type":"SearchAction","target":{"@type":"EntryPoint","urlTemplate":"https:\/\/maderacat.cat\/?s={search_term_string}"},"query-input":"required name=search_term_string"}],"inLanguage":"en-US"}]}},"_links":{"self":[{"href":"https:\/\/maderacat.cat\/index.php?rest_route=\/wp\/v2\/product\/3139"}],"collection":[{"href":"https:\/\/maderacat.cat\/index.php?rest_route=\/wp\/v2\/product"}],"about":[{"href":"https:\/\/maderacat.cat\/index.php?rest_route=\/wp\/v2\/types\/product"}],"replies":[{"embeddable":true,"href":"https:\/\/maderacat.cat\/index.php?rest_route=%2Fwp%2Fv2%2Fcomments&post=3139"}],"wp:featuredmedia":[{"embeddable":true,"href":"https:\/\/maderacat.cat\/index.php?rest_route=\/wp\/v2\/media\/2699"}],"wp:attachment":[{"href":"https:\/\/maderacat.cat\/index.php?rest_route=%2Fwp%2Fv2%2Fmedia&parent=3139"}],"wp:term":[{"taxonomy":"product_cat","embeddable":true,"href":"https:\/\/maderacat.cat\/index.php?rest_route=%2Fwp%2Fv2%2Fproduct_cat&post=3139"},{"taxonomy":"product_tag","embeddable":true,"href":"https:\/\/maderacat.cat\/index.php?rest_route=%2Fwp%2Fv2%2Fproduct_tag&post=3139"}],"curies":[{"name":"wp","href":"https:\/\/api.w.org\/{rel}","templated":true}]}}