{"id":3136,"date":"2016-10-09T08:00:14","date_gmt":"2016-10-09T08:00:14","guid":{"rendered":"http:\/\/maderacat.cat\/produkt\/sedaci-souprava-ravena-a63\/"},"modified":"2016-10-09T08:00:14","modified_gmt":"2016-10-09T08:00:14","slug":"sedaci-souprava-ravena-a63","status":"publish","type":"product","link":"https:\/\/maderacat.cat\/?product=sedaci-souprava-ravena-a63","title":{"rendered":"Sedac\u00ed souprava RAVENA A63"},"content":{"rendered":"<p>Sedac\u00ed souprava RAVENA A63<br \/>\n&#8211; s \u00falo\u017en\u00fdm prostorem<br \/>\n&#8211; rozkl\u00e1dac\u00ed \/spac\u00ed plocha 200x140cm\/<br \/>\n&#8211; rozm\u011bry: D:245cm, HL: 90\/160cm, V: 90cm, hl.sedu 55\/85, v.sedu: 45cm<br \/>\n&#8211; slo\u017een\u00ed: pur p\u011bna, pru\u017eina vlnit\u00e1, vatel\u00edn<br \/>\nTato ak\u010dn\u00ed cena plat\u00ed pouze v proveden\u00ed A63-2314-2315-343 a A63-723-716C. Ostatn\u00ed dekory l\u00e1tek jsou s p\u0159\u00edplatkem 10%\u00a0??\u00a0<br \/>\n\u00a0<\/p>\n","protected":false},"excerpt":{"rendered":"<p>Sedac\u00ed souprava RAVENA A63 &#8211; s \u00falo\u017en\u00fdm prostorem &#8211; rozkl\u00e1dac\u00ed \/spac\u00ed plocha 200x140cm\/ &#8211; rozm\u011bry: D:245cm, HL: 90\/160cm, V: 90cm, hl.sedu 55\/85, v.sedu: 45cm &#8211; slo\u017een\u00ed: pur p\u011bna, pru\u017eina vlnit\u00e1, vatel\u00edn Tato ak\u010dn\u00ed cena plat\u00ed pouze v proveden\u00ed A63-2314-2315-343 a A63-723-716C. Ostatn\u00ed dekory l\u00e1tek jsou s p\u0159\u00edplatkem 10%\u00a0??\u00a0 \u00a0<\/p>\n","protected":false},"featured_media":2696,"comment_status":"closed","ping_status":"closed","template":"","meta":[],"product_cat":[23],"product_tag":[],"yoast_head":"<!-- This site is optimized with the Yoast SEO plugin v20.12 - https:\/\/yoast.com\/wordpress\/plugins\/seo\/ -->\n<title>Sedac\u00ed souprava RAVENA A63 - Madera<\/title>\n<meta name=\"robots\" content=\"index, follow, max-snippet:-1, max-image-preview:large, max-video-preview:-1\" \/>\n<link rel=\"canonical\" href=\"https:\/\/maderacat.cat\/?product=sedaci-souprava-ravena-a63\" \/>\n<meta property=\"og:locale\" content=\"en_US\" \/>\n<meta property=\"og:type\" content=\"article\" \/>\n<meta property=\"og:title\" content=\"Sedac\u00ed souprava RAVENA A63 - Madera\" \/>\n<meta property=\"og:description\" content=\"Sedac\u00ed souprava RAVENA A63 &#8211; s \u00falo\u017en\u00fdm prostorem &#8211; rozkl\u00e1dac\u00ed \/spac\u00ed plocha 200x140cm\/ &#8211; rozm\u011bry: D:245cm, HL: 90\/160cm, V: 90cm, hl.sedu 55\/85, v.sedu: 45cm &#8211; slo\u017een\u00ed: pur p\u011bna, pru\u017eina vlnit\u00e1, vatel\u00edn Tato ak\u010dn\u00ed cena plat\u00ed pouze v proveden\u00ed A63-2314-2315-343 a A63-723-716C. Ostatn\u00ed dekory l\u00e1tek jsou s p\u0159\u00edplatkem 10%\u00a0??\u00a0 \u00a0\" \/>\n<meta property=\"og:url\" content=\"https:\/\/maderacat.cat\/?product=sedaci-souprava-ravena-a63\" \/>\n<meta property=\"og:site_name\" content=\"Madera\" \/>\n<meta property=\"og:image\" content=\"https:\/\/maderacat.cat\/wp-content\/uploads\/2016\/10\/4566-25965.jpg\" \/>\n\t<meta property=\"og:image:width\" content=\"900\" \/>\n\t<meta property=\"og:image:height\" content=\"600\" \/>\n\t<meta property=\"og:image:type\" content=\"image\/jpeg\" \/>\n<meta name=\"twitter:card\" content=\"summary_large_image\" \/>\n<script type=\"application\/ld+json\" class=\"yoast-schema-graph\">{\"@context\":\"https:\/\/schema.org\",\"@graph\":[{\"@type\":\"WebPage\",\"@id\":\"https:\/\/maderacat.cat\/?product=sedaci-souprava-ravena-a63\",\"url\":\"https:\/\/maderacat.cat\/?product=sedaci-souprava-ravena-a63\",\"name\":\"Sedac\u00ed souprava RAVENA A63 - Madera\",\"isPartOf\":{\"@id\":\"https:\/\/maderacat.cat\/#website\"},\"datePublished\":\"2016-10-09T08:00:14+00:00\",\"dateModified\":\"2016-10-09T08:00:14+00:00\",\"breadcrumb\":{\"@id\":\"https:\/\/maderacat.cat\/?product=sedaci-souprava-ravena-a63#breadcrumb\"},\"inLanguage\":\"en-US\",\"potentialAction\":[{\"@type\":\"ReadAction\",\"target\":[\"https:\/\/maderacat.cat\/?product=sedaci-souprava-ravena-a63\"]}]},{\"@type\":\"BreadcrumbList\",\"@id\":\"https:\/\/maderacat.cat\/?product=sedaci-souprava-ravena-a63#breadcrumb\",\"itemListElement\":[{\"@type\":\"ListItem\",\"position\":1,\"name\":\"Dom\u016f\",\"item\":\"https:\/\/maderacat.cat\/\"},{\"@type\":\"ListItem\",\"position\":2,\"name\":\"Obchod\",\"item\":\"https:\/\/maderacat.cat\/?page_id=270\"},{\"@type\":\"ListItem\",\"position\":3,\"name\":\"Sedac\u00ed souprava RAVENA A63\"}]},{\"@type\":\"WebSite\",\"@id\":\"https:\/\/maderacat.cat\/#website\",\"url\":\"https:\/\/maderacat.cat\/\",\"name\":\"Madera\",\"description\":\"Bienvenido a la p\u00e1gina web\",\"potentialAction\":[{\"@type\":\"SearchAction\",\"target\":{\"@type\":\"EntryPoint\",\"urlTemplate\":\"https:\/\/maderacat.cat\/?s={search_term_string}\"},\"query-input\":\"required name=search_term_string\"}],\"inLanguage\":\"en-US\"}]}<\/script>\n<!-- \/ Yoast SEO plugin. -->","yoast_head_json":{"title":"Sedac\u00ed souprava RAVENA A63 - Madera","robots":{"index":"index","follow":"follow","max-snippet":"max-snippet:-1","max-image-preview":"max-image-preview:large","max-video-preview":"max-video-preview:-1"},"canonical":"https:\/\/maderacat.cat\/?product=sedaci-souprava-ravena-a63","og_locale":"en_US","og_type":"article","og_title":"Sedac\u00ed souprava RAVENA A63 - Madera","og_description":"Sedac\u00ed souprava RAVENA A63 &#8211; s \u00falo\u017en\u00fdm prostorem &#8211; rozkl\u00e1dac\u00ed \/spac\u00ed plocha 200x140cm\/ &#8211; rozm\u011bry: D:245cm, HL: 90\/160cm, V: 90cm, hl.sedu 55\/85, v.sedu: 45cm &#8211; slo\u017een\u00ed: pur p\u011bna, pru\u017eina vlnit\u00e1, vatel\u00edn Tato ak\u010dn\u00ed cena plat\u00ed pouze v proveden\u00ed A63-2314-2315-343 a A63-723-716C. Ostatn\u00ed dekory l\u00e1tek jsou s p\u0159\u00edplatkem 10%\u00a0??\u00a0 \u00a0","og_url":"https:\/\/maderacat.cat\/?product=sedaci-souprava-ravena-a63","og_site_name":"Madera","og_image":[{"width":900,"height":600,"url":"https:\/\/maderacat.cat\/wp-content\/uploads\/2016\/10\/4566-25965.jpg","type":"image\/jpeg"}],"twitter_card":"summary_large_image","schema":{"@context":"https:\/\/schema.org","@graph":[{"@type":"WebPage","@id":"https:\/\/maderacat.cat\/?product=sedaci-souprava-ravena-a63","url":"https:\/\/maderacat.cat\/?product=sedaci-souprava-ravena-a63","name":"Sedac\u00ed souprava RAVENA A63 - Madera","isPartOf":{"@id":"https:\/\/maderacat.cat\/#website"},"datePublished":"2016-10-09T08:00:14+00:00","dateModified":"2016-10-09T08:00:14+00:00","breadcrumb":{"@id":"https:\/\/maderacat.cat\/?product=sedaci-souprava-ravena-a63#breadcrumb"},"inLanguage":"en-US","potentialAction":[{"@type":"ReadAction","target":["https:\/\/maderacat.cat\/?product=sedaci-souprava-ravena-a63"]}]},{"@type":"BreadcrumbList","@id":"https:\/\/maderacat.cat\/?product=sedaci-souprava-ravena-a63#breadcrumb","itemListElement":[{"@type":"ListItem","position":1,"name":"Dom\u016f","item":"https:\/\/maderacat.cat\/"},{"@type":"ListItem","position":2,"name":"Obchod","item":"https:\/\/maderacat.cat\/?page_id=270"},{"@type":"ListItem","position":3,"name":"Sedac\u00ed souprava RAVENA A63"}]},{"@type":"WebSite","@id":"https:\/\/maderacat.cat\/#website","url":"https:\/\/maderacat.cat\/","name":"Madera","description":"Bienvenido a la p\u00e1gina web","potentialAction":[{"@type":"SearchAction","target":{"@type":"EntryPoint","urlTemplate":"https:\/\/maderacat.cat\/?s={search_term_string}"},"query-input":"required name=search_term_string"}],"inLanguage":"en-US"}]}},"_links":{"self":[{"href":"https:\/\/maderacat.cat\/index.php?rest_route=\/wp\/v2\/product\/3136"}],"collection":[{"href":"https:\/\/maderacat.cat\/index.php?rest_route=\/wp\/v2\/product"}],"about":[{"href":"https:\/\/maderacat.cat\/index.php?rest_route=\/wp\/v2\/types\/product"}],"replies":[{"embeddable":true,"href":"https:\/\/maderacat.cat\/index.php?rest_route=%2Fwp%2Fv2%2Fcomments&post=3136"}],"wp:featuredmedia":[{"embeddable":true,"href":"https:\/\/maderacat.cat\/index.php?rest_route=\/wp\/v2\/media\/2696"}],"wp:attachment":[{"href":"https:\/\/maderacat.cat\/index.php?rest_route=%2Fwp%2Fv2%2Fmedia&parent=3136"}],"wp:term":[{"taxonomy":"product_cat","embeddable":true,"href":"https:\/\/maderacat.cat\/index.php?rest_route=%2Fwp%2Fv2%2Fproduct_cat&post=3136"},{"taxonomy":"product_tag","embeddable":true,"href":"https:\/\/maderacat.cat\/index.php?rest_route=%2Fwp%2Fv2%2Fproduct_tag&post=3136"}],"curies":[{"name":"wp","href":"https:\/\/api.w.org\/{rel}","templated":true}]}}