{"id":3115,"date":"2016-10-09T08:00:05","date_gmt":"2016-10-09T08:00:05","guid":{"rendered":"http:\/\/maderacat.cat\/produkt\/skrin-sestavy-office-satni-zasouvaci\/"},"modified":"2016-10-09T08:00:05","modified_gmt":"2016-10-09T08:00:05","slug":"skrin-sestavy-office-satni-zasouvaci","status":"publish","type":"product","link":"https:\/\/maderacat.cat\/?product=skrin-sestavy-office-satni-zasouvaci","title":{"rendered":"Sk\u0159\u00ed\u0148 sestavy Office \u0161atn\u00ed, zasouvac\u00ed"},"content":{"rendered":"<p>Sk\u0159\u00ed\u0148 sestavy Office C512 \u0161atn\u00ed, zasouvac\u00ed<br \/>\nMateri\u00e1l: lamino 18mm, ABS hrana v d\u0159evodez\u00e9nu 2mm,MDF, zapu\u0161t\u011bn\u00e9 chromov\u00e9 \u00fachytky, \u0161atn\u00ed ty\u010d<br \/>\nRozm\u011br: \u0161\u00ed\u0159ka 80cm, hloubka 60cm, v\u00fd\u0161ka 187cm<\/p>\n","protected":false},"excerpt":{"rendered":"<p>Sk\u0159\u00ed\u0148 sestavy Office C512 \u0161atn\u00ed, zasouvac\u00ed Materi\u00e1l: lamino 18mm, ABS hrana v d\u0159evodez\u00e9nu 2mm,MDF, zapu\u0161t\u011bn\u00e9 chromov\u00e9 \u00fachytky, \u0161atn\u00ed ty\u010d Rozm\u011br: \u0161\u00ed\u0159ka 80cm, hloubka 60cm, v\u00fd\u0161ka 187cm<\/p>\n","protected":false},"featured_media":2675,"comment_status":"closed","ping_status":"closed","template":"","meta":[],"product_cat":[22],"product_tag":[],"yoast_head":"<!-- This site is optimized with the Yoast SEO plugin v20.12 - https:\/\/yoast.com\/wordpress\/plugins\/seo\/ -->\n<title>Sk\u0159\u00ed\u0148 sestavy Office \u0161atn\u00ed, zasouvac\u00ed - Madera<\/title>\n<meta name=\"robots\" content=\"index, follow, max-snippet:-1, max-image-preview:large, max-video-preview:-1\" \/>\n<link rel=\"canonical\" href=\"https:\/\/maderacat.cat\/?product=skrin-sestavy-office-satni-zasouvaci\" \/>\n<meta property=\"og:locale\" content=\"en_US\" \/>\n<meta property=\"og:type\" content=\"article\" \/>\n<meta property=\"og:title\" content=\"Sk\u0159\u00ed\u0148 sestavy Office \u0161atn\u00ed, zasouvac\u00ed - Madera\" \/>\n<meta property=\"og:description\" content=\"Sk\u0159\u00ed\u0148 sestavy Office C512 \u0161atn\u00ed, zasouvac\u00ed Materi\u00e1l: lamino 18mm, ABS hrana v d\u0159evodez\u00e9nu 2mm,MDF, zapu\u0161t\u011bn\u00e9 chromov\u00e9 \u00fachytky, \u0161atn\u00ed ty\u010d Rozm\u011br: \u0161\u00ed\u0159ka 80cm, hloubka 60cm, v\u00fd\u0161ka 187cm\" \/>\n<meta property=\"og:url\" content=\"https:\/\/maderacat.cat\/?product=skrin-sestavy-office-satni-zasouvaci\" \/>\n<meta property=\"og:site_name\" content=\"Madera\" \/>\n<meta property=\"og:image\" content=\"https:\/\/maderacat.cat\/wp-content\/uploads\/2016\/10\/4625-26260.jpg\" \/>\n\t<meta property=\"og:image:width\" content=\"400\" \/>\n\t<meta property=\"og:image:height\" content=\"600\" \/>\n\t<meta property=\"og:image:type\" content=\"image\/jpeg\" \/>\n<meta name=\"twitter:card\" content=\"summary_large_image\" \/>\n<script type=\"application\/ld+json\" class=\"yoast-schema-graph\">{\"@context\":\"https:\/\/schema.org\",\"@graph\":[{\"@type\":\"WebPage\",\"@id\":\"https:\/\/maderacat.cat\/?product=skrin-sestavy-office-satni-zasouvaci\",\"url\":\"https:\/\/maderacat.cat\/?product=skrin-sestavy-office-satni-zasouvaci\",\"name\":\"Sk\u0159\u00ed\u0148 sestavy Office \u0161atn\u00ed, zasouvac\u00ed - Madera\",\"isPartOf\":{\"@id\":\"https:\/\/maderacat.cat\/#website\"},\"datePublished\":\"2016-10-09T08:00:05+00:00\",\"dateModified\":\"2016-10-09T08:00:05+00:00\",\"breadcrumb\":{\"@id\":\"https:\/\/maderacat.cat\/?product=skrin-sestavy-office-satni-zasouvaci#breadcrumb\"},\"inLanguage\":\"en-US\",\"potentialAction\":[{\"@type\":\"ReadAction\",\"target\":[\"https:\/\/maderacat.cat\/?product=skrin-sestavy-office-satni-zasouvaci\"]}]},{\"@type\":\"BreadcrumbList\",\"@id\":\"https:\/\/maderacat.cat\/?product=skrin-sestavy-office-satni-zasouvaci#breadcrumb\",\"itemListElement\":[{\"@type\":\"ListItem\",\"position\":1,\"name\":\"Dom\u016f\",\"item\":\"https:\/\/maderacat.cat\/\"},{\"@type\":\"ListItem\",\"position\":2,\"name\":\"Obchod\",\"item\":\"https:\/\/maderacat.cat\/?page_id=270\"},{\"@type\":\"ListItem\",\"position\":3,\"name\":\"Sk\u0159\u00ed\u0148 sestavy Office \u0161atn\u00ed, zasouvac\u00ed\"}]},{\"@type\":\"WebSite\",\"@id\":\"https:\/\/maderacat.cat\/#website\",\"url\":\"https:\/\/maderacat.cat\/\",\"name\":\"Madera\",\"description\":\"Bienvenido a la p\u00e1gina web\",\"potentialAction\":[{\"@type\":\"SearchAction\",\"target\":{\"@type\":\"EntryPoint\",\"urlTemplate\":\"https:\/\/maderacat.cat\/?s={search_term_string}\"},\"query-input\":\"required name=search_term_string\"}],\"inLanguage\":\"en-US\"}]}<\/script>\n<!-- \/ Yoast SEO plugin. -->","yoast_head_json":{"title":"Sk\u0159\u00ed\u0148 sestavy Office \u0161atn\u00ed, zasouvac\u00ed - Madera","robots":{"index":"index","follow":"follow","max-snippet":"max-snippet:-1","max-image-preview":"max-image-preview:large","max-video-preview":"max-video-preview:-1"},"canonical":"https:\/\/maderacat.cat\/?product=skrin-sestavy-office-satni-zasouvaci","og_locale":"en_US","og_type":"article","og_title":"Sk\u0159\u00ed\u0148 sestavy Office \u0161atn\u00ed, zasouvac\u00ed - Madera","og_description":"Sk\u0159\u00ed\u0148 sestavy Office C512 \u0161atn\u00ed, zasouvac\u00ed Materi\u00e1l: lamino 18mm, ABS hrana v d\u0159evodez\u00e9nu 2mm,MDF, zapu\u0161t\u011bn\u00e9 chromov\u00e9 \u00fachytky, \u0161atn\u00ed ty\u010d Rozm\u011br: \u0161\u00ed\u0159ka 80cm, hloubka 60cm, v\u00fd\u0161ka 187cm","og_url":"https:\/\/maderacat.cat\/?product=skrin-sestavy-office-satni-zasouvaci","og_site_name":"Madera","og_image":[{"width":400,"height":600,"url":"https:\/\/maderacat.cat\/wp-content\/uploads\/2016\/10\/4625-26260.jpg","type":"image\/jpeg"}],"twitter_card":"summary_large_image","schema":{"@context":"https:\/\/schema.org","@graph":[{"@type":"WebPage","@id":"https:\/\/maderacat.cat\/?product=skrin-sestavy-office-satni-zasouvaci","url":"https:\/\/maderacat.cat\/?product=skrin-sestavy-office-satni-zasouvaci","name":"Sk\u0159\u00ed\u0148 sestavy Office \u0161atn\u00ed, zasouvac\u00ed - Madera","isPartOf":{"@id":"https:\/\/maderacat.cat\/#website"},"datePublished":"2016-10-09T08:00:05+00:00","dateModified":"2016-10-09T08:00:05+00:00","breadcrumb":{"@id":"https:\/\/maderacat.cat\/?product=skrin-sestavy-office-satni-zasouvaci#breadcrumb"},"inLanguage":"en-US","potentialAction":[{"@type":"ReadAction","target":["https:\/\/maderacat.cat\/?product=skrin-sestavy-office-satni-zasouvaci"]}]},{"@type":"BreadcrumbList","@id":"https:\/\/maderacat.cat\/?product=skrin-sestavy-office-satni-zasouvaci#breadcrumb","itemListElement":[{"@type":"ListItem","position":1,"name":"Dom\u016f","item":"https:\/\/maderacat.cat\/"},{"@type":"ListItem","position":2,"name":"Obchod","item":"https:\/\/maderacat.cat\/?page_id=270"},{"@type":"ListItem","position":3,"name":"Sk\u0159\u00ed\u0148 sestavy Office \u0161atn\u00ed, zasouvac\u00ed"}]},{"@type":"WebSite","@id":"https:\/\/maderacat.cat\/#website","url":"https:\/\/maderacat.cat\/","name":"Madera","description":"Bienvenido a la p\u00e1gina web","potentialAction":[{"@type":"SearchAction","target":{"@type":"EntryPoint","urlTemplate":"https:\/\/maderacat.cat\/?s={search_term_string}"},"query-input":"required name=search_term_string"}],"inLanguage":"en-US"}]}},"_links":{"self":[{"href":"https:\/\/maderacat.cat\/index.php?rest_route=\/wp\/v2\/product\/3115"}],"collection":[{"href":"https:\/\/maderacat.cat\/index.php?rest_route=\/wp\/v2\/product"}],"about":[{"href":"https:\/\/maderacat.cat\/index.php?rest_route=\/wp\/v2\/types\/product"}],"replies":[{"embeddable":true,"href":"https:\/\/maderacat.cat\/index.php?rest_route=%2Fwp%2Fv2%2Fcomments&post=3115"}],"wp:featuredmedia":[{"embeddable":true,"href":"https:\/\/maderacat.cat\/index.php?rest_route=\/wp\/v2\/media\/2675"}],"wp:attachment":[{"href":"https:\/\/maderacat.cat\/index.php?rest_route=%2Fwp%2Fv2%2Fmedia&parent=3115"}],"wp:term":[{"taxonomy":"product_cat","embeddable":true,"href":"https:\/\/maderacat.cat\/index.php?rest_route=%2Fwp%2Fv2%2Fproduct_cat&post=3115"},{"taxonomy":"product_tag","embeddable":true,"href":"https:\/\/maderacat.cat\/index.php?rest_route=%2Fwp%2Fv2%2Fproduct_tag&post=3115"}],"curies":[{"name":"wp","href":"https:\/\/api.w.org\/{rel}","templated":true}]}}