{"id":3098,"date":"2016-10-09T07:59:56","date_gmt":"2016-10-09T07:59:56","guid":{"rendered":"http:\/\/maderacat.cat\/produkt\/jidelni-stul-verdi120x8040cm-2\/"},"modified":"2016-10-09T07:59:56","modified_gmt":"2016-10-09T07:59:56","slug":"jidelni-stul-verdi120x8040cm-2","status":"publish","type":"product","link":"https:\/\/maderacat.cat\/?product=jidelni-stul-verdi120x8040cm-2","title":{"rendered":"J\u00eddeln\u00ed st\u016fl VERDI\/120&#215;80+40cm\/"},"content":{"rendered":"<p>J\u00eddeln\u00ed st\u016fl S184-VERDI<br \/>\nModern\u00ed rozkl\u00e1dac\u00ed j\u00eddeln\u00ed st\u016fl v elegantn\u00edm a praktick\u00e9m proveden\u00ed.<br \/>\nDeska stolu je vyrobena z kvalitn\u00ed MDF.<br \/>\nTlou\u0161\u0165ka horn\u00ed desky 8.5cm. Nohy masiv buk 8x8cm. Rozm\u011bry:d\u00e9lka-120\/160cm, \u0161\u00ed\u0159ka-80cm, v\u00fd\u0161ka-75.5cm<\/p>\n","protected":false},"excerpt":{"rendered":"<p>J\u00eddeln\u00ed st\u016fl S184-VERDI Modern\u00ed rozkl\u00e1dac\u00ed j\u00eddeln\u00ed st\u016fl v elegantn\u00edm a praktick\u00e9m proveden\u00ed. Deska stolu je vyrobena z kvalitn\u00ed MDF. Tlou\u0161\u0165ka horn\u00ed desky 8.5cm. Nohy masiv buk 8x8cm. Rozm\u011bry:d\u00e9lka-120\/160cm, \u0161\u00ed\u0159ka-80cm, v\u00fd\u0161ka-75.5cm<\/p>\n","protected":false},"featured_media":2659,"comment_status":"closed","ping_status":"closed","template":"","meta":[],"product_cat":[20],"product_tag":[],"yoast_head":"<!-- This site is optimized with the Yoast SEO plugin v20.12 - https:\/\/yoast.com\/wordpress\/plugins\/seo\/ -->\n<title>J\u00eddeln\u00ed st\u016fl VERDI\/120x80+40cm\/ - Madera<\/title>\n<meta name=\"robots\" content=\"index, follow, max-snippet:-1, max-image-preview:large, max-video-preview:-1\" \/>\n<link rel=\"canonical\" href=\"https:\/\/maderacat.cat\/?product=jidelni-stul-verdi120x8040cm-2\" \/>\n<meta property=\"og:locale\" content=\"en_US\" \/>\n<meta property=\"og:type\" content=\"article\" \/>\n<meta property=\"og:title\" content=\"J\u00eddeln\u00ed st\u016fl VERDI\/120x80+40cm\/ - Madera\" \/>\n<meta property=\"og:description\" content=\"J\u00eddeln\u00ed st\u016fl S184-VERDI Modern\u00ed rozkl\u00e1dac\u00ed j\u00eddeln\u00ed st\u016fl v elegantn\u00edm a praktick\u00e9m proveden\u00ed. Deska stolu je vyrobena z kvalitn\u00ed MDF. Tlou\u0161\u0165ka horn\u00ed desky 8.5cm. Nohy masiv buk 8x8cm. Rozm\u011bry:d\u00e9lka-120\/160cm, \u0161\u00ed\u0159ka-80cm, v\u00fd\u0161ka-75.5cm\" \/>\n<meta property=\"og:url\" content=\"https:\/\/maderacat.cat\/?product=jidelni-stul-verdi120x8040cm-2\" \/>\n<meta property=\"og:site_name\" content=\"Madera\" \/>\n<meta property=\"og:image\" content=\"https:\/\/maderacat.cat\/wp-content\/uploads\/2016\/10\/4660-26377.jpg\" \/>\n\t<meta property=\"og:image:width\" content=\"900\" \/>\n\t<meta property=\"og:image:height\" content=\"600\" \/>\n\t<meta property=\"og:image:type\" content=\"image\/jpeg\" \/>\n<meta name=\"twitter:card\" content=\"summary_large_image\" \/>\n<script type=\"application\/ld+json\" class=\"yoast-schema-graph\">{\"@context\":\"https:\/\/schema.org\",\"@graph\":[{\"@type\":\"WebPage\",\"@id\":\"https:\/\/maderacat.cat\/?product=jidelni-stul-verdi120x8040cm-2\",\"url\":\"https:\/\/maderacat.cat\/?product=jidelni-stul-verdi120x8040cm-2\",\"name\":\"J\u00eddeln\u00ed st\u016fl VERDI\/120x80+40cm\/ - Madera\",\"isPartOf\":{\"@id\":\"https:\/\/maderacat.cat\/#website\"},\"datePublished\":\"2016-10-09T07:59:56+00:00\",\"dateModified\":\"2016-10-09T07:59:56+00:00\",\"breadcrumb\":{\"@id\":\"https:\/\/maderacat.cat\/?product=jidelni-stul-verdi120x8040cm-2#breadcrumb\"},\"inLanguage\":\"en-US\",\"potentialAction\":[{\"@type\":\"ReadAction\",\"target\":[\"https:\/\/maderacat.cat\/?product=jidelni-stul-verdi120x8040cm-2\"]}]},{\"@type\":\"BreadcrumbList\",\"@id\":\"https:\/\/maderacat.cat\/?product=jidelni-stul-verdi120x8040cm-2#breadcrumb\",\"itemListElement\":[{\"@type\":\"ListItem\",\"position\":1,\"name\":\"Dom\u016f\",\"item\":\"https:\/\/maderacat.cat\/\"},{\"@type\":\"ListItem\",\"position\":2,\"name\":\"Obchod\",\"item\":\"https:\/\/maderacat.cat\/?page_id=270\"},{\"@type\":\"ListItem\",\"position\":3,\"name\":\"J\u00eddeln\u00ed st\u016fl VERDI\/120&#215;80+40cm\/\"}]},{\"@type\":\"WebSite\",\"@id\":\"https:\/\/maderacat.cat\/#website\",\"url\":\"https:\/\/maderacat.cat\/\",\"name\":\"Madera\",\"description\":\"Bienvenido a la p\u00e1gina web\",\"potentialAction\":[{\"@type\":\"SearchAction\",\"target\":{\"@type\":\"EntryPoint\",\"urlTemplate\":\"https:\/\/maderacat.cat\/?s={search_term_string}\"},\"query-input\":\"required name=search_term_string\"}],\"inLanguage\":\"en-US\"}]}<\/script>\n<!-- \/ Yoast SEO plugin. -->","yoast_head_json":{"title":"J\u00eddeln\u00ed st\u016fl VERDI\/120x80+40cm\/ - Madera","robots":{"index":"index","follow":"follow","max-snippet":"max-snippet:-1","max-image-preview":"max-image-preview:large","max-video-preview":"max-video-preview:-1"},"canonical":"https:\/\/maderacat.cat\/?product=jidelni-stul-verdi120x8040cm-2","og_locale":"en_US","og_type":"article","og_title":"J\u00eddeln\u00ed st\u016fl VERDI\/120x80+40cm\/ - Madera","og_description":"J\u00eddeln\u00ed st\u016fl S184-VERDI Modern\u00ed rozkl\u00e1dac\u00ed j\u00eddeln\u00ed st\u016fl v elegantn\u00edm a praktick\u00e9m proveden\u00ed. Deska stolu je vyrobena z kvalitn\u00ed MDF. Tlou\u0161\u0165ka horn\u00ed desky 8.5cm. Nohy masiv buk 8x8cm. Rozm\u011bry:d\u00e9lka-120\/160cm, \u0161\u00ed\u0159ka-80cm, v\u00fd\u0161ka-75.5cm","og_url":"https:\/\/maderacat.cat\/?product=jidelni-stul-verdi120x8040cm-2","og_site_name":"Madera","og_image":[{"width":900,"height":600,"url":"https:\/\/maderacat.cat\/wp-content\/uploads\/2016\/10\/4660-26377.jpg","type":"image\/jpeg"}],"twitter_card":"summary_large_image","schema":{"@context":"https:\/\/schema.org","@graph":[{"@type":"WebPage","@id":"https:\/\/maderacat.cat\/?product=jidelni-stul-verdi120x8040cm-2","url":"https:\/\/maderacat.cat\/?product=jidelni-stul-verdi120x8040cm-2","name":"J\u00eddeln\u00ed st\u016fl VERDI\/120x80+40cm\/ - Madera","isPartOf":{"@id":"https:\/\/maderacat.cat\/#website"},"datePublished":"2016-10-09T07:59:56+00:00","dateModified":"2016-10-09T07:59:56+00:00","breadcrumb":{"@id":"https:\/\/maderacat.cat\/?product=jidelni-stul-verdi120x8040cm-2#breadcrumb"},"inLanguage":"en-US","potentialAction":[{"@type":"ReadAction","target":["https:\/\/maderacat.cat\/?product=jidelni-stul-verdi120x8040cm-2"]}]},{"@type":"BreadcrumbList","@id":"https:\/\/maderacat.cat\/?product=jidelni-stul-verdi120x8040cm-2#breadcrumb","itemListElement":[{"@type":"ListItem","position":1,"name":"Dom\u016f","item":"https:\/\/maderacat.cat\/"},{"@type":"ListItem","position":2,"name":"Obchod","item":"https:\/\/maderacat.cat\/?page_id=270"},{"@type":"ListItem","position":3,"name":"J\u00eddeln\u00ed st\u016fl VERDI\/120&#215;80+40cm\/"}]},{"@type":"WebSite","@id":"https:\/\/maderacat.cat\/#website","url":"https:\/\/maderacat.cat\/","name":"Madera","description":"Bienvenido a la p\u00e1gina web","potentialAction":[{"@type":"SearchAction","target":{"@type":"EntryPoint","urlTemplate":"https:\/\/maderacat.cat\/?s={search_term_string}"},"query-input":"required name=search_term_string"}],"inLanguage":"en-US"}]}},"_links":{"self":[{"href":"https:\/\/maderacat.cat\/index.php?rest_route=\/wp\/v2\/product\/3098"}],"collection":[{"href":"https:\/\/maderacat.cat\/index.php?rest_route=\/wp\/v2\/product"}],"about":[{"href":"https:\/\/maderacat.cat\/index.php?rest_route=\/wp\/v2\/types\/product"}],"replies":[{"embeddable":true,"href":"https:\/\/maderacat.cat\/index.php?rest_route=%2Fwp%2Fv2%2Fcomments&post=3098"}],"wp:featuredmedia":[{"embeddable":true,"href":"https:\/\/maderacat.cat\/index.php?rest_route=\/wp\/v2\/media\/2659"}],"wp:attachment":[{"href":"https:\/\/maderacat.cat\/index.php?rest_route=%2Fwp%2Fv2%2Fmedia&parent=3098"}],"wp:term":[{"taxonomy":"product_cat","embeddable":true,"href":"https:\/\/maderacat.cat\/index.php?rest_route=%2Fwp%2Fv2%2Fproduct_cat&post=3098"},{"taxonomy":"product_tag","embeddable":true,"href":"https:\/\/maderacat.cat\/index.php?rest_route=%2Fwp%2Fv2%2Fproduct_tag&post=3098"}],"curies":[{"name":"wp","href":"https:\/\/api.w.org\/{rel}","templated":true}]}}