{"id":3051,"date":"2016-10-09T07:59:38","date_gmt":"2016-10-09T07:59:38","guid":{"rendered":"http:\/\/maderacat.cat\/produkt\/penova-matrace-oboustranna-90x200x14cm\/"},"modified":"2016-10-09T07:59:38","modified_gmt":"2016-10-09T07:59:38","slug":"penova-matrace-oboustranna-90x200x14cm","status":"publish","type":"product","link":"https:\/\/maderacat.cat\/?product=penova-matrace-oboustranna-90x200x14cm","title":{"rendered":"P\u011bnov\u00e1 matrace oboustrann\u00e1 90x200x14cm"},"content":{"rendered":"<p>P\u011bnov\u00e1 matrace 90x200x14cm? oboustrann\u00e1.<br \/>\nMatrace s kokosov\u00fdm vl\u00e1knem.<br \/>\nKa\u017ed\u00e1 strana m\u00e1 jinou tvrdost.<br \/>\nStrana horn\u00ed s kokosov\u00fdm vl\u00e1knem m\u00e1 3cm p\u011bny a m\u00e1 zv\u00fd\u0161enou tvrdost.<br \/>\nStrana doln\u00ed (bez kokosov\u00e9ho vl\u00e1kna) m\u00e1 10cm p\u011bny a je st\u0159edn\u011b tvrd\u00e1.<br \/>\nNostnost do 110kg.<\/p>\n","protected":false},"excerpt":{"rendered":"<p>P\u011bnov\u00e1 matrace 90x200x14cm? oboustrann\u00e1. Matrace s kokosov\u00fdm vl\u00e1knem. Ka\u017ed\u00e1 strana m\u00e1 jinou tvrdost. Strana horn\u00ed s kokosov\u00fdm vl\u00e1knem m\u00e1 3cm p\u011bny a m\u00e1 zv\u00fd\u0161enou tvrdost. Strana doln\u00ed (bez kokosov\u00e9ho vl\u00e1kna) m\u00e1 10cm p\u011bny a je st\u0159edn\u011b tvrd\u00e1. Nostnost do 110kg.<\/p>\n","protected":false},"featured_media":2612,"comment_status":"closed","ping_status":"closed","template":"","meta":[],"product_cat":[15],"product_tag":[],"yoast_head":"<!-- This site is optimized with the Yoast SEO plugin v20.12 - https:\/\/yoast.com\/wordpress\/plugins\/seo\/ -->\n<title>P\u011bnov\u00e1 matrace oboustrann\u00e1 90x200x14cm - Madera<\/title>\n<meta name=\"robots\" content=\"index, follow, max-snippet:-1, max-image-preview:large, max-video-preview:-1\" \/>\n<link rel=\"canonical\" href=\"https:\/\/maderacat.cat\/?product=penova-matrace-oboustranna-90x200x14cm\" \/>\n<meta property=\"og:locale\" content=\"en_US\" \/>\n<meta property=\"og:type\" content=\"article\" \/>\n<meta property=\"og:title\" content=\"P\u011bnov\u00e1 matrace oboustrann\u00e1 90x200x14cm - Madera\" \/>\n<meta property=\"og:description\" content=\"P\u011bnov\u00e1 matrace 90x200x14cm? oboustrann\u00e1. Matrace s kokosov\u00fdm vl\u00e1knem. Ka\u017ed\u00e1 strana m\u00e1 jinou tvrdost. Strana horn\u00ed s kokosov\u00fdm vl\u00e1knem m\u00e1 3cm p\u011bny a m\u00e1 zv\u00fd\u0161enou tvrdost. Strana doln\u00ed (bez kokosov\u00e9ho vl\u00e1kna) m\u00e1 10cm p\u011bny a je st\u0159edn\u011b tvrd\u00e1. Nostnost do 110kg.\" \/>\n<meta property=\"og:url\" content=\"https:\/\/maderacat.cat\/?product=penova-matrace-oboustranna-90x200x14cm\" \/>\n<meta property=\"og:site_name\" content=\"Madera\" \/>\n<meta property=\"og:image\" content=\"https:\/\/maderacat.cat\/wp-content\/uploads\/2016\/10\/4856-27125.jpg\" \/>\n\t<meta property=\"og:image:width\" content=\"900\" \/>\n\t<meta property=\"og:image:height\" content=\"600\" \/>\n\t<meta property=\"og:image:type\" content=\"image\/jpeg\" \/>\n<meta name=\"twitter:card\" content=\"summary_large_image\" \/>\n<script type=\"application\/ld+json\" class=\"yoast-schema-graph\">{\"@context\":\"https:\/\/schema.org\",\"@graph\":[{\"@type\":\"WebPage\",\"@id\":\"https:\/\/maderacat.cat\/?product=penova-matrace-oboustranna-90x200x14cm\",\"url\":\"https:\/\/maderacat.cat\/?product=penova-matrace-oboustranna-90x200x14cm\",\"name\":\"P\u011bnov\u00e1 matrace oboustrann\u00e1 90x200x14cm - Madera\",\"isPartOf\":{\"@id\":\"https:\/\/maderacat.cat\/#website\"},\"datePublished\":\"2016-10-09T07:59:38+00:00\",\"dateModified\":\"2016-10-09T07:59:38+00:00\",\"breadcrumb\":{\"@id\":\"https:\/\/maderacat.cat\/?product=penova-matrace-oboustranna-90x200x14cm#breadcrumb\"},\"inLanguage\":\"en-US\",\"potentialAction\":[{\"@type\":\"ReadAction\",\"target\":[\"https:\/\/maderacat.cat\/?product=penova-matrace-oboustranna-90x200x14cm\"]}]},{\"@type\":\"BreadcrumbList\",\"@id\":\"https:\/\/maderacat.cat\/?product=penova-matrace-oboustranna-90x200x14cm#breadcrumb\",\"itemListElement\":[{\"@type\":\"ListItem\",\"position\":1,\"name\":\"Dom\u016f\",\"item\":\"https:\/\/maderacat.cat\/\"},{\"@type\":\"ListItem\",\"position\":2,\"name\":\"Obchod\",\"item\":\"https:\/\/maderacat.cat\/?page_id=270\"},{\"@type\":\"ListItem\",\"position\":3,\"name\":\"P\u011bnov\u00e1 matrace oboustrann\u00e1 90x200x14cm\"}]},{\"@type\":\"WebSite\",\"@id\":\"https:\/\/maderacat.cat\/#website\",\"url\":\"https:\/\/maderacat.cat\/\",\"name\":\"Madera\",\"description\":\"Bienvenido a la p\u00e1gina web\",\"potentialAction\":[{\"@type\":\"SearchAction\",\"target\":{\"@type\":\"EntryPoint\",\"urlTemplate\":\"https:\/\/maderacat.cat\/?s={search_term_string}\"},\"query-input\":\"required name=search_term_string\"}],\"inLanguage\":\"en-US\"}]}<\/script>\n<!-- \/ Yoast SEO plugin. -->","yoast_head_json":{"title":"P\u011bnov\u00e1 matrace oboustrann\u00e1 90x200x14cm - Madera","robots":{"index":"index","follow":"follow","max-snippet":"max-snippet:-1","max-image-preview":"max-image-preview:large","max-video-preview":"max-video-preview:-1"},"canonical":"https:\/\/maderacat.cat\/?product=penova-matrace-oboustranna-90x200x14cm","og_locale":"en_US","og_type":"article","og_title":"P\u011bnov\u00e1 matrace oboustrann\u00e1 90x200x14cm - Madera","og_description":"P\u011bnov\u00e1 matrace 90x200x14cm? oboustrann\u00e1. Matrace s kokosov\u00fdm vl\u00e1knem. Ka\u017ed\u00e1 strana m\u00e1 jinou tvrdost. Strana horn\u00ed s kokosov\u00fdm vl\u00e1knem m\u00e1 3cm p\u011bny a m\u00e1 zv\u00fd\u0161enou tvrdost. Strana doln\u00ed (bez kokosov\u00e9ho vl\u00e1kna) m\u00e1 10cm p\u011bny a je st\u0159edn\u011b tvrd\u00e1. Nostnost do 110kg.","og_url":"https:\/\/maderacat.cat\/?product=penova-matrace-oboustranna-90x200x14cm","og_site_name":"Madera","og_image":[{"width":900,"height":600,"url":"https:\/\/maderacat.cat\/wp-content\/uploads\/2016\/10\/4856-27125.jpg","type":"image\/jpeg"}],"twitter_card":"summary_large_image","schema":{"@context":"https:\/\/schema.org","@graph":[{"@type":"WebPage","@id":"https:\/\/maderacat.cat\/?product=penova-matrace-oboustranna-90x200x14cm","url":"https:\/\/maderacat.cat\/?product=penova-matrace-oboustranna-90x200x14cm","name":"P\u011bnov\u00e1 matrace oboustrann\u00e1 90x200x14cm - Madera","isPartOf":{"@id":"https:\/\/maderacat.cat\/#website"},"datePublished":"2016-10-09T07:59:38+00:00","dateModified":"2016-10-09T07:59:38+00:00","breadcrumb":{"@id":"https:\/\/maderacat.cat\/?product=penova-matrace-oboustranna-90x200x14cm#breadcrumb"},"inLanguage":"en-US","potentialAction":[{"@type":"ReadAction","target":["https:\/\/maderacat.cat\/?product=penova-matrace-oboustranna-90x200x14cm"]}]},{"@type":"BreadcrumbList","@id":"https:\/\/maderacat.cat\/?product=penova-matrace-oboustranna-90x200x14cm#breadcrumb","itemListElement":[{"@type":"ListItem","position":1,"name":"Dom\u016f","item":"https:\/\/maderacat.cat\/"},{"@type":"ListItem","position":2,"name":"Obchod","item":"https:\/\/maderacat.cat\/?page_id=270"},{"@type":"ListItem","position":3,"name":"P\u011bnov\u00e1 matrace oboustrann\u00e1 90x200x14cm"}]},{"@type":"WebSite","@id":"https:\/\/maderacat.cat\/#website","url":"https:\/\/maderacat.cat\/","name":"Madera","description":"Bienvenido a la p\u00e1gina web","potentialAction":[{"@type":"SearchAction","target":{"@type":"EntryPoint","urlTemplate":"https:\/\/maderacat.cat\/?s={search_term_string}"},"query-input":"required name=search_term_string"}],"inLanguage":"en-US"}]}},"_links":{"self":[{"href":"https:\/\/maderacat.cat\/index.php?rest_route=\/wp\/v2\/product\/3051"}],"collection":[{"href":"https:\/\/maderacat.cat\/index.php?rest_route=\/wp\/v2\/product"}],"about":[{"href":"https:\/\/maderacat.cat\/index.php?rest_route=\/wp\/v2\/types\/product"}],"replies":[{"embeddable":true,"href":"https:\/\/maderacat.cat\/index.php?rest_route=%2Fwp%2Fv2%2Fcomments&post=3051"}],"wp:featuredmedia":[{"embeddable":true,"href":"https:\/\/maderacat.cat\/index.php?rest_route=\/wp\/v2\/media\/2612"}],"wp:attachment":[{"href":"https:\/\/maderacat.cat\/index.php?rest_route=%2Fwp%2Fv2%2Fmedia&parent=3051"}],"wp:term":[{"taxonomy":"product_cat","embeddable":true,"href":"https:\/\/maderacat.cat\/index.php?rest_route=%2Fwp%2Fv2%2Fproduct_cat&post=3051"},{"taxonomy":"product_tag","embeddable":true,"href":"https:\/\/maderacat.cat\/index.php?rest_route=%2Fwp%2Fv2%2Fproduct_tag&post=3051"}],"curies":[{"name":"wp","href":"https:\/\/api.w.org\/{rel}","templated":true}]}}