{"id":3048,"date":"2016-10-09T07:59:30","date_gmt":"2016-10-09T07:59:30","guid":{"rendered":"http:\/\/maderacat.cat\/produkt\/matrace-do-pristylky-b073-b473\/"},"modified":"2016-10-09T07:59:30","modified_gmt":"2016-10-09T07:59:30","slug":"matrace-do-pristylky-b073-b473","status":"publish","type":"product","link":"https:\/\/maderacat.cat\/?product=matrace-do-pristylky-b073-b473","title":{"rendered":"Matrace do p\u0159ist\u00fdlky B073, B473?"},"content":{"rendered":"<p>Matrace m\u00e1 rozm\u011br 190x90cm, v\u00fd\u0161ka 12cm<br \/>\nSlo\u017een\u00ed: komfortn\u00ed p\u011bna &#8211; je to nov\u00fd v\u00fdvojov\u00fd stupe\u0148 vych\u00e1zej\u00edc\u00ed z PUR-p\u011bn, kter\u00fd p\u0159i zachov\u00e1n\u00ed dlouh\u00e9 \u017eivotnosti poskytuje o pozn\u00e1n\u00ed vy\u0161\u0161\u00ed stupe\u0148 komfortu.<br \/>\nPotah matrace (sn\u00edmateln\u00fd) : ALOE VERA &#8211; obsahuje p\u0159ev\u00e1\u017en\u011b enzymy, miner\u00e1ln\u00ed l\u00e1tky a aminokyseliny, kter\u00e9 p\u016fsob\u00ed na poko\u017eku a pom\u00e1haj\u00ed ji \u010distit a regenerovat. Pran\u00ed do 60 stup\u0148\u016f.<br \/>\n\u00a0<\/p>\n","protected":false},"excerpt":{"rendered":"<p>Matrace m\u00e1 rozm\u011br 190x90cm, v\u00fd\u0161ka 12cm Slo\u017een\u00ed: komfortn\u00ed p\u011bna &#8211; je to nov\u00fd v\u00fdvojov\u00fd stupe\u0148 vych\u00e1zej\u00edc\u00ed z PUR-p\u011bn, kter\u00fd p\u0159i zachov\u00e1n\u00ed dlouh\u00e9 \u017eivotnosti poskytuje o pozn\u00e1n\u00ed vy\u0161\u0161\u00ed stupe\u0148 komfortu. Potah matrace (sn\u00edmateln\u00fd) : ALOE VERA &#8211; obsahuje p\u0159ev\u00e1\u017en\u011b enzymy, miner\u00e1ln\u00ed l\u00e1tky a aminokyseliny, kter\u00e9 p\u016fsob\u00ed na poko\u017eku a pom\u00e1haj\u00ed ji \u010distit a regenerovat. Pran\u00ed do<\/p>\n","protected":false},"featured_media":2609,"comment_status":"closed","ping_status":"closed","template":"","meta":[],"product_cat":[15],"product_tag":[],"yoast_head":"<!-- This site is optimized with the Yoast SEO plugin v20.12 - https:\/\/yoast.com\/wordpress\/plugins\/seo\/ -->\n<title>Matrace do p\u0159ist\u00fdlky B073, B473? - Madera<\/title>\n<meta name=\"robots\" content=\"index, follow, max-snippet:-1, max-image-preview:large, max-video-preview:-1\" \/>\n<link rel=\"canonical\" href=\"https:\/\/maderacat.cat\/?product=matrace-do-pristylky-b073-b473\" \/>\n<meta property=\"og:locale\" content=\"en_US\" \/>\n<meta property=\"og:type\" content=\"article\" \/>\n<meta property=\"og:title\" content=\"Matrace do p\u0159ist\u00fdlky B073, B473? - Madera\" \/>\n<meta property=\"og:description\" content=\"Matrace m\u00e1 rozm\u011br 190x90cm, v\u00fd\u0161ka 12cm Slo\u017een\u00ed: komfortn\u00ed p\u011bna &#8211; je to nov\u00fd v\u00fdvojov\u00fd stupe\u0148 vych\u00e1zej\u00edc\u00ed z PUR-p\u011bn, kter\u00fd p\u0159i zachov\u00e1n\u00ed dlouh\u00e9 \u017eivotnosti poskytuje o pozn\u00e1n\u00ed vy\u0161\u0161\u00ed stupe\u0148 komfortu. Potah matrace (sn\u00edmateln\u00fd) : ALOE VERA &#8211; obsahuje p\u0159ev\u00e1\u017en\u011b enzymy, miner\u00e1ln\u00ed l\u00e1tky a aminokyseliny, kter\u00e9 p\u016fsob\u00ed na poko\u017eku a pom\u00e1haj\u00ed ji \u010distit a regenerovat. Pran\u00ed do\" \/>\n<meta property=\"og:url\" content=\"https:\/\/maderacat.cat\/?product=matrace-do-pristylky-b073-b473\" \/>\n<meta property=\"og:site_name\" content=\"Madera\" \/>\n<meta property=\"og:image\" content=\"https:\/\/maderacat.cat\/wp-content\/uploads\/2016\/10\/4864-27154.jpg\" \/>\n\t<meta property=\"og:image:width\" content=\"900\" \/>\n\t<meta property=\"og:image:height\" content=\"600\" \/>\n\t<meta property=\"og:image:type\" content=\"image\/jpeg\" \/>\n<meta name=\"twitter:card\" content=\"summary_large_image\" \/>\n<script type=\"application\/ld+json\" class=\"yoast-schema-graph\">{\"@context\":\"https:\/\/schema.org\",\"@graph\":[{\"@type\":\"WebPage\",\"@id\":\"https:\/\/maderacat.cat\/?product=matrace-do-pristylky-b073-b473\",\"url\":\"https:\/\/maderacat.cat\/?product=matrace-do-pristylky-b073-b473\",\"name\":\"Matrace do p\u0159ist\u00fdlky B073, B473? - Madera\",\"isPartOf\":{\"@id\":\"https:\/\/maderacat.cat\/#website\"},\"datePublished\":\"2016-10-09T07:59:30+00:00\",\"dateModified\":\"2016-10-09T07:59:30+00:00\",\"breadcrumb\":{\"@id\":\"https:\/\/maderacat.cat\/?product=matrace-do-pristylky-b073-b473#breadcrumb\"},\"inLanguage\":\"en-US\",\"potentialAction\":[{\"@type\":\"ReadAction\",\"target\":[\"https:\/\/maderacat.cat\/?product=matrace-do-pristylky-b073-b473\"]}]},{\"@type\":\"BreadcrumbList\",\"@id\":\"https:\/\/maderacat.cat\/?product=matrace-do-pristylky-b073-b473#breadcrumb\",\"itemListElement\":[{\"@type\":\"ListItem\",\"position\":1,\"name\":\"Dom\u016f\",\"item\":\"https:\/\/maderacat.cat\/\"},{\"@type\":\"ListItem\",\"position\":2,\"name\":\"Obchod\",\"item\":\"https:\/\/maderacat.cat\/?page_id=270\"},{\"@type\":\"ListItem\",\"position\":3,\"name\":\"Matrace do p\u0159ist\u00fdlky B073, B473?\"}]},{\"@type\":\"WebSite\",\"@id\":\"https:\/\/maderacat.cat\/#website\",\"url\":\"https:\/\/maderacat.cat\/\",\"name\":\"Madera\",\"description\":\"Bienvenido a la p\u00e1gina web\",\"potentialAction\":[{\"@type\":\"SearchAction\",\"target\":{\"@type\":\"EntryPoint\",\"urlTemplate\":\"https:\/\/maderacat.cat\/?s={search_term_string}\"},\"query-input\":\"required name=search_term_string\"}],\"inLanguage\":\"en-US\"}]}<\/script>\n<!-- \/ Yoast SEO plugin. -->","yoast_head_json":{"title":"Matrace do p\u0159ist\u00fdlky B073, B473? - Madera","robots":{"index":"index","follow":"follow","max-snippet":"max-snippet:-1","max-image-preview":"max-image-preview:large","max-video-preview":"max-video-preview:-1"},"canonical":"https:\/\/maderacat.cat\/?product=matrace-do-pristylky-b073-b473","og_locale":"en_US","og_type":"article","og_title":"Matrace do p\u0159ist\u00fdlky B073, B473? - Madera","og_description":"Matrace m\u00e1 rozm\u011br 190x90cm, v\u00fd\u0161ka 12cm Slo\u017een\u00ed: komfortn\u00ed p\u011bna &#8211; je to nov\u00fd v\u00fdvojov\u00fd stupe\u0148 vych\u00e1zej\u00edc\u00ed z PUR-p\u011bn, kter\u00fd p\u0159i zachov\u00e1n\u00ed dlouh\u00e9 \u017eivotnosti poskytuje o pozn\u00e1n\u00ed vy\u0161\u0161\u00ed stupe\u0148 komfortu. Potah matrace (sn\u00edmateln\u00fd) : ALOE VERA &#8211; obsahuje p\u0159ev\u00e1\u017en\u011b enzymy, miner\u00e1ln\u00ed l\u00e1tky a aminokyseliny, kter\u00e9 p\u016fsob\u00ed na poko\u017eku a pom\u00e1haj\u00ed ji \u010distit a regenerovat. Pran\u00ed do","og_url":"https:\/\/maderacat.cat\/?product=matrace-do-pristylky-b073-b473","og_site_name":"Madera","og_image":[{"width":900,"height":600,"url":"https:\/\/maderacat.cat\/wp-content\/uploads\/2016\/10\/4864-27154.jpg","type":"image\/jpeg"}],"twitter_card":"summary_large_image","schema":{"@context":"https:\/\/schema.org","@graph":[{"@type":"WebPage","@id":"https:\/\/maderacat.cat\/?product=matrace-do-pristylky-b073-b473","url":"https:\/\/maderacat.cat\/?product=matrace-do-pristylky-b073-b473","name":"Matrace do p\u0159ist\u00fdlky B073, B473? - Madera","isPartOf":{"@id":"https:\/\/maderacat.cat\/#website"},"datePublished":"2016-10-09T07:59:30+00:00","dateModified":"2016-10-09T07:59:30+00:00","breadcrumb":{"@id":"https:\/\/maderacat.cat\/?product=matrace-do-pristylky-b073-b473#breadcrumb"},"inLanguage":"en-US","potentialAction":[{"@type":"ReadAction","target":["https:\/\/maderacat.cat\/?product=matrace-do-pristylky-b073-b473"]}]},{"@type":"BreadcrumbList","@id":"https:\/\/maderacat.cat\/?product=matrace-do-pristylky-b073-b473#breadcrumb","itemListElement":[{"@type":"ListItem","position":1,"name":"Dom\u016f","item":"https:\/\/maderacat.cat\/"},{"@type":"ListItem","position":2,"name":"Obchod","item":"https:\/\/maderacat.cat\/?page_id=270"},{"@type":"ListItem","position":3,"name":"Matrace do p\u0159ist\u00fdlky B073, B473?"}]},{"@type":"WebSite","@id":"https:\/\/maderacat.cat\/#website","url":"https:\/\/maderacat.cat\/","name":"Madera","description":"Bienvenido a la p\u00e1gina web","potentialAction":[{"@type":"SearchAction","target":{"@type":"EntryPoint","urlTemplate":"https:\/\/maderacat.cat\/?s={search_term_string}"},"query-input":"required name=search_term_string"}],"inLanguage":"en-US"}]}},"_links":{"self":[{"href":"https:\/\/maderacat.cat\/index.php?rest_route=\/wp\/v2\/product\/3048"}],"collection":[{"href":"https:\/\/maderacat.cat\/index.php?rest_route=\/wp\/v2\/product"}],"about":[{"href":"https:\/\/maderacat.cat\/index.php?rest_route=\/wp\/v2\/types\/product"}],"replies":[{"embeddable":true,"href":"https:\/\/maderacat.cat\/index.php?rest_route=%2Fwp%2Fv2%2Fcomments&post=3048"}],"wp:featuredmedia":[{"embeddable":true,"href":"https:\/\/maderacat.cat\/index.php?rest_route=\/wp\/v2\/media\/2609"}],"wp:attachment":[{"href":"https:\/\/maderacat.cat\/index.php?rest_route=%2Fwp%2Fv2%2Fmedia&parent=3048"}],"wp:term":[{"taxonomy":"product_cat","embeddable":true,"href":"https:\/\/maderacat.cat\/index.php?rest_route=%2Fwp%2Fv2%2Fproduct_cat&post=3048"},{"taxonomy":"product_tag","embeddable":true,"href":"https:\/\/maderacat.cat\/index.php?rest_route=%2Fwp%2Fv2%2Fproduct_tag&post=3048"}],"curies":[{"name":"wp","href":"https:\/\/api.w.org\/{rel}","templated":true}]}}