{"id":3037,"date":"2016-10-09T07:59:30","date_gmt":"2016-10-09T07:59:30","guid":{"rendered":"http:\/\/maderacat.cat\/produkt\/casper-samolepky-auta\/"},"modified":"2016-10-09T07:59:30","modified_gmt":"2016-10-09T07:59:30","slug":"casper-samolepky-auta","status":"publish","type":"product","link":"https:\/\/maderacat.cat\/?product=casper-samolepky-auta","title":{"rendered":"Casper &#8211; samolepky auta"},"content":{"rendered":"<p>Samolepky &#8211; AUTA Tyto samolepky okouzl\u00ed ka\u017ed\u00e9ho klu\u010dinu. D\u011btsk\u00e9 samolepky lze lepit na n\u00e1bytek i na st\u011bnu.<br \/>\n Pokud m\u00e1me klou\u010dka v\u00edme, \u017ee aut\u00ed\u010dka jsou v\u0161\u00edm na sv\u011bt\u011b.<br \/>\nRozm\u011bry:v\u00fd\u0161ka &#8211; 100cm, \u0161\u00ed\u0159ka &#8211; 150cm<\/p>\n","protected":false},"excerpt":{"rendered":"<p>Samolepky &#8211; AUTA Tyto samolepky okouzl\u00ed ka\u017ed\u00e9ho klu\u010dinu. D\u011btsk\u00e9 samolepky lze lepit na n\u00e1bytek i na st\u011bnu. Pokud m\u00e1me klou\u010dka v\u00edme, \u017ee aut\u00ed\u010dka jsou v\u0161\u00edm na sv\u011bt\u011b. Rozm\u011bry:v\u00fd\u0161ka &#8211; 100cm, \u0161\u00ed\u0159ka &#8211; 150cm<\/p>\n","protected":false},"featured_media":2598,"comment_status":"closed","ping_status":"closed","template":"","meta":[],"product_cat":[14],"product_tag":[],"yoast_head":"<!-- This site is optimized with the Yoast SEO plugin v20.12 - https:\/\/yoast.com\/wordpress\/plugins\/seo\/ -->\n<title>Casper - samolepky auta - Madera<\/title>\n<meta name=\"robots\" content=\"index, follow, max-snippet:-1, max-image-preview:large, max-video-preview:-1\" \/>\n<link rel=\"canonical\" href=\"https:\/\/maderacat.cat\/?product=casper-samolepky-auta\" \/>\n<meta property=\"og:locale\" content=\"en_US\" \/>\n<meta property=\"og:type\" content=\"article\" \/>\n<meta property=\"og:title\" content=\"Casper - samolepky auta - Madera\" \/>\n<meta property=\"og:description\" content=\"Samolepky &#8211; AUTA Tyto samolepky okouzl\u00ed ka\u017ed\u00e9ho klu\u010dinu. D\u011btsk\u00e9 samolepky lze lepit na n\u00e1bytek i na st\u011bnu. Pokud m\u00e1me klou\u010dka v\u00edme, \u017ee aut\u00ed\u010dka jsou v\u0161\u00edm na sv\u011bt\u011b. Rozm\u011bry:v\u00fd\u0161ka &#8211; 100cm, \u0161\u00ed\u0159ka &#8211; 150cm\" \/>\n<meta property=\"og:url\" content=\"https:\/\/maderacat.cat\/?product=casper-samolepky-auta\" \/>\n<meta property=\"og:site_name\" content=\"Madera\" \/>\n<meta property=\"og:image\" content=\"https:\/\/maderacat.cat\/wp-content\/uploads\/2016\/10\/4810-26962.jpg\" \/>\n\t<meta property=\"og:image:width\" content=\"900\" \/>\n\t<meta property=\"og:image:height\" content=\"600\" \/>\n\t<meta property=\"og:image:type\" content=\"image\/jpeg\" \/>\n<meta name=\"twitter:card\" content=\"summary_large_image\" \/>\n<script type=\"application\/ld+json\" class=\"yoast-schema-graph\">{\"@context\":\"https:\/\/schema.org\",\"@graph\":[{\"@type\":\"WebPage\",\"@id\":\"https:\/\/maderacat.cat\/?product=casper-samolepky-auta\",\"url\":\"https:\/\/maderacat.cat\/?product=casper-samolepky-auta\",\"name\":\"Casper - samolepky auta - Madera\",\"isPartOf\":{\"@id\":\"https:\/\/maderacat.cat\/#website\"},\"datePublished\":\"2016-10-09T07:59:30+00:00\",\"dateModified\":\"2016-10-09T07:59:30+00:00\",\"breadcrumb\":{\"@id\":\"https:\/\/maderacat.cat\/?product=casper-samolepky-auta#breadcrumb\"},\"inLanguage\":\"en-US\",\"potentialAction\":[{\"@type\":\"ReadAction\",\"target\":[\"https:\/\/maderacat.cat\/?product=casper-samolepky-auta\"]}]},{\"@type\":\"BreadcrumbList\",\"@id\":\"https:\/\/maderacat.cat\/?product=casper-samolepky-auta#breadcrumb\",\"itemListElement\":[{\"@type\":\"ListItem\",\"position\":1,\"name\":\"Dom\u016f\",\"item\":\"https:\/\/maderacat.cat\/\"},{\"@type\":\"ListItem\",\"position\":2,\"name\":\"Obchod\",\"item\":\"https:\/\/maderacat.cat\/?page_id=270\"},{\"@type\":\"ListItem\",\"position\":3,\"name\":\"Casper &#8211; samolepky auta\"}]},{\"@type\":\"WebSite\",\"@id\":\"https:\/\/maderacat.cat\/#website\",\"url\":\"https:\/\/maderacat.cat\/\",\"name\":\"Madera\",\"description\":\"Bienvenido a la p\u00e1gina web\",\"potentialAction\":[{\"@type\":\"SearchAction\",\"target\":{\"@type\":\"EntryPoint\",\"urlTemplate\":\"https:\/\/maderacat.cat\/?s={search_term_string}\"},\"query-input\":\"required name=search_term_string\"}],\"inLanguage\":\"en-US\"}]}<\/script>\n<!-- \/ Yoast SEO plugin. -->","yoast_head_json":{"title":"Casper - samolepky auta - Madera","robots":{"index":"index","follow":"follow","max-snippet":"max-snippet:-1","max-image-preview":"max-image-preview:large","max-video-preview":"max-video-preview:-1"},"canonical":"https:\/\/maderacat.cat\/?product=casper-samolepky-auta","og_locale":"en_US","og_type":"article","og_title":"Casper - samolepky auta - Madera","og_description":"Samolepky &#8211; AUTA Tyto samolepky okouzl\u00ed ka\u017ed\u00e9ho klu\u010dinu. D\u011btsk\u00e9 samolepky lze lepit na n\u00e1bytek i na st\u011bnu. Pokud m\u00e1me klou\u010dka v\u00edme, \u017ee aut\u00ed\u010dka jsou v\u0161\u00edm na sv\u011bt\u011b. Rozm\u011bry:v\u00fd\u0161ka &#8211; 100cm, \u0161\u00ed\u0159ka &#8211; 150cm","og_url":"https:\/\/maderacat.cat\/?product=casper-samolepky-auta","og_site_name":"Madera","og_image":[{"width":900,"height":600,"url":"https:\/\/maderacat.cat\/wp-content\/uploads\/2016\/10\/4810-26962.jpg","type":"image\/jpeg"}],"twitter_card":"summary_large_image","schema":{"@context":"https:\/\/schema.org","@graph":[{"@type":"WebPage","@id":"https:\/\/maderacat.cat\/?product=casper-samolepky-auta","url":"https:\/\/maderacat.cat\/?product=casper-samolepky-auta","name":"Casper - samolepky auta - Madera","isPartOf":{"@id":"https:\/\/maderacat.cat\/#website"},"datePublished":"2016-10-09T07:59:30+00:00","dateModified":"2016-10-09T07:59:30+00:00","breadcrumb":{"@id":"https:\/\/maderacat.cat\/?product=casper-samolepky-auta#breadcrumb"},"inLanguage":"en-US","potentialAction":[{"@type":"ReadAction","target":["https:\/\/maderacat.cat\/?product=casper-samolepky-auta"]}]},{"@type":"BreadcrumbList","@id":"https:\/\/maderacat.cat\/?product=casper-samolepky-auta#breadcrumb","itemListElement":[{"@type":"ListItem","position":1,"name":"Dom\u016f","item":"https:\/\/maderacat.cat\/"},{"@type":"ListItem","position":2,"name":"Obchod","item":"https:\/\/maderacat.cat\/?page_id=270"},{"@type":"ListItem","position":3,"name":"Casper &#8211; samolepky auta"}]},{"@type":"WebSite","@id":"https:\/\/maderacat.cat\/#website","url":"https:\/\/maderacat.cat\/","name":"Madera","description":"Bienvenido a la p\u00e1gina web","potentialAction":[{"@type":"SearchAction","target":{"@type":"EntryPoint","urlTemplate":"https:\/\/maderacat.cat\/?s={search_term_string}"},"query-input":"required name=search_term_string"}],"inLanguage":"en-US"}]}},"_links":{"self":[{"href":"https:\/\/maderacat.cat\/index.php?rest_route=\/wp\/v2\/product\/3037"}],"collection":[{"href":"https:\/\/maderacat.cat\/index.php?rest_route=\/wp\/v2\/product"}],"about":[{"href":"https:\/\/maderacat.cat\/index.php?rest_route=\/wp\/v2\/types\/product"}],"replies":[{"embeddable":true,"href":"https:\/\/maderacat.cat\/index.php?rest_route=%2Fwp%2Fv2%2Fcomments&post=3037"}],"wp:featuredmedia":[{"embeddable":true,"href":"https:\/\/maderacat.cat\/index.php?rest_route=\/wp\/v2\/media\/2598"}],"wp:attachment":[{"href":"https:\/\/maderacat.cat\/index.php?rest_route=%2Fwp%2Fv2%2Fmedia&parent=3037"}],"wp:term":[{"taxonomy":"product_cat","embeddable":true,"href":"https:\/\/maderacat.cat\/index.php?rest_route=%2Fwp%2Fv2%2Fproduct_cat&post=3037"},{"taxonomy":"product_tag","embeddable":true,"href":"https:\/\/maderacat.cat\/index.php?rest_route=%2Fwp%2Fv2%2Fproduct_tag&post=3037"}],"curies":[{"name":"wp","href":"https:\/\/api.w.org\/{rel}","templated":true}]}}