{"id":3031,"date":"2016-10-09T07:59:30","date_gmt":"2016-10-09T07:59:30","guid":{"rendered":"http:\/\/maderacat.cat\/produkt\/zidle-detska-rostouci-prirodniruzova\/"},"modified":"2016-10-09T07:59:30","modified_gmt":"2016-10-09T07:59:30","slug":"zidle-detska-rostouci-prirodniruzova","status":"publish","type":"product","link":"https:\/\/maderacat.cat\/?product=zidle-detska-rostouci-prirodniruzova","title":{"rendered":"\u017didle d\u011btsk\u00e1 rostouc\u00ed p\u0159\u00edrodn\u00ed\/r\u016f\u017eov\u00e1"},"content":{"rendered":"<p>\u017didle d\u011btsk\u00e1 rostouc\u00ed p\u0159\u00edrodn\u00ed\/r\u016f\u017eov\u00e1<br \/>\nD\u011btsk\u00e1 j\u00eddeln\u00ed \u017eidle s pult\u00edkem je osv\u011bd\u010den\u00fd a l\u00e9ta prov\u011b\u0159en\u00fd typ klasick\u00e9 d\u011btsk\u00e9 krm\u00edc\u00ed \u017eidli\u010dky.<br \/>\nVyu\u017e\u00edvan\u00e1 je jako vysok\u00e1 \u017eidle k j\u00eddeln\u00edmu stolu.<br \/>\nD\u011btsk\u00e1 \u017eidle je zhotovena z p\u0159\u00edrodn\u00edho oh\u00fdban\u00e9ho bukov\u00e9ho d\u0159eva.<br \/>\nM\u00e1 odn\u00edmateln\u00fd krm\u00edc\u00ed pult\u00edk, stabiln\u00ed bezpe\u010dtnostn\u00ed p\u00e1s, kter\u00fd dr\u017e\u00ed zade\u010dek na m\u00edst\u011b.<br \/>\nD\u011btsk\u00e1 \u017eidle je ur\u010dena pro batolata,kter\u00e1 ji\u017e dok\u00e1\u017eou sama sed\u011bt.<br \/>\n V nab\u00eddce je pouze tato barevn\u00e1 varianta.<br \/>\n Rozm\u011bry: v\u00fd\u0161ka 84cm, \u0161\u00ed\u0159ka 50cm, hloubka 56cm<br \/>\n?<\/p>\n","protected":false},"excerpt":{"rendered":"<p>\u017didle d\u011btsk\u00e1 rostouc\u00ed p\u0159\u00edrodn\u00ed\/r\u016f\u017eov\u00e1 D\u011btsk\u00e1 j\u00eddeln\u00ed \u017eidle s pult\u00edkem je osv\u011bd\u010den\u00fd a l\u00e9ta prov\u011b\u0159en\u00fd typ klasick\u00e9 d\u011btsk\u00e9 krm\u00edc\u00ed \u017eidli\u010dky. Vyu\u017e\u00edvan\u00e1 je jako vysok\u00e1 \u017eidle k j\u00eddeln\u00edmu stolu. D\u011btsk\u00e1 \u017eidle je zhotovena z p\u0159\u00edrodn\u00edho oh\u00fdban\u00e9ho bukov\u00e9ho d\u0159eva. M\u00e1 odn\u00edmateln\u00fd krm\u00edc\u00ed pult\u00edk, stabiln\u00ed bezpe\u010dtnostn\u00ed p\u00e1s, kter\u00fd dr\u017e\u00ed zade\u010dek na m\u00edst\u011b. D\u011btsk\u00e1 \u017eidle je ur\u010dena pro batolata,kter\u00e1 ji\u017e<\/p>\n","protected":false},"featured_media":2592,"comment_status":"closed","ping_status":"closed","template":"","meta":[],"product_cat":[13],"product_tag":[],"yoast_head":"<!-- This site is optimized with the Yoast SEO plugin v20.12 - https:\/\/yoast.com\/wordpress\/plugins\/seo\/ -->\n<title>\u017didle d\u011btsk\u00e1 rostouc\u00ed p\u0159\u00edrodn\u00ed\/r\u016f\u017eov\u00e1 - Madera<\/title>\n<meta name=\"robots\" content=\"index, follow, max-snippet:-1, max-image-preview:large, max-video-preview:-1\" \/>\n<link rel=\"canonical\" href=\"https:\/\/maderacat.cat\/?product=zidle-detska-rostouci-prirodniruzova\" \/>\n<meta property=\"og:locale\" content=\"en_US\" \/>\n<meta property=\"og:type\" content=\"article\" \/>\n<meta property=\"og:title\" content=\"\u017didle d\u011btsk\u00e1 rostouc\u00ed p\u0159\u00edrodn\u00ed\/r\u016f\u017eov\u00e1 - Madera\" \/>\n<meta property=\"og:description\" content=\"\u017didle d\u011btsk\u00e1 rostouc\u00ed p\u0159\u00edrodn\u00ed\/r\u016f\u017eov\u00e1 D\u011btsk\u00e1 j\u00eddeln\u00ed \u017eidle s pult\u00edkem je osv\u011bd\u010den\u00fd a l\u00e9ta prov\u011b\u0159en\u00fd typ klasick\u00e9 d\u011btsk\u00e9 krm\u00edc\u00ed \u017eidli\u010dky. Vyu\u017e\u00edvan\u00e1 je jako vysok\u00e1 \u017eidle k j\u00eddeln\u00edmu stolu. D\u011btsk\u00e1 \u017eidle je zhotovena z p\u0159\u00edrodn\u00edho oh\u00fdban\u00e9ho bukov\u00e9ho d\u0159eva. M\u00e1 odn\u00edmateln\u00fd krm\u00edc\u00ed pult\u00edk, stabiln\u00ed bezpe\u010dtnostn\u00ed p\u00e1s, kter\u00fd dr\u017e\u00ed zade\u010dek na m\u00edst\u011b. D\u011btsk\u00e1 \u017eidle je ur\u010dena pro batolata,kter\u00e1 ji\u017e\" \/>\n<meta property=\"og:url\" content=\"https:\/\/maderacat.cat\/?product=zidle-detska-rostouci-prirodniruzova\" \/>\n<meta property=\"og:site_name\" content=\"Madera\" \/>\n<meta property=\"og:image\" content=\"https:\/\/maderacat.cat\/wp-content\/uploads\/2016\/10\/4816-26956.jpg\" \/>\n\t<meta property=\"og:image:width\" content=\"400\" \/>\n\t<meta property=\"og:image:height\" content=\"600\" \/>\n\t<meta property=\"og:image:type\" content=\"image\/jpeg\" \/>\n<meta name=\"twitter:card\" content=\"summary_large_image\" \/>\n<meta name=\"twitter:label1\" content=\"Est. reading time\" \/>\n\t<meta name=\"twitter:data1\" content=\"1 minute\" \/>\n<script type=\"application\/ld+json\" class=\"yoast-schema-graph\">{\"@context\":\"https:\/\/schema.org\",\"@graph\":[{\"@type\":\"WebPage\",\"@id\":\"https:\/\/maderacat.cat\/?product=zidle-detska-rostouci-prirodniruzova\",\"url\":\"https:\/\/maderacat.cat\/?product=zidle-detska-rostouci-prirodniruzova\",\"name\":\"\u017didle d\u011btsk\u00e1 rostouc\u00ed p\u0159\u00edrodn\u00ed\/r\u016f\u017eov\u00e1 - Madera\",\"isPartOf\":{\"@id\":\"https:\/\/maderacat.cat\/#website\"},\"datePublished\":\"2016-10-09T07:59:30+00:00\",\"dateModified\":\"2016-10-09T07:59:30+00:00\",\"breadcrumb\":{\"@id\":\"https:\/\/maderacat.cat\/?product=zidle-detska-rostouci-prirodniruzova#breadcrumb\"},\"inLanguage\":\"en-US\",\"potentialAction\":[{\"@type\":\"ReadAction\",\"target\":[\"https:\/\/maderacat.cat\/?product=zidle-detska-rostouci-prirodniruzova\"]}]},{\"@type\":\"BreadcrumbList\",\"@id\":\"https:\/\/maderacat.cat\/?product=zidle-detska-rostouci-prirodniruzova#breadcrumb\",\"itemListElement\":[{\"@type\":\"ListItem\",\"position\":1,\"name\":\"Dom\u016f\",\"item\":\"https:\/\/maderacat.cat\/\"},{\"@type\":\"ListItem\",\"position\":2,\"name\":\"Obchod\",\"item\":\"https:\/\/maderacat.cat\/?page_id=270\"},{\"@type\":\"ListItem\",\"position\":3,\"name\":\"\u017didle d\u011btsk\u00e1 rostouc\u00ed p\u0159\u00edrodn\u00ed\/r\u016f\u017eov\u00e1\"}]},{\"@type\":\"WebSite\",\"@id\":\"https:\/\/maderacat.cat\/#website\",\"url\":\"https:\/\/maderacat.cat\/\",\"name\":\"Madera\",\"description\":\"Bienvenido a la p\u00e1gina web\",\"potentialAction\":[{\"@type\":\"SearchAction\",\"target\":{\"@type\":\"EntryPoint\",\"urlTemplate\":\"https:\/\/maderacat.cat\/?s={search_term_string}\"},\"query-input\":\"required name=search_term_string\"}],\"inLanguage\":\"en-US\"}]}<\/script>\n<!-- \/ Yoast SEO plugin. -->","yoast_head_json":{"title":"\u017didle d\u011btsk\u00e1 rostouc\u00ed p\u0159\u00edrodn\u00ed\/r\u016f\u017eov\u00e1 - Madera","robots":{"index":"index","follow":"follow","max-snippet":"max-snippet:-1","max-image-preview":"max-image-preview:large","max-video-preview":"max-video-preview:-1"},"canonical":"https:\/\/maderacat.cat\/?product=zidle-detska-rostouci-prirodniruzova","og_locale":"en_US","og_type":"article","og_title":"\u017didle d\u011btsk\u00e1 rostouc\u00ed p\u0159\u00edrodn\u00ed\/r\u016f\u017eov\u00e1 - Madera","og_description":"\u017didle d\u011btsk\u00e1 rostouc\u00ed p\u0159\u00edrodn\u00ed\/r\u016f\u017eov\u00e1 D\u011btsk\u00e1 j\u00eddeln\u00ed \u017eidle s pult\u00edkem je osv\u011bd\u010den\u00fd a l\u00e9ta prov\u011b\u0159en\u00fd typ klasick\u00e9 d\u011btsk\u00e9 krm\u00edc\u00ed \u017eidli\u010dky. Vyu\u017e\u00edvan\u00e1 je jako vysok\u00e1 \u017eidle k j\u00eddeln\u00edmu stolu. D\u011btsk\u00e1 \u017eidle je zhotovena z p\u0159\u00edrodn\u00edho oh\u00fdban\u00e9ho bukov\u00e9ho d\u0159eva. M\u00e1 odn\u00edmateln\u00fd krm\u00edc\u00ed pult\u00edk, stabiln\u00ed bezpe\u010dtnostn\u00ed p\u00e1s, kter\u00fd dr\u017e\u00ed zade\u010dek na m\u00edst\u011b. D\u011btsk\u00e1 \u017eidle je ur\u010dena pro batolata,kter\u00e1 ji\u017e","og_url":"https:\/\/maderacat.cat\/?product=zidle-detska-rostouci-prirodniruzova","og_site_name":"Madera","og_image":[{"width":400,"height":600,"url":"https:\/\/maderacat.cat\/wp-content\/uploads\/2016\/10\/4816-26956.jpg","type":"image\/jpeg"}],"twitter_card":"summary_large_image","twitter_misc":{"Est. reading time":"1 minute"},"schema":{"@context":"https:\/\/schema.org","@graph":[{"@type":"WebPage","@id":"https:\/\/maderacat.cat\/?product=zidle-detska-rostouci-prirodniruzova","url":"https:\/\/maderacat.cat\/?product=zidle-detska-rostouci-prirodniruzova","name":"\u017didle d\u011btsk\u00e1 rostouc\u00ed p\u0159\u00edrodn\u00ed\/r\u016f\u017eov\u00e1 - Madera","isPartOf":{"@id":"https:\/\/maderacat.cat\/#website"},"datePublished":"2016-10-09T07:59:30+00:00","dateModified":"2016-10-09T07:59:30+00:00","breadcrumb":{"@id":"https:\/\/maderacat.cat\/?product=zidle-detska-rostouci-prirodniruzova#breadcrumb"},"inLanguage":"en-US","potentialAction":[{"@type":"ReadAction","target":["https:\/\/maderacat.cat\/?product=zidle-detska-rostouci-prirodniruzova"]}]},{"@type":"BreadcrumbList","@id":"https:\/\/maderacat.cat\/?product=zidle-detska-rostouci-prirodniruzova#breadcrumb","itemListElement":[{"@type":"ListItem","position":1,"name":"Dom\u016f","item":"https:\/\/maderacat.cat\/"},{"@type":"ListItem","position":2,"name":"Obchod","item":"https:\/\/maderacat.cat\/?page_id=270"},{"@type":"ListItem","position":3,"name":"\u017didle d\u011btsk\u00e1 rostouc\u00ed p\u0159\u00edrodn\u00ed\/r\u016f\u017eov\u00e1"}]},{"@type":"WebSite","@id":"https:\/\/maderacat.cat\/#website","url":"https:\/\/maderacat.cat\/","name":"Madera","description":"Bienvenido a la p\u00e1gina web","potentialAction":[{"@type":"SearchAction","target":{"@type":"EntryPoint","urlTemplate":"https:\/\/maderacat.cat\/?s={search_term_string}"},"query-input":"required name=search_term_string"}],"inLanguage":"en-US"}]}},"_links":{"self":[{"href":"https:\/\/maderacat.cat\/index.php?rest_route=\/wp\/v2\/product\/3031"}],"collection":[{"href":"https:\/\/maderacat.cat\/index.php?rest_route=\/wp\/v2\/product"}],"about":[{"href":"https:\/\/maderacat.cat\/index.php?rest_route=\/wp\/v2\/types\/product"}],"replies":[{"embeddable":true,"href":"https:\/\/maderacat.cat\/index.php?rest_route=%2Fwp%2Fv2%2Fcomments&post=3031"}],"wp:featuredmedia":[{"embeddable":true,"href":"https:\/\/maderacat.cat\/index.php?rest_route=\/wp\/v2\/media\/2592"}],"wp:attachment":[{"href":"https:\/\/maderacat.cat\/index.php?rest_route=%2Fwp%2Fv2%2Fmedia&parent=3031"}],"wp:term":[{"taxonomy":"product_cat","embeddable":true,"href":"https:\/\/maderacat.cat\/index.php?rest_route=%2Fwp%2Fv2%2Fproduct_cat&post=3031"},{"taxonomy":"product_tag","embeddable":true,"href":"https:\/\/maderacat.cat\/index.php?rest_route=%2Fwp%2Fv2%2Fproduct_tag&post=3031"}],"curies":[{"name":"wp","href":"https:\/\/api.w.org\/{rel}","templated":true}]}}